{"id":9190,"date":"2023-03-10T12:21:53","date_gmt":"2023-03-10T15:21:53","guid":{"rendered":"https:\/\/epic.net.ar\/?post_type=product&#038;p=9190"},"modified":"2026-04-20T10:33:19","modified_gmt":"2026-04-20T13:33:19","slug":"kit-inyeccion-electronica-mercosur-manuales-tecnicos","status":"publish","type":"product","link":"https:\/\/epic.net.ar\/en\/product\/kit-inyeccion-electronica-mercosur-manuales-tecnicos\/","title":{"rendered":"KIT COMPLETO Inyecci\u00f3n Electr\u00f3nica Mercosur"},"content":{"rendered":"<p><strong>INCLUYE:<\/strong><\/p>\n<p><a href=\"https:\/\/epic.net.ar\/en\/product\/inyeccion-electronica-mercosur-i\/\">INYECCI\u00d3N ELECTR\u00d3NICA MERCOSUR I\u00a0\u00a0<\/a><\/p>\n<p><a href=\"https:\/\/epic.net.ar\/en\/product\/inyeccion-electronica-mercosur-ii\/\">INYECCI\u00d3N ELECTR\u00d3NICA MERCOSUR II\u00a0<\/a><\/p>\n<p><a href=\"https:\/\/epic.net.ar\/en\/product\/inyeccion-electronica-mercosur-iii\/\">INYECCI\u00d3N ELECTR\u00d3NICA MERCOSUR III<\/a><\/p>\n<p><a href=\"https:\/\/epic.net.ar\/en\/product\/inyeccion-electronica-mercosur-4-manual-tecnico\/\">INYECCI\u00d3N ELECTR\u00d3NICA MERCOSUR IV CON INMOVILIZADORES<\/a><\/p>\n<p><a href=\"https:\/\/epic.net.ar\/en\/product\/inyeccion-electronica-mercosur-v-con-inmovilizadores-manual-tecnico\/\">INYECCI\u00d3N ELECTR\u00d3NICA MERCOSUR V CON INMOVILIZADORES<\/a><\/p>","protected":false},"excerpt":{"rendered":"<p><b>Aprovecha esta oferta exclusiva y adquir\u00ed los 5 manuales t\u00e9cnicos MERCOSUR con un descuento Exclusivo EPIC<\/b><\/p>\n<p><strong>Ahorr\u00e1 tiempo y gana mas dinero con diagn\u00f3sticos r\u00e1pidos y exitosos.<br \/>\n<\/strong><strong>Un manual de CEA: informaci\u00f3n practica y de calidad.<\/strong><\/p>\n<p>Esquemas el\u00e9ctricos de los sistemas de inyecci\u00f3n y toda los m\u00f3dulos involucrados.<\/p>","protected":false},"featured_media":15631,"comment_status":"closed","ping_status":"closed","template":"","meta":{"_et_pb_use_builder":"","_et_pb_old_content":"","_et_gb_content_width":"","_uag_custom_page_level_css":"","_joinchat":[]},"product_brand":[],"product_cat":[39,64],"product_tag":[],"class_list":{"0":"post-9190","1":"product","2":"type-product","3":"status-publish","4":"has-post-thumbnail","6":"product_cat-manuales","7":"product_cat-novedades","9":"first","10":"instock","11":"shipping-taxable","12":"purchasable","13":"product-type-simple","14":"add-to-wishlist-before_image"},"uagb_featured_image_src":{"full":["https:\/\/epic.net.ar\/wp-content\/uploads\/2023\/03\/KIT-Manuales-Inyeccion.jpeg",1280,1280,false],"thumbnail":["https:\/\/epic.net.ar\/wp-content\/uploads\/2023\/03\/KIT-Manuales-Inyeccion-150x150.jpeg",150,150,true],"medium":["https:\/\/epic.net.ar\/wp-content\/uploads\/2023\/03\/KIT-Manuales-Inyeccion-300x300.jpeg",300,300,true],"medium_large":["https:\/\/epic.net.ar\/wp-content\/uploads\/2023\/03\/KIT-Manuales-Inyeccion-768x768.jpeg",768,768,true],"large":["https:\/\/epic.net.ar\/wp-content\/uploads\/2023\/03\/KIT-Manuales-Inyeccion-1024x1024.jpeg",1024,1024,true],"1536x1536":["https:\/\/epic.net.ar\/wp-content\/uploads\/2023\/03\/KIT-Manuales-Inyeccion.jpeg",1280,1280,false],"2048x2048":["https:\/\/epic.net.ar\/wp-content\/uploads\/2023\/03\/KIT-Manuales-Inyeccion.jpeg",1280,1280,false],"trp-custom-language-flag":["https:\/\/epic.net.ar\/wp-content\/uploads\/2023\/03\/KIT-Manuales-Inyeccion-12x12.jpeg",12,12,true],"et-pb-post-main-image":["https:\/\/epic.net.ar\/wp-content\/uploads\/2023\/03\/KIT-Manuales-Inyeccion-400x250.jpeg",400,250,true],"et-pb-post-main-image-fullwidth":["https:\/\/epic.net.ar\/wp-content\/uploads\/2023\/03\/KIT-Manuales-Inyeccion-1080x675.jpeg",1080,675,true],"et-pb-portfolio-image":["https:\/\/epic.net.ar\/wp-content\/uploads\/2023\/03\/KIT-Manuales-Inyeccion-400x284.jpeg",400,284,true],"et-pb-portfolio-module-image":["https:\/\/epic.net.ar\/wp-content\/uploads\/2023\/03\/KIT-Manuales-Inyeccion-510x382.jpeg",510,382,true],"et-pb-portfolio-image-single":["https:\/\/epic.net.ar\/wp-content\/uploads\/2023\/03\/KIT-Manuales-Inyeccion-1080x1080.jpeg",1080,1080,true],"et-pb-gallery-module-image-portrait":["https:\/\/epic.net.ar\/wp-content\/uploads\/2023\/03\/KIT-Manuales-Inyeccion-400x516.jpeg",400,516,true],"et-pb-post-main-image-fullwidth-large":["https:\/\/epic.net.ar\/wp-content\/uploads\/2023\/03\/KIT-Manuales-Inyeccion.jpeg",1280,1280,false],"et-pb-image--responsive--desktop":["https:\/\/epic.net.ar\/wp-content\/uploads\/2023\/03\/KIT-Manuales-Inyeccion.jpeg",720,720,false],"et-pb-image--responsive--tablet":["https:\/\/epic.net.ar\/wp-content\/uploads\/2023\/03\/KIT-Manuales-Inyeccion-980x980.jpeg",551,551,true],"et-pb-image--responsive--phone":["https:\/\/epic.net.ar\/wp-content\/uploads\/2023\/03\/KIT-Manuales-Inyeccion-480x480.jpeg",270,270,true],"woocommerce_thumbnail":["https:\/\/epic.net.ar\/wp-content\/uploads\/2023\/03\/KIT-Manuales-Inyeccion-300x300.jpeg",300,300,true],"woocommerce_single":["https:\/\/epic.net.ar\/wp-content\/uploads\/2023\/03\/KIT-Manuales-Inyeccion-600x600.jpeg",600,600,true],"woocommerce_gallery_thumbnail":["https:\/\/epic.net.ar\/wp-content\/uploads\/2023\/03\/KIT-Manuales-Inyeccion-100x100.jpeg",100,100,true],"dgwt-wcas-product-suggestion":["https:\/\/epic.net.ar\/wp-content\/uploads\/2023\/03\/KIT-Manuales-Inyeccion-64x64.jpeg",64,64,true]},"uagb_author_info":{"display_name":"epic Equipamiento Electr\u00f3nico","author_link":"https:\/\/epic.net.ar\/en\/author\/"},"uagb_comment_info":0,"uagb_excerpt":"Aprovecha esta oferta exclusiva y adquir\u00ed los 5 manuales t\u00e9cnicos MERCOSUR con un descuento Exclusivo EPIC Ahorr\u00e1 tiempo y gana mas dinero con diagn\u00f3sticos r\u00e1pidos y exitosos. Un manual de CEA: informaci\u00f3n practica y de calidad. Esquemas el\u00e9ctricos de los sistemas de inyecci\u00f3n y toda los m\u00f3dulos involucrados.","_links":{"self":[{"href":"https:\/\/epic.net.ar\/en\/wp-json\/wp\/v2\/product\/9190","targetHints":{"allow":["GET"]}}],"collection":[{"href":"https:\/\/epic.net.ar\/en\/wp-json\/wp\/v2\/product"}],"about":[{"href":"https:\/\/epic.net.ar\/en\/wp-json\/wp\/v2\/types\/product"}],"replies":[{"embeddable":true,"href":"https:\/\/epic.net.ar\/en\/wp-json\/wp\/v2\/comments?post=9190"}],"wp:featuredmedia":[{"embeddable":true,"href":"https:\/\/epic.net.ar\/en\/wp-json\/wp\/v2\/media\/15631"}],"wp:attachment":[{"href":"https:\/\/epic.net.ar\/en\/wp-json\/wp\/v2\/media?parent=9190"}],"wp:term":[{"taxonomy":"product_brand","embeddable":true,"href":"https:\/\/epic.net.ar\/en\/wp-json\/wp\/v2\/product_brand?post=9190"},{"taxonomy":"product_cat","embeddable":true,"href":"https:\/\/epic.net.ar\/en\/wp-json\/wp\/v2\/product_cat?post=9190"},{"taxonomy":"product_tag","embeddable":true,"href":"https:\/\/epic.net.ar\/en\/wp-json\/wp\/v2\/product_tag?post=9190"}],"curies":[{"name":"wp","href":"https:\/\/api.w.org\/{rel}","templated":true}]}}