{"id":7338,"date":"2022-12-19T11:21:55","date_gmt":"2022-12-19T14:21:55","guid":{"rendered":"https:\/\/epic.net.ar\/?post_type=product&#038;p=7338"},"modified":"2025-12-09T14:48:16","modified_gmt":"2025-12-09T17:48:16","slug":"denso-simcard-licencia-io-terminal","status":"publish","type":"product","link":"https:\/\/epic.net.ar\/en\/product\/denso-simcard-licencia-io-terminal\/","title":{"rendered":"DENSO (simcard) LICENCIA IO TERMINAL"},"content":{"rendered":"<h4><strong>COBERTURA DE SISTEMAS:<\/strong><\/h4>\n<ul>\n<li>OPEL MERIVA, CORSA C 1.7 CDTI HYBRID ECU. Full R\/W 64F7055, R\/W 93C66 eeprom, show pincode , reset(virgin). (CAN &amp; K-LINE)<\/li>\n<li>OPEL VECTRA C\/SIGNUM 3.0 CDTI. Full R\/W 64F7058, R\/W 93C86 x2 eeprom , show pincode , odometer calibration, reset(virgin). (CAN)<\/li>\n<li>OPEL 1.7CDTI 110CV\/125CV Z17DTJ\/Z17DTR\/Z17DTH\/A17DTH\/A17DTR ASTRA H\/ASTRA J\/ ZAFIRA B\/CORSA D\/MERIVA B\/TIGRA B. Full R\/W 64F7058, R\/W 93C86 x3 eeprom ,\u00a0odometer calibration, show pincode , reset(virgin). Full R\/W 64F7059, R\/W 93C86 x4 eeprom ,\u00a0odometer calibration, show pincode , reset(virgin).\u00a0 (CAN)<\/li>\n<li>MAZDA 3\/5\/6 RF7 ECU. Full R\/W 64F7058, R\/W 93C86\u00a0 eeprom. (CAN)<\/li>\n<li>MAZDA 2 1.5 from year 2010. Full R\/W 64F7058, R\/W 93A56\u00a0 eeprom. (CAN)<\/li>\n<li>MAZDA 6 2.2TD R2AC. Full R\/W 64F7058, R\/W 93C86\u00a0 eeprom. (CAN)<\/li>\n<li>MAZDA RX8 . Full R\/W 64F7055, R\/W 93C56\u00a0 eeprom. (CAN)<\/li>\n<li>NISSAN NAVARA\/PATHFINDER 2.5DCI 2005-2009. Full R\/W 64F7058, R\/W 93C86\u00a0 eeprom. (CAN)<\/li>\n<li>NISSAN NAVARA\/PATHFINDER D40 2.5DCI from 2010. Full R\/W 64F7059, R\/W 93C86\u00a0 eeprom. (CAN)<\/li>\n<li>MITSUBISHI L200\/PAJERO-4D56\/4M41 2.5\/3.2DID till year 2009. Full R\/W 64F7058, R\/W 93C86\u00a0 eeprom. (CAN)<\/li>\n<li>MITSUBISHI L200\/PAJERO-4D56\/4M41 2.5\/3.2DID from year 2009. Full R\/W 64F7059, R\/W 93C86\u00a0 eeprom. (CAN)<\/li>\n<li>MITSUBISHI DELICA D5\/OUTLANDER 2.2DID 4N14 from year 2009. Full R\/W 64F7059, R\/W 93C86\u00a0 eeprom. (CAN)<\/li>\n<li>SUBARU FORESTER 2.0D KH. Full R\/W 64F7058, R\/W 93C86\u00a0 eeprom. (CAN)<\/li>\n<li>SUBARU OUTBACK 2.0DNG. Full R\/W 64F7059, R\/W 93C86\u00a0 eeprom. (CAN)<\/li>\n<li>SUZUKI 1.3\/1.5\/1.6.\u00a0Full R\/W 64F7058, R\/W 93A56\u00a0 eeprom. (CAN)<\/li>\n<li>SUZUKI &lt;2007 1.3\/1.5\/1.6.\u00a0Full R\/W 64F7055, R\/W 93A56\u00a0 eeprom. (CAN)<\/li>\n<li>SUZUKI JIMNY &lt;2007 1.3\u00a0 Full R\/W 64F7055, R\/W 93A56\u00a0 eeprom. (CAN)<\/li>\n<li>Volvo V50\/S40\/V40 2006-2010 140ho\/170hp full R\/W 64F7058 ,R\/W 93C56 eeprom. (CAN)<\/li>\n<li>Volvo V70\/S60\/S80 till 2006 140 140ho\/170hp full R\/W 64F7058 ,R\/W 93C56 eeprom. (CAN)<\/li>\n<li>Volvo V70\/S60\/S80 till 2006 140 140ho\/170hp full R\/W 64F7055 , full R\/W external flash 29LV200BC ,R\/W 93C56 eeprom. (CAN)<\/li>\n<li>Volvo S80\/XC90 4.4L V8 2007-2010 \u00a0 full R\/W 64F7058,R\/W 93A86 eeprom. (CAN)<\/li>\n<li>JAGUAR\/LANDROVER P3.0NA \/ JAGUAR XF 4.2SC\u00a0 full R\/W 64F7058,R\/W 93A86 eeprom. (CAN)<\/li>\n<li>JAGUAR S-TYPE 4.2 V8 V8SC\u00a0 full R\/W 64F7058,R\/W 93A86 eeprom. (CAN)<\/li>\n<\/ul>","protected":false},"excerpt":{"rendered":"<p>Lectura\/Escritura (64F7055, 64F7058, 64F7059 microcontroladores). FULL FLASH Lectura\/Escritura; EEPROM Lectura\/Escritura (usualmente). Todas las operaciones realizadas via K-LINE o CAN por OBD o por cableado en banco sin abrir la ECU. En algunas ECUS hay funciones extra como calibraci\u00f3n de od\u00f3metro, extracci\u00f3n de pincode y reset (virginizado).\u00a0 <strong>Also software has FLASH memory CRC calculator.<\/strong><\/p>","protected":false},"featured_media":7336,"comment_status":"closed","ping_status":"closed","template":"","meta":{"_et_pb_use_builder":"","_et_pb_old_content":"","_et_gb_content_width":"","_uag_custom_page_level_css":"","_joinchat":[]},"product_brand":[],"product_cat":[26,105],"product_tag":[100],"class_list":{"0":"post-7338","1":"product","2":"type-product","3":"status-publish","4":"has-post-thumbnail","6":"product_cat-programacion","7":"product_cat-programadores","8":"product_tag-io-terminal","10":"first","11":"instock","12":"shipping-taxable","13":"purchasable","14":"product-type-simple","15":"add-to-wishlist-before_image"},"uagb_featured_image_src":{"full":["https:\/\/epic.net.ar\/wp-content\/uploads\/2022\/12\/io-terminal-licencia.jpg",1080,1080,false],"thumbnail":["https:\/\/epic.net.ar\/wp-content\/uploads\/2022\/12\/io-terminal-licencia-150x150.jpg",150,150,true],"medium":["https:\/\/epic.net.ar\/wp-content\/uploads\/2022\/12\/io-terminal-licencia-300x300.jpg",300,300,true],"medium_large":["https:\/\/epic.net.ar\/wp-content\/uploads\/2022\/12\/io-terminal-licencia-768x768.jpg",768,768,true],"large":["https:\/\/epic.net.ar\/wp-content\/uploads\/2022\/12\/io-terminal-licencia-1024x1024.jpg",1024,1024,true],"1536x1536":["https:\/\/epic.net.ar\/wp-content\/uploads\/2022\/12\/io-terminal-licencia.jpg",1080,1080,false],"2048x2048":["https:\/\/epic.net.ar\/wp-content\/uploads\/2022\/12\/io-terminal-licencia.jpg",1080,1080,false],"trp-custom-language-flag":["https:\/\/epic.net.ar\/wp-content\/uploads\/2022\/12\/io-terminal-licencia.jpg",12,12,false],"et-pb-post-main-image":["https:\/\/epic.net.ar\/wp-content\/uploads\/2022\/12\/io-terminal-licencia-400x250.jpg",400,250,true],"et-pb-post-main-image-fullwidth":["https:\/\/epic.net.ar\/wp-content\/uploads\/2022\/12\/io-terminal-licencia-1080x675.jpg",1080,675,true],"et-pb-portfolio-image":["https:\/\/epic.net.ar\/wp-content\/uploads\/2022\/12\/io-terminal-licencia-400x284.jpg",400,284,true],"et-pb-portfolio-module-image":["https:\/\/epic.net.ar\/wp-content\/uploads\/2022\/12\/io-terminal-licencia-510x382.jpg",510,382,true],"et-pb-portfolio-image-single":["https:\/\/epic.net.ar\/wp-content\/uploads\/2022\/12\/io-terminal-licencia.jpg",1080,1080,false],"et-pb-gallery-module-image-portrait":["https:\/\/epic.net.ar\/wp-content\/uploads\/2022\/12\/io-terminal-licencia-400x516.jpg",400,516,true],"et-pb-post-main-image-fullwidth-large":["https:\/\/epic.net.ar\/wp-content\/uploads\/2022\/12\/io-terminal-licencia.jpg",1080,1080,false],"et-pb-image--responsive--desktop":["https:\/\/epic.net.ar\/wp-content\/uploads\/2022\/12\/io-terminal-licencia.jpg",720,720,false],"et-pb-image--responsive--tablet":["https:\/\/epic.net.ar\/wp-content\/uploads\/2022\/12\/io-terminal-licencia-980x980.jpg",551,551,true],"et-pb-image--responsive--phone":["https:\/\/epic.net.ar\/wp-content\/uploads\/2022\/12\/io-terminal-licencia-480x480.jpg",270,270,true],"woocommerce_thumbnail":["https:\/\/epic.net.ar\/wp-content\/uploads\/2022\/12\/io-terminal-licencia-300x300.jpg",300,300,true],"woocommerce_single":["https:\/\/epic.net.ar\/wp-content\/uploads\/2022\/12\/io-terminal-licencia-600x600.jpg",600,600,true],"woocommerce_gallery_thumbnail":["https:\/\/epic.net.ar\/wp-content\/uploads\/2022\/12\/io-terminal-licencia-100x100.jpg",100,100,true],"dgwt-wcas-product-suggestion":["https:\/\/epic.net.ar\/wp-content\/uploads\/2022\/12\/io-terminal-licencia-64x64.jpg",64,64,true]},"uagb_author_info":{"display_name":"epic Equipamiento Electr\u00f3nico","author_link":"https:\/\/epic.net.ar\/en\/author\/"},"uagb_comment_info":0,"uagb_excerpt":"Lectura\/Escritura (64F7055, 64F7058, 64F7059 microcontroladores). FULL FLASH Lectura\/Escritura; EEPROM Lectura\/Escritura (usualmente). Todas las operaciones realizadas via K-LINE o CAN por OBD o por cableado en banco sin abrir la ECU. En algunas ECUS hay funciones extra como calibraci\u00f3n de od\u00f3metro, extracci\u00f3n de pincode y reset (virginizado).\u00a0 Also software has FLASH memory CRC calculator.","_links":{"self":[{"href":"https:\/\/epic.net.ar\/en\/wp-json\/wp\/v2\/product\/7338","targetHints":{"allow":["GET"]}}],"collection":[{"href":"https:\/\/epic.net.ar\/en\/wp-json\/wp\/v2\/product"}],"about":[{"href":"https:\/\/epic.net.ar\/en\/wp-json\/wp\/v2\/types\/product"}],"replies":[{"embeddable":true,"href":"https:\/\/epic.net.ar\/en\/wp-json\/wp\/v2\/comments?post=7338"}],"wp:featuredmedia":[{"embeddable":true,"href":"https:\/\/epic.net.ar\/en\/wp-json\/wp\/v2\/media\/7336"}],"wp:attachment":[{"href":"https:\/\/epic.net.ar\/en\/wp-json\/wp\/v2\/media?parent=7338"}],"wp:term":[{"taxonomy":"product_brand","embeddable":true,"href":"https:\/\/epic.net.ar\/en\/wp-json\/wp\/v2\/product_brand?post=7338"},{"taxonomy":"product_cat","embeddable":true,"href":"https:\/\/epic.net.ar\/en\/wp-json\/wp\/v2\/product_cat?post=7338"},{"taxonomy":"product_tag","embeddable":true,"href":"https:\/\/epic.net.ar\/en\/wp-json\/wp\/v2\/product_tag?post=7338"}],"curies":[{"name":"wp","href":"https:\/\/api.w.org\/{rel}","templated":true}]}}