{"id":7331,"date":"2026-01-14T08:29:37","date_gmt":"2026-01-14T11:29:37","guid":{"rendered":"https:\/\/epic.net.ar\/?post_type=product&#038;p=7331"},"modified":"2026-04-20T15:39:50","modified_gmt":"2026-04-20T18:39:50","slug":"programador-io-terminal","status":"publish","type":"product","link":"https:\/\/epic.net.ar\/en\/product\/programador-io-terminal\/","title":{"rendered":"IO TERMINAL PROGRAMADOR"},"content":{"rendered":"<p><strong>Combinaci\u00f3n de interfaces K-line y CAN proporciona una compatibilidad de software \u00f3ptima sin comprar un dispositivo costoso J2534<\/strong><\/p>\n<p>Lectura y actualizaci\u00f3n de im\u00e1genes desde la memoria FLASH y EEPROM mediante el enlace del conector de diagn\u00f3stico.<\/p>\n<p>Pruebas y correcciones de sumas de verificaci\u00f3n. Lectura segura y flasheo.<\/p>\n<p>El software se vende en m\u00f3dulos. Cada m\u00f3dulo es un programa separado que funciona de forma independiente con un conjunto de adaptadores. Solo puede descargar y utilizar software para el que tenga licencia. Las licencias se almacenan en tarjetas especiales que deben insertarse en la ranura del adaptador especial antes de usar el software. Algunas licencias se pueden escribir en una tarjeta, otras requieren una escritura por separado.<\/p>\n<p>Las licencias adquiridas se actualizan de forma gratuita, se pueden utilizar sin l\u00edmites de tiempo y se pueden descargar desde el sitio web del fabricante.<\/p>\n<p><strong>IOTERMINAL<\/strong><\/p>","protected":false},"excerpt":{"rendered":"<p>Herramienta especializada para programar v\u00eda OBD II<\/p>\n<p><strong>INCLUYE CABLEADO OBD II<\/strong><\/p>\n<p>&nbsp;<\/p>","protected":false},"featured_media":11234,"comment_status":"closed","ping_status":"closed","template":"","meta":{"_et_pb_use_builder":"","_et_pb_old_content":"","_et_gb_content_width":"","_uag_custom_page_level_css":"","_joinchat":[]},"product_brand":[],"product_cat":[26,105],"product_tag":[100],"class_list":{"0":"post-7331","1":"product","2":"type-product","3":"status-publish","4":"has-post-thumbnail","6":"product_cat-programacion","7":"product_cat-programadores","8":"product_tag-io-terminal","10":"first","11":"instock","12":"sale","13":"shipping-taxable","14":"purchasable","15":"product-type-simple","16":"add-to-wishlist-before_image"},"uagb_featured_image_src":{"full":["https:\/\/epic.net.ar\/wp-content\/uploads\/2022\/12\/io-terminal-2.jpg",1080,1080,false],"thumbnail":["https:\/\/epic.net.ar\/wp-content\/uploads\/2022\/12\/io-terminal-2-150x150.jpg",150,150,true],"medium":["https:\/\/epic.net.ar\/wp-content\/uploads\/2022\/12\/io-terminal-2-300x300.jpg",300,300,true],"medium_large":["https:\/\/epic.net.ar\/wp-content\/uploads\/2022\/12\/io-terminal-2-768x768.jpg",768,768,true],"large":["https:\/\/epic.net.ar\/wp-content\/uploads\/2022\/12\/io-terminal-2-1024x1024.jpg",1024,1024,true],"1536x1536":["https:\/\/epic.net.ar\/wp-content\/uploads\/2022\/12\/io-terminal-2.jpg",1080,1080,false],"2048x2048":["https:\/\/epic.net.ar\/wp-content\/uploads\/2022\/12\/io-terminal-2.jpg",1080,1080,false],"trp-custom-language-flag":["https:\/\/epic.net.ar\/wp-content\/uploads\/2022\/12\/io-terminal-2.jpg",12,12,false],"et-pb-post-main-image":["https:\/\/epic.net.ar\/wp-content\/uploads\/2022\/12\/io-terminal-2-400x250.jpg",400,250,true],"et-pb-post-main-image-fullwidth":["https:\/\/epic.net.ar\/wp-content\/uploads\/2022\/12\/io-terminal-2-1080x675.jpg",1080,675,true],"et-pb-portfolio-image":["https:\/\/epic.net.ar\/wp-content\/uploads\/2022\/12\/io-terminal-2-400x284.jpg",400,284,true],"et-pb-portfolio-module-image":["https:\/\/epic.net.ar\/wp-content\/uploads\/2022\/12\/io-terminal-2-510x382.jpg",510,382,true],"et-pb-portfolio-image-single":["https:\/\/epic.net.ar\/wp-content\/uploads\/2022\/12\/io-terminal-2.jpg",1080,1080,false],"et-pb-gallery-module-image-portrait":["https:\/\/epic.net.ar\/wp-content\/uploads\/2022\/12\/io-terminal-2-400x516.jpg",400,516,true],"et-pb-post-main-image-fullwidth-large":["https:\/\/epic.net.ar\/wp-content\/uploads\/2022\/12\/io-terminal-2.jpg",1080,1080,false],"et-pb-image--responsive--desktop":["https:\/\/epic.net.ar\/wp-content\/uploads\/2022\/12\/io-terminal-2.jpg",720,720,false],"et-pb-image--responsive--tablet":["https:\/\/epic.net.ar\/wp-content\/uploads\/2022\/12\/io-terminal-2-980x980.jpg",551,551,true],"et-pb-image--responsive--phone":["https:\/\/epic.net.ar\/wp-content\/uploads\/2022\/12\/io-terminal-2-480x480.jpg",270,270,true],"woocommerce_thumbnail":["https:\/\/epic.net.ar\/wp-content\/uploads\/2022\/12\/io-terminal-2-300x300.jpg",300,300,true],"woocommerce_single":["https:\/\/epic.net.ar\/wp-content\/uploads\/2022\/12\/io-terminal-2-600x600.jpg",600,600,true],"woocommerce_gallery_thumbnail":["https:\/\/epic.net.ar\/wp-content\/uploads\/2022\/12\/io-terminal-2-100x100.jpg",100,100,true],"dgwt-wcas-product-suggestion":["https:\/\/epic.net.ar\/wp-content\/uploads\/2022\/12\/io-terminal-2-64x64.jpg",64,64,true]},"uagb_author_info":{"display_name":"epic Equipamiento Electr\u00f3nico","author_link":"https:\/\/epic.net.ar\/en\/author\/"},"uagb_comment_info":0,"uagb_excerpt":"Herramienta especializada para programar v\u00eda OBD II INCLUYE CABLEADO OBD II &nbsp;","_links":{"self":[{"href":"https:\/\/epic.net.ar\/en\/wp-json\/wp\/v2\/product\/7331","targetHints":{"allow":["GET"]}}],"collection":[{"href":"https:\/\/epic.net.ar\/en\/wp-json\/wp\/v2\/product"}],"about":[{"href":"https:\/\/epic.net.ar\/en\/wp-json\/wp\/v2\/types\/product"}],"replies":[{"embeddable":true,"href":"https:\/\/epic.net.ar\/en\/wp-json\/wp\/v2\/comments?post=7331"}],"wp:featuredmedia":[{"embeddable":true,"href":"https:\/\/epic.net.ar\/en\/wp-json\/wp\/v2\/media\/11234"}],"wp:attachment":[{"href":"https:\/\/epic.net.ar\/en\/wp-json\/wp\/v2\/media?parent=7331"}],"wp:term":[{"taxonomy":"product_brand","embeddable":true,"href":"https:\/\/epic.net.ar\/en\/wp-json\/wp\/v2\/product_brand?post=7331"},{"taxonomy":"product_cat","embeddable":true,"href":"https:\/\/epic.net.ar\/en\/wp-json\/wp\/v2\/product_cat?post=7331"},{"taxonomy":"product_tag","embeddable":true,"href":"https:\/\/epic.net.ar\/en\/wp-json\/wp\/v2\/product_tag?post=7331"}],"curies":[{"name":"wp","href":"https:\/\/api.w.org\/{rel}","templated":true}]}}