{"id":7235,"date":"2022-12-12T08:33:09","date_gmt":"2022-12-12T11:33:09","guid":{"rendered":"https:\/\/epic.net.ar\/?post_type=product&#038;p=7235"},"modified":"2026-02-04T18:53:15","modified_gmt":"2026-02-04T21:53:15","slug":"planatc-master-scan-primer-scanner-automotriz","status":"publish","type":"product","link":"https:\/\/epic.net.ar\/en\/product\/planatc-master-scan-primer-scanner-automotriz\/","title":{"rendered":"PLANATC MASTER SCAN PRIMER Scanner Automotriz"},"content":{"rendered":"<p><strong>ANALIZA TODOS LOS SISTEMAS FULLSYSTEM (DIAGNOSIS FULL SYSTEM + ESCANEO AUTOM\u00c1TICO DE TODOS LOS SISTEMAS DISPONIBLES):<\/strong><\/p>\n<ul>\n<li>Inyecci\u00f3n Electr\u00f3nica \/ ABS \/ Airbag \/ Aire acondicionado digital \/<\/li>\n<li>Transmisi\u00f3n autom\u00e1tica \/ Chasis \/ Carrocer\u00eda (BSI) \/ Direcci\u00f3n el\u00e9ctrica<\/li>\n<li>\/ Panel \/ Freno de Estacionamiento El\u00e9ctrico (EPB) \/ Sistema Confort \/ Inmovilizador \/ Registro de Llaves \/ Llaves Tarjetas \/ Llaves Inteligentes \/ Control Remoto entre otros<\/li>\n<\/ul>\n<p><strong>COBERTURA<\/strong>:<a href=\"https:\/\/www.planatc.com.br\/config\/templates\/pt_BR\/manuais\/TB11889.pdf\"> CLICK HERE<\/a><\/p>\n<p><a href=\"https:\/\/www.youtube.com\/watch?v=vP7Lay5QDBc\">https:\/\/www.youtube.com\/watch?v=vP7Lay5QDBc<\/a><\/p>\n<p><strong>\u00a0 \u00a0Caracter\u00edsticas y recursos:<\/strong><\/p>\n<p>\u00b7 Sistema Operativo Android; \u00b7 Pantalla t\u00e1ctil de 7&#8243;; \u00b7 Actualizaciones v\u00eda WIFI (1 A\u00f1o Gratis); \u00b7 49 fabricantes de autom\u00f3viles; \u00b7 15 funciones especiales; \u00b7 Identificaci\u00f3n autom\u00e1tica del modelo de veh\u00edculo a trav\u00e9s de escaneo VIN; \u00b7 Admite los 10 modos OBD-II; \u00b7 Diagn\u00f3stico completo del sistema; \u00b7 Almacenamiento y reproducci\u00f3n de datos de diagn\u00f3stico; \u00b7 Compartir informes de prueba; \u00b7 Visualizaci\u00f3n en tiempo real del voltaje del veh\u00edculo; \u00b7 Admite exploraci\u00f3n r\u00e1pida de I\/M; \u00b7 Lectura de C\u00f3digos de Falla Pasados \u200b\u200by Presentes de Sistemas; \u00b7 Borra los c\u00f3digos de falla de los sistemas; \u00b7 Lectura de los diversos par\u00e1metros de los sistemas, mostrando par\u00e1metros en tiempo real (ej. RPM, Sonda Lambda, Presi\u00f3n en el Colector, Tiempo de Inyecci\u00f3n, etc.), permitiendo una f\u00e1cil visualizaci\u00f3n de los par\u00e1metros; \u00b7 Lectura con visualizaci\u00f3n gr\u00e1fica de los diversos par\u00e1metros de los sistemas, mostrando gr\u00e1ficos simult\u00e1neos o Individualmente (gr\u00e1ficos tipo Osciloscopio) en tiempo real (ejemplo RPM, Sonda Lambda, Carga de Bater\u00eda, Avance de Encendido, Desaceleraci\u00f3n y etc. Disponible en Opci\u00f3n OBD2\/EOBD ); \u00b7Informaci\u00f3n de la ECU; Pruebas Realizadas y Funciones Especiales: \u00b7 Reset A\/F &#8211; Programaci\u00f3n AF (Ajuste Combustible) Reset Brake \u2013 EPB (Apertura y cierre pinza freno de estacionamiento EPB) \u00b7 Reset Oil (Luz indicadora de cambio de aceite) \u00b7 Restablecer SAS (Restablecer \u00e1ngulo de direcci\u00f3n) Restablecer BMS (Bater\u00eda) \u00b7 Reset Bleeding (Purga del sistema ABS) \u00b7 Restablecer ETCS &#8211; Acelerador (Restablecer TBI) Restablecer TPMS \u00b7 Restablecer DPF (Regeneraci\u00f3n DPF) \u00b7 Reset Coolant \/ Coolant Bleed (Restablecimiento del sistema de refrigeraci\u00f3n \/ Purga del sistema de refrigeraci\u00f3n) IMMO (Programaci\u00f3n de teclas) \u00b7 Restablecer caja de cambios \u00b7 Reset SUS (Reset Suspensi\u00f3n) \u00b7 Restablecer neum\u00e1tico (restablecer neum\u00e1ticos, cambiar el tama\u00f1o original del neum\u00e1tico) \u00b7 Inyector (codificaci\u00f3n de la boquilla del inyector)\u00a0 \u00a0\u00a0\u00a0Nota: Todas las funciones anteriores dependen de que cada sistema analizado sea compatible con la aplicaci\u00f3n que se encuentra en el equipo.<\/p>\n<p><em>\u00a06 meses de garant\u00eda contra defectos de fabricaci\u00f3n<\/em><\/p>\n<p>&nbsp;<\/p>","protected":false},"excerpt":{"rendered":"<p><strong>Pantalla t\u00e1ctil a color de 7&#8243; dise\u00f1ada para t\u00e9cnicos que desean diagnosticar Motor, Transmisi\u00f3n (A\/T), ABS, AIRBAG + 15 funciones especiales para veh\u00edculos.<\/strong><\/p>","protected":false},"featured_media":7236,"comment_status":"closed","ping_status":"closed","template":"","meta":{"_et_pb_use_builder":"off","_et_pb_old_content":"Cuenta con m\u00e1s de 100 programas de diagn\u00f3stico y reparaci\u00f3n y funciona con veh\u00edculos\r\nlivianos a gasolina, di\u00e9sel, h\u00edbridos y el\u00e9ctricos OBD I y OBD II.\r\nLectura borrado fallas en: Motor, ABS, Airbag, Transmisi\u00f3n.\r\nReset: Angulo volante, Libera pastilla freno, Inmovilizador, Llaves, Filtro DPF (diesel), Service aceite, Bateria.\r\nCodifica y adapta: Cuerpo mariposa aceleraci\u00f3n, Inyectores.","_et_gb_content_width":"","_uag_custom_page_level_css":"","_joinchat":[]},"product_brand":[],"product_cat":[17],"product_tag":[45],"class_list":{"0":"post-7235","1":"product","2":"type-product","3":"status-publish","4":"has-post-thumbnail","6":"product_cat-scanners","7":"product_tag-launch","9":"first","10":"instock","11":"shipping-taxable","12":"purchasable","13":"product-type-simple","14":"add-to-wishlist-before_image"},"uagb_featured_image_src":{"full":["https:\/\/epic.net.ar\/wp-content\/uploads\/2022\/12\/MASTER-SCANPRIME-PLAN-ATC-1.jpg",1080,1080,false],"thumbnail":["https:\/\/epic.net.ar\/wp-content\/uploads\/2022\/12\/MASTER-SCANPRIME-PLAN-ATC-1-150x150.jpg",150,150,true],"medium":["https:\/\/epic.net.ar\/wp-content\/uploads\/2022\/12\/MASTER-SCANPRIME-PLAN-ATC-1-300x300.jpg",300,300,true],"medium_large":["https:\/\/epic.net.ar\/wp-content\/uploads\/2022\/12\/MASTER-SCANPRIME-PLAN-ATC-1-768x768.jpg",768,768,true],"large":["https:\/\/epic.net.ar\/wp-content\/uploads\/2022\/12\/MASTER-SCANPRIME-PLAN-ATC-1-1024x1024.jpg",1024,1024,true],"1536x1536":["https:\/\/epic.net.ar\/wp-content\/uploads\/2022\/12\/MASTER-SCANPRIME-PLAN-ATC-1.jpg",1080,1080,false],"2048x2048":["https:\/\/epic.net.ar\/wp-content\/uploads\/2022\/12\/MASTER-SCANPRIME-PLAN-ATC-1.jpg",1080,1080,false],"trp-custom-language-flag":["https:\/\/epic.net.ar\/wp-content\/uploads\/2022\/12\/MASTER-SCANPRIME-PLAN-ATC-1.jpg",12,12,false],"et-pb-post-main-image":["https:\/\/epic.net.ar\/wp-content\/uploads\/2022\/12\/MASTER-SCANPRIME-PLAN-ATC-1-400x250.jpg",400,250,true],"et-pb-post-main-image-fullwidth":["https:\/\/epic.net.ar\/wp-content\/uploads\/2022\/12\/MASTER-SCANPRIME-PLAN-ATC-1-1080x675.jpg",1080,675,true],"et-pb-portfolio-image":["https:\/\/epic.net.ar\/wp-content\/uploads\/2022\/12\/MASTER-SCANPRIME-PLAN-ATC-1-400x284.jpg",400,284,true],"et-pb-portfolio-module-image":["https:\/\/epic.net.ar\/wp-content\/uploads\/2022\/12\/MASTER-SCANPRIME-PLAN-ATC-1-510x382.jpg",510,382,true],"et-pb-portfolio-image-single":["https:\/\/epic.net.ar\/wp-content\/uploads\/2022\/12\/MASTER-SCANPRIME-PLAN-ATC-1.jpg",1080,1080,false],"et-pb-gallery-module-image-portrait":["https:\/\/epic.net.ar\/wp-content\/uploads\/2022\/12\/MASTER-SCANPRIME-PLAN-ATC-1-400x516.jpg",400,516,true],"et-pb-post-main-image-fullwidth-large":["https:\/\/epic.net.ar\/wp-content\/uploads\/2022\/12\/MASTER-SCANPRIME-PLAN-ATC-1.jpg",1080,1080,false],"et-pb-image--responsive--desktop":["https:\/\/epic.net.ar\/wp-content\/uploads\/2022\/12\/MASTER-SCANPRIME-PLAN-ATC-1.jpg",720,720,false],"et-pb-image--responsive--tablet":["https:\/\/epic.net.ar\/wp-content\/uploads\/2022\/12\/MASTER-SCANPRIME-PLAN-ATC-1-980x980.jpg",551,551,true],"et-pb-image--responsive--phone":["https:\/\/epic.net.ar\/wp-content\/uploads\/2022\/12\/MASTER-SCANPRIME-PLAN-ATC-1-480x480.jpg",270,270,true],"woocommerce_thumbnail":["https:\/\/epic.net.ar\/wp-content\/uploads\/2022\/12\/MASTER-SCANPRIME-PLAN-ATC-1-300x300.jpg",300,300,true],"woocommerce_single":["https:\/\/epic.net.ar\/wp-content\/uploads\/2022\/12\/MASTER-SCANPRIME-PLAN-ATC-1-600x600.jpg",600,600,true],"woocommerce_gallery_thumbnail":["https:\/\/epic.net.ar\/wp-content\/uploads\/2022\/12\/MASTER-SCANPRIME-PLAN-ATC-1-100x100.jpg",100,100,true],"dgwt-wcas-product-suggestion":["https:\/\/epic.net.ar\/wp-content\/uploads\/2022\/12\/MASTER-SCANPRIME-PLAN-ATC-1-64x64.jpg",64,64,true]},"uagb_author_info":{"display_name":"epic Equipamiento Electr\u00f3nico","author_link":"https:\/\/epic.net.ar\/en\/author\/"},"uagb_comment_info":0,"uagb_excerpt":"Pantalla t\u00e1ctil a color de 7\" dise\u00f1ada para t\u00e9cnicos que desean diagnosticar Motor, Transmisi\u00f3n (A\/T), ABS, AIRBAG + 15 funciones especiales para veh\u00edculos.","_links":{"self":[{"href":"https:\/\/epic.net.ar\/en\/wp-json\/wp\/v2\/product\/7235","targetHints":{"allow":["GET"]}}],"collection":[{"href":"https:\/\/epic.net.ar\/en\/wp-json\/wp\/v2\/product"}],"about":[{"href":"https:\/\/epic.net.ar\/en\/wp-json\/wp\/v2\/types\/product"}],"replies":[{"embeddable":true,"href":"https:\/\/epic.net.ar\/en\/wp-json\/wp\/v2\/comments?post=7235"}],"wp:featuredmedia":[{"embeddable":true,"href":"https:\/\/epic.net.ar\/en\/wp-json\/wp\/v2\/media\/7236"}],"wp:attachment":[{"href":"https:\/\/epic.net.ar\/en\/wp-json\/wp\/v2\/media?parent=7235"}],"wp:term":[{"taxonomy":"product_brand","embeddable":true,"href":"https:\/\/epic.net.ar\/en\/wp-json\/wp\/v2\/product_brand?post=7235"},{"taxonomy":"product_cat","embeddable":true,"href":"https:\/\/epic.net.ar\/en\/wp-json\/wp\/v2\/product_cat?post=7235"},{"taxonomy":"product_tag","embeddable":true,"href":"https:\/\/epic.net.ar\/en\/wp-json\/wp\/v2\/product_tag?post=7235"}],"curies":[{"name":"wp","href":"https:\/\/api.w.org\/{rel}","templated":true}]}}