{"id":6339,"date":"2022-10-05T10:05:37","date_gmt":"2022-10-05T13:05:37","guid":{"rendered":"https:\/\/epic.net.ar\/?post_type=product&#038;p=6339"},"modified":"2025-05-30T13:47:07","modified_gmt":"2025-05-30T16:47:07","slug":"immo-bypass","status":"publish","type":"product","link":"https:\/\/epic.net.ar\/en\/product\/immo-bypass\/","title":{"rendered":"Immo Bypass"},"content":{"rendered":"<p class=\"western\" align=\"left\">Mas de 13500 soluciones para tu taller disponibles para PC, Android y iOS<\/p>\n<p class=\"western\" align=\"left\">Encuentra tu ECU:<a href=\"https:\/\/carlabimmo.com\/immo-bypass\/finder\"> https:\/\/carlabimmo.com\/immo-bypass\/finder<\/a><\/p>\n<p class=\"western\" align=\"left\">La base de datos IMMO BYPASS contiene:<\/p>\n<ul>\n<li class=\"western\">Archivos de ECUs originales y modificados para descargar y usar en tu ECU<\/li>\n<li class=\"western\">Archivos IMMO OFF para remover la funci\u00f3n de inmovilizador en un veh\u00edculo<\/li>\n<li class=\"western\">Archivos v\u00edrgenes para poder adaptar una ECU a otro veh\u00edculo<\/li>\n<li class=\"western\">Emulador: Algunas soluciones requieren la colocaci\u00f3n de un emulador en la ECU. Immo Bypass tiene archivos listos para usar que hacen que el procedimiento sea mas f\u00e1cil.<\/li>\n<li class=\"western\">Archivos de llave para programar el Key Code a la memoria de la ECU<\/li>\n<li class=\"western\">PIN: A veces hace falta un c\u00f3digo de acceso para una ECU. Las soluciones de PIN permiten calcular ese c\u00f3digo<\/li>\n<\/ul>\n<p class=\"western\" align=\"left\">TOOLBOX<br \/>\nUna poderosa soluci\u00f3n nueva de ImmoBypass.<br \/>\nEs una serie de algoritmos que trabaja directamente sobre los archivos subidos.<br \/>\nAbonandote a Immo Bypass tenes acceso ilimitado a estas herramientas.<br \/>\nCalcular valores para el emulador Julie en base a los cogidos ISN (BMW)<br \/>\nCalcular CS, MAC, PIN &amp; VIN para Audi, Seat, Skoda, VW (Bosch EDC17, ME17, MED17)<br \/>\nModificar CS, MAC, PIN &amp; VIN para Audi, Seat, Skoda, VW (Bosch EDC17, ME17, MED17)<br \/>\nImmo Off del archivo EEPROM para Audi, Seat, Skoda, VW (Bosch EDC17, ME17, MED17)<br \/>\nImmo Off del archivo FLASH para todas las marcas (Bosch EDC17, ME17, MED17, MEV17)<br \/>\nECU checksum para todas las marcas (Bosch EDC17, ME17, MED17, MEV17)<\/p>\n<p class=\"western\" align=\"left\">IM\u00c1GENES<br \/>\nFotos y circuitos de cada ECU<br \/>\nDecenas de miles de fotos hacen a Immo Bypass el catalogo mas completo de ECUs<\/p>\n<p class=\"western\" align=\"left\">FOTOS DE COMPONENTES<br \/>\nFotos de ECUs, memorias, fichas y otros componentes<\/p>\n<p class=\"western\" align=\"left\">CAPTURAS DE PANTALLA<br \/>\nSi una soluci\u00f3n requiere software de un tercero, nosotros te mostramos como usarlo en capturas de pantalla<\/p>\n<p class=\"western\" align=\"left\">DESCRIPCIONES<br \/>\nDescripciones en texto para guiarte en cada procedimiento. Tambi\u00e9n encontraras mucha informaci\u00f3n de las ECUs.<br \/>\nCada soluciona con su descripci\u00f3n detallada para poder seguir el procedimiento de trabajo<br \/>\nLa mayor\u00eda de las ECUs en nuestra base de datos est\u00e1n bien descriptas y asignadas a un veh\u00edculo en la cual esa ECU suele estar colocada<\/p>\n<p class=\"western\" align=\"left\">SOPORTE T\u00c9CNICO<br \/>\nLos usuarios con abono Immo Bypass activo tienen acceso a nuestro soporte tecnico. Pueden solicitar:<\/p>\n<ul>\n<li class=\"western\">Ayuda con una soluci\u00f3n existente<\/li>\n<li>Pedir una modificaci\u00f3n de un archivo<\/li>\n<li>Y lo mas importante, el Foro esta administrado por nuestros t\u00e9cnicos expertos en inmovilizadores.<\/li>\n<\/ul>","protected":false},"excerpt":{"rendered":"<p class=\"western\" align=\"left\">La base de datos mas grande del mundo<br \/>\nMiles de soluciones para reparaciones<br \/>\nTodos los archivos fueron probados y funcionan<br \/>\nModificaciones de archivos a pedido<br \/>\nSin tokens: acceso illimitado<br \/>\nBajo costo: abono de 12 meses<br \/>\nActualizaciones gratuitas<\/p>","protected":false},"featured_media":6351,"comment_status":"closed","ping_status":"closed","template":"","meta":{"_et_pb_use_builder":"","_et_pb_old_content":"","_et_gb_content_width":"","_uag_custom_page_level_css":"","_joinchat":[]},"product_brand":[],"product_cat":[25],"product_tag":[79,74],"class_list":{"0":"post-6339","1":"product","2":"type-product","3":"status-publish","4":"has-post-thumbnail","6":"product_cat-otros","7":"product_tag-carlabimmo","8":"product_tag-julie","10":"first","11":"instock","12":"virtual","13":"product-type-simple","14":"add-to-wishlist-before_image"},"uagb_featured_image_src":{"full":["https:\/\/epic.net.ar\/wp-content\/uploads\/2022\/10\/immo-bypass-thumbnail-light.png",1001,1001,false],"thumbnail":["https:\/\/epic.net.ar\/wp-content\/uploads\/2022\/10\/immo-bypass-thumbnail-light-150x150.png",150,150,true],"medium":["https:\/\/epic.net.ar\/wp-content\/uploads\/2022\/10\/immo-bypass-thumbnail-light-300x300.png",300,300,true],"medium_large":["https:\/\/epic.net.ar\/wp-content\/uploads\/2022\/10\/immo-bypass-thumbnail-light-768x768.png",768,768,true],"large":["https:\/\/epic.net.ar\/wp-content\/uploads\/2022\/10\/immo-bypass-thumbnail-light.png",1001,1001,false],"1536x1536":["https:\/\/epic.net.ar\/wp-content\/uploads\/2022\/10\/immo-bypass-thumbnail-light.png",1001,1001,false],"2048x2048":["https:\/\/epic.net.ar\/wp-content\/uploads\/2022\/10\/immo-bypass-thumbnail-light.png",1001,1001,false],"trp-custom-language-flag":["https:\/\/epic.net.ar\/wp-content\/uploads\/2022\/10\/immo-bypass-thumbnail-light.png",12,12,false],"et-pb-post-main-image":["https:\/\/epic.net.ar\/wp-content\/uploads\/2022\/10\/immo-bypass-thumbnail-light-400x250.png",400,250,true],"et-pb-post-main-image-fullwidth":["https:\/\/epic.net.ar\/wp-content\/uploads\/2022\/10\/immo-bypass-thumbnail-light-1001x675.png",1001,675,true],"et-pb-portfolio-image":["https:\/\/epic.net.ar\/wp-content\/uploads\/2022\/10\/immo-bypass-thumbnail-light-400x284.png",400,284,true],"et-pb-portfolio-module-image":["https:\/\/epic.net.ar\/wp-content\/uploads\/2022\/10\/immo-bypass-thumbnail-light-510x382.png",510,382,true],"et-pb-portfolio-image-single":["https:\/\/epic.net.ar\/wp-content\/uploads\/2022\/10\/immo-bypass-thumbnail-light.png",1001,1001,false],"et-pb-gallery-module-image-portrait":["https:\/\/epic.net.ar\/wp-content\/uploads\/2022\/10\/immo-bypass-thumbnail-light-400x516.png",400,516,true],"et-pb-post-main-image-fullwidth-large":["https:\/\/epic.net.ar\/wp-content\/uploads\/2022\/10\/immo-bypass-thumbnail-light.png",1001,1001,false],"et-pb-image--responsive--desktop":["https:\/\/epic.net.ar\/wp-content\/uploads\/2022\/10\/immo-bypass-thumbnail-light.png",720,720,false],"et-pb-image--responsive--tablet":["https:\/\/epic.net.ar\/wp-content\/uploads\/2022\/10\/immo-bypass-thumbnail-light-980x980.png",551,551,true],"et-pb-image--responsive--phone":["https:\/\/epic.net.ar\/wp-content\/uploads\/2022\/10\/immo-bypass-thumbnail-light-480x480.png",270,270,true],"woocommerce_thumbnail":["https:\/\/epic.net.ar\/wp-content\/uploads\/2022\/10\/immo-bypass-thumbnail-light-300x300.png",300,300,true],"woocommerce_single":["https:\/\/epic.net.ar\/wp-content\/uploads\/2022\/10\/immo-bypass-thumbnail-light-600x600.png",600,600,true],"woocommerce_gallery_thumbnail":["https:\/\/epic.net.ar\/wp-content\/uploads\/2022\/10\/immo-bypass-thumbnail-light-100x100.png",100,100,true],"dgwt-wcas-product-suggestion":["https:\/\/epic.net.ar\/wp-content\/uploads\/2022\/10\/immo-bypass-thumbnail-light-64x64.png",64,64,true]},"uagb_author_info":{"display_name":"epic Equipamiento Electr\u00f3nico","author_link":"https:\/\/epic.net.ar\/en\/author\/"},"uagb_comment_info":0,"uagb_excerpt":"La base de datos mas grande del mundo Miles de soluciones para reparaciones Todos los archivos fueron probados y funcionan Modificaciones de archivos a pedido Sin tokens: acceso illimitado Bajo costo: abono de 12 meses Actualizaciones gratuitas","_links":{"self":[{"href":"https:\/\/epic.net.ar\/en\/wp-json\/wp\/v2\/product\/6339","targetHints":{"allow":["GET"]}}],"collection":[{"href":"https:\/\/epic.net.ar\/en\/wp-json\/wp\/v2\/product"}],"about":[{"href":"https:\/\/epic.net.ar\/en\/wp-json\/wp\/v2\/types\/product"}],"replies":[{"embeddable":true,"href":"https:\/\/epic.net.ar\/en\/wp-json\/wp\/v2\/comments?post=6339"}],"wp:featuredmedia":[{"embeddable":true,"href":"https:\/\/epic.net.ar\/en\/wp-json\/wp\/v2\/media\/6351"}],"wp:attachment":[{"href":"https:\/\/epic.net.ar\/en\/wp-json\/wp\/v2\/media?parent=6339"}],"wp:term":[{"taxonomy":"product_brand","embeddable":true,"href":"https:\/\/epic.net.ar\/en\/wp-json\/wp\/v2\/product_brand?post=6339"},{"taxonomy":"product_cat","embeddable":true,"href":"https:\/\/epic.net.ar\/en\/wp-json\/wp\/v2\/product_cat?post=6339"},{"taxonomy":"product_tag","embeddable":true,"href":"https:\/\/epic.net.ar\/en\/wp-json\/wp\/v2\/product_tag?post=6339"}],"curies":[{"name":"wp","href":"https:\/\/api.w.org\/{rel}","templated":true}]}}