{"id":620,"date":"2020-11-26T08:40:48","date_gmt":"2020-11-26T11:40:48","guid":{"rendered":"http:\/\/epic.net.ar\/?post_type=product&#038;p=620"},"modified":"2025-05-30T13:48:55","modified_gmt":"2025-05-30T16:48:55","slug":"compitt-prophyl-315g-440cc-c-gatillo","status":"publish","type":"product","link":"https:\/\/epic.net.ar\/en\/product\/compitt-prophyl-315g-440cc-c-gatillo\/","title":{"rendered":"Alcohol Isopropilico 440cc \/ 315g"},"content":{"rendered":"<p><strong>Alcohol Isopropilico alta pureza Compitt.<\/strong><\/p>\n<ul>\n<li>Ideal para limpieza de placas, componentes electr\u00f3nicos, superficies pl\u00e1sticas y met\u00e1licas.<\/li>\n<li>Excelente desengrasante y desincrustante de \u00f3xidos.<\/li>\n<li>No deja residuos y esta libre de humedad.<\/li>\n<li>100% seguro para la capa de ozono.<\/li>\n<\/ul>\n<p>Debe utilizarse siempre en equipos apagados.<\/p>\n<p>315gr.<\/p>","protected":false},"excerpt":{"rendered":"<h3>NO SE ENV\u00cdA ESTE PRODUCTO.<br \/>\nSOLO RETIRO EN EL LOCAL.<\/h3>\n<p>Alcohol Isopropilico en aerosol.<\/p>\n<ul>\n<li>Para limpieza de placas electr\u00f3nicas<\/li>\n<li>Disuelve grasas<\/li>\n<li>Remueve \u00f3xidos<\/li>\n<li>No deja residuos<\/li>\n<li>No da\u00f1a la capa de ozono<\/li>\n<\/ul>","protected":false},"featured_media":4003,"comment_status":"closed","ping_status":"closed","template":"","meta":{"_et_pb_use_builder":"","_et_pb_old_content":"","_et_gb_content_width":"","_uag_custom_page_level_css":"","_joinchat":[]},"product_brand":[],"product_cat":[29],"product_tag":[],"class_list":{"0":"post-620","1":"product","2":"type-product","3":"status-publish","4":"has-post-thumbnail","6":"product_cat-insumos","8":"first","9":"outofstock","10":"shipping-taxable","11":"purchasable","12":"product-type-simple","13":"add-to-wishlist-before_image"},"uagb_featured_image_src":{"full":["https:\/\/epic.net.ar\/wp-content\/uploads\/2020\/11\/ALCL-ISO.jpg",1080,1080,false],"thumbnail":["https:\/\/epic.net.ar\/wp-content\/uploads\/2020\/11\/ALCL-ISO-150x150.jpg",150,150,true],"medium":["https:\/\/epic.net.ar\/wp-content\/uploads\/2020\/11\/ALCL-ISO-300x300.jpg",300,300,true],"medium_large":["https:\/\/epic.net.ar\/wp-content\/uploads\/2020\/11\/ALCL-ISO-768x768.jpg",768,768,true],"large":["https:\/\/epic.net.ar\/wp-content\/uploads\/2020\/11\/ALCL-ISO-1024x1024.jpg",1024,1024,true],"1536x1536":["https:\/\/epic.net.ar\/wp-content\/uploads\/2020\/11\/ALCL-ISO.jpg",1080,1080,false],"2048x2048":["https:\/\/epic.net.ar\/wp-content\/uploads\/2020\/11\/ALCL-ISO.jpg",1080,1080,false],"trp-custom-language-flag":["https:\/\/epic.net.ar\/wp-content\/uploads\/2020\/11\/ALCL-ISO.jpg",12,12,false],"et-pb-post-main-image":["https:\/\/epic.net.ar\/wp-content\/uploads\/2020\/11\/ALCL-ISO-400x250.jpg",400,250,true],"et-pb-post-main-image-fullwidth":["https:\/\/epic.net.ar\/wp-content\/uploads\/2020\/11\/ALCL-ISO-1080x675.jpg",1080,675,true],"et-pb-portfolio-image":["https:\/\/epic.net.ar\/wp-content\/uploads\/2020\/11\/ALCL-ISO-400x284.jpg",400,284,true],"et-pb-portfolio-module-image":["https:\/\/epic.net.ar\/wp-content\/uploads\/2020\/11\/ALCL-ISO-510x382.jpg",510,382,true],"et-pb-portfolio-image-single":["https:\/\/epic.net.ar\/wp-content\/uploads\/2020\/11\/ALCL-ISO.jpg",1080,1080,false],"et-pb-gallery-module-image-portrait":["https:\/\/epic.net.ar\/wp-content\/uploads\/2020\/11\/ALCL-ISO-400x516.jpg",400,516,true],"et-pb-post-main-image-fullwidth-large":["https:\/\/epic.net.ar\/wp-content\/uploads\/2020\/11\/ALCL-ISO.jpg",1080,1080,false],"et-pb-image--responsive--desktop":["https:\/\/epic.net.ar\/wp-content\/uploads\/2020\/11\/ALCL-ISO.jpg",720,720,false],"et-pb-image--responsive--tablet":["https:\/\/epic.net.ar\/wp-content\/uploads\/2020\/11\/ALCL-ISO-980x980.jpg",551,551,true],"et-pb-image--responsive--phone":["https:\/\/epic.net.ar\/wp-content\/uploads\/2020\/11\/ALCL-ISO-480x480.jpg",270,270,true],"woocommerce_thumbnail":["https:\/\/epic.net.ar\/wp-content\/uploads\/2020\/11\/ALCL-ISO-300x300.jpg",300,300,true],"woocommerce_single":["https:\/\/epic.net.ar\/wp-content\/uploads\/2020\/11\/ALCL-ISO-600x600.jpg",600,600,true],"woocommerce_gallery_thumbnail":["https:\/\/epic.net.ar\/wp-content\/uploads\/2020\/11\/ALCL-ISO-100x100.jpg",100,100,true],"dgwt-wcas-product-suggestion":["https:\/\/epic.net.ar\/wp-content\/uploads\/2020\/11\/ALCL-ISO-64x64.jpg",64,64,true]},"uagb_author_info":{"display_name":"euge","author_link":"https:\/\/epic.net.ar\/en\/author\/"},"uagb_comment_info":0,"uagb_excerpt":"NO SE ENV\u00cdA ESTE PRODUCTO. SOLO RETIRO EN EL LOCAL. Alcohol Isopropilico en aerosol. Para limpieza de placas electr\u00f3nicas Disuelve grasas Remueve \u00f3xidos No deja residuos No da\u00f1a la capa de ozono","_links":{"self":[{"href":"https:\/\/epic.net.ar\/en\/wp-json\/wp\/v2\/product\/620","targetHints":{"allow":["GET"]}}],"collection":[{"href":"https:\/\/epic.net.ar\/en\/wp-json\/wp\/v2\/product"}],"about":[{"href":"https:\/\/epic.net.ar\/en\/wp-json\/wp\/v2\/types\/product"}],"replies":[{"embeddable":true,"href":"https:\/\/epic.net.ar\/en\/wp-json\/wp\/v2\/comments?post=620"}],"wp:featuredmedia":[{"embeddable":true,"href":"https:\/\/epic.net.ar\/en\/wp-json\/wp\/v2\/media\/4003"}],"wp:attachment":[{"href":"https:\/\/epic.net.ar\/en\/wp-json\/wp\/v2\/media?parent=620"}],"wp:term":[{"taxonomy":"product_brand","embeddable":true,"href":"https:\/\/epic.net.ar\/en\/wp-json\/wp\/v2\/product_brand?post=620"},{"taxonomy":"product_cat","embeddable":true,"href":"https:\/\/epic.net.ar\/en\/wp-json\/wp\/v2\/product_cat?post=620"},{"taxonomy":"product_tag","embeddable":true,"href":"https:\/\/epic.net.ar\/en\/wp-json\/wp\/v2\/product_tag?post=620"}],"curies":[{"name":"wp","href":"https:\/\/api.w.org\/{rel}","templated":true}]}}