{"id":595,"date":"2020-11-25T13:59:50","date_gmt":"2020-11-25T16:59:50","guid":{"rendered":"http:\/\/epic.net.ar\/?post_type=product&#038;p=595"},"modified":"2026-02-23T11:50:40","modified_gmt":"2026-02-23T14:50:40","slug":"sistemas-de-climatizacion-blanco-y-negro","status":"publish","type":"product","link":"https:\/\/epic.net.ar\/en\/product\/sistemas-de-climatizacion-blanco-y-negro\/","title":{"rendered":"Sistemas de Climatizacion Blanco y Negro"},"content":{"rendered":"<p>Aprend\u00e9 como funciona el sistema de climatizaci\u00f3n y los m\u00f3dulos electr\u00f3nicos involucrados<\/p>\n<p>Esquemas sinopticos de diferentes sistemas de climatizaci\u00f3n<br \/>\nDiagramas de interconexi\u00f3n.<\/p>\n<p>Chevrolet: Corsa, Meriva 1.4\/1.6, Corsa Diesel 1.7DTL, Blazer 97, GM Astra<br \/>\nFiat: Palio\/Siena (diesel y nafta), Fire 1.3, Fire 1.4, Nuevo Palio 1.6 16V, Linea<br \/>\nFord: F-100, Ranger, Fiesta diesel, Ka, Ecosport.<\/p>","protected":false},"excerpt":{"rendered":"<p><strong>Ahorr\u00e1 tiempo y gana mas dinero con diagn\u00f3sticos r\u00e1pidos y exitosos.<br \/>\nUn manual de CEA: informaci\u00f3n practica y de calidad.<\/strong><\/p>\n<p>Chevrolet: Corsa, Meriva 1.4\/1.6, Corsa Diesel 1.7DTL, Blazer 97, GM Astra<br \/>\nFiat: Palio\/Siena (diesel y nafta), Fire 1.3, Fire 1.4, Nuevo Palio 1.6 16V, Linea<br \/>\nFord: F-100, Ranger, Fiesta diesel, Ka, Ecosport.<\/p>","protected":false},"featured_media":596,"comment_status":"closed","ping_status":"closed","template":"","meta":{"_et_pb_use_builder":"","_et_pb_old_content":"","_et_gb_content_width":"","_uag_custom_page_level_css":"","_joinchat":[]},"product_brand":[],"product_cat":[39],"product_tag":[],"class_list":{"0":"post-595","1":"product","2":"type-product","3":"status-publish","4":"has-post-thumbnail","6":"product_cat-manuales","8":"first","9":"instock","10":"shipping-taxable","11":"purchasable","12":"product-type-simple","13":"add-to-wishlist-before_image"},"uagb_featured_image_src":{"full":["https:\/\/epic.net.ar\/wp-content\/uploads\/2020\/11\/sistemas_climatizacion_automotriz-1.jpg",1200,1200,false],"thumbnail":["https:\/\/epic.net.ar\/wp-content\/uploads\/2020\/11\/sistemas_climatizacion_automotriz-1-150x150.jpg",150,150,true],"medium":["https:\/\/epic.net.ar\/wp-content\/uploads\/2020\/11\/sistemas_climatizacion_automotriz-1-300x300.jpg",300,300,true],"medium_large":["https:\/\/epic.net.ar\/wp-content\/uploads\/2020\/11\/sistemas_climatizacion_automotriz-1-768x768.jpg",768,768,true],"large":["https:\/\/epic.net.ar\/wp-content\/uploads\/2020\/11\/sistemas_climatizacion_automotriz-1-1024x1024.jpg",1024,1024,true],"1536x1536":["https:\/\/epic.net.ar\/wp-content\/uploads\/2020\/11\/sistemas_climatizacion_automotriz-1.jpg",1200,1200,false],"2048x2048":["https:\/\/epic.net.ar\/wp-content\/uploads\/2020\/11\/sistemas_climatizacion_automotriz-1.jpg",1200,1200,false],"trp-custom-language-flag":["https:\/\/epic.net.ar\/wp-content\/uploads\/2020\/11\/sistemas_climatizacion_automotriz-1.jpg",12,12,false],"et-pb-post-main-image":["https:\/\/epic.net.ar\/wp-content\/uploads\/2020\/11\/sistemas_climatizacion_automotriz-1-400x250.jpg",400,250,true],"et-pb-post-main-image-fullwidth":["https:\/\/epic.net.ar\/wp-content\/uploads\/2020\/11\/sistemas_climatizacion_automotriz-1-1080x675.jpg",1080,675,true],"et-pb-portfolio-image":["https:\/\/epic.net.ar\/wp-content\/uploads\/2020\/11\/sistemas_climatizacion_automotriz-1-400x284.jpg",400,284,true],"et-pb-portfolio-module-image":["https:\/\/epic.net.ar\/wp-content\/uploads\/2020\/11\/sistemas_climatizacion_automotriz-1-510x382.jpg",510,382,true],"et-pb-portfolio-image-single":["https:\/\/epic.net.ar\/wp-content\/uploads\/2020\/11\/sistemas_climatizacion_automotriz-1-1080x1080.jpg",1080,1080,true],"et-pb-gallery-module-image-portrait":["https:\/\/epic.net.ar\/wp-content\/uploads\/2020\/11\/sistemas_climatizacion_automotriz-1-400x516.jpg",400,516,true],"et-pb-post-main-image-fullwidth-large":["https:\/\/epic.net.ar\/wp-content\/uploads\/2020\/11\/sistemas_climatizacion_automotriz-1.jpg",1200,1200,false],"et-pb-image--responsive--desktop":["https:\/\/epic.net.ar\/wp-content\/uploads\/2020\/11\/sistemas_climatizacion_automotriz-1.jpg",720,720,false],"et-pb-image--responsive--tablet":["https:\/\/epic.net.ar\/wp-content\/uploads\/2020\/11\/sistemas_climatizacion_automotriz-1-980x980.jpg",551,551,true],"et-pb-image--responsive--phone":["https:\/\/epic.net.ar\/wp-content\/uploads\/2020\/11\/sistemas_climatizacion_automotriz-1-480x480.jpg",270,270,true],"woocommerce_thumbnail":["https:\/\/epic.net.ar\/wp-content\/uploads\/2020\/11\/sistemas_climatizacion_automotriz-1-300x300.jpg",300,300,true],"woocommerce_single":["https:\/\/epic.net.ar\/wp-content\/uploads\/2020\/11\/sistemas_climatizacion_automotriz-1-600x600.jpg",600,600,true],"woocommerce_gallery_thumbnail":["https:\/\/epic.net.ar\/wp-content\/uploads\/2020\/11\/sistemas_climatizacion_automotriz-1-100x100.jpg",100,100,true],"dgwt-wcas-product-suggestion":["https:\/\/epic.net.ar\/wp-content\/uploads\/2020\/11\/sistemas_climatizacion_automotriz-1-64x64.jpg",64,64,true]},"uagb_author_info":{"display_name":"euge","author_link":"https:\/\/epic.net.ar\/en\/author\/"},"uagb_comment_info":0,"uagb_excerpt":"Ahorr\u00e1 tiempo y gana mas dinero con diagn\u00f3sticos r\u00e1pidos y exitosos. Un manual de CEA: informaci\u00f3n practica y de calidad. Chevrolet: Corsa, Meriva 1.4\/1.6, Corsa Diesel 1.7DTL, Blazer 97, GM Astra Fiat: Palio\/Siena (diesel y nafta), Fire 1.3, Fire 1.4, Nuevo Palio 1.6 16V, Linea Ford: F-100, Ranger, Fiesta diesel, Ka, Ecosport.","_links":{"self":[{"href":"https:\/\/epic.net.ar\/en\/wp-json\/wp\/v2\/product\/595","targetHints":{"allow":["GET"]}}],"collection":[{"href":"https:\/\/epic.net.ar\/en\/wp-json\/wp\/v2\/product"}],"about":[{"href":"https:\/\/epic.net.ar\/en\/wp-json\/wp\/v2\/types\/product"}],"replies":[{"embeddable":true,"href":"https:\/\/epic.net.ar\/en\/wp-json\/wp\/v2\/comments?post=595"}],"wp:featuredmedia":[{"embeddable":true,"href":"https:\/\/epic.net.ar\/en\/wp-json\/wp\/v2\/media\/596"}],"wp:attachment":[{"href":"https:\/\/epic.net.ar\/en\/wp-json\/wp\/v2\/media?parent=595"}],"wp:term":[{"taxonomy":"product_brand","embeddable":true,"href":"https:\/\/epic.net.ar\/en\/wp-json\/wp\/v2\/product_brand?post=595"},{"taxonomy":"product_cat","embeddable":true,"href":"https:\/\/epic.net.ar\/en\/wp-json\/wp\/v2\/product_cat?post=595"},{"taxonomy":"product_tag","embeddable":true,"href":"https:\/\/epic.net.ar\/en\/wp-json\/wp\/v2\/product_tag?post=595"}],"curies":[{"name":"wp","href":"https:\/\/api.w.org\/{rel}","templated":true}]}}