{"id":585,"date":"2020-11-25T13:54:07","date_gmt":"2020-11-25T16:54:07","guid":{"rendered":"http:\/\/epic.net.ar\/?post_type=product&#038;p=585"},"modified":"2026-04-30T14:46:24","modified_gmt":"2026-04-30T17:46:24","slug":"inyeccion-electronica-mercosur-i","status":"publish","type":"product","link":"https:\/\/epic.net.ar\/en\/product\/inyeccion-electronica-mercosur-i\/","title":{"rendered":"Inyecci\u00f3n electr\u00f3nica Mercosur I &#8211; Manual T\u00e9cnico"},"content":{"rendered":"<p><strong>Diagn\u00f3sticos r\u00e1pidos y exitosos gracias a la buena informaci\u00f3n t\u00e9cnica.<\/strong><br \/>\nPara el t\u00e9cnico de laboratorio y tallerista<\/p>\n<p>Esquemas el\u00e9ctricos de los sistemas de inyecci\u00f3n y todos los m\u00f3dulos involucrados:<\/p>\n<ul>\n<li>ECU<\/li>\n<li>sensores<\/li>\n<li>sistema de inyecci\u00f3n y arranque<\/li>\n<li>otros m\u00f3dulos<\/li>\n<\/ul>\n<p><strong>Sistemas:<\/strong><\/p>\n<h1 align=\"center\"><strong>Chevrolet<\/strong><\/h1>\n<p>Monza, Kaddel, Ipanema: MULTEC 700<\/p>\n<p>Corsa Monopunto: MULTEC M<\/p>\n<p>Corsa: MPFI<\/p>\n<p>Corsa 16V: MULTEC F<\/p>\n<p>Vectra: M 1.5.4<\/p>\n<p>Vectra 2.0 16V: M 1.5.4<\/p>\n<p>Blazer 2.2 (Brasil): Rochester MULTEC CONECTORES NEGROS<\/p>\n<p>Astra \u2013 Zafira: BOSCH MOTRONIC 1.5.5<\/p>\n<p>Astra 1.8 8V- 2.0 8V: BOSCH MOTRONIC 1.5.5<\/p>\n<p>Astra 2.0 16V: BOSCH MOTRONIC 1.5.5<\/p>\n<p>Corsa 1.0 \u2013 1.8 \u2013 SUZUKI FUN 1.0: MULTEC H<\/p>\n<p>Vectra 2.2 16V: BOSCH MOTRONIC 1.5.4<\/p>\n<p>&nbsp;<\/p>\n<h1 align=\"center\"><strong>Fiat<\/strong><\/h1>\n<p>Tempra 2.0 8V: M. MARELLI G7.14<\/p>\n<p>Tempra 2.0 16V: M. MARELLI IAW 4V3-8P<\/p>\n<p>Tipo 1.6 IE: BOSCH MOTRONIC 1.7<\/p>\n<p>Tipo 1.6 MPI: BOSCH MOTRONIC 1.5.4<\/p>\n<p>Palio &#8211; Siena &#8211; Uno \u2013 Duna: M. MARELLI 1G7<\/p>\n<p>Mareas 2.2 20V TURBO: BOSCH MOTRONIC M 2.104<\/p>\n<p>Mareas 1.8 16V: HITACHI M159<\/p>\n<p>Siena \u2013 Palio: M. MARELLI 1ABB.90<\/p>\n<p>Idea 1.8: MT27E<\/p>\n<p>Palio Fire 1.3 8V: IAW 4AF<\/p>\n<p>Palio Fire 1.3 16V: BOSCH MOTRONIC ME7.3 H4<\/p>\n<p>Stilo 1.8 8V: DELPHI HSFI 2.3<\/p>\n<p>Stilo 1.8 16V: DELPHI HSFI 2.3<\/p>\n<p>&nbsp;<\/p>\n<h1 align=\"center\"><strong>Ford<\/strong><\/h1>\n<p>Escort &#8211; Orion- Galaxy: EEC IV (CFI) &#8211; EEC IV (EFI)<\/p>\n<p>Escort: EEC IV ZETEC 1.8 16V<\/p>\n<p>Ka- Fiesta- Courier ENDURA 1.3: ZETEC 1.4 EEC V<\/p>\n<p>Fiesta 1.3: EEC IV (CFI) EDIS<\/p>\n<p>Mondeo CLX 1.8: EEC IV (SFI)<\/p>\n<p>Fiesta 16V \u2013 Courier 16V \u2013 Ka: EEC V (SFI) 104 PINES<\/p>\n<p>Mondeo GLX 2.0: EEC IV (SFI)<\/p>\n<p>Mondeo 2.0 16V: EEC V (SFI) \u2013 ZETEC 104 PINES<\/p>\n<p>Ecosport 1.6 \u2013 2.0 16V \u2013 Fiesta Max- Focus: ROCAM EEC VI<\/p>\n<p>Focus 1.8 \u2013 2.0 16V: ROCAM EEC V<\/p>\n<p>Ka 1.6: ROCAM EEC VI (con pats)<\/p>\n<p>Ka 1.6: ROCAM EEC VI (sin pats)<\/p>\n<p>&nbsp;<\/p>\n<h1 align=\"center\"><strong>Peugeot<\/strong><\/h1>\n<p>106\/Partner: M. MARELLI IAW 1AP<\/p>\n<p>306 &#8211; 405 &#8211; 806: M. MARELLI IAW 8P 10-13-22<\/p>\n<p>205: LE2 JETRONIC<\/p>\n<p>205 &#8211; 405: BOSCH MOTRONIC MA3.0<\/p>\n<p>306 \u2013 405: MOTRONIC MP 5.1 \/ 5.2<\/p>\n<p>206 BOSCH MOTRONIC MP 7.2 \/ 7.3<\/p>\n<p>306 1.8 16V: SL96<\/p>\n<p>405 1.9 8V: MOTRONIC MP3.1<\/p>\n<p>306 S16 \u2013 405 MI 2.0 16V: MOTRONIC MP3.2<\/p>\n<p>306 Cabriolet \u2013 406 \u2013 Xantia: MOTRONIC MP5<\/p>\n<p>306 \u2013 405: M. MARELLI IAW 8P 22<\/p>\n<p>206 1.4 \u2013 SW 1.4 \u2013 307 1.4 \u2013 Partner 1.4: ME 7.4.4<\/p>\n<p>206 1.6 \u2013 SW 1.6 \u2013 307 1.6 \u2013 Partner 1.6: SAGEM 2000<\/p>\n<p>&nbsp;<\/p>\n<p>&nbsp;<\/p>\n<h1 align=\"center\"><strong>Renault<\/strong><\/h1>\n<p>R19 Monopunto: M. MARELLI IAW G8<\/p>\n<p>Twingo MPI 1.2: SAFIR 35 PINES<\/p>\n<p>Twingo MPI 1.2: SAFIR 55 PINES<\/p>\n<p>Megane 1.6 8V (K7M): FENIX 5<\/p>\n<p>Megane 2.0 8V (F3R): FENIX 5<\/p>\n<p>Megane 2.0 168V (F7R): FENIX 5<\/p>\n<p>Laguna 3.0: FENIX 5<\/p>\n<p>Laguna RXE 2.0 16V \u2013 (MOTOR N7Q -704)<\/p>\n<p>Laguna RXE 2.0 16V \u2013 (MOTOR N7Q -A700)<\/p>\n<p>21 2.0: FENIX 3B<\/p>\n<p>21 2.2: FENIX 3B<\/p>\n<p>Clio 1.2 -1.4 Monopunto: Ac Delco<\/p>\n<p>Clio \u2013 Kangoo &#8211; Megane \u2013 Scenic 8V: SIRIUS 32<\/p>\n<p>Clio \u2013 Kangoo &#8211; Megane \u2013 Scenic 16V: SIRIUS 32<\/p>\n<p>Clio \u2013 19: BOSCH MA 1.7<\/p>\n<p>Clio II 1.0 16V \u2013 1.2 16V: M. MARELLI IAW 5NR<\/p>\n<p>&nbsp;<\/p>\n<h1 align=\"center\"><strong>Toyota<\/strong><\/h1>\n<p>Corolla 1.6 16V ECM<\/p>\n<p>Corolla 1.6 16V PCM<\/p>\n<p>&nbsp;<\/p>\n<h1 align=\"center\"><strong>Volkswagen<\/strong><\/h1>\n<p>Gol \u2013 Saveiro: M. MARELLI IAW 1AVB<\/p>\n<p>Gol \u2013 Saveiro: M. MARELLI IAW 1AVP<\/p>\n<p>Polo: M. MARELLI IAW 1AVB<\/p>\n<p>Polo: M. MARELLI IAW 1AVP<\/p>\n<p>Golf MI: DIGIFANT 1.82<\/p>\n<p>Golf GLX \u2013 GTI 2.0: DIGIFANT 1.7.4 \/ 7.3<\/p>\n<p>Gol \u2013 Saveiro AT: M. MARELLI IAW 1VS \/ 1AVI<\/p>\n<p>Bora 2.0 \u2013 Beetle 2.0: MOTRONIC M5.9.2<\/p>\n<p>Golf 1.8 Turbo: MOTRONIC M3.8.2<\/p>\n<p>Fox 1.6 \u2013 CrossFox 1.6: ME 7.5.10<\/p>\n<p>Passat 1.8 Turbo: MOTRONIC M3.8.2<\/p>","protected":false},"excerpt":{"rendered":"<p><strong>Ahorr\u00e1 tiempo y gana mas dinero con diagn\u00f3sticos r\u00e1pidos y exitosos.<br \/>\n<\/strong><strong>Un manual de CEA: informaci\u00f3n practica y de calidad.<\/strong><\/p>\n<p>Esquemas el\u00e9ctricos de los sistemas de inyecci\u00f3n y toda los m\u00f3dulos involucrados.\u00a0 Ver veh\u00edculos abajo.<\/p>","protected":false},"featured_media":586,"comment_status":"closed","ping_status":"closed","template":"","meta":{"_et_pb_use_builder":"","_et_pb_old_content":"","_et_gb_content_width":"","_uag_custom_page_level_css":"","_joinchat":[]},"product_brand":[],"product_cat":[39],"product_tag":[],"class_list":{"0":"post-585","1":"product","2":"type-product","3":"status-publish","4":"has-post-thumbnail","6":"product_cat-manuales","8":"first","9":"instock","10":"shipping-taxable","11":"purchasable","12":"product-type-simple","13":"add-to-wishlist-before_image"},"uagb_featured_image_src":{"full":["https:\/\/epic.net.ar\/wp-content\/uploads\/2020\/11\/inyeccion_electronica_1.jpg",1200,1200,false],"thumbnail":["https:\/\/epic.net.ar\/wp-content\/uploads\/2020\/11\/inyeccion_electronica_1-150x150.jpg",150,150,true],"medium":["https:\/\/epic.net.ar\/wp-content\/uploads\/2020\/11\/inyeccion_electronica_1-300x300.jpg",300,300,true],"medium_large":["https:\/\/epic.net.ar\/wp-content\/uploads\/2020\/11\/inyeccion_electronica_1-768x768.jpg",768,768,true],"large":["https:\/\/epic.net.ar\/wp-content\/uploads\/2020\/11\/inyeccion_electronica_1-1024x1024.jpg",1024,1024,true],"1536x1536":["https:\/\/epic.net.ar\/wp-content\/uploads\/2020\/11\/inyeccion_electronica_1.jpg",1200,1200,false],"2048x2048":["https:\/\/epic.net.ar\/wp-content\/uploads\/2020\/11\/inyeccion_electronica_1.jpg",1200,1200,false],"trp-custom-language-flag":["https:\/\/epic.net.ar\/wp-content\/uploads\/2020\/11\/inyeccion_electronica_1.jpg",12,12,false],"et-pb-post-main-image":["https:\/\/epic.net.ar\/wp-content\/uploads\/2020\/11\/inyeccion_electronica_1-400x250.jpg",400,250,true],"et-pb-post-main-image-fullwidth":["https:\/\/epic.net.ar\/wp-content\/uploads\/2020\/11\/inyeccion_electronica_1-1080x675.jpg",1080,675,true],"et-pb-portfolio-image":["https:\/\/epic.net.ar\/wp-content\/uploads\/2020\/11\/inyeccion_electronica_1-400x284.jpg",400,284,true],"et-pb-portfolio-module-image":["https:\/\/epic.net.ar\/wp-content\/uploads\/2020\/11\/inyeccion_electronica_1-510x382.jpg",510,382,true],"et-pb-portfolio-image-single":["https:\/\/epic.net.ar\/wp-content\/uploads\/2020\/11\/inyeccion_electronica_1-1080x1080.jpg",1080,1080,true],"et-pb-gallery-module-image-portrait":["https:\/\/epic.net.ar\/wp-content\/uploads\/2020\/11\/inyeccion_electronica_1-400x516.jpg",400,516,true],"et-pb-post-main-image-fullwidth-large":["https:\/\/epic.net.ar\/wp-content\/uploads\/2020\/11\/inyeccion_electronica_1.jpg",1200,1200,false],"et-pb-image--responsive--desktop":["https:\/\/epic.net.ar\/wp-content\/uploads\/2020\/11\/inyeccion_electronica_1.jpg",720,720,false],"et-pb-image--responsive--tablet":["https:\/\/epic.net.ar\/wp-content\/uploads\/2020\/11\/inyeccion_electronica_1-980x980.jpg",551,551,true],"et-pb-image--responsive--phone":["https:\/\/epic.net.ar\/wp-content\/uploads\/2020\/11\/inyeccion_electronica_1-480x480.jpg",270,270,true],"woocommerce_thumbnail":["https:\/\/epic.net.ar\/wp-content\/uploads\/2020\/11\/inyeccion_electronica_1-300x300.jpg",300,300,true],"woocommerce_single":["https:\/\/epic.net.ar\/wp-content\/uploads\/2020\/11\/inyeccion_electronica_1-600x600.jpg",600,600,true],"woocommerce_gallery_thumbnail":["https:\/\/epic.net.ar\/wp-content\/uploads\/2020\/11\/inyeccion_electronica_1-100x100.jpg",100,100,true],"dgwt-wcas-product-suggestion":["https:\/\/epic.net.ar\/wp-content\/uploads\/2020\/11\/inyeccion_electronica_1-64x64.jpg",64,64,true]},"uagb_author_info":{"display_name":"euge","author_link":"https:\/\/epic.net.ar\/en\/author\/"},"uagb_comment_info":0,"uagb_excerpt":"Ahorr\u00e1 tiempo y gana mas dinero con diagn\u00f3sticos r\u00e1pidos y exitosos. Un manual de CEA: informaci\u00f3n practica y de calidad. Esquemas el\u00e9ctricos de los sistemas de inyecci\u00f3n y toda los m\u00f3dulos involucrados.\u00a0 Ver veh\u00edculos abajo.","_links":{"self":[{"href":"https:\/\/epic.net.ar\/en\/wp-json\/wp\/v2\/product\/585","targetHints":{"allow":["GET"]}}],"collection":[{"href":"https:\/\/epic.net.ar\/en\/wp-json\/wp\/v2\/product"}],"about":[{"href":"https:\/\/epic.net.ar\/en\/wp-json\/wp\/v2\/types\/product"}],"replies":[{"embeddable":true,"href":"https:\/\/epic.net.ar\/en\/wp-json\/wp\/v2\/comments?post=585"}],"wp:featuredmedia":[{"embeddable":true,"href":"https:\/\/epic.net.ar\/en\/wp-json\/wp\/v2\/media\/586"}],"wp:attachment":[{"href":"https:\/\/epic.net.ar\/en\/wp-json\/wp\/v2\/media?parent=585"}],"wp:term":[{"taxonomy":"product_brand","embeddable":true,"href":"https:\/\/epic.net.ar\/en\/wp-json\/wp\/v2\/product_brand?post=585"},{"taxonomy":"product_cat","embeddable":true,"href":"https:\/\/epic.net.ar\/en\/wp-json\/wp\/v2\/product_cat?post=585"},{"taxonomy":"product_tag","embeddable":true,"href":"https:\/\/epic.net.ar\/en\/wp-json\/wp\/v2\/product_tag?post=585"}],"curies":[{"name":"wp","href":"https:\/\/api.w.org\/{rel}","templated":true}]}}