{"id":577,"date":"2026-03-16T13:00:08","date_gmt":"2026-03-16T16:00:08","guid":{"rendered":"http:\/\/epic.net.ar\/?post_type=product&#038;p=577"},"modified":"2026-03-16T13:02:30","modified_gmt":"2026-03-16T16:02:30","slug":"fusibleras-electronicas-ii","status":"publish","type":"product","link":"https:\/\/epic.net.ar\/en\/product\/fusibleras-electronicas-ii\/","title":{"rendered":"Fusibleras Electronicas II Manual T\u00e9cnico"},"content":{"rendered":"<p><strong>Diagn\u00f3sticos r\u00e1pidos y exitosos gracias a la buena informaci\u00f3n t\u00e9cnica.<\/strong><br \/>\nPara el t\u00e9cnico de laboratorio y tallerista<\/p>\n<ul>\n<li>Dise\u00f1o y funcionamiento de la fusiblera electr\u00f3nica<\/li>\n<li>Diagramas de interconexi\u00f3n<\/li>\n<li>Estrategias de comunicaci\u00f3n entre otros m\u00f3dulos como: llaves, alarma, cierre centralizado, limpiaparabrisas, anti arranque etc.<\/li>\n<\/ul>\n<p><strong>Sistemas:<\/strong><\/p>\n<ul>\n<li>Renault: Megane II UCH 2DA GENERACION \/\/ Logan UCH 2 CONECTORES<\/li>\n<li>Fiat: BODY Palio &#8211; Siena -Idea \/\/ BODY 310 Punto \/\/ Levantavidrios el\u00e9ctricos<\/li>\n<li>Chevrolet: BCM Meriva<\/li>\n<li>Citroen: BSI VALEO Xsara<\/li>\n<li>PSA: BSM L11<\/li>\n<\/ul>","protected":false},"excerpt":{"rendered":"<p><strong>Ahorr\u00e1 tiempo y gana mas dinero con diagn\u00f3sticos r\u00e1pidos y exitosos.<br \/>\nUn manual de CEA: informaci\u00f3n practica y de calidad.<br \/>\n<\/strong><\/p>\n<p>Sistemas:<\/p>\n<ul>\n<li>Renault: Megane II UCH 2DA GENERACION \/\/ Logan UCH 2 CONECTORES<\/li>\n<li>Fiat: BODY Palio &#8211; Siena -Idea \/\/ BODY 310 Punto \/\/ Levantavidrios el\u00e9ctricos<\/li>\n<li>Chevrolet: BCM Meriva<\/li>\n<li>Citroen: BSI VALEO Xsara<\/li>\n<li>PSA: BSM L11<\/li>\n<\/ul>","protected":false},"featured_media":578,"comment_status":"closed","ping_status":"closed","template":"","meta":{"_et_pb_use_builder":"","_et_pb_old_content":"","_et_gb_content_width":"","_uag_custom_page_level_css":"","_joinchat":[]},"product_brand":[],"product_cat":[39],"product_tag":[],"class_list":{"0":"post-577","1":"product","2":"type-product","3":"status-publish","4":"has-post-thumbnail","6":"product_cat-manuales","8":"first","9":"instock","10":"shipping-taxable","11":"purchasable","12":"product-type-simple","13":"add-to-wishlist-before_image"},"uagb_featured_image_src":{"full":["https:\/\/epic.net.ar\/wp-content\/uploads\/2020\/11\/fusibleras_electronicas_2.jpg",1200,1200,false],"thumbnail":["https:\/\/epic.net.ar\/wp-content\/uploads\/2020\/11\/fusibleras_electronicas_2-150x150.jpg",150,150,true],"medium":["https:\/\/epic.net.ar\/wp-content\/uploads\/2020\/11\/fusibleras_electronicas_2-300x300.jpg",300,300,true],"medium_large":["https:\/\/epic.net.ar\/wp-content\/uploads\/2020\/11\/fusibleras_electronicas_2-768x768.jpg",768,768,true],"large":["https:\/\/epic.net.ar\/wp-content\/uploads\/2020\/11\/fusibleras_electronicas_2-1024x1024.jpg",1024,1024,true],"1536x1536":["https:\/\/epic.net.ar\/wp-content\/uploads\/2020\/11\/fusibleras_electronicas_2.jpg",1200,1200,false],"2048x2048":["https:\/\/epic.net.ar\/wp-content\/uploads\/2020\/11\/fusibleras_electronicas_2.jpg",1200,1200,false],"trp-custom-language-flag":["https:\/\/epic.net.ar\/wp-content\/uploads\/2020\/11\/fusibleras_electronicas_2.jpg",12,12,false],"et-pb-post-main-image":["https:\/\/epic.net.ar\/wp-content\/uploads\/2020\/11\/fusibleras_electronicas_2-400x250.jpg",400,250,true],"et-pb-post-main-image-fullwidth":["https:\/\/epic.net.ar\/wp-content\/uploads\/2020\/11\/fusibleras_electronicas_2-1080x675.jpg",1080,675,true],"et-pb-portfolio-image":["https:\/\/epic.net.ar\/wp-content\/uploads\/2020\/11\/fusibleras_electronicas_2-400x284.jpg",400,284,true],"et-pb-portfolio-module-image":["https:\/\/epic.net.ar\/wp-content\/uploads\/2020\/11\/fusibleras_electronicas_2-510x382.jpg",510,382,true],"et-pb-portfolio-image-single":["https:\/\/epic.net.ar\/wp-content\/uploads\/2020\/11\/fusibleras_electronicas_2-1080x1080.jpg",1080,1080,true],"et-pb-gallery-module-image-portrait":["https:\/\/epic.net.ar\/wp-content\/uploads\/2020\/11\/fusibleras_electronicas_2-400x516.jpg",400,516,true],"et-pb-post-main-image-fullwidth-large":["https:\/\/epic.net.ar\/wp-content\/uploads\/2020\/11\/fusibleras_electronicas_2.jpg",1200,1200,false],"et-pb-image--responsive--desktop":["https:\/\/epic.net.ar\/wp-content\/uploads\/2020\/11\/fusibleras_electronicas_2.jpg",720,720,false],"et-pb-image--responsive--tablet":["https:\/\/epic.net.ar\/wp-content\/uploads\/2020\/11\/fusibleras_electronicas_2-980x980.jpg",551,551,true],"et-pb-image--responsive--phone":["https:\/\/epic.net.ar\/wp-content\/uploads\/2020\/11\/fusibleras_electronicas_2-480x480.jpg",270,270,true],"woocommerce_thumbnail":["https:\/\/epic.net.ar\/wp-content\/uploads\/2020\/11\/fusibleras_electronicas_2-300x300.jpg",300,300,true],"woocommerce_single":["https:\/\/epic.net.ar\/wp-content\/uploads\/2020\/11\/fusibleras_electronicas_2-600x600.jpg",600,600,true],"woocommerce_gallery_thumbnail":["https:\/\/epic.net.ar\/wp-content\/uploads\/2020\/11\/fusibleras_electronicas_2-100x100.jpg",100,100,true],"dgwt-wcas-product-suggestion":["https:\/\/epic.net.ar\/wp-content\/uploads\/2020\/11\/fusibleras_electronicas_2-64x64.jpg",64,64,true]},"uagb_author_info":{"display_name":"euge","author_link":"https:\/\/epic.net.ar\/en\/author\/"},"uagb_comment_info":0,"uagb_excerpt":"Ahorr\u00e1 tiempo y gana mas dinero con diagn\u00f3sticos r\u00e1pidos y exitosos. Un manual de CEA: informaci\u00f3n practica y de calidad. Sistemas: Renault: Megane II UCH 2DA GENERACION \/\/ Logan UCH 2 CONECTORES Fiat: BODY Palio - Siena -Idea \/\/ BODY 310 Punto \/\/ Levantavidrios el\u00e9ctricos Chevrolet: BCM Meriva Citroen: BSI VALEO Xsara PSA: BSM L11","_links":{"self":[{"href":"https:\/\/epic.net.ar\/en\/wp-json\/wp\/v2\/product\/577","targetHints":{"allow":["GET"]}}],"collection":[{"href":"https:\/\/epic.net.ar\/en\/wp-json\/wp\/v2\/product"}],"about":[{"href":"https:\/\/epic.net.ar\/en\/wp-json\/wp\/v2\/types\/product"}],"replies":[{"embeddable":true,"href":"https:\/\/epic.net.ar\/en\/wp-json\/wp\/v2\/comments?post=577"}],"wp:featuredmedia":[{"embeddable":true,"href":"https:\/\/epic.net.ar\/en\/wp-json\/wp\/v2\/media\/578"}],"wp:attachment":[{"href":"https:\/\/epic.net.ar\/en\/wp-json\/wp\/v2\/media?parent=577"}],"wp:term":[{"taxonomy":"product_brand","embeddable":true,"href":"https:\/\/epic.net.ar\/en\/wp-json\/wp\/v2\/product_brand?post=577"},{"taxonomy":"product_cat","embeddable":true,"href":"https:\/\/epic.net.ar\/en\/wp-json\/wp\/v2\/product_cat?post=577"},{"taxonomy":"product_tag","embeddable":true,"href":"https:\/\/epic.net.ar\/en\/wp-json\/wp\/v2\/product_tag?post=577"}],"curies":[{"name":"wp","href":"https:\/\/api.w.org\/{rel}","templated":true}]}}