{"id":5739,"date":"2022-08-25T12:56:41","date_gmt":"2022-08-25T15:56:41","guid":{"rendered":"https:\/\/epic.net.ar\/?post_type=product&#038;p=5739"},"modified":"2025-07-14T11:54:43","modified_gmt":"2025-07-14T14:54:43","slug":"proskit-punta-de-repuesto-para-estacion-de-soldado-5si-216n-b","status":"publish","type":"product","link":"https:\/\/epic.net.ar\/en\/product\/proskit-punta-de-repuesto-para-estacion-de-soldado-5si-216n-b\/","title":{"rendered":"Proskit-Punta de repuesto para estaci\u00f3n de soldado-5SI-216N-B"},"content":{"rendered":"<p>Punta Soldador Proskit 0.5 mm mediana tipo l\u00e1piz para estaci\u00f3n de soldado<\/p>\n<p>CARACTERISTICAS:<\/p>\n<p>&#8211; Marca: Proskit<br \/>\n&#8211; Modelo: 5SI-216N-B<br \/>\n&#8211; Di\u00e1metro de la punta: 0,5 mm<br \/>\n&#8211; Largode la punta: 17 mm<\/p>\n<p>SOBRE PROSKIT<\/p>\n<p>Proskit es l\u00edder en el desarrollo de herramientas de mano<\/p>\n<p>Es sin\u00f3nimo de calidad e innovaci\u00f3n en el mercado a nivel mundial<\/p>\n<p>Proskit ofrece una amplia gama de herramientas de calidad profesional, para trabajo en electr\u00f3nica.<\/p>\n<p><strong>SOMOS DISTRIBUIDORES OFICIALES DE PROSKIT<\/strong><\/p>","protected":false},"excerpt":{"rendered":"<p>PUNTA DE REPUESTO ORIGINAL PROSKIT PARA ESTACI\u00d3N DE SOLDADO<br \/>\nMODELO 5SI-216N-B C\u00d3NICA<br \/>\nCOMPATIBLE CON ESTACIONES<br \/>\nPROSKIT 989<br \/>\nHONY 908 &#8211; 936 &#8211; 952<br \/>\nKADA 858 &#8211; 852 &#8211; 862<br \/>\nAOYUE 968<\/p>","protected":false},"featured_media":5740,"comment_status":"closed","ping_status":"closed","template":"","meta":{"_et_pb_use_builder":"","_et_pb_old_content":"","_et_gb_content_width":"","_uag_custom_page_level_css":"","_joinchat":[]},"product_brand":[],"product_cat":[107,29,111],"product_tag":[90,89,91,92,95,97,96,93,94,98],"class_list":{"0":"post-5739","1":"product","2":"type-product","3":"status-publish","4":"has-post-thumbnail","6":"product_cat-herramientas","7":"product_cat-insumos","8":"product_cat-insumos-herramientas","9":"product_tag-proskit","10":"product_tag-punta","11":"product_tag-punta-proskit","12":"product_tag-punta-soldador","13":"product_tag-repuesto","14":"product_tag-repuesto-proskit","15":"product_tag-repuesto-soldador","16":"product_tag-soldador","17":"product_tag-soldadora","18":"product_tag-soldar","20":"first","21":"instock","22":"shipping-taxable","23":"purchasable","24":"product-type-simple","25":"add-to-wishlist-before_image"},"uagb_featured_image_src":{"full":["https:\/\/epic.net.ar\/wp-content\/uploads\/2022\/08\/punta-soldador.jpg",1080,1080,false],"thumbnail":["https:\/\/epic.net.ar\/wp-content\/uploads\/2022\/08\/punta-soldador-150x150.jpg",150,150,true],"medium":["https:\/\/epic.net.ar\/wp-content\/uploads\/2022\/08\/punta-soldador-300x300.jpg",300,300,true],"medium_large":["https:\/\/epic.net.ar\/wp-content\/uploads\/2022\/08\/punta-soldador-768x768.jpg",768,768,true],"large":["https:\/\/epic.net.ar\/wp-content\/uploads\/2022\/08\/punta-soldador-1024x1024.jpg",1024,1024,true],"1536x1536":["https:\/\/epic.net.ar\/wp-content\/uploads\/2022\/08\/punta-soldador.jpg",1080,1080,false],"2048x2048":["https:\/\/epic.net.ar\/wp-content\/uploads\/2022\/08\/punta-soldador.jpg",1080,1080,false],"trp-custom-language-flag":["https:\/\/epic.net.ar\/wp-content\/uploads\/2022\/08\/punta-soldador.jpg",12,12,false],"et-pb-post-main-image":["https:\/\/epic.net.ar\/wp-content\/uploads\/2022\/08\/punta-soldador-400x250.jpg",400,250,true],"et-pb-post-main-image-fullwidth":["https:\/\/epic.net.ar\/wp-content\/uploads\/2022\/08\/punta-soldador-1080x675.jpg",1080,675,true],"et-pb-portfolio-image":["https:\/\/epic.net.ar\/wp-content\/uploads\/2022\/08\/punta-soldador-400x284.jpg",400,284,true],"et-pb-portfolio-module-image":["https:\/\/epic.net.ar\/wp-content\/uploads\/2022\/08\/punta-soldador-510x382.jpg",510,382,true],"et-pb-portfolio-image-single":["https:\/\/epic.net.ar\/wp-content\/uploads\/2022\/08\/punta-soldador.jpg",1080,1080,false],"et-pb-gallery-module-image-portrait":["https:\/\/epic.net.ar\/wp-content\/uploads\/2022\/08\/punta-soldador-400x516.jpg",400,516,true],"et-pb-post-main-image-fullwidth-large":["https:\/\/epic.net.ar\/wp-content\/uploads\/2022\/08\/punta-soldador.jpg",1080,1080,false],"et-pb-image--responsive--desktop":["https:\/\/epic.net.ar\/wp-content\/uploads\/2022\/08\/punta-soldador.jpg",720,720,false],"et-pb-image--responsive--tablet":["https:\/\/epic.net.ar\/wp-content\/uploads\/2022\/08\/punta-soldador-980x980.jpg",551,551,true],"et-pb-image--responsive--phone":["https:\/\/epic.net.ar\/wp-content\/uploads\/2022\/08\/punta-soldador-480x480.jpg",270,270,true],"woocommerce_thumbnail":["https:\/\/epic.net.ar\/wp-content\/uploads\/2022\/08\/punta-soldador-300x300.jpg",300,300,true],"woocommerce_single":["https:\/\/epic.net.ar\/wp-content\/uploads\/2022\/08\/punta-soldador-600x600.jpg",600,600,true],"woocommerce_gallery_thumbnail":["https:\/\/epic.net.ar\/wp-content\/uploads\/2022\/08\/punta-soldador-100x100.jpg",100,100,true],"dgwt-wcas-product-suggestion":["https:\/\/epic.net.ar\/wp-content\/uploads\/2022\/08\/punta-soldador-64x64.jpg",64,64,true]},"uagb_author_info":{"display_name":"epic Equipamiento Electr\u00f3nico","author_link":"https:\/\/epic.net.ar\/en\/author\/"},"uagb_comment_info":0,"uagb_excerpt":"PUNTA DE REPUESTO ORIGINAL PROSKIT PARA ESTACI\u00d3N DE SOLDADO MODELO 5SI-216N-B C\u00d3NICA COMPATIBLE CON ESTACIONES PROSKIT 989 HONY 908 - 936 - 952 KADA 858 - 852 - 862 AOYUE 968","_links":{"self":[{"href":"https:\/\/epic.net.ar\/en\/wp-json\/wp\/v2\/product\/5739","targetHints":{"allow":["GET"]}}],"collection":[{"href":"https:\/\/epic.net.ar\/en\/wp-json\/wp\/v2\/product"}],"about":[{"href":"https:\/\/epic.net.ar\/en\/wp-json\/wp\/v2\/types\/product"}],"replies":[{"embeddable":true,"href":"https:\/\/epic.net.ar\/en\/wp-json\/wp\/v2\/comments?post=5739"}],"wp:featuredmedia":[{"embeddable":true,"href":"https:\/\/epic.net.ar\/en\/wp-json\/wp\/v2\/media\/5740"}],"wp:attachment":[{"href":"https:\/\/epic.net.ar\/en\/wp-json\/wp\/v2\/media?parent=5739"}],"wp:term":[{"taxonomy":"product_brand","embeddable":true,"href":"https:\/\/epic.net.ar\/en\/wp-json\/wp\/v2\/product_brand?post=5739"},{"taxonomy":"product_cat","embeddable":true,"href":"https:\/\/epic.net.ar\/en\/wp-json\/wp\/v2\/product_cat?post=5739"},{"taxonomy":"product_tag","embeddable":true,"href":"https:\/\/epic.net.ar\/en\/wp-json\/wp\/v2\/product_tag?post=5739"}],"curies":[{"name":"wp","href":"https:\/\/api.w.org\/{rel}","templated":true}]}}