{"id":5461,"date":"2026-03-02T00:01:28","date_gmt":"2026-03-02T03:01:28","guid":{"rendered":"https:\/\/epic.net.ar\/?post_type=product&#038;p=5461"},"modified":"2026-03-04T14:55:51","modified_gmt":"2026-03-04T17:55:51","slug":"sid208-ranger-2-2-y-3-2-pinera-para-fullprob","status":"publish","type":"product","link":"https:\/\/epic.net.ar\/en\/product\/sid208-ranger-2-2-y-3-2-pinera-para-fullprob\/","title":{"rendered":"Pinera para FULLPROB &#8211; SID208 RANGER 2.2 \/ 3.2"},"content":{"rendered":"<p>Ahorr\u00e1 tiempo, errores y frustraciones con las pineras de conexi\u00f3n r\u00e1pida di\u00e9sel para FullProb.<br \/>\nConecta la ECU en pocos segundos para diagnosticar las funciones de la ECU o del INMO.<\/p>\n<p>La pinera de conexi\u00f3n r\u00e1pida di\u00e9sel reemplaza los siguientes conectores universales del FullProb:<\/p>\n<ul>\n<li>Conector 1 (Alimentaciones)<\/li>\n<li>Conector 2 (Sensores)<\/li>\n<li>Conector 3 (Electrov\u00e1lvulas y actuadores)<\/li>\n<li>Conector ECU (Comunicaciones)<\/li>\n<li>Conector 4 (Inyectores)<\/li>\n<\/ul>\n<p>Compatible con el conjunto FullProb + FullDiesel.<\/p>\n<p><iframe loading=\"lazy\" title=\"PINERAS CEA PARA FULLPROB\" width=\"1080\" height=\"608\" src=\"https:\/\/www.youtube.com\/embed\/lvFqFAwGscA?feature=oembed\"  allow=\"accelerometer; autoplay; clipboard-write; encrypted-media; gyroscope; picture-in-picture; web-share\" referrerpolicy=\"strict-origin-when-cross-origin\" allowfullscreen><\/iframe><\/p>","protected":false},"excerpt":{"rendered":"<p>Pinera di\u00e9sel para SID 208 PARA <strong>FORD RANGER 2.2 Y 3.2<\/strong><br \/>\nMas r\u00e1pido, menos errores de conexi\u00f3n.<\/p>\n<p>Para FullProb + FullDiesel<\/p>","protected":false},"featured_media":6685,"comment_status":"closed","ping_status":"closed","template":"","meta":{"_et_pb_use_builder":"","_et_pb_old_content":"","_et_gb_content_width":"","_uag_custom_page_level_css":"","_joinchat":[]},"product_brand":[],"product_cat":[19],"product_tag":[],"class_list":{"0":"post-5461","1":"product","2":"type-product","3":"status-publish","4":"has-post-thumbnail","6":"product_cat-pineras","8":"first","9":"outofstock","10":"shipping-taxable","11":"product-type-simple","12":"add-to-wishlist-before_image"},"uagb_featured_image_src":{"full":["https:\/\/epic.net.ar\/wp-content\/uploads\/2022\/08\/WhatsApp-Image-2022-11-03-at-10.59.03-1.jpeg",1080,1080,false],"thumbnail":["https:\/\/epic.net.ar\/wp-content\/uploads\/2022\/08\/WhatsApp-Image-2022-11-03-at-10.59.03-1-150x150.jpeg",150,150,true],"medium":["https:\/\/epic.net.ar\/wp-content\/uploads\/2022\/08\/WhatsApp-Image-2022-11-03-at-10.59.03-1-300x300.jpeg",300,300,true],"medium_large":["https:\/\/epic.net.ar\/wp-content\/uploads\/2022\/08\/WhatsApp-Image-2022-11-03-at-10.59.03-1-768x768.jpeg",768,768,true],"large":["https:\/\/epic.net.ar\/wp-content\/uploads\/2022\/08\/WhatsApp-Image-2022-11-03-at-10.59.03-1-1024x1024.jpeg",1024,1024,true],"1536x1536":["https:\/\/epic.net.ar\/wp-content\/uploads\/2022\/08\/WhatsApp-Image-2022-11-03-at-10.59.03-1.jpeg",1080,1080,false],"2048x2048":["https:\/\/epic.net.ar\/wp-content\/uploads\/2022\/08\/WhatsApp-Image-2022-11-03-at-10.59.03-1.jpeg",1080,1080,false],"trp-custom-language-flag":["https:\/\/epic.net.ar\/wp-content\/uploads\/2022\/08\/WhatsApp-Image-2022-11-03-at-10.59.03-1.jpeg",12,12,false],"et-pb-post-main-image":["https:\/\/epic.net.ar\/wp-content\/uploads\/2022\/08\/WhatsApp-Image-2022-11-03-at-10.59.03-1-400x250.jpeg",400,250,true],"et-pb-post-main-image-fullwidth":["https:\/\/epic.net.ar\/wp-content\/uploads\/2022\/08\/WhatsApp-Image-2022-11-03-at-10.59.03-1-1080x675.jpeg",1080,675,true],"et-pb-portfolio-image":["https:\/\/epic.net.ar\/wp-content\/uploads\/2022\/08\/WhatsApp-Image-2022-11-03-at-10.59.03-1-400x284.jpeg",400,284,true],"et-pb-portfolio-module-image":["https:\/\/epic.net.ar\/wp-content\/uploads\/2022\/08\/WhatsApp-Image-2022-11-03-at-10.59.03-1-510x382.jpeg",510,382,true],"et-pb-portfolio-image-single":["https:\/\/epic.net.ar\/wp-content\/uploads\/2022\/08\/WhatsApp-Image-2022-11-03-at-10.59.03-1.jpeg",1080,1080,false],"et-pb-gallery-module-image-portrait":["https:\/\/epic.net.ar\/wp-content\/uploads\/2022\/08\/WhatsApp-Image-2022-11-03-at-10.59.03-1-400x516.jpeg",400,516,true],"et-pb-post-main-image-fullwidth-large":["https:\/\/epic.net.ar\/wp-content\/uploads\/2022\/08\/WhatsApp-Image-2022-11-03-at-10.59.03-1.jpeg",1080,1080,false],"et-pb-image--responsive--desktop":["https:\/\/epic.net.ar\/wp-content\/uploads\/2022\/08\/WhatsApp-Image-2022-11-03-at-10.59.03-1.jpeg",720,720,false],"et-pb-image--responsive--tablet":["https:\/\/epic.net.ar\/wp-content\/uploads\/2022\/08\/WhatsApp-Image-2022-11-03-at-10.59.03-1-980x980.jpeg",551,551,true],"et-pb-image--responsive--phone":["https:\/\/epic.net.ar\/wp-content\/uploads\/2022\/08\/WhatsApp-Image-2022-11-03-at-10.59.03-1-480x480.jpeg",270,270,true],"woocommerce_thumbnail":["https:\/\/epic.net.ar\/wp-content\/uploads\/2022\/08\/WhatsApp-Image-2022-11-03-at-10.59.03-1-300x300.jpeg",300,300,true],"woocommerce_single":["https:\/\/epic.net.ar\/wp-content\/uploads\/2022\/08\/WhatsApp-Image-2022-11-03-at-10.59.03-1-600x600.jpeg",600,600,true],"woocommerce_gallery_thumbnail":["https:\/\/epic.net.ar\/wp-content\/uploads\/2022\/08\/WhatsApp-Image-2022-11-03-at-10.59.03-1-100x100.jpeg",100,100,true],"dgwt-wcas-product-suggestion":["https:\/\/epic.net.ar\/wp-content\/uploads\/2022\/08\/WhatsApp-Image-2022-11-03-at-10.59.03-1-64x64.jpeg",64,64,true]},"uagb_author_info":{"display_name":"epic Equipamiento Electr\u00f3nico","author_link":"https:\/\/epic.net.ar\/en\/author\/"},"uagb_comment_info":0,"uagb_excerpt":"Pinera di\u00e9sel para SID 208 PARA FORD RANGER 2.2 Y 3.2 Mas r\u00e1pido, menos errores de conexi\u00f3n. Para FullProb + FullDiesel","_links":{"self":[{"href":"https:\/\/epic.net.ar\/en\/wp-json\/wp\/v2\/product\/5461","targetHints":{"allow":["GET"]}}],"collection":[{"href":"https:\/\/epic.net.ar\/en\/wp-json\/wp\/v2\/product"}],"about":[{"href":"https:\/\/epic.net.ar\/en\/wp-json\/wp\/v2\/types\/product"}],"replies":[{"embeddable":true,"href":"https:\/\/epic.net.ar\/en\/wp-json\/wp\/v2\/comments?post=5461"}],"wp:featuredmedia":[{"embeddable":true,"href":"https:\/\/epic.net.ar\/en\/wp-json\/wp\/v2\/media\/6685"}],"wp:attachment":[{"href":"https:\/\/epic.net.ar\/en\/wp-json\/wp\/v2\/media?parent=5461"}],"wp:term":[{"taxonomy":"product_brand","embeddable":true,"href":"https:\/\/epic.net.ar\/en\/wp-json\/wp\/v2\/product_brand?post=5461"},{"taxonomy":"product_cat","embeddable":true,"href":"https:\/\/epic.net.ar\/en\/wp-json\/wp\/v2\/product_cat?post=5461"},{"taxonomy":"product_tag","embeddable":true,"href":"https:\/\/epic.net.ar\/en\/wp-json\/wp\/v2\/product_tag?post=5461"}],"curies":[{"name":"wp","href":"https:\/\/api.w.org\/{rel}","templated":true}]}}