{"id":544,"date":"2020-11-25T12:41:24","date_gmt":"2020-11-25T15:41:24","guid":{"rendered":"http:\/\/epic.net.ar\/?post_type=product&#038;p=544"},"modified":"2025-07-14T11:54:12","modified_gmt":"2025-07-14T14:54:12","slug":"pinza-extractor-plcc","status":"publish","type":"product","link":"https:\/\/epic.net.ar\/en\/product\/pinza-extractor-plcc\/","title":{"rendered":"PINZA EXTRACTOR PLCC"},"content":{"rendered":"<p>PINZA EXTRACTORA DE CIRCUITOS INTEGRADOS<\/p>\n<ul>\n<li>Herramienta profesional construida en metal y pl\u00e1stico<\/li>\n<li>Antiest\u00e1tico para evitar da\u00f1os a los componentes provocados por la carga est\u00e1tica<\/li>\n<li>Peque\u00f1o gancho para la extracci\u00f3n f\u00e1cil de los circuitos integrados<\/li>\n<li>97 x 45 x 12 mm<\/li>\n<\/ul>","protected":false},"excerpt":{"rendered":"<p>PINZA EXTRACTORA DE CIRCUITOS INTEGRADOS<\/p>\n<ul>\n<li>Trabaj\u00e1 mas c\u00f3modo y mas r\u00e1pido<\/li>\n<li>Antiest\u00e1tico: evitar da\u00f1ar los componentes<\/li>\n<\/ul>","protected":false},"featured_media":545,"comment_status":"closed","ping_status":"closed","template":"","meta":{"_et_pb_use_builder":"","_et_pb_old_content":"","_et_gb_content_width":"","_uag_custom_page_level_css":"","_joinchat":[]},"product_brand":[],"product_cat":[27,26],"product_tag":[],"class_list":{"0":"post-544","1":"product","2":"type-product","3":"status-publish","4":"has-post-thumbnail","6":"product_cat-laboratorio","7":"product_cat-programacion","9":"first","10":"outofstock","11":"shipping-taxable","12":"purchasable","13":"product-type-simple","14":"add-to-wishlist-before_image"},"uagb_featured_image_src":{"full":["https:\/\/epic.net.ar\/wp-content\/uploads\/2020\/11\/TOOL-001.jpg",1200,1200,false],"thumbnail":["https:\/\/epic.net.ar\/wp-content\/uploads\/2020\/11\/TOOL-001-150x150.jpg",150,150,true],"medium":["https:\/\/epic.net.ar\/wp-content\/uploads\/2020\/11\/TOOL-001-300x300.jpg",300,300,true],"medium_large":["https:\/\/epic.net.ar\/wp-content\/uploads\/2020\/11\/TOOL-001-768x768.jpg",768,768,true],"large":["https:\/\/epic.net.ar\/wp-content\/uploads\/2020\/11\/TOOL-001-1024x1024.jpg",1024,1024,true],"1536x1536":["https:\/\/epic.net.ar\/wp-content\/uploads\/2020\/11\/TOOL-001.jpg",1200,1200,false],"2048x2048":["https:\/\/epic.net.ar\/wp-content\/uploads\/2020\/11\/TOOL-001.jpg",1200,1200,false],"trp-custom-language-flag":["https:\/\/epic.net.ar\/wp-content\/uploads\/2020\/11\/TOOL-001.jpg",12,12,false],"et-pb-post-main-image":["https:\/\/epic.net.ar\/wp-content\/uploads\/2020\/11\/TOOL-001-400x250.jpg",400,250,true],"et-pb-post-main-image-fullwidth":["https:\/\/epic.net.ar\/wp-content\/uploads\/2020\/11\/TOOL-001-1080x675.jpg",1080,675,true],"et-pb-portfolio-image":["https:\/\/epic.net.ar\/wp-content\/uploads\/2020\/11\/TOOL-001-400x284.jpg",400,284,true],"et-pb-portfolio-module-image":["https:\/\/epic.net.ar\/wp-content\/uploads\/2020\/11\/TOOL-001-510x382.jpg",510,382,true],"et-pb-portfolio-image-single":["https:\/\/epic.net.ar\/wp-content\/uploads\/2020\/11\/TOOL-001-1080x1080.jpg",1080,1080,true],"et-pb-gallery-module-image-portrait":["https:\/\/epic.net.ar\/wp-content\/uploads\/2020\/11\/TOOL-001-400x516.jpg",400,516,true],"et-pb-post-main-image-fullwidth-large":["https:\/\/epic.net.ar\/wp-content\/uploads\/2020\/11\/TOOL-001.jpg",1200,1200,false],"et-pb-image--responsive--desktop":["https:\/\/epic.net.ar\/wp-content\/uploads\/2020\/11\/TOOL-001.jpg",720,720,false],"et-pb-image--responsive--tablet":["https:\/\/epic.net.ar\/wp-content\/uploads\/2020\/11\/TOOL-001-980x980.jpg",551,551,true],"et-pb-image--responsive--phone":["https:\/\/epic.net.ar\/wp-content\/uploads\/2020\/11\/TOOL-001-480x480.jpg",270,270,true],"woocommerce_thumbnail":["https:\/\/epic.net.ar\/wp-content\/uploads\/2020\/11\/TOOL-001-300x300.jpg",300,300,true],"woocommerce_single":["https:\/\/epic.net.ar\/wp-content\/uploads\/2020\/11\/TOOL-001-600x600.jpg",600,600,true],"woocommerce_gallery_thumbnail":["https:\/\/epic.net.ar\/wp-content\/uploads\/2020\/11\/TOOL-001-100x100.jpg",100,100,true],"dgwt-wcas-product-suggestion":["https:\/\/epic.net.ar\/wp-content\/uploads\/2020\/11\/TOOL-001-64x64.jpg",64,64,true]},"uagb_author_info":{"display_name":"euge","author_link":"https:\/\/epic.net.ar\/en\/author\/"},"uagb_comment_info":0,"uagb_excerpt":"PINZA EXTRACTORA DE CIRCUITOS INTEGRADOS Trabaj\u00e1 mas c\u00f3modo y mas r\u00e1pido Antiest\u00e1tico: evitar da\u00f1ar los componentes","_links":{"self":[{"href":"https:\/\/epic.net.ar\/en\/wp-json\/wp\/v2\/product\/544","targetHints":{"allow":["GET"]}}],"collection":[{"href":"https:\/\/epic.net.ar\/en\/wp-json\/wp\/v2\/product"}],"about":[{"href":"https:\/\/epic.net.ar\/en\/wp-json\/wp\/v2\/types\/product"}],"replies":[{"embeddable":true,"href":"https:\/\/epic.net.ar\/en\/wp-json\/wp\/v2\/comments?post=544"}],"wp:featuredmedia":[{"embeddable":true,"href":"https:\/\/epic.net.ar\/en\/wp-json\/wp\/v2\/media\/545"}],"wp:attachment":[{"href":"https:\/\/epic.net.ar\/en\/wp-json\/wp\/v2\/media?parent=544"}],"wp:term":[{"taxonomy":"product_brand","embeddable":true,"href":"https:\/\/epic.net.ar\/en\/wp-json\/wp\/v2\/product_brand?post=544"},{"taxonomy":"product_cat","embeddable":true,"href":"https:\/\/epic.net.ar\/en\/wp-json\/wp\/v2\/product_cat?post=544"},{"taxonomy":"product_tag","embeddable":true,"href":"https:\/\/epic.net.ar\/en\/wp-json\/wp\/v2\/product_tag?post=544"}],"curies":[{"name":"wp","href":"https:\/\/api.w.org\/{rel}","templated":true}]}}