{"id":518,"date":"2020-11-25T12:18:40","date_gmt":"2020-11-25T15:18:40","guid":{"rendered":"http:\/\/epic.net.ar\/?post_type=product&#038;p=518"},"modified":"2026-04-13T18:34:57","modified_gmt":"2026-04-13T21:34:57","slug":"curves-diagnos-por-imagenes","status":"publish","type":"product","link":"https:\/\/epic.net.ar\/en\/product\/curves-diagnos-por-imagenes\/","title":{"rendered":"RASTRE CURVE 2 Plus: Trazador de Curvas"},"content":{"rendered":"<h4>RASTRE CURVE 2 Plus<\/h4>\n<p>Con el Trazador de Curvas compara r\u00e1pidamente un circuito donde se sospecha una falla con un circuito que funciona correctamente.<\/p>\n<p>El an\u00e1lisis de curvas es una t\u00e9cnica de prueba poderosa para encontrar fallas en los PCB: un voltaje de CA a una frecuencia dada se inyecta en un pin en un punto determinado de una placa de circuito y el analizador inyecta el voltaje y la corriente que da como resultado un forma curva en una pantalla XY. Esta pantalla es una \u00abfirma\u00bb de la operaci\u00f3n del circuito, que se puede comparar con un est\u00e1ndar o un signo \u00abbueno\u00bb conocido.<\/p>\n<p>Si los patrones no coinciden, la tarjeta de prueba est\u00e1 defectuosa. Por ejemplo, al probar un punto, un condensador mostrar\u00e1 una elipse, una resistencia mostrar\u00e1 una l\u00ednea recta en \u00e1ngulo, un diodo muestra la curva exponencial caracter\u00edstica, etc. El an\u00e1lisis de firmas es popular en situaciones de pruebas de banco, ya que no requiere conocimiento del funcionamiento del circuito y, por lo tanto, puede usarse para simplificar el an\u00e1lisis y el mantenimiento de los equipos.<\/p>\n<p>La curva Rastre representa una ventaja significativa sobre los instrumentos de an\u00e1lisis de firma existentes: cuesta menos que los instrumentos de an\u00e1lisis de firma existentes y el rango de frecuencia de la se\u00f1al de prueba se inyecta por un tiempo muy corto (1.5ms) para no da\u00f1ar circuitos sensibles como BGA, etc.<\/p>\n<p><iframe loading=\"lazy\" title=\"RASTRE CURVE 2 PLUS: Trazador de Curvas\" width=\"1080\" height=\"608\" src=\"https:\/\/www.youtube.com\/embed\/DnL6EzB9OCk?feature=oembed\"  allow=\"accelerometer; autoplay; clipboard-write; encrypted-media; gyroscope; picture-in-picture; web-share\" referrerpolicy=\"strict-origin-when-cross-origin\" allowfullscreen><\/iframe><\/p>\n<p>El voltaje, la corriente de prueba y las mediciones de frecuencia son calibradas y seleccionadas por el usuario, para que los resultados puedan traducirse a valores de componentes precisos.<\/p>\n<p>La \u00abfirma de la curva\u00bb y otras formas de onda se pueden guardar, recuperar y comparar para hacer de esta una valiosa herramienta de depuraci\u00f3n. Permitiendo una mayor variedad de medidas \u00fatiles.<\/p>\n<p>Todas las funciones del instrumento se pueden controlar a trav\u00e9s de una conexi\u00f3n USB2.0 desde una computadora.<\/p>\n<p>1) La garant\u00eda es local , no es de Brasil ni de Espa\u00f1a<\/p>\n<p>2)La asistencia es local y personalizada<\/p>\n<p>3) Tiene l\u00ednea directa ante inconvenientes o si necesita aclarar dudas sobre el uso<\/p>\n<p>4) Adquiere el equipo y adquiere una capacitaci\u00f3n personalizada<\/p>","protected":false},"excerpt":{"rendered":"<p>Detecta componentes fallados r\u00e1pidamente comparando sus firmas con el trazador de curvas.<\/p>\n<ul>\n<li>Condensadores<\/li>\n<li>Resistencias<\/li>\n<li>Diodos<\/li>\n<li>Transistores<\/li>\n<li>Circuitos completos (a trav\u00e9s de los pines)<\/li>\n<\/ul>\n<p><strong>ASISTENCIA T\u00c9CNICA BONIFICADA<\/strong><\/p>\n<p><strong>ACTUALIZACIONES DE POR VIDA<\/strong><\/p>","protected":false},"featured_media":14143,"comment_status":"closed","ping_status":"closed","template":"","meta":{"_et_pb_use_builder":"","_et_pb_old_content":"","_et_gb_content_width":"","_uag_custom_page_level_css":"","_joinchat":[]},"product_brand":[],"product_cat":[21,25],"product_tag":[],"class_list":{"0":"post-518","1":"product","2":"type-product","3":"status-publish","4":"has-post-thumbnail","6":"product_cat-instrumental-electronico","7":"product_cat-otros","9":"first","10":"instock","11":"shipping-taxable","12":"purchasable","13":"product-type-simple","14":"add-to-wishlist-before_image"},"uagb_featured_image_src":{"full":["https:\/\/epic.net.ar\/wp-content\/uploads\/2020\/11\/RastreCurve2Plus_set_ECUBUG-600x600-1.jpg",600,600,false],"thumbnail":["https:\/\/epic.net.ar\/wp-content\/uploads\/2020\/11\/RastreCurve2Plus_set_ECUBUG-600x600-1-150x150.jpg",150,150,true],"medium":["https:\/\/epic.net.ar\/wp-content\/uploads\/2020\/11\/RastreCurve2Plus_set_ECUBUG-600x600-1-300x300.jpg",300,300,true],"medium_large":["https:\/\/epic.net.ar\/wp-content\/uploads\/2020\/11\/RastreCurve2Plus_set_ECUBUG-600x600-1.jpg",600,600,false],"large":["https:\/\/epic.net.ar\/wp-content\/uploads\/2020\/11\/RastreCurve2Plus_set_ECUBUG-600x600-1.jpg",600,600,false],"1536x1536":["https:\/\/epic.net.ar\/wp-content\/uploads\/2020\/11\/RastreCurve2Plus_set_ECUBUG-600x600-1.jpg",600,600,false],"2048x2048":["https:\/\/epic.net.ar\/wp-content\/uploads\/2020\/11\/RastreCurve2Plus_set_ECUBUG-600x600-1.jpg",600,600,false],"trp-custom-language-flag":["https:\/\/epic.net.ar\/wp-content\/uploads\/2020\/11\/RastreCurve2Plus_set_ECUBUG-600x600-1-12x12.jpg",12,12,true],"et-pb-post-main-image":["https:\/\/epic.net.ar\/wp-content\/uploads\/2020\/11\/RastreCurve2Plus_set_ECUBUG-600x600-1-400x250.jpg",400,250,true],"et-pb-post-main-image-fullwidth":["https:\/\/epic.net.ar\/wp-content\/uploads\/2020\/11\/RastreCurve2Plus_set_ECUBUG-600x600-1.jpg",600,600,false],"et-pb-portfolio-image":["https:\/\/epic.net.ar\/wp-content\/uploads\/2020\/11\/RastreCurve2Plus_set_ECUBUG-600x600-1-400x284.jpg",400,284,true],"et-pb-portfolio-module-image":["https:\/\/epic.net.ar\/wp-content\/uploads\/2020\/11\/RastreCurve2Plus_set_ECUBUG-600x600-1-510x382.jpg",510,382,true],"et-pb-portfolio-image-single":["https:\/\/epic.net.ar\/wp-content\/uploads\/2020\/11\/RastreCurve2Plus_set_ECUBUG-600x600-1.jpg",600,600,false],"et-pb-gallery-module-image-portrait":["https:\/\/epic.net.ar\/wp-content\/uploads\/2020\/11\/RastreCurve2Plus_set_ECUBUG-600x600-1-400x516.jpg",400,516,true],"et-pb-post-main-image-fullwidth-large":["https:\/\/epic.net.ar\/wp-content\/uploads\/2020\/11\/RastreCurve2Plus_set_ECUBUG-600x600-1.jpg",600,600,false],"et-pb-image--responsive--desktop":["https:\/\/epic.net.ar\/wp-content\/uploads\/2020\/11\/RastreCurve2Plus_set_ECUBUG-600x600-1.jpg",600,600,false],"et-pb-image--responsive--tablet":["https:\/\/epic.net.ar\/wp-content\/uploads\/2020\/11\/RastreCurve2Plus_set_ECUBUG-600x600-1.jpg",551,551,false],"et-pb-image--responsive--phone":["https:\/\/epic.net.ar\/wp-content\/uploads\/2020\/11\/RastreCurve2Plus_set_ECUBUG-600x600-1-480x480.jpg",270,270,true],"woocommerce_thumbnail":["https:\/\/epic.net.ar\/wp-content\/uploads\/2020\/11\/RastreCurve2Plus_set_ECUBUG-600x600-1-300x300.jpg",300,300,true],"woocommerce_single":["https:\/\/epic.net.ar\/wp-content\/uploads\/2020\/11\/RastreCurve2Plus_set_ECUBUG-600x600-1.jpg",600,600,false],"woocommerce_gallery_thumbnail":["https:\/\/epic.net.ar\/wp-content\/uploads\/2020\/11\/RastreCurve2Plus_set_ECUBUG-600x600-1-100x100.jpg",100,100,true],"dgwt-wcas-product-suggestion":["https:\/\/epic.net.ar\/wp-content\/uploads\/2020\/11\/RastreCurve2Plus_set_ECUBUG-600x600-1-64x64.jpg",64,64,true]},"uagb_author_info":{"display_name":"euge","author_link":"https:\/\/epic.net.ar\/en\/author\/"},"uagb_comment_info":0,"uagb_excerpt":"Detecta componentes fallados r\u00e1pidamente comparando sus firmas con el trazador de curvas. Condensadores Resistencias Diodos Transistores Circuitos completos (a trav\u00e9s de los pines) ASISTENCIA T\u00c9CNICA BONIFICADA ACTUALIZACIONES DE POR VIDA","_links":{"self":[{"href":"https:\/\/epic.net.ar\/en\/wp-json\/wp\/v2\/product\/518","targetHints":{"allow":["GET"]}}],"collection":[{"href":"https:\/\/epic.net.ar\/en\/wp-json\/wp\/v2\/product"}],"about":[{"href":"https:\/\/epic.net.ar\/en\/wp-json\/wp\/v2\/types\/product"}],"replies":[{"embeddable":true,"href":"https:\/\/epic.net.ar\/en\/wp-json\/wp\/v2\/comments?post=518"}],"wp:featuredmedia":[{"embeddable":true,"href":"https:\/\/epic.net.ar\/en\/wp-json\/wp\/v2\/media\/14143"}],"wp:attachment":[{"href":"https:\/\/epic.net.ar\/en\/wp-json\/wp\/v2\/media?parent=518"}],"wp:term":[{"taxonomy":"product_brand","embeddable":true,"href":"https:\/\/epic.net.ar\/en\/wp-json\/wp\/v2\/product_brand?post=518"},{"taxonomy":"product_cat","embeddable":true,"href":"https:\/\/epic.net.ar\/en\/wp-json\/wp\/v2\/product_cat?post=518"},{"taxonomy":"product_tag","embeddable":true,"href":"https:\/\/epic.net.ar\/en\/wp-json\/wp\/v2\/product_tag?post=518"}],"curies":[{"name":"wp","href":"https:\/\/api.w.org\/{rel}","templated":true}]}}