{"id":516,"date":"2020-11-25T12:15:06","date_gmt":"2020-11-25T15:15:06","guid":{"rendered":"http:\/\/epic.net.ar\/?post_type=product&#038;p=516"},"modified":"2026-04-08T10:38:14","modified_gmt":"2026-04-08T13:38:14","slug":"fuente-de-alimentacion-de-laboratorio","status":"publish","type":"product","link":"https:\/\/epic.net.ar\/en\/product\/fuente-de-alimentacion-de-laboratorio\/","title":{"rendered":"FUENTE DE ALIMENTACI\u00d3N REGULADA WANPTEK KPS305D"},"content":{"rendered":"<p><strong>Fuente de alimentaci\u00f3n regulada de CC ajustable de alta precisi\u00f3n KPS305D 30V5A 30V10A, ideal\u00a0 para laboratorio de electr\u00f3nica.<\/strong><br \/>\nUna herramienta esencial para hacer pruebas de placas.<\/p>\n<ul>\n<li>Excelente relaci\u00f3n precio\/calidad<\/li>\n<li>Con protecci\u00f3n: tope de corriente 0-5A<\/li>\n<li>Voltaje regulable 0 a 30V<\/li>\n<\/ul>\n<p>(Nunca usar una bater\u00eda para hacer pruebas en placas.\u00a0 El voltaje es incierto y las corrientes presentan variaciones y picos que pueden da\u00f1ar los componentes que queremos diagnosticar.)<\/p>","protected":false},"excerpt":{"rendered":"<p>Fuente de alimentaci\u00f3n para laboratorio de electr\u00f3nica.<\/p>\n<ul>\n<li>Excelente relaci\u00f3n precio\/calidad<\/li>\n<li>Con protecci\u00f3n: tope de corriente 0-5A<\/li>\n<li>Hasta 30V<\/li>\n<\/ul>\n<p>CUIDE SUS EQUIPAMIENTOS Y A SUS CLIENTES<\/p>","protected":false},"featured_media":517,"comment_status":"closed","ping_status":"closed","template":"","meta":{"_et_pb_use_builder":"","_et_pb_old_content":"","_et_gb_content_width":"","_uag_custom_page_level_css":"","_joinchat":[]},"product_brand":[],"product_cat":[24,21],"product_tag":[],"class_list":{"0":"post-516","1":"product","2":"type-product","3":"status-publish","4":"has-post-thumbnail","6":"product_cat-fuentes-de-alimentacion","7":"product_cat-instrumental-electronico","9":"first","10":"instock","11":"shipping-taxable","12":"purchasable","13":"product-type-simple","14":"add-to-wishlist-before_image"},"uagb_featured_image_src":{"full":["https:\/\/epic.net.ar\/wp-content\/uploads\/2020\/11\/FUENTE-KPS305D_n.jpg",800,800,false],"thumbnail":["https:\/\/epic.net.ar\/wp-content\/uploads\/2020\/11\/FUENTE-KPS305D_n-150x150.jpg",150,150,true],"medium":["https:\/\/epic.net.ar\/wp-content\/uploads\/2020\/11\/FUENTE-KPS305D_n-300x300.jpg",300,300,true],"medium_large":["https:\/\/epic.net.ar\/wp-content\/uploads\/2020\/11\/FUENTE-KPS305D_n-768x768.jpg",768,768,true],"large":["https:\/\/epic.net.ar\/wp-content\/uploads\/2020\/11\/FUENTE-KPS305D_n.jpg",800,800,false],"1536x1536":["https:\/\/epic.net.ar\/wp-content\/uploads\/2020\/11\/FUENTE-KPS305D_n.jpg",800,800,false],"2048x2048":["https:\/\/epic.net.ar\/wp-content\/uploads\/2020\/11\/FUENTE-KPS305D_n.jpg",800,800,false],"trp-custom-language-flag":["https:\/\/epic.net.ar\/wp-content\/uploads\/2020\/11\/FUENTE-KPS305D_n.jpg",12,12,false],"et-pb-post-main-image":["https:\/\/epic.net.ar\/wp-content\/uploads\/2020\/11\/FUENTE-KPS305D_n-400x250.jpg",400,250,true],"et-pb-post-main-image-fullwidth":["https:\/\/epic.net.ar\/wp-content\/uploads\/2020\/11\/FUENTE-KPS305D_n-800x675.jpg",800,675,true],"et-pb-portfolio-image":["https:\/\/epic.net.ar\/wp-content\/uploads\/2020\/11\/FUENTE-KPS305D_n-400x284.jpg",400,284,true],"et-pb-portfolio-module-image":["https:\/\/epic.net.ar\/wp-content\/uploads\/2020\/11\/FUENTE-KPS305D_n-510x382.jpg",510,382,true],"et-pb-portfolio-image-single":["https:\/\/epic.net.ar\/wp-content\/uploads\/2020\/11\/FUENTE-KPS305D_n.jpg",800,800,false],"et-pb-gallery-module-image-portrait":["https:\/\/epic.net.ar\/wp-content\/uploads\/2020\/11\/FUENTE-KPS305D_n-400x516.jpg",400,516,true],"et-pb-post-main-image-fullwidth-large":["https:\/\/epic.net.ar\/wp-content\/uploads\/2020\/11\/FUENTE-KPS305D_n.jpg",800,800,false],"et-pb-image--responsive--desktop":["https:\/\/epic.net.ar\/wp-content\/uploads\/2020\/11\/FUENTE-KPS305D_n.jpg",720,720,false],"et-pb-image--responsive--tablet":["https:\/\/epic.net.ar\/wp-content\/uploads\/2020\/11\/FUENTE-KPS305D_n.jpg",551,551,false],"et-pb-image--responsive--phone":["https:\/\/epic.net.ar\/wp-content\/uploads\/2020\/11\/FUENTE-KPS305D_n-480x480.jpg",270,270,true],"woocommerce_thumbnail":["https:\/\/epic.net.ar\/wp-content\/uploads\/2020\/11\/FUENTE-KPS305D_n-300x300.jpg",300,300,true],"woocommerce_single":["https:\/\/epic.net.ar\/wp-content\/uploads\/2020\/11\/FUENTE-KPS305D_n-600x600.jpg",600,600,true],"woocommerce_gallery_thumbnail":["https:\/\/epic.net.ar\/wp-content\/uploads\/2020\/11\/FUENTE-KPS305D_n-100x100.jpg",100,100,true],"dgwt-wcas-product-suggestion":["https:\/\/epic.net.ar\/wp-content\/uploads\/2020\/11\/FUENTE-KPS305D_n-64x64.jpg",64,64,true]},"uagb_author_info":{"display_name":"euge","author_link":"https:\/\/epic.net.ar\/en\/author\/"},"uagb_comment_info":0,"uagb_excerpt":"Fuente de alimentaci\u00f3n para laboratorio de electr\u00f3nica. Excelente relaci\u00f3n precio\/calidad Con protecci\u00f3n: tope de corriente 0-5A Hasta 30V CUIDE SUS EQUIPAMIENTOS Y A SUS CLIENTES","_links":{"self":[{"href":"https:\/\/epic.net.ar\/en\/wp-json\/wp\/v2\/product\/516","targetHints":{"allow":["GET"]}}],"collection":[{"href":"https:\/\/epic.net.ar\/en\/wp-json\/wp\/v2\/product"}],"about":[{"href":"https:\/\/epic.net.ar\/en\/wp-json\/wp\/v2\/types\/product"}],"replies":[{"embeddable":true,"href":"https:\/\/epic.net.ar\/en\/wp-json\/wp\/v2\/comments?post=516"}],"wp:featuredmedia":[{"embeddable":true,"href":"https:\/\/epic.net.ar\/en\/wp-json\/wp\/v2\/media\/517"}],"wp:attachment":[{"href":"https:\/\/epic.net.ar\/en\/wp-json\/wp\/v2\/media?parent=516"}],"wp:term":[{"taxonomy":"product_brand","embeddable":true,"href":"https:\/\/epic.net.ar\/en\/wp-json\/wp\/v2\/product_brand?post=516"},{"taxonomy":"product_cat","embeddable":true,"href":"https:\/\/epic.net.ar\/en\/wp-json\/wp\/v2\/product_cat?post=516"},{"taxonomy":"product_tag","embeddable":true,"href":"https:\/\/epic.net.ar\/en\/wp-json\/wp\/v2\/product_tag?post=516"}],"curies":[{"name":"wp","href":"https:\/\/api.w.org\/{rel}","templated":true}]}}