{"id":507,"date":"2026-04-26T00:04:56","date_gmt":"2026-04-26T03:04:56","guid":{"rendered":"http:\/\/epic.net.ar\/?post_type=product&#038;p=507"},"modified":"2026-04-29T10:09:38","modified_gmt":"2026-04-29T13:09:38","slug":"cp10-pinza-amperometrica","status":"publish","type":"product","link":"https:\/\/epic.net.ar\/en\/product\/cp10-pinza-amperometrica\/","title":{"rendered":"Pinza Amperom\u00e9trica CEM &#8211; CP10 &#8211; 80A"},"content":{"rendered":"<p><strong>Pinza Amperom\u00e9trica Modelo CP-10<\/strong><\/p>\n<ul>\n<li>Mide CC y CA<\/li>\n<li>Hasta 80 A<\/li>\n<li>Compatible con cualquier instrumento de medida: analizador de arm\u00f3nica de potencia, mult\u00edmetro, o cualquier otro dispositivo de medici\u00f3n de tensi\u00f3n.<\/li>\n<li>Rango de medici\u00f3n efectivo: 20 A (salida: 100 mV \/ A = 1mV\/10mA) MENOR 2A uso de CC o CA rms de 200mA rango del mult\u00edmetro; MAYOR 2A uso de CC o CA rms para 2V rango del mult\u00edmetro. 80A (10 mV \/ A): DC o RMS CA para 200mV del mult\u00edmetro.<\/li>\n<li>Tama\u00f1o de la boca: 12,5 mm<\/li>\n<\/ul>\n<table class=\"andes-table ui-recommendations-comparator__table\">\n<tbody class=\"andes-table__body\">\n<tr class=\"andes-table__row\">\n<th class=\"andes-table__header andes-table__header--left ui-recommendations-comparator__table__body__column\" scope=\"row\"><\/th>\n<td id=\":rn:\" class=\"andes-table__column andes-table__column--left andes-table__column--vertical-align-center ui-recommendations-comparator__table__body__column\"><\/td>\n<td id=\":ro:\" class=\"andes-table__column andes-table__column--left andes-table__column--vertical-align-center ui-recommendations-comparator__table__body__column\"><\/td>\n<td id=\":rp:\" class=\"andes-table__column andes-table__column--left andes-table__column--vertical-align-center ui-recommendations-comparator__table__body__column\"><\/td>\n<td id=\":rq:\" class=\"andes-table__column andes-table__column--left andes-table__column--vertical-align-center ui-recommendations-comparator__table__body__column\"><\/td>\n<\/tr>\n<tr class=\"andes-table__row\">\n<th class=\"andes-table__header andes-table__header--left ui-recommendations-comparator__table__body__column\" scope=\"row\">\n<div class=\"andes-table__header__container\">Corriente m\u00e1xima CA<\/div>\n<\/th>\n<td id=\":rs:\" class=\"andes-table__column andes-table__column--left andes-table__column--vertical-align-center ui-recommendations-comparator__table__body__column\">\n<div id=\":rs:-value\">80 A<\/div>\n<\/td>\n<td id=\":rt:\" class=\"andes-table__column andes-table__column--left andes-table__column--vertical-align-center ui-recommendations-comparator__table__body__column\">\n<div id=\":rt:-value\">0.1 A<\/div>\n<\/td>\n<td id=\":ru:\" class=\"andes-table__column andes-table__column--left andes-table__column--vertical-align-center ui-recommendations-comparator__table__body__column\">\n<div id=\":ru:-value\"><\/div>\n<\/td>\n<td id=\":rv:\" class=\"andes-table__column andes-table__column--left andes-table__column--vertical-align-center ui-recommendations-comparator__table__body__column\">\n<div id=\":rv:-value\"><\/div>\n<\/td>\n<\/tr>\n<tr class=\"andes-table__row\">\n<th class=\"andes-table__header andes-table__header--left ui-recommendations-comparator__table__body__column\" scope=\"row\">\n<div class=\"andes-table__header__container\">Corriente m\u00e1xima CC<\/div>\n<\/th>\n<td id=\":r11:\" class=\"andes-table__column andes-table__column--left andes-table__column--vertical-align-center ui-recommendations-comparator__table__body__column\">\n<div id=\":r11:-value\">80 A<\/div>\n<\/td>\n<td id=\":r12:\" class=\"andes-table__column andes-table__column--left andes-table__column--vertical-align-center ui-recommendations-comparator__table__body__column\">\n<div id=\":r12:-value\">65 A<\/div>\n<\/td>\n<td id=\":r13:\" class=\"andes-table__column andes-table__column--left andes-table__column--vertical-align-center ui-recommendations-comparator__table__body__column\">\n<div id=\":r13:-value\"><\/div>\n<\/td>\n<td id=\":r14:\" class=\"andes-table__column andes-table__column--left andes-table__column--vertical-align-center ui-recommendations-comparator__table__body__column\">\n<div id=\":r14:-value\"><\/div>\n<\/td>\n<\/tr>\n<tr class=\"andes-table__row\">\n<th class=\"andes-table__header andes-table__header--left ui-recommendations-comparator__table__body__column\" scope=\"row\">\n<div class=\"andes-table__header__container\">Cantidad de bater\u00edas<\/div>\n<\/th>\n<td id=\":r16:\" class=\"andes-table__column andes-table__column--left andes-table__column--vertical-align-center ui-recommendations-comparator__table__body__column\">\n<div id=\":r16:-value\">1<\/div>\n<\/td>\n<td id=\":r17:\" class=\"andes-table__column andes-table__column--left andes-table__column--vertical-align-center ui-recommendations-comparator__table__body__column\">\n<div id=\":r17:-value\">1<\/div>\n<\/td>\n<td id=\":r18:\" class=\"andes-table__column andes-table__column--left andes-table__column--vertical-align-center ui-recommendations-comparator__table__body__column\">\n<div id=\":r18:-value\"><\/div>\n<\/td>\n<td id=\":r19:\" class=\"andes-table__column andes-table__column--left andes-table__column--vertical-align-center ui-recommendations-comparator__table__body__column\">\n<div id=\":r19:-value\">\n<div class=\"ui-recommendations-comparator--no-attr\"><\/div>\n<\/div>\n<\/td>\n<\/tr>\n<tr class=\"andes-table__row\">\n<th class=\"andes-table__header andes-table__header--left ui-recommendations-comparator__table__body__column\" scope=\"row\">\n<div class=\"andes-table__header__container\">Voltaje de la bater\u00eda<\/div>\n<\/th>\n<td id=\":r1b:\" class=\"andes-table__column andes-table__column--left andes-table__column--vertical-align-center ui-recommendations-comparator__table__body__column\">\n<div id=\":r1b:-value\">9V<\/div>\n<\/td>\n<td id=\":r1c:\" class=\"andes-table__column andes-table__column--left andes-table__column--vertical-align-center ui-recommendations-comparator__table__body__column\">\n<div id=\":r1c:-value\">9V<\/div>\n<\/td>\n<td id=\":r1d:\" class=\"andes-table__column andes-table__column--left andes-table__column--vertical-align-center ui-recommendations-comparator__table__body__column\">\n<div id=\":r1d:-value\"><\/div>\n<\/td>\n<td id=\":r1e:\" class=\"andes-table__column andes-table__column--left andes-table__column--vertical-align-center ui-recommendations-comparator__table__body__column\">\n<div id=\":r1e:-value\">\n<div class=\"ui-recommendations-comparator--no-attr\"><\/div>\n<\/div>\n<\/td>\n<\/tr>\n<tr class=\"andes-table__row\">\n<th class=\"andes-table__header andes-table__header--left ui-recommendations-comparator__table__body__column\" scope=\"row\">\n<div class=\"andes-table__header__container\">Peso<\/div>\n<\/th>\n<td id=\":r1g:\" class=\"andes-table__column andes-table__column--left andes-table__column--vertical-align-center ui-recommendations-comparator__table__body__column\">\n<div id=\":r1g:-value\">200 g<\/div>\n<\/td>\n<td id=\":r1h:\" class=\"andes-table__column andes-table__column--left andes-table__column--vertical-align-center ui-recommendations-comparator__table__body__column\">\n<div id=\":r1h:-value\">3.5 kg<\/div>\n<\/td>\n<td id=\":r1i:\" class=\"andes-table__column andes-table__column--left andes-table__column--vertical-align-center ui-recommendations-comparator__table__body__column\">\n<div id=\":r1i:-value\">\n<div class=\"ui-recommendations-comparator--no-attr\"><\/div>\n<\/div>\n<\/td>\n<td id=\":r1j:\" class=\"andes-table__column andes-table__column--left andes-table__column--vertical-align-center ui-recommendations-comparator__table__body__column\">\n<div id=\":r1j:-value\">\n<div class=\"ui-recommendations-comparator--no-attr\"><\/div>\n<\/div>\n<\/td>\n<\/tr>\n<tr class=\"andes-table__row\">\n<th class=\"andes-table__header andes-table__header--left ui-recommendations-comparator__table__body__column\" scope=\"row\">\n<div class=\"andes-table__header__container\">Accesorios incluidos<\/div>\n<\/th>\n<td id=\":r1l:\" class=\"andes-table__column andes-table__column--left andes-table__column--vertical-align-center ui-recommendations-comparator__table__body__column\">\n<div id=\":r1l:-value\">Bater\u00eda, Cable de prueba, Bolsa de transporte<\/div>\n<\/td>\n<\/tr>\n<\/tbody>\n<\/table>","protected":false},"excerpt":{"rendered":"<p><strong>Pinza Amperom\u00e9trica para conectar.<\/strong><\/p>\n<ul>\n<li>Para usar con tester<\/li>\n<li>Mide hasta 80A<\/li>\n<li>Boca 12.5mm<\/li>\n<\/ul>","protected":false},"featured_media":508,"comment_status":"closed","ping_status":"closed","template":"","meta":{"_et_pb_use_builder":"","_et_pb_old_content":"","_et_gb_content_width":"","_uag_custom_page_level_css":"","_joinchat":[]},"product_brand":[],"product_cat":[21,23],"product_tag":[],"class_list":{"0":"post-507","1":"product","2":"type-product","3":"status-publish","4":"has-post-thumbnail","6":"product_cat-instrumental-electronico","7":"product_cat-multimetros","9":"first","10":"instock","11":"sale","12":"shipping-taxable","13":"purchasable","14":"product-type-simple","15":"add-to-wishlist-before_image"},"uagb_featured_image_src":{"full":["https:\/\/epic.net.ar\/wp-content\/uploads\/2020\/11\/cp10.jpg",1200,1200,false],"thumbnail":["https:\/\/epic.net.ar\/wp-content\/uploads\/2020\/11\/cp10-150x150.jpg",150,150,true],"medium":["https:\/\/epic.net.ar\/wp-content\/uploads\/2020\/11\/cp10-300x300.jpg",300,300,true],"medium_large":["https:\/\/epic.net.ar\/wp-content\/uploads\/2020\/11\/cp10-768x768.jpg",768,768,true],"large":["https:\/\/epic.net.ar\/wp-content\/uploads\/2020\/11\/cp10-1024x1024.jpg",1024,1024,true],"1536x1536":["https:\/\/epic.net.ar\/wp-content\/uploads\/2020\/11\/cp10.jpg",1200,1200,false],"2048x2048":["https:\/\/epic.net.ar\/wp-content\/uploads\/2020\/11\/cp10.jpg",1200,1200,false],"trp-custom-language-flag":["https:\/\/epic.net.ar\/wp-content\/uploads\/2020\/11\/cp10.jpg",12,12,false],"et-pb-post-main-image":["https:\/\/epic.net.ar\/wp-content\/uploads\/2020\/11\/cp10-400x250.jpg",400,250,true],"et-pb-post-main-image-fullwidth":["https:\/\/epic.net.ar\/wp-content\/uploads\/2020\/11\/cp10-1080x675.jpg",1080,675,true],"et-pb-portfolio-image":["https:\/\/epic.net.ar\/wp-content\/uploads\/2020\/11\/cp10-400x284.jpg",400,284,true],"et-pb-portfolio-module-image":["https:\/\/epic.net.ar\/wp-content\/uploads\/2020\/11\/cp10-510x382.jpg",510,382,true],"et-pb-portfolio-image-single":["https:\/\/epic.net.ar\/wp-content\/uploads\/2020\/11\/cp10-1080x1080.jpg",1080,1080,true],"et-pb-gallery-module-image-portrait":["https:\/\/epic.net.ar\/wp-content\/uploads\/2020\/11\/cp10-400x516.jpg",400,516,true],"et-pb-post-main-image-fullwidth-large":["https:\/\/epic.net.ar\/wp-content\/uploads\/2020\/11\/cp10.jpg",1200,1200,false],"et-pb-image--responsive--desktop":["https:\/\/epic.net.ar\/wp-content\/uploads\/2020\/11\/cp10.jpg",720,720,false],"et-pb-image--responsive--tablet":["https:\/\/epic.net.ar\/wp-content\/uploads\/2020\/11\/cp10-980x980.jpg",551,551,true],"et-pb-image--responsive--phone":["https:\/\/epic.net.ar\/wp-content\/uploads\/2020\/11\/cp10-480x480.jpg",270,270,true],"woocommerce_thumbnail":["https:\/\/epic.net.ar\/wp-content\/uploads\/2020\/11\/cp10-300x300.jpg",300,300,true],"woocommerce_single":["https:\/\/epic.net.ar\/wp-content\/uploads\/2020\/11\/cp10-600x600.jpg",600,600,true],"woocommerce_gallery_thumbnail":["https:\/\/epic.net.ar\/wp-content\/uploads\/2020\/11\/cp10-100x100.jpg",100,100,true],"dgwt-wcas-product-suggestion":["https:\/\/epic.net.ar\/wp-content\/uploads\/2020\/11\/cp10-64x64.jpg",64,64,true]},"uagb_author_info":{"display_name":"euge","author_link":"https:\/\/epic.net.ar\/en\/author\/"},"uagb_comment_info":0,"uagb_excerpt":"Pinza Amperom\u00e9trica para conectar. Para usar con tester Mide hasta 80A Boca 12.5mm","_links":{"self":[{"href":"https:\/\/epic.net.ar\/en\/wp-json\/wp\/v2\/product\/507","targetHints":{"allow":["GET"]}}],"collection":[{"href":"https:\/\/epic.net.ar\/en\/wp-json\/wp\/v2\/product"}],"about":[{"href":"https:\/\/epic.net.ar\/en\/wp-json\/wp\/v2\/types\/product"}],"replies":[{"embeddable":true,"href":"https:\/\/epic.net.ar\/en\/wp-json\/wp\/v2\/comments?post=507"}],"wp:featuredmedia":[{"embeddable":true,"href":"https:\/\/epic.net.ar\/en\/wp-json\/wp\/v2\/media\/508"}],"wp:attachment":[{"href":"https:\/\/epic.net.ar\/en\/wp-json\/wp\/v2\/media?parent=507"}],"wp:term":[{"taxonomy":"product_brand","embeddable":true,"href":"https:\/\/epic.net.ar\/en\/wp-json\/wp\/v2\/product_brand?post=507"},{"taxonomy":"product_cat","embeddable":true,"href":"https:\/\/epic.net.ar\/en\/wp-json\/wp\/v2\/product_cat?post=507"},{"taxonomy":"product_tag","embeddable":true,"href":"https:\/\/epic.net.ar\/en\/wp-json\/wp\/v2\/product_tag?post=507"}],"curies":[{"name":"wp","href":"https:\/\/api.w.org\/{rel}","templated":true}]}}