{"id":497,"date":"2020-11-25T11:54:23","date_gmt":"2020-11-25T14:54:23","guid":{"rendered":"http:\/\/epic.net.ar\/?post_type=product&#038;p=497"},"modified":"2026-04-16T11:11:45","modified_gmt":"2026-04-16T14:11:45","slug":"multimetro-tester-digital-owon-ow16a","status":"publish","type":"product","link":"https:\/\/epic.net.ar\/en\/product\/multimetro-tester-digital-owon-ow16a\/","title":{"rendered":"Mult\u00edmetro Tester Digital OWON OW16a"},"content":{"rendered":"<p><strong>Multimetro OW16A<\/strong> Caracteristicas principales: + 3 5\/6 bit de resoluci\u00f3n + Mult\u00edmetro + Term\u00f3metro + Admite detecci\u00f3n de voltaje sin contacto NCV Especificaciones t\u00e9cnicas: Measurement Range \/ Resolution \/ Accruacy DC Voltage (V) 6.000V\/60.00V\/600.0V 0.1mV +\/- (0.5%+2 dig) 1000V 1 V +\/- (0.8%+2 dig) AC Voltage (V): 6.000V\/60.00V\/600.0V 0.1 mV +\/- (0.8%+3dig) 750V 1 V +\/- (1%+3dig) DC Current (A): microA &#8211; 600.0microA\/6000microA ( EU ) 0.1microA +\/- (0.8%+2dig) mA &#8211; 60.00mA\/600.0mA &#8211; 0.01mA A &#8211; 10.00A 0.01A +\/- (1.2%+3dig) AC Current (A): microA &#8211; 600 microA \/ 6000microA 0,1 microA +\/- (1%+3dig) mA &#8211; 60mA \/ 600mA &#8211; 0,01mA &#8211; A &#8211; 10A &#8211; 0,01A +\/- (1,5%+3dig) Resistance (ohm) 600ohm \/ 6 kohm \/ 60 kohm \/ 600kohm \/ 6Mohm 0,1ohm +\/- (0.8%+2dig) 60 Mohm 0,01 Mohm +\/- (2%+3dig) Capacitance (F) 60nF \/ 600nF \/ 6microF \/ 60microF 0,01nF +\/- (3%+3dig) 600 microF \/ 6mF \/ 60mF &#8211; 0,1 microF +\/- (3%+5dig) Frequency: 9.999Hz\/99,99Hz\/999.9Hz\/9.999kHz\/99.99kHz\/999.9kHz\/9.999MHz &#8211; 0.001Hz +\/- (0.8%+2dig) Duty Ratio (%) 0.1%-99.9%(typical value: Vrms=1V f=1kHz) 0.1% +\/- (1.2%+3dig) 0.1% &#8211; 99.9%(mayor igual 1kHz): +\/- (2.5%+3dig) Temperature (C\/F): &#8211; 50 &#8211; 400C 1C +\/- (2.5%+3dig) &#8211; 58 F &#8211; 752 F 1F +\/- (4.5%+5dig) Display: 5999 Frequency Response: (40 &#8211; 1000) Hz Shift Rate: 3 times\/s Auto ranging Data Hold Auto\/Manual Scale Switch LCD Backlight Diode Test True RMS Sleep Mode Input Protection Auto Power-off Input Impedance: Mayor igual a 10Mohm Continuity Test Battery 3V (1.5V x 2) AA Low-battery Indicator Relative Measurement<\/p>","protected":false},"excerpt":{"rendered":"<p>Mult\u00edmetro sencillo y econ\u00f3mico.<br \/>\nExcelente relaci\u00f3n precio\/calidad.<\/p>","protected":false},"featured_media":498,"comment_status":"closed","ping_status":"closed","template":"","meta":{"_et_pb_use_builder":"off","_et_pb_old_content":"<strong>Multimetro OW16A<\/strong>\r\n\r\nCaracteristicas principales:\r\n+ 3 5\/6 bit de resoluci\u00f3n\r\n+ Mult\u00edmetro + Term\u00f3metro\r\n+ Admite detecci\u00f3n de voltaje sin contacto NCV\r\n\r\nEspecificaciones t\u00e9cnicas:\r\nMeasurement Range \/ Resolution \/ Accruacy\r\nDC Voltage (V)\r\n6.000V\/60.00V\/600.0V 0.1mV +\/- (0.5%+2 dig)\r\n1000V 1 V +\/- (0.8%+2 dig)\r\nAC Voltage (V): 6.000V\/60.00V\/600.0V 0.1 mV +\/- (0.8%+3dig)\r\n750V 1 V +\/- (1%+3dig)\r\nDC Current (A):\r\nmicroA - 600.0microA\/6000microA ( EU ) 0.1microA +\/- (0.8%+2dig)\r\nmA - 60.00mA\/600.0mA - 0.01mA\r\nA - 10.00A 0.01A +\/- (1.2%+3dig)\r\nAC Current (A):\r\nmicroA - 600 microA \/ 6000microA 0,1 microA +\/- (1%+3dig) mA - 60mA \/ 600mA - 0,01mA - A - 10A - 0,01A +\/- (1,5%+3dig)\r\nResistance (ohm) 600ohm \/ 6 kohm \/ 60 kohm \/ 600kohm \/ 6Mohm 0,1ohm +\/- (0.8%+2dig) 60 Mohm 0,01 Mohm +\/- (2%+3dig)\r\nCapacitance (F) 60nF \/ 600nF \/ 6microF \/ 60microF 0,01nF +\/- (3%+3dig) 600 microF \/ 6mF \/ 60mF - 0,1 microF +\/- (3%+5dig)\r\nFrequency: 9.999Hz\/99,99Hz\/999.9Hz\/9.999kHz\/99.99kHz\/999.9kHz\/9.999MHz - 0.001Hz +\/- (0.8%+2dig)\r\nDuty Ratio (%) 0.1%-99.9%(typical value: Vrms=1V f=1kHz) 0.1% +\/- (1.2%+3dig)\r\n0.1% - 99.9%(mayor igual 1kHz): +\/- (2.5%+3dig)\r\nTemperature (C\/F): - 50 - 400C 1C +\/- (2.5%+3dig) - 58 F - 752 F 1F +\/- (4.5%+5dig)\r\nDisplay: 5999\r\nFrequency Response: (40 - 1000) Hz\r\nShift Rate: 3 times\/s\r\nAuto ranging\r\nData Hold\r\nAuto\/Manual Scale Switch\r\nLCD Backlight\r\nDiode Test\r\nTrue RMS\r\nSleep Mode\r\nInput Protection\r\nAuto Power-off\r\nInput Impedance: Mayor igual a 10Mohm\r\nContinuity Test\r\nBattery 3V (1.5V x 2) AA\r\nLow-battery Indicator\r\nRelative Measurement","_et_gb_content_width":"","_uag_custom_page_level_css":"","_joinchat":[]},"product_brand":[],"product_cat":[21,23],"product_tag":[48],"class_list":{"0":"post-497","1":"product","2":"type-product","3":"status-publish","4":"has-post-thumbnail","6":"product_cat-instrumental-electronico","7":"product_cat-multimetros","8":"product_tag-owon","10":"first","11":"outofstock","12":"sold-individually","13":"shipping-taxable","14":"purchasable","15":"product-type-simple","16":"add-to-wishlist-before_image"},"uagb_featured_image_src":{"full":["https:\/\/epic.net.ar\/wp-content\/uploads\/2020\/11\/OW16A.jpg",1200,1200,false],"thumbnail":["https:\/\/epic.net.ar\/wp-content\/uploads\/2020\/11\/OW16A-150x150.jpg",150,150,true],"medium":["https:\/\/epic.net.ar\/wp-content\/uploads\/2020\/11\/OW16A-300x300.jpg",300,300,true],"medium_large":["https:\/\/epic.net.ar\/wp-content\/uploads\/2020\/11\/OW16A-768x768.jpg",768,768,true],"large":["https:\/\/epic.net.ar\/wp-content\/uploads\/2020\/11\/OW16A-1024x1024.jpg",1024,1024,true],"1536x1536":["https:\/\/epic.net.ar\/wp-content\/uploads\/2020\/11\/OW16A.jpg",1200,1200,false],"2048x2048":["https:\/\/epic.net.ar\/wp-content\/uploads\/2020\/11\/OW16A.jpg",1200,1200,false],"trp-custom-language-flag":["https:\/\/epic.net.ar\/wp-content\/uploads\/2020\/11\/OW16A.jpg",12,12,false],"et-pb-post-main-image":["https:\/\/epic.net.ar\/wp-content\/uploads\/2020\/11\/OW16A-400x250.jpg",400,250,true],"et-pb-post-main-image-fullwidth":["https:\/\/epic.net.ar\/wp-content\/uploads\/2020\/11\/OW16A-1080x675.jpg",1080,675,true],"et-pb-portfolio-image":["https:\/\/epic.net.ar\/wp-content\/uploads\/2020\/11\/OW16A-400x284.jpg",400,284,true],"et-pb-portfolio-module-image":["https:\/\/epic.net.ar\/wp-content\/uploads\/2020\/11\/OW16A-510x382.jpg",510,382,true],"et-pb-portfolio-image-single":["https:\/\/epic.net.ar\/wp-content\/uploads\/2020\/11\/OW16A-1080x1080.jpg",1080,1080,true],"et-pb-gallery-module-image-portrait":["https:\/\/epic.net.ar\/wp-content\/uploads\/2020\/11\/OW16A-400x516.jpg",400,516,true],"et-pb-post-main-image-fullwidth-large":["https:\/\/epic.net.ar\/wp-content\/uploads\/2020\/11\/OW16A.jpg",1200,1200,false],"et-pb-image--responsive--desktop":["https:\/\/epic.net.ar\/wp-content\/uploads\/2020\/11\/OW16A.jpg",720,720,false],"et-pb-image--responsive--tablet":["https:\/\/epic.net.ar\/wp-content\/uploads\/2020\/11\/OW16A-980x980.jpg",551,551,true],"et-pb-image--responsive--phone":["https:\/\/epic.net.ar\/wp-content\/uploads\/2020\/11\/OW16A-480x480.jpg",270,270,true],"woocommerce_thumbnail":["https:\/\/epic.net.ar\/wp-content\/uploads\/2020\/11\/OW16A-300x300.jpg",300,300,true],"woocommerce_single":["https:\/\/epic.net.ar\/wp-content\/uploads\/2020\/11\/OW16A-600x600.jpg",600,600,true],"woocommerce_gallery_thumbnail":["https:\/\/epic.net.ar\/wp-content\/uploads\/2020\/11\/OW16A-100x100.jpg",100,100,true],"dgwt-wcas-product-suggestion":["https:\/\/epic.net.ar\/wp-content\/uploads\/2020\/11\/OW16A-64x64.jpg",64,64,true]},"uagb_author_info":{"display_name":"euge","author_link":"https:\/\/epic.net.ar\/en\/author\/"},"uagb_comment_info":0,"uagb_excerpt":"Mult\u00edmetro sencillo y econ\u00f3mico. Excelente relaci\u00f3n precio\/calidad.","_links":{"self":[{"href":"https:\/\/epic.net.ar\/en\/wp-json\/wp\/v2\/product\/497","targetHints":{"allow":["GET"]}}],"collection":[{"href":"https:\/\/epic.net.ar\/en\/wp-json\/wp\/v2\/product"}],"about":[{"href":"https:\/\/epic.net.ar\/en\/wp-json\/wp\/v2\/types\/product"}],"replies":[{"embeddable":true,"href":"https:\/\/epic.net.ar\/en\/wp-json\/wp\/v2\/comments?post=497"}],"wp:featuredmedia":[{"embeddable":true,"href":"https:\/\/epic.net.ar\/en\/wp-json\/wp\/v2\/media\/498"}],"wp:attachment":[{"href":"https:\/\/epic.net.ar\/en\/wp-json\/wp\/v2\/media?parent=497"}],"wp:term":[{"taxonomy":"product_brand","embeddable":true,"href":"https:\/\/epic.net.ar\/en\/wp-json\/wp\/v2\/product_brand?post=497"},{"taxonomy":"product_cat","embeddable":true,"href":"https:\/\/epic.net.ar\/en\/wp-json\/wp\/v2\/product_cat?post=497"},{"taxonomy":"product_tag","embeddable":true,"href":"https:\/\/epic.net.ar\/en\/wp-json\/wp\/v2\/product_tag?post=497"}],"curies":[{"name":"wp","href":"https:\/\/api.w.org\/{rel}","templated":true}]}}