{"id":451,"date":"2026-03-04T00:01:16","date_gmt":"2026-03-04T03:01:16","guid":{"rendered":"http:\/\/epic.net.ar\/?post_type=product&#038;p=451"},"modified":"2026-04-14T17:27:41","modified_gmt":"2026-04-14T20:27:41","slug":"inmobox-cea","status":"publish","type":"product","link":"https:\/\/epic.net.ar\/en\/product\/inmobox-cea\/","title":{"rendered":"INMOBOX: INTERCONNECT IMMOBILIZER MODULES"},"content":{"rendered":"<div class=\"products-summary\">\n<p><b>\u00bfPorque necesito un INMOBOX para mi FullProb?<\/b><\/p>\n<ul>\n<li>Para probar el sistema original en su conjunto en el banco en el momento de un diagn\u00f3stico<\/li>\n<li>Para no desinmovilizar<\/li>\n<li>Para hacer trabajos \u00abcero llaves\u00bb<\/li>\n<li>Para poder emparejar m\u00f3dulos reemplazados.<\/li>\n<\/ul>\n<p><span data-sheets-value=\"{&quot;1&quot;:2,&quot;2&quot;:&quot;Accesorio del FullProb que permite probar sistemas electronicos de vehiculos diesel\\nPermite interconectar todos los modulos del sistema inmovilizador y los sensores y cargas necesarias para probar el sistema arriba del banco de trabajo (fusibleras, inmovilizador, tablero y otros)\\nAsistente de conexi\u00f3n con Pinout y Esquemas electricos e informacion sobre cada sistema\\n&quot;}\" data-sheets-userformat=\"{&quot;2&quot;:12541,&quot;3&quot;:{&quot;1&quot;:0,&quot;3&quot;:1},&quot;5&quot;:{&quot;1&quot;:[{&quot;1&quot;:2,&quot;2&quot;:0,&quot;5&quot;:{&quot;1&quot;:2,&quot;2&quot;:0}},{&quot;1&quot;:0,&quot;2&quot;:0,&quot;3&quot;:3},{&quot;1&quot;:1,&quot;2&quot;:0,&quot;4&quot;:1}]},&quot;6&quot;:{&quot;1&quot;:[{&quot;1&quot;:2,&quot;2&quot;:0,&quot;5&quot;:{&quot;1&quot;:2,&quot;2&quot;:0}},{&quot;1&quot;:0,&quot;2&quot;:0,&quot;3&quot;:3},{&quot;1&quot;:1,&quot;2&quot;:0,&quot;4&quot;:1}]},&quot;7&quot;:{&quot;1&quot;:[{&quot;1&quot;:2,&quot;2&quot;:0,&quot;5&quot;:{&quot;1&quot;:2,&quot;2&quot;:0}},{&quot;1&quot;:0,&quot;2&quot;:0,&quot;3&quot;:3},{&quot;1&quot;:1,&quot;2&quot;:0,&quot;4&quot;:1}]},&quot;8&quot;:{&quot;1&quot;:[{&quot;1&quot;:2,&quot;2&quot;:0,&quot;5&quot;:{&quot;1&quot;:2,&quot;2&quot;:0}},{&quot;1&quot;:0,&quot;2&quot;:0,&quot;3&quot;:3},{&quot;1&quot;:1,&quot;2&quot;:0,&quot;4&quot;:1}]},&quot;9&quot;:0,&quot;10&quot;:0,&quot;15&quot;:&quot;Calibri&quot;,&quot;16&quot;:12}\">Ahora podes interconectar todos los m\u00f3dulos que componen a la funci\u00f3n Inmovilizador al FullProb en sistemas nafta\/gasolina. El InmoBox administra las conexiones a trav\u00e9s de su hardware interno:<\/span><\/p>\n<ul>\n<li>ECU<\/li>\n<li>Fusiblera<\/li>\n<li>Inmovilizador<\/li>\n<li>Tablero<\/li>\n<li>Antena u otro m\u00f3dulo<\/li>\n<li>Scanner o programador<\/li>\n<\/ul>\n<p><b>El Inmobox\u00a0 indica el funcionamiento de las diferentes comunicaciones a trav\u00e9s de los testigos que se encuentran en su parte frontal.<\/b><\/p>\n<ul>\n<li>L\u00ednea W<\/li>\n<li>L\u00ednea K<\/li>\n<li>L\u00ednea L<\/li>\n<li>Can H +<\/li>\n<li>Can L<\/li>\n<li>Luz Check<\/li>\n<li>Luz De Code<\/li>\n<\/ul>\n<p><strong>El INMOBOX tiene antena para transponders:<\/strong><br \/>\nPara que no tengas que sacar la antena del veh\u00edculo en sistemas que no tienen el Inmo incorporado en la antena.<\/p>\n<p><iframe loading=\"lazy\" title=\"M\u00c9TODO FULLPROB: PRUEBA DE ECUS GASOLINA CON INMOVILIZADOR Y DIAGN\u00d3STICO CON SCANNER\" width=\"1080\" height=\"608\" src=\"https:\/\/www.youtube.com\/embed\/xTBR55iIJMY?feature=oembed\"  allow=\"accelerometer; autoplay; clipboard-write; encrypted-media; gyroscope; picture-in-picture; web-share\" referrerpolicy=\"strict-origin-when-cross-origin\" allowfullscreen><\/iframe><\/p>\n<p><iframe loading=\"lazy\" title=\"PRUEBA BSI FULLMUX: AIRE ACONDICIONADO\" width=\"1080\" height=\"608\" src=\"https:\/\/www.youtube.com\/embed\/5Y3KennZDDA?feature=oembed\"  allow=\"accelerometer; autoplay; clipboard-write; encrypted-media; gyroscope; picture-in-picture; web-share\" referrerpolicy=\"strict-origin-when-cross-origin\" allowfullscreen><\/iframe><\/p>\n<\/div>\n","protected":false},"excerpt":{"rendered":"<p><strong>Prob\u00e1 todo el sistema inmovilizador con tu FullProb.<br \/>\n<\/strong>Con InmoBox podes interconectar ECU, inmovilizador, tablero, BSI, llave y otros m\u00f3dulos simult\u00e1neamente al FullProb para realizar pruebas en banco del sistema completo. (en veh\u00edculos gasolina\/nafta)<\/p>\n<p><span data-sheets-value=\"{&quot;1&quot;:2,&quot;2&quot;:&quot;Accesorio del FullProb que permite probar sistemas electronicos de vehiculos diesel\\nPermite interconectar todos los modulos del sistema inmovilizador y los sensores y cargas necesarias para probar el sistema arriba del banco de trabajo (fusibleras, inmovilizador, tablero y otros)\\nAsistente de conexi\u00f3n con Pinout y Esquemas electricos e informacion sobre cada sistema\\n&quot;}\" data-sheets-userformat=\"{&quot;2&quot;:12541,&quot;3&quot;:{&quot;1&quot;:0,&quot;3&quot;:1},&quot;5&quot;:{&quot;1&quot;:[{&quot;1&quot;:2,&quot;2&quot;:0,&quot;5&quot;:{&quot;1&quot;:2,&quot;2&quot;:0}},{&quot;1&quot;:0,&quot;2&quot;:0,&quot;3&quot;:3},{&quot;1&quot;:1,&quot;2&quot;:0,&quot;4&quot;:1}]},&quot;6&quot;:{&quot;1&quot;:[{&quot;1&quot;:2,&quot;2&quot;:0,&quot;5&quot;:{&quot;1&quot;:2,&quot;2&quot;:0}},{&quot;1&quot;:0,&quot;2&quot;:0,&quot;3&quot;:3},{&quot;1&quot;:1,&quot;2&quot;:0,&quot;4&quot;:1}]},&quot;7&quot;:{&quot;1&quot;:[{&quot;1&quot;:2,&quot;2&quot;:0,&quot;5&quot;:{&quot;1&quot;:2,&quot;2&quot;:0}},{&quot;1&quot;:0,&quot;2&quot;:0,&quot;3&quot;:3},{&quot;1&quot;:1,&quot;2&quot;:0,&quot;4&quot;:1}]},&quot;8&quot;:{&quot;1&quot;:[{&quot;1&quot;:2,&quot;2&quot;:0,&quot;5&quot;:{&quot;1&quot;:2,&quot;2&quot;:0}},{&quot;1&quot;:0,&quot;2&quot;:0,&quot;3&quot;:3},{&quot;1&quot;:1,&quot;2&quot;:0,&quot;4&quot;:1}]},&quot;9&quot;:0,&quot;10&quot;:0,&quot;15&quot;:&quot;Calibri&quot;,&quot;16&quot;:12}\"><strong>Hac\u00e9 trabajos con inmovilizadores 100% garantizados.<br \/>\n<\/strong>Con FullProb + Inmobox tambi\u00e9n podes conectar un scanner para realizar emparejamientos y trabajos \u00abcero llaves\u00bb.<\/span><\/p>\n","protected":false},"featured_media":452,"comment_status":"closed","ping_status":"closed","template":"","meta":{"_et_pb_use_builder":"","_et_pb_old_content":"","_et_gb_content_width":"","_uag_custom_page_level_css":"","_joinchat":[]},"product_brand":[],"product_cat":[18,16,140],"product_tag":[47],"class_list":{"0":"post-451","1":"product","2":"type-product","3":"status-publish","4":"has-post-thumbnail","6":"product_cat-bancos-de-prueba","7":"product_cat-diagnostico","8":"product_cat-equipos-diagnostico","9":"product_tag-cea","11":"first","12":"instock","13":"featured","14":"shipping-taxable","15":"purchasable","16":"product-type-simple","17":"add-to-wishlist-before_image"},"uagb_featured_image_src":{"full":["https:\/\/epic.net.ar\/wp-content\/uploads\/2020\/11\/INMOBOX.jpg",1200,1200,false],"thumbnail":["https:\/\/epic.net.ar\/wp-content\/uploads\/2020\/11\/INMOBOX-150x150.jpg",150,150,true],"medium":["https:\/\/epic.net.ar\/wp-content\/uploads\/2020\/11\/INMOBOX-300x300.jpg",300,300,true],"medium_large":["https:\/\/epic.net.ar\/wp-content\/uploads\/2020\/11\/INMOBOX-768x768.jpg",768,768,true],"large":["https:\/\/epic.net.ar\/wp-content\/uploads\/2020\/11\/INMOBOX-1024x1024.jpg",1024,1024,true],"1536x1536":["https:\/\/epic.net.ar\/wp-content\/uploads\/2020\/11\/INMOBOX.jpg",1200,1200,false],"2048x2048":["https:\/\/epic.net.ar\/wp-content\/uploads\/2020\/11\/INMOBOX.jpg",1200,1200,false],"trp-custom-language-flag":["https:\/\/epic.net.ar\/wp-content\/uploads\/2020\/11\/INMOBOX.jpg",12,12,false],"et-pb-post-main-image":["https:\/\/epic.net.ar\/wp-content\/uploads\/2020\/11\/INMOBOX-400x250.jpg",400,250,true],"et-pb-post-main-image-fullwidth":["https:\/\/epic.net.ar\/wp-content\/uploads\/2020\/11\/INMOBOX-1080x675.jpg",1080,675,true],"et-pb-portfolio-image":["https:\/\/epic.net.ar\/wp-content\/uploads\/2020\/11\/INMOBOX-400x284.jpg",400,284,true],"et-pb-portfolio-module-image":["https:\/\/epic.net.ar\/wp-content\/uploads\/2020\/11\/INMOBOX-510x382.jpg",510,382,true],"et-pb-portfolio-image-single":["https:\/\/epic.net.ar\/wp-content\/uploads\/2020\/11\/INMOBOX-1080x1080.jpg",1080,1080,true],"et-pb-gallery-module-image-portrait":["https:\/\/epic.net.ar\/wp-content\/uploads\/2020\/11\/INMOBOX-400x516.jpg",400,516,true],"et-pb-post-main-image-fullwidth-large":["https:\/\/epic.net.ar\/wp-content\/uploads\/2020\/11\/INMOBOX.jpg",1200,1200,false],"et-pb-image--responsive--desktop":["https:\/\/epic.net.ar\/wp-content\/uploads\/2020\/11\/INMOBOX.jpg",720,720,false],"et-pb-image--responsive--tablet":["https:\/\/epic.net.ar\/wp-content\/uploads\/2020\/11\/INMOBOX-980x980.jpg",551,551,true],"et-pb-image--responsive--phone":["https:\/\/epic.net.ar\/wp-content\/uploads\/2020\/11\/INMOBOX-480x480.jpg",270,270,true],"woocommerce_thumbnail":["https:\/\/epic.net.ar\/wp-content\/uploads\/2020\/11\/INMOBOX-300x300.jpg",300,300,true],"woocommerce_single":["https:\/\/epic.net.ar\/wp-content\/uploads\/2020\/11\/INMOBOX-600x600.jpg",600,600,true],"woocommerce_gallery_thumbnail":["https:\/\/epic.net.ar\/wp-content\/uploads\/2020\/11\/INMOBOX-100x100.jpg",100,100,true],"dgwt-wcas-product-suggestion":["https:\/\/epic.net.ar\/wp-content\/uploads\/2020\/11\/INMOBOX-64x64.jpg",64,64,true]},"uagb_author_info":{"display_name":"euge","author_link":"https:\/\/epic.net.ar\/en\/author\/"},"uagb_comment_info":0,"uagb_excerpt":"Prob\u00e1 todo el sistema inmovilizador con tu FullProb. Con InmoBox podes interconectar ECU, inmovilizador, tablero, BSI, llave y otros m\u00f3dulos simult\u00e1neamente al FullProb para realizar pruebas en banco del sistema completo. (en veh\u00edculos gasolina\/nafta) Hac\u00e9 trabajos con inmovilizadores 100% garantizados. Con FullProb + Inmobox tambi\u00e9n podes conectar un scanner para realizar emparejamientos y trabajos \"cero&hellip;","_links":{"self":[{"href":"https:\/\/epic.net.ar\/en\/wp-json\/wp\/v2\/product\/451","targetHints":{"allow":["GET"]}}],"collection":[{"href":"https:\/\/epic.net.ar\/en\/wp-json\/wp\/v2\/product"}],"about":[{"href":"https:\/\/epic.net.ar\/en\/wp-json\/wp\/v2\/types\/product"}],"replies":[{"embeddable":true,"href":"https:\/\/epic.net.ar\/en\/wp-json\/wp\/v2\/comments?post=451"}],"wp:featuredmedia":[{"embeddable":true,"href":"https:\/\/epic.net.ar\/en\/wp-json\/wp\/v2\/media\/452"}],"wp:attachment":[{"href":"https:\/\/epic.net.ar\/en\/wp-json\/wp\/v2\/media?parent=451"}],"wp:term":[{"taxonomy":"product_brand","embeddable":true,"href":"https:\/\/epic.net.ar\/en\/wp-json\/wp\/v2\/product_brand?post=451"},{"taxonomy":"product_cat","embeddable":true,"href":"https:\/\/epic.net.ar\/en\/wp-json\/wp\/v2\/product_cat?post=451"},{"taxonomy":"product_tag","embeddable":true,"href":"https:\/\/epic.net.ar\/en\/wp-json\/wp\/v2\/product_tag?post=451"}],"curies":[{"name":"wp","href":"https:\/\/api.w.org\/{rel}","templated":true}]}}