{"id":4000,"date":"2022-05-06T09:43:33","date_gmt":"2022-05-06T12:43:33","guid":{"rendered":"https:\/\/epic.net.ar\/?post_type=product&#038;p=4000"},"modified":"2025-12-04T13:35:14","modified_gmt":"2025-12-04T16:35:14","slug":"lampara-con-lupa-luz-led-mesa-fullenergy-ls-1050-3x-12x","status":"publish","type":"product","link":"https:\/\/epic.net.ar\/en\/product\/lampara-con-lupa-luz-led-mesa-fullenergy-ls-1050-3x-12x\/","title":{"rendered":"L\u00e1mpara Led De Mesa Con Lupa y Luz &#8211; FullEnergy Ls-1050 3x 12x"},"content":{"rendered":"<p>Para realizar trabajos de precisi\u00f3n, presenta dos opciones de aumento integradas en la misma lente.<\/p>\n<p>Cuenta con un una lente de alta calidad.<br \/>\nIluminaci\u00f3n difusa que evita las distorsiones generadas por las sombras.<br \/>\nBrazo totalmente flexible, permite ubicar la lente en la posici\u00f3n m\u00e1s conveniente.<br \/>\nIntegra LED de alto rendimiento lo que permite operar en ambientes oscuros.<\/p>\n<p>Tama\u00f1o del lente 4\u201d (100MM)<br \/>\nMaterial del lente VIDRIO<br \/>\nMateriales del cuerpo METAL Y PL\u00c1STICO<br \/>\nDioptr\u00edas del lente 3+12<br \/>\nColor BLANCO<br \/>\nIluminaci\u00f3n 32 LEDS SMD<br \/>\nConsumo 2W<br \/>\nAlimentaci\u00f3n 110-240V; 50\/60Hz<\/p>","protected":false},"excerpt":{"rendered":"<p><em><strong>L\u00c1MPARA CON LUPA DE MESA CON ILUMINACI\u00d3N LED<\/strong><\/em><\/p>\n<p><em>La l\u00e1mpara con lupa de mesa ofrece una opci\u00f3n pr\u00e1ctica y compacta adapt\u00e1ndose f\u00e1cilmente a cualquier condici\u00f3n de trabajo<\/em><\/p>","protected":false},"featured_media":4001,"comment_status":"closed","ping_status":"closed","template":"","meta":{"_et_pb_use_builder":"","_et_pb_old_content":"","_et_gb_content_width":"","_uag_custom_page_level_css":"","_joinchat":[]},"product_brand":[],"product_cat":[107,29,27,25,28],"product_tag":[87],"class_list":{"0":"post-4000","1":"product","2":"type-product","3":"status-publish","4":"has-post-thumbnail","6":"product_cat-herramientas","7":"product_cat-insumos","8":"product_cat-laboratorio","9":"product_cat-otros","10":"product_cat-taller","11":"product_tag-fullenergy","13":"first","14":"instock","15":"sale","16":"shipping-taxable","17":"purchasable","18":"product-type-simple","19":"add-to-wishlist-before_image"},"uagb_featured_image_src":{"full":["https:\/\/epic.net.ar\/wp-content\/uploads\/2022\/05\/lupa-con-luz.jpg",1080,1080,false],"thumbnail":["https:\/\/epic.net.ar\/wp-content\/uploads\/2022\/05\/lupa-con-luz-150x150.jpg",150,150,true],"medium":["https:\/\/epic.net.ar\/wp-content\/uploads\/2022\/05\/lupa-con-luz-300x300.jpg",300,300,true],"medium_large":["https:\/\/epic.net.ar\/wp-content\/uploads\/2022\/05\/lupa-con-luz-768x768.jpg",768,768,true],"large":["https:\/\/epic.net.ar\/wp-content\/uploads\/2022\/05\/lupa-con-luz-1024x1024.jpg",1024,1024,true],"1536x1536":["https:\/\/epic.net.ar\/wp-content\/uploads\/2022\/05\/lupa-con-luz.jpg",1080,1080,false],"2048x2048":["https:\/\/epic.net.ar\/wp-content\/uploads\/2022\/05\/lupa-con-luz.jpg",1080,1080,false],"trp-custom-language-flag":["https:\/\/epic.net.ar\/wp-content\/uploads\/2022\/05\/lupa-con-luz.jpg",12,12,false],"et-pb-post-main-image":["https:\/\/epic.net.ar\/wp-content\/uploads\/2022\/05\/lupa-con-luz-400x250.jpg",400,250,true],"et-pb-post-main-image-fullwidth":["https:\/\/epic.net.ar\/wp-content\/uploads\/2022\/05\/lupa-con-luz-1080x675.jpg",1080,675,true],"et-pb-portfolio-image":["https:\/\/epic.net.ar\/wp-content\/uploads\/2022\/05\/lupa-con-luz-400x284.jpg",400,284,true],"et-pb-portfolio-module-image":["https:\/\/epic.net.ar\/wp-content\/uploads\/2022\/05\/lupa-con-luz-510x382.jpg",510,382,true],"et-pb-portfolio-image-single":["https:\/\/epic.net.ar\/wp-content\/uploads\/2022\/05\/lupa-con-luz.jpg",1080,1080,false],"et-pb-gallery-module-image-portrait":["https:\/\/epic.net.ar\/wp-content\/uploads\/2022\/05\/lupa-con-luz-400x516.jpg",400,516,true],"et-pb-post-main-image-fullwidth-large":["https:\/\/epic.net.ar\/wp-content\/uploads\/2022\/05\/lupa-con-luz.jpg",1080,1080,false],"et-pb-image--responsive--desktop":["https:\/\/epic.net.ar\/wp-content\/uploads\/2022\/05\/lupa-con-luz.jpg",720,720,false],"et-pb-image--responsive--tablet":["https:\/\/epic.net.ar\/wp-content\/uploads\/2022\/05\/lupa-con-luz-980x980.jpg",551,551,true],"et-pb-image--responsive--phone":["https:\/\/epic.net.ar\/wp-content\/uploads\/2022\/05\/lupa-con-luz-480x480.jpg",270,270,true],"woocommerce_thumbnail":["https:\/\/epic.net.ar\/wp-content\/uploads\/2022\/05\/lupa-con-luz-300x300.jpg",300,300,true],"woocommerce_single":["https:\/\/epic.net.ar\/wp-content\/uploads\/2022\/05\/lupa-con-luz-600x600.jpg",600,600,true],"woocommerce_gallery_thumbnail":["https:\/\/epic.net.ar\/wp-content\/uploads\/2022\/05\/lupa-con-luz-100x100.jpg",100,100,true],"dgwt-wcas-product-suggestion":["https:\/\/epic.net.ar\/wp-content\/uploads\/2022\/05\/lupa-con-luz-64x64.jpg",64,64,true]},"uagb_author_info":{"display_name":"epic Equipamiento Electr\u00f3nico","author_link":"https:\/\/epic.net.ar\/en\/author\/"},"uagb_comment_info":0,"uagb_excerpt":"L\u00c1MPARA CON LUPA DE MESA CON ILUMINACI\u00d3N LED La l\u00e1mpara con lupa de mesa ofrece una opci\u00f3n pr\u00e1ctica y compacta adapt\u00e1ndose f\u00e1cilmente a cualquier condici\u00f3n de trabajo","_links":{"self":[{"href":"https:\/\/epic.net.ar\/en\/wp-json\/wp\/v2\/product\/4000","targetHints":{"allow":["GET"]}}],"collection":[{"href":"https:\/\/epic.net.ar\/en\/wp-json\/wp\/v2\/product"}],"about":[{"href":"https:\/\/epic.net.ar\/en\/wp-json\/wp\/v2\/types\/product"}],"replies":[{"embeddable":true,"href":"https:\/\/epic.net.ar\/en\/wp-json\/wp\/v2\/comments?post=4000"}],"wp:featuredmedia":[{"embeddable":true,"href":"https:\/\/epic.net.ar\/en\/wp-json\/wp\/v2\/media\/4001"}],"wp:attachment":[{"href":"https:\/\/epic.net.ar\/en\/wp-json\/wp\/v2\/media?parent=4000"}],"wp:term":[{"taxonomy":"product_brand","embeddable":true,"href":"https:\/\/epic.net.ar\/en\/wp-json\/wp\/v2\/product_brand?post=4000"},{"taxonomy":"product_cat","embeddable":true,"href":"https:\/\/epic.net.ar\/en\/wp-json\/wp\/v2\/product_cat?post=4000"},{"taxonomy":"product_tag","embeddable":true,"href":"https:\/\/epic.net.ar\/en\/wp-json\/wp\/v2\/product_tag?post=4000"}],"curies":[{"name":"wp","href":"https:\/\/api.w.org\/{rel}","templated":true}]}}