{"id":3405,"date":"2022-02-23T16:03:49","date_gmt":"2022-02-23T19:03:49","guid":{"rendered":"https:\/\/epic.net.ar\/?post_type=product&#038;p=3405"},"modified":"2026-03-25T08:45:04","modified_gmt":"2026-03-25T11:45:04","slug":"inmocode-fullpack","status":"publish","type":"product","link":"https:\/\/epic.net.ar\/en\/product\/inmocode-fullpack\/","title":{"rendered":"INMOCODE FULLPACK"},"content":{"rendered":"<p>INGRESA AL LINK PARA VER LA COBERTURA DE ARCHIVOS Y PROCESOS ACTUALES<\/p>\n<p><a href=\"file:\/\/\/C:\/Users\/cliente\/Downloads\/Sistemas%20v1.5.6.pdf\">Sistemas INMOCODE v1.5\u00a0<\/a><\/p>\n<p><iframe loading=\"lazy\" title=\"FUNCIONES INMOCODE 1.5\" width=\"1080\" height=\"608\" src=\"https:\/\/www.youtube.com\/embed\/IxLE-kaTmog?feature=oembed\"  allow=\"accelerometer; autoplay; clipboard-write; encrypted-media; gyroscope; picture-in-picture; web-share\" referrerpolicy=\"strict-origin-when-cross-origin\" allowfullscreen><\/iframe><\/p>\n<p><iframe loading=\"lazy\" title=\"B-Chip: Sus inicios y su evoluci\u00f3n a INMOCODE\" width=\"1080\" height=\"608\" src=\"https:\/\/www.youtube.com\/embed\/FoS0sg5uP7w?feature=oembed\"  allow=\"accelerometer; autoplay; clipboard-write; encrypted-media; gyroscope; picture-in-picture; web-share\" referrerpolicy=\"strict-origin-when-cross-origin\" allowfullscreen><\/iframe><\/p>","protected":false},"excerpt":{"rendered":"<div class=\"kc-elm kc-css-171426 kc-title-wrap\">\n<h4>INCLUYE UN A\u00d1O DE LICENCIA<\/h4>\n<h4 class=\"kc_title\">Programaci\u00f3n y Edici\u00f3n de archivos.<\/h4>\n<\/div>\n<div class=\"kc-elm kc-css-414197 kc_text_block\">\n<p><em>Realiza archivos v\u00edrgines para Unidades de Mando y Fusibleras.<\/em><br \/>\n<em>Realiza Chips Listos para arrancar en Inmovilizadores.<\/em><br \/>\n<em>Precodifica Chips. Obtenci\u00f3n de Numero Pin Code.<\/em><\/p>\n<\/div>","protected":false},"featured_media":3142,"comment_status":"closed","ping_status":"closed","template":"","meta":{"_et_pb_use_builder":"","_et_pb_old_content":"","_et_gb_content_width":"","_uag_custom_page_level_css":"","_joinchat":[]},"product_brand":[],"product_cat":[40],"product_tag":[],"class_list":{"0":"post-3405","1":"product","2":"type-product","3":"status-publish","4":"has-post-thumbnail","6":"product_cat-cerrajeria","8":"first","9":"outofstock","10":"shipping-taxable","11":"product-type-simple","12":"add-to-wishlist-before_image"},"uagb_featured_image_src":{"full":["https:\/\/epic.net.ar\/wp-content\/uploads\/2022\/01\/images.png",160,160,false],"thumbnail":["https:\/\/epic.net.ar\/wp-content\/uploads\/2022\/01\/images-150x150.png",150,150,true],"medium":["https:\/\/epic.net.ar\/wp-content\/uploads\/2022\/01\/images.png",160,160,false],"medium_large":["https:\/\/epic.net.ar\/wp-content\/uploads\/2022\/01\/images.png",160,160,false],"large":["https:\/\/epic.net.ar\/wp-content\/uploads\/2022\/01\/images.png",160,160,false],"1536x1536":["https:\/\/epic.net.ar\/wp-content\/uploads\/2022\/01\/images.png",160,160,false],"2048x2048":["https:\/\/epic.net.ar\/wp-content\/uploads\/2022\/01\/images.png",160,160,false],"trp-custom-language-flag":["https:\/\/epic.net.ar\/wp-content\/uploads\/2022\/01\/images.png",12,12,false],"et-pb-post-main-image":["https:\/\/epic.net.ar\/wp-content\/uploads\/2022\/01\/images.png",160,160,false],"et-pb-post-main-image-fullwidth":["https:\/\/epic.net.ar\/wp-content\/uploads\/2022\/01\/images.png",160,160,false],"et-pb-portfolio-image":["https:\/\/epic.net.ar\/wp-content\/uploads\/2022\/01\/images.png",160,160,false],"et-pb-portfolio-module-image":["https:\/\/epic.net.ar\/wp-content\/uploads\/2022\/01\/images.png",160,160,false],"et-pb-portfolio-image-single":["https:\/\/epic.net.ar\/wp-content\/uploads\/2022\/01\/images.png",160,160,false],"et-pb-gallery-module-image-portrait":["https:\/\/epic.net.ar\/wp-content\/uploads\/2022\/01\/images.png",160,160,false],"et-pb-post-main-image-fullwidth-large":["https:\/\/epic.net.ar\/wp-content\/uploads\/2022\/01\/images.png",160,160,false],"et-pb-image--responsive--desktop":["https:\/\/epic.net.ar\/wp-content\/uploads\/2022\/01\/images.png",160,160,false],"et-pb-image--responsive--tablet":["https:\/\/epic.net.ar\/wp-content\/uploads\/2022\/01\/images.png",160,160,false],"et-pb-image--responsive--phone":["https:\/\/epic.net.ar\/wp-content\/uploads\/2022\/01\/images.png",160,160,false],"woocommerce_thumbnail":["https:\/\/epic.net.ar\/wp-content\/uploads\/2022\/01\/images.png",160,160,false],"woocommerce_single":["https:\/\/epic.net.ar\/wp-content\/uploads\/2022\/01\/images.png",160,160,false],"woocommerce_gallery_thumbnail":["https:\/\/epic.net.ar\/wp-content\/uploads\/2022\/01\/images-100x100.png",100,100,true],"dgwt-wcas-product-suggestion":["https:\/\/epic.net.ar\/wp-content\/uploads\/2022\/01\/images-64x64.png",64,64,true]},"uagb_author_info":{"display_name":"epic Equipamiento Electr\u00f3nico","author_link":"https:\/\/epic.net.ar\/en\/author\/"},"uagb_comment_info":0,"uagb_excerpt":"INCLUYE UN A\u00d1O DE LICENCIA Programaci\u00f3n y Edici\u00f3n de archivos. Realiza archivos v\u00edrgines para Unidades de Mando y Fusibleras. Realiza Chips Listos para arrancar en Inmovilizadores. Precodifica Chips. Obtenci\u00f3n de Numero Pin Code.","_links":{"self":[{"href":"https:\/\/epic.net.ar\/en\/wp-json\/wp\/v2\/product\/3405","targetHints":{"allow":["GET"]}}],"collection":[{"href":"https:\/\/epic.net.ar\/en\/wp-json\/wp\/v2\/product"}],"about":[{"href":"https:\/\/epic.net.ar\/en\/wp-json\/wp\/v2\/types\/product"}],"replies":[{"embeddable":true,"href":"https:\/\/epic.net.ar\/en\/wp-json\/wp\/v2\/comments?post=3405"}],"wp:featuredmedia":[{"embeddable":true,"href":"https:\/\/epic.net.ar\/en\/wp-json\/wp\/v2\/media\/3142"}],"wp:attachment":[{"href":"https:\/\/epic.net.ar\/en\/wp-json\/wp\/v2\/media?parent=3405"}],"wp:term":[{"taxonomy":"product_brand","embeddable":true,"href":"https:\/\/epic.net.ar\/en\/wp-json\/wp\/v2\/product_brand?post=3405"},{"taxonomy":"product_cat","embeddable":true,"href":"https:\/\/epic.net.ar\/en\/wp-json\/wp\/v2\/product_cat?post=3405"},{"taxonomy":"product_tag","embeddable":true,"href":"https:\/\/epic.net.ar\/en\/wp-json\/wp\/v2\/product_tag?post=3405"}],"curies":[{"name":"wp","href":"https:\/\/api.w.org\/{rel}","templated":true}]}}