{"id":3022,"date":"2021-12-14T08:59:36","date_gmt":"2021-12-14T11:59:36","guid":{"rendered":"https:\/\/epic.net.ar\/?post_type=product&#038;p=3022"},"modified":"2025-10-17T09:27:52","modified_gmt":"2025-10-17T12:27:52","slug":"osciloscopio-owon-sds1102-100-mhz-2-ch","status":"publish","type":"product","link":"https:\/\/epic.net.ar\/en\/product\/osciloscopio-owon-sds1102-100-mhz-2-ch\/","title":{"rendered":"OSCILOSCOPIO OWON SDS1102 100 MHZ 2 CH"},"content":{"rendered":"<h3 class=\"western\">Osciloscopio OWON SDS1102 100 MHz 2 CH<\/h3>\n<p>\u2013 Osciloscopio de Almacenamiento Digital<br \/>\n\u2013 Ancho de banda: 100MHz<br \/>\n\u2013 2 canales<br \/>\n\u2013 Frecuencia de muestreo: 1GS\/s<br \/>\n\u2013 Dise\u00f1o ultrafino<br \/>\n\u2013 LCD de alta resoluci\u00f3n de 7 pulgadas<br \/>\n\u2013 SCPI y LabVIEW soportados<\/p>\n<p>&nbsp;<\/p>\n<h3>ESPECIFICACIONES T\u00c9CNICAS<\/h3>\n<p>\u2013 Bandwidth 100MHz<br \/>\n\u2013 Sample Rate 1GS\/s<br \/>\n\u2013 Horizontal Scale (s\/div) 2ns\/div \u2013 1000s\/div, step by 1 \u2013 2 \u2013 5<br \/>\n\u2013 Rise Time (at input, typical) =17.5ns<br \/>\n\u2013 Channel 2<br \/>\n\u2013 Display 7\u2033 color LCD, 800 x 480 pixels<br \/>\n\u2013 Input Impedance 1MO : 2%, in parallel with 20pF : 5pF<br \/>\n\u2013 Channel Isolation 50Hz : 100 : 1, 10MHz : 40 : 1<br \/>\n\u2013 Max Input Voltage 400V (PK \u2013 PK) (DC+AC, PK \u2013 PK)<br \/>\n\u2013 DC Gain Accuracy :3%<br \/>\n\u2013 Record Length 10K<br \/>\n\u2013 DC Accuracy (average) Average=16: (3% reading + 0.05 div) for ?V<br \/>\n\u2013 Probe Attenuation Factor 1X, 10X, 100X, 1000X<br \/>\n\u2013 LF Respond (AC, -3dB) =10Hz (at input, AC coupling, -3dB)<br \/>\n\u2013 Sample Rate \/ Relay Time<br \/>\n\u2013 Accuracy : 100ppm<br \/>\n\u2013 Interpolation sin (x) \/ x<br \/>\n\u2013 Interval (DeltaT) Accuracy<br \/>\n\u2013 (full bandwidth)<br \/>\n\u2013 Single : (1 interval time + 100ppm x reading + 0.6ns),<br \/>\n\u2013 Average&gt;16 : (1 interval time + 100ppm x reading + 0.4ns)<br \/>\n\u2013 Input Coupling DC, AC , and GND<br \/>\n\u2013 Vertical Resolution (A\/D) 8 bits (2 channels simultaneously)<br \/>\n\u2013 Vertical Sensitivity 5mV\/div \u2013 5V\/div (at input)<br \/>\n\u2013 Trigger Type Edge, Video<br \/>\n\u2013 Trigger Mode Auto, Normal, and Single<br \/>\n\u2013 Trigger Level :5 divisions from screen center<br \/>\n\u2013 Line \/ Field Frequency (video) NTSC, PAL and SECAM standard<br \/>\n\u2013 Cursor Measurement DeltaV, and DeltaT between cursors<\/p>\n<h3>INCLUYE<\/h3>\n<p>\u2013 Cable de alimentaci\u00f3n<br \/>\n\u2013 Cable USB<br \/>\n\u2013 CD Rom con el software<br \/>\n\u2013 Manual de usuario en espa\u00f1ol<br \/>\n\u2013 2 Puntas de prueba x1: x10<br \/>\n\u2013 Bolso opcional<\/p>","protected":false},"excerpt":{"rendered":"<h3>Osciloscopio Digital 2 Canales, 100MHz<\/h3>\n<p>Visualiz\u00e1 y grab\u00e1 se\u00f1ales en tu banco de trabajo.<br \/>\nExcelente relaci\u00f3n precio\/calidad.<\/p>","protected":false},"featured_media":3023,"comment_status":"closed","ping_status":"closed","template":"","meta":{"_et_pb_use_builder":"","_et_pb_old_content":"","_et_gb_content_width":"","_uag_custom_page_level_css":"","_joinchat":[]},"product_brand":[],"product_cat":[21,22],"product_tag":[48],"class_list":{"0":"post-3022","1":"product","2":"type-product","3":"status-publish","4":"has-post-thumbnail","6":"product_cat-instrumental-electronico","7":"product_cat-osciloscopios","8":"product_tag-owon","10":"first","11":"outofstock","12":"sale","13":"sold-individually","14":"shipping-taxable","15":"purchasable","16":"product-type-simple","17":"add-to-wishlist-before_image"},"uagb_featured_image_src":{"full":["https:\/\/epic.net.ar\/wp-content\/uploads\/2021\/12\/176-sds1052-osciloscopio-digital-owon-50-mhz-2-ch-pant-color-7-.jpg",1080,1080,false],"thumbnail":["https:\/\/epic.net.ar\/wp-content\/uploads\/2021\/12\/176-sds1052-osciloscopio-digital-owon-50-mhz-2-ch-pant-color-7--150x150.jpg",150,150,true],"medium":["https:\/\/epic.net.ar\/wp-content\/uploads\/2021\/12\/176-sds1052-osciloscopio-digital-owon-50-mhz-2-ch-pant-color-7--300x300.jpg",300,300,true],"medium_large":["https:\/\/epic.net.ar\/wp-content\/uploads\/2021\/12\/176-sds1052-osciloscopio-digital-owon-50-mhz-2-ch-pant-color-7--768x768.jpg",768,768,true],"large":["https:\/\/epic.net.ar\/wp-content\/uploads\/2021\/12\/176-sds1052-osciloscopio-digital-owon-50-mhz-2-ch-pant-color-7--1024x1024.jpg",1024,1024,true],"1536x1536":["https:\/\/epic.net.ar\/wp-content\/uploads\/2021\/12\/176-sds1052-osciloscopio-digital-owon-50-mhz-2-ch-pant-color-7-.jpg",1080,1080,false],"2048x2048":["https:\/\/epic.net.ar\/wp-content\/uploads\/2021\/12\/176-sds1052-osciloscopio-digital-owon-50-mhz-2-ch-pant-color-7-.jpg",1080,1080,false],"trp-custom-language-flag":["https:\/\/epic.net.ar\/wp-content\/uploads\/2021\/12\/176-sds1052-osciloscopio-digital-owon-50-mhz-2-ch-pant-color-7-.jpg",12,12,false],"et-pb-post-main-image":["https:\/\/epic.net.ar\/wp-content\/uploads\/2021\/12\/176-sds1052-osciloscopio-digital-owon-50-mhz-2-ch-pant-color-7--400x250.jpg",400,250,true],"et-pb-post-main-image-fullwidth":["https:\/\/epic.net.ar\/wp-content\/uploads\/2021\/12\/176-sds1052-osciloscopio-digital-owon-50-mhz-2-ch-pant-color-7--1080x675.jpg",1080,675,true],"et-pb-portfolio-image":["https:\/\/epic.net.ar\/wp-content\/uploads\/2021\/12\/176-sds1052-osciloscopio-digital-owon-50-mhz-2-ch-pant-color-7--400x284.jpg",400,284,true],"et-pb-portfolio-module-image":["https:\/\/epic.net.ar\/wp-content\/uploads\/2021\/12\/176-sds1052-osciloscopio-digital-owon-50-mhz-2-ch-pant-color-7--510x382.jpg",510,382,true],"et-pb-portfolio-image-single":["https:\/\/epic.net.ar\/wp-content\/uploads\/2021\/12\/176-sds1052-osciloscopio-digital-owon-50-mhz-2-ch-pant-color-7-.jpg",1080,1080,false],"et-pb-gallery-module-image-portrait":["https:\/\/epic.net.ar\/wp-content\/uploads\/2021\/12\/176-sds1052-osciloscopio-digital-owon-50-mhz-2-ch-pant-color-7--400x516.jpg",400,516,true],"et-pb-post-main-image-fullwidth-large":["https:\/\/epic.net.ar\/wp-content\/uploads\/2021\/12\/176-sds1052-osciloscopio-digital-owon-50-mhz-2-ch-pant-color-7-.jpg",1080,1080,false],"et-pb-image--responsive--desktop":["https:\/\/epic.net.ar\/wp-content\/uploads\/2021\/12\/176-sds1052-osciloscopio-digital-owon-50-mhz-2-ch-pant-color-7-.jpg",720,720,false],"et-pb-image--responsive--tablet":["https:\/\/epic.net.ar\/wp-content\/uploads\/2021\/12\/176-sds1052-osciloscopio-digital-owon-50-mhz-2-ch-pant-color-7--980x980.jpg",551,551,true],"et-pb-image--responsive--phone":["https:\/\/epic.net.ar\/wp-content\/uploads\/2021\/12\/176-sds1052-osciloscopio-digital-owon-50-mhz-2-ch-pant-color-7--480x480.jpg",270,270,true],"woocommerce_thumbnail":["https:\/\/epic.net.ar\/wp-content\/uploads\/2021\/12\/176-sds1052-osciloscopio-digital-owon-50-mhz-2-ch-pant-color-7--300x300.jpg",300,300,true],"woocommerce_single":["https:\/\/epic.net.ar\/wp-content\/uploads\/2021\/12\/176-sds1052-osciloscopio-digital-owon-50-mhz-2-ch-pant-color-7--600x600.jpg",600,600,true],"woocommerce_gallery_thumbnail":["https:\/\/epic.net.ar\/wp-content\/uploads\/2021\/12\/176-sds1052-osciloscopio-digital-owon-50-mhz-2-ch-pant-color-7--100x100.jpg",100,100,true],"dgwt-wcas-product-suggestion":["https:\/\/epic.net.ar\/wp-content\/uploads\/2021\/12\/176-sds1052-osciloscopio-digital-owon-50-mhz-2-ch-pant-color-7--64x64.jpg",64,64,true]},"uagb_author_info":{"display_name":"epic Equipamiento Electr\u00f3nico","author_link":"https:\/\/epic.net.ar\/en\/author\/"},"uagb_comment_info":0,"uagb_excerpt":"Osciloscopio Digital 2 Canales, 100MHz Visualiz\u00e1 y grab\u00e1 se\u00f1ales en tu banco de trabajo. Excelente relaci\u00f3n precio\/calidad.","_links":{"self":[{"href":"https:\/\/epic.net.ar\/en\/wp-json\/wp\/v2\/product\/3022","targetHints":{"allow":["GET"]}}],"collection":[{"href":"https:\/\/epic.net.ar\/en\/wp-json\/wp\/v2\/product"}],"about":[{"href":"https:\/\/epic.net.ar\/en\/wp-json\/wp\/v2\/types\/product"}],"replies":[{"embeddable":true,"href":"https:\/\/epic.net.ar\/en\/wp-json\/wp\/v2\/comments?post=3022"}],"wp:featuredmedia":[{"embeddable":true,"href":"https:\/\/epic.net.ar\/en\/wp-json\/wp\/v2\/media\/3023"}],"wp:attachment":[{"href":"https:\/\/epic.net.ar\/en\/wp-json\/wp\/v2\/media?parent=3022"}],"wp:term":[{"taxonomy":"product_brand","embeddable":true,"href":"https:\/\/epic.net.ar\/en\/wp-json\/wp\/v2\/product_brand?post=3022"},{"taxonomy":"product_cat","embeddable":true,"href":"https:\/\/epic.net.ar\/en\/wp-json\/wp\/v2\/product_cat?post=3022"},{"taxonomy":"product_tag","embeddable":true,"href":"https:\/\/epic.net.ar\/en\/wp-json\/wp\/v2\/product_tag?post=3022"}],"curies":[{"name":"wp","href":"https:\/\/api.w.org\/{rel}","templated":true}]}}