{"id":2617,"date":"2021-08-27T10:30:50","date_gmt":"2021-08-27T13:30:50","guid":{"rendered":"https:\/\/epic.net.ar\/?post_type=product&#038;p=2617"},"modified":"2025-07-14T11:54:37","modified_gmt":"2025-07-14T14:54:37","slug":"pincha-cables-para-cables-extra-finos","status":"publish","type":"product","link":"https:\/\/epic.net.ar\/en\/product\/pincha-cables-para-cables-extra-finos\/","title":{"rendered":"PINCHA CABLES PARA CABLES EXTRA FINOS"},"content":{"rendered":"<p>Con un dise\u00f1o especial en la cabeza, este pincha cables posee una gu\u00eda centradora que al toparse con la vaina del cable aflora su micro aguja pinch\u00e1ndolo inmediatamente.<br \/>\nNo importa lo fino que sea el cable, su micro aguja siempre lo pinchara en el medio.<br \/>\nDe cuerpo fino y extra largo, para acceder a los lugares mas inc\u00f3modos o manojos ultra compactos.<br \/>\nNo deja ning\u00fan da\u00f1o en el cable ya que su micro aguja esta dise\u00f1ada especialmente para ello.<br \/>\nLa estructura interna tiene un ba\u00f1o en oro para una mejor conectividad.<br \/>\nPuede usarse con cualquier instrumento de diagnostico: Mult\u00edmetros, Osciloscopios, scanners, etc.<br \/>\nSu conector es del tipo banana ( universal )<\/p>\n<p>Mide hasta 3,40mm<br \/>\nMade in USA.<\/p>","protected":false},"excerpt":{"rendered":"<p>No da\u00f1a los cables.<br \/>\nLa micro aguja busca el centro del cable.<br \/>\nMide hasta 3,40mm<br \/>\nMade in USA<\/p>","protected":false},"featured_media":2620,"comment_status":"closed","ping_status":"closed","template":"","meta":{"_et_pb_use_builder":"","_et_pb_old_content":"","_et_gb_content_width":"","_uag_custom_page_level_css":"","_joinchat":[]},"product_brand":[],"product_cat":[27,25,28],"product_tag":[],"class_list":{"0":"post-2617","1":"product","2":"type-product","3":"status-publish","4":"has-post-thumbnail","6":"product_cat-laboratorio","7":"product_cat-otros","8":"product_cat-taller","10":"first","11":"outofstock","12":"shipping-taxable","13":"purchasable","14":"product-type-simple","15":"add-to-wishlist-before_image"},"uagb_featured_image_src":{"full":["https:\/\/epic.net.ar\/wp-content\/uploads\/2021\/08\/Pincha-Cables-1-e1630072019506.png",414,640,false],"thumbnail":["https:\/\/epic.net.ar\/wp-content\/uploads\/2021\/08\/Pincha-Cables-1-e1630072019506-150x150.png",150,150,true],"medium":["https:\/\/epic.net.ar\/wp-content\/uploads\/2021\/08\/Pincha-Cables-1-e1630072019506-194x300.png",194,300,true],"medium_large":["https:\/\/epic.net.ar\/wp-content\/uploads\/2021\/08\/Pincha-Cables-1-e1630072019506.png",414,640,false],"large":["https:\/\/epic.net.ar\/wp-content\/uploads\/2021\/08\/Pincha-Cables-1-e1630072019506.png",414,640,false],"1536x1536":["https:\/\/epic.net.ar\/wp-content\/uploads\/2021\/08\/Pincha-Cables-1-e1630072019506.png",414,640,false],"2048x2048":["https:\/\/epic.net.ar\/wp-content\/uploads\/2021\/08\/Pincha-Cables-1-e1630072019506.png",414,640,false],"trp-custom-language-flag":["https:\/\/epic.net.ar\/wp-content\/uploads\/2021\/08\/Pincha-Cables-1-e1630072019506.png",8,12,false],"et-pb-post-main-image":["https:\/\/epic.net.ar\/wp-content\/uploads\/2021\/08\/Pincha-Cables-1-e1630072019506-400x250.png",400,250,true],"et-pb-post-main-image-fullwidth":["https:\/\/epic.net.ar\/wp-content\/uploads\/2021\/08\/Pincha-Cables-1-e1630072019506.png",414,640,false],"et-pb-portfolio-image":["https:\/\/epic.net.ar\/wp-content\/uploads\/2021\/08\/Pincha-Cables-1-e1630072019506-400x284.png",400,284,true],"et-pb-portfolio-module-image":["https:\/\/epic.net.ar\/wp-content\/uploads\/2021\/08\/Pincha-Cables-1-e1630072019506-414x382.png",414,382,true],"et-pb-portfolio-image-single":["https:\/\/epic.net.ar\/wp-content\/uploads\/2021\/08\/Pincha-Cables-1-e1630072019506.png",414,640,false],"et-pb-gallery-module-image-portrait":["https:\/\/epic.net.ar\/wp-content\/uploads\/2021\/08\/Pincha-Cables-1-e1630072019506-400x516.png",400,516,true],"et-pb-post-main-image-fullwidth-large":["https:\/\/epic.net.ar\/wp-content\/uploads\/2021\/08\/Pincha-Cables-1-e1630072019506.png",414,640,false],"et-pb-image--responsive--desktop":["https:\/\/epic.net.ar\/wp-content\/uploads\/2021\/08\/Pincha-Cables-1-e1630072019506.png",414,640,false],"et-pb-image--responsive--tablet":["https:\/\/epic.net.ar\/wp-content\/uploads\/2021\/08\/Pincha-Cables-1-e1630072019506-414x551.png",414,551,true],"et-pb-image--responsive--phone":["https:\/\/epic.net.ar\/wp-content\/uploads\/2021\/08\/Pincha-Cables-1-e1630072019506-414x270.png",414,270,true],"woocommerce_thumbnail":["https:\/\/epic.net.ar\/wp-content\/uploads\/2021\/08\/Pincha-Cables-1-e1630072019506-300x300.png",300,300,true],"woocommerce_single":["https:\/\/epic.net.ar\/wp-content\/uploads\/2021\/08\/Pincha-Cables-1-e1630072019506.png",414,640,false],"woocommerce_gallery_thumbnail":["https:\/\/epic.net.ar\/wp-content\/uploads\/2021\/08\/Pincha-Cables-1-e1630072019506-100x100.png",100,100,true],"dgwt-wcas-product-suggestion":["https:\/\/epic.net.ar\/wp-content\/uploads\/2021\/08\/Pincha-Cables-1-e1630072019506-64x99.png",64,99,true]},"uagb_author_info":{"display_name":"epic Equipamiento Electr\u00f3nico","author_link":"https:\/\/epic.net.ar\/en\/author\/"},"uagb_comment_info":0,"uagb_excerpt":"No da\u00f1a los cables. La micro aguja busca el centro del cable. Mide hasta 3,40mm Made in USA","_links":{"self":[{"href":"https:\/\/epic.net.ar\/en\/wp-json\/wp\/v2\/product\/2617","targetHints":{"allow":["GET"]}}],"collection":[{"href":"https:\/\/epic.net.ar\/en\/wp-json\/wp\/v2\/product"}],"about":[{"href":"https:\/\/epic.net.ar\/en\/wp-json\/wp\/v2\/types\/product"}],"replies":[{"embeddable":true,"href":"https:\/\/epic.net.ar\/en\/wp-json\/wp\/v2\/comments?post=2617"}],"wp:featuredmedia":[{"embeddable":true,"href":"https:\/\/epic.net.ar\/en\/wp-json\/wp\/v2\/media\/2620"}],"wp:attachment":[{"href":"https:\/\/epic.net.ar\/en\/wp-json\/wp\/v2\/media?parent=2617"}],"wp:term":[{"taxonomy":"product_brand","embeddable":true,"href":"https:\/\/epic.net.ar\/en\/wp-json\/wp\/v2\/product_brand?post=2617"},{"taxonomy":"product_cat","embeddable":true,"href":"https:\/\/epic.net.ar\/en\/wp-json\/wp\/v2\/product_cat?post=2617"},{"taxonomy":"product_tag","embeddable":true,"href":"https:\/\/epic.net.ar\/en\/wp-json\/wp\/v2\/product_tag?post=2617"}],"curies":[{"name":"wp","href":"https:\/\/api.w.org\/{rel}","templated":true}]}}