{"id":1954,"date":"2021-06-22T14:54:51","date_gmt":"2021-06-22T17:54:51","guid":{"rendered":"https:\/\/epic.net.ar\/?post_type=product&#038;p=1954"},"modified":"2025-03-08T08:47:12","modified_gmt":"2025-03-08T11:47:12","slug":"aislamatic","status":"publish","type":"product","link":"https:\/\/epic.net.ar\/en\/product\/aislamatic\/","title":{"rendered":"Aislamatic 130g\/180cc"},"content":{"rendered":"<div data-canvas-width=\"93.29866805585792\"><strong>AISLAMATIC<br \/>\n<\/strong>Aislante para alta tensi\u00f3n y protector acr\u00edlico. Deja una capa resistente a la intemperie, humedad y oxidaci\u00f3n. De r\u00e1pido secado y apariencia transparente, posee una rigidez diel\u00e9ctrica de 30.000V\/mm.<\/div>\n<div data-canvas-width=\"759.2712843635142\"><\/div>\n<div data-canvas-width=\"759.2712843635142\">Recomendado para equipos electr\u00f3nicos que requieran protecci\u00f3n a condiciones ambientales rigurosas y diferencias de potencial elevadas.<\/div>\n<div data-canvas-width=\"759.2712843635142\"><\/div>\n<div data-canvas-width=\"519.6241775242869\">AISLAMATIC es 100% seguro para la capa de ozono.<\/div>\n<div data-canvas-width=\"519.6241775242869\"><\/div>\n<div data-canvas-width=\"976.197183158685\">\n<div data-canvas-width=\"561.0202810081819\">Debe utilizarse en equipos apagados.<\/div>\n<\/div>\n<p>130gr.<\/p>","protected":false},"excerpt":{"rendered":"<h3>NO SE ENV\u00cdA ESTE PRODUCTO.<\/h3>\n<p><strong>AISLAMATIC.<br \/>\n<\/strong>Aislante acr\u00edlico para alta tensi\u00f3n y protector acr\u00edlico, de alta rigidez diel\u00e9ctrica (30.000 V) para equipos electr\u00f3nicos.<\/p>\n<p>.<\/p>","protected":false},"featured_media":1981,"comment_status":"closed","ping_status":"closed","template":"","meta":{"_et_pb_use_builder":"","_et_pb_old_content":"","_et_gb_content_width":"","_uag_custom_page_level_css":"","_joinchat":[]},"product_brand":[],"product_cat":[29],"product_tag":[],"class_list":{"0":"post-1954","1":"product","2":"type-product","3":"status-publish","4":"has-post-thumbnail","6":"product_cat-insumos","8":"first","9":"outofstock","10":"shipping-taxable","11":"purchasable","12":"product-type-simple","13":"add-to-wishlist-before_image"},"uagb_featured_image_src":{"full":["https:\/\/epic.net.ar\/wp-content\/uploads\/2021\/06\/A.jpg",1200,1200,false],"thumbnail":["https:\/\/epic.net.ar\/wp-content\/uploads\/2021\/06\/A-150x150.jpg",150,150,true],"medium":["https:\/\/epic.net.ar\/wp-content\/uploads\/2021\/06\/A-300x300.jpg",300,300,true],"medium_large":["https:\/\/epic.net.ar\/wp-content\/uploads\/2021\/06\/A-768x768.jpg",768,768,true],"large":["https:\/\/epic.net.ar\/wp-content\/uploads\/2021\/06\/A-1024x1024.jpg",1024,1024,true],"1536x1536":["https:\/\/epic.net.ar\/wp-content\/uploads\/2021\/06\/A.jpg",1200,1200,false],"2048x2048":["https:\/\/epic.net.ar\/wp-content\/uploads\/2021\/06\/A.jpg",1200,1200,false],"trp-custom-language-flag":["https:\/\/epic.net.ar\/wp-content\/uploads\/2021\/06\/A.jpg",12,12,false],"et-pb-post-main-image":["https:\/\/epic.net.ar\/wp-content\/uploads\/2021\/06\/A-400x250.jpg",400,250,true],"et-pb-post-main-image-fullwidth":["https:\/\/epic.net.ar\/wp-content\/uploads\/2021\/06\/A-1080x675.jpg",1080,675,true],"et-pb-portfolio-image":["https:\/\/epic.net.ar\/wp-content\/uploads\/2021\/06\/A-400x284.jpg",400,284,true],"et-pb-portfolio-module-image":["https:\/\/epic.net.ar\/wp-content\/uploads\/2021\/06\/A-510x382.jpg",510,382,true],"et-pb-portfolio-image-single":["https:\/\/epic.net.ar\/wp-content\/uploads\/2021\/06\/A-1080x1080.jpg",1080,1080,true],"et-pb-gallery-module-image-portrait":["https:\/\/epic.net.ar\/wp-content\/uploads\/2021\/06\/A-400x516.jpg",400,516,true],"et-pb-post-main-image-fullwidth-large":["https:\/\/epic.net.ar\/wp-content\/uploads\/2021\/06\/A.jpg",1200,1200,false],"et-pb-image--responsive--desktop":["https:\/\/epic.net.ar\/wp-content\/uploads\/2021\/06\/A.jpg",720,720,false],"et-pb-image--responsive--tablet":["https:\/\/epic.net.ar\/wp-content\/uploads\/2021\/06\/A-980x980.jpg",551,551,true],"et-pb-image--responsive--phone":["https:\/\/epic.net.ar\/wp-content\/uploads\/2021\/06\/A-480x480.jpg",270,270,true],"woocommerce_thumbnail":["https:\/\/epic.net.ar\/wp-content\/uploads\/2021\/06\/A-300x300.jpg",300,300,true],"woocommerce_single":["https:\/\/epic.net.ar\/wp-content\/uploads\/2021\/06\/A-600x600.jpg",600,600,true],"woocommerce_gallery_thumbnail":["https:\/\/epic.net.ar\/wp-content\/uploads\/2021\/06\/A-100x100.jpg",100,100,true],"dgwt-wcas-product-suggestion":["https:\/\/epic.net.ar\/wp-content\/uploads\/2021\/06\/A-64x64.jpg",64,64,true]},"uagb_author_info":{"display_name":"epic Equipamiento Electr\u00f3nico","author_link":"https:\/\/epic.net.ar\/en\/author\/"},"uagb_comment_info":0,"uagb_excerpt":"NO SE ENV\u00cdA ESTE PRODUCTO. AISLAMATIC. Aislante acr\u00edlico para alta tensi\u00f3n y protector acr\u00edlico, de alta rigidez diel\u00e9ctrica (30.000 V) para equipos electr\u00f3nicos. .","_links":{"self":[{"href":"https:\/\/epic.net.ar\/en\/wp-json\/wp\/v2\/product\/1954","targetHints":{"allow":["GET"]}}],"collection":[{"href":"https:\/\/epic.net.ar\/en\/wp-json\/wp\/v2\/product"}],"about":[{"href":"https:\/\/epic.net.ar\/en\/wp-json\/wp\/v2\/types\/product"}],"replies":[{"embeddable":true,"href":"https:\/\/epic.net.ar\/en\/wp-json\/wp\/v2\/comments?post=1954"}],"wp:featuredmedia":[{"embeddable":true,"href":"https:\/\/epic.net.ar\/en\/wp-json\/wp\/v2\/media\/1981"}],"wp:attachment":[{"href":"https:\/\/epic.net.ar\/en\/wp-json\/wp\/v2\/media?parent=1954"}],"wp:term":[{"taxonomy":"product_brand","embeddable":true,"href":"https:\/\/epic.net.ar\/en\/wp-json\/wp\/v2\/product_brand?post=1954"},{"taxonomy":"product_cat","embeddable":true,"href":"https:\/\/epic.net.ar\/en\/wp-json\/wp\/v2\/product_cat?post=1954"},{"taxonomy":"product_tag","embeddable":true,"href":"https:\/\/epic.net.ar\/en\/wp-json\/wp\/v2\/product_tag?post=1954"}],"curies":[{"name":"wp","href":"https:\/\/api.w.org\/{rel}","templated":true}]}}