{"id":1952,"date":"2021-06-22T14:48:06","date_gmt":"2021-06-22T17:48:06","guid":{"rendered":"https:\/\/epic.net.ar\/?post_type=product&#038;p=1952"},"modified":"2026-01-02T15:30:51","modified_gmt":"2026-01-02T18:30:51","slug":"desplazante-de-humedad","status":"publish","type":"product","link":"https:\/\/epic.net.ar\/en\/product\/desplazante-de-humedad\/","title":{"rendered":"Desplazante de humedad 275\/330 cc"},"content":{"rendered":"<div data-canvas-width=\"119.3740556444592\"><\/div>\n<div data-canvas-width=\"854.809502270888\">Remueve restos de agua, dejando una pel\u00edcula protectora repelente a la humedad ambiente. Previene las fallas el\u00e9ctricas debido a falsos contactos por oxidaci\u00f3n y herrumbre.<\/div>\n<div data-canvas-width=\"194.6200344248465\"><\/div>\n<div data-canvas-width=\"500.42733749198214\">La aplicaci\u00f3n del Desplazante de HUMEDAD permite tambi\u00e9n limpiar la suciedad por la presencia de grasas, aceites, polvo u holl\u00edn.<\/div>\n<div data-canvas-width=\"43.13101923115268\"><\/div>\n<div data-canvas-width=\"976.197183158685\">La pel\u00edcula no se seca, no se endurece ni se resquebraja. Brinda adicionalmente un efecto lubricante entre las superficies de contacto.<\/div>\n<p>275gr.<\/p>","protected":false},"excerpt":{"rendered":"<h3>NO SE ENV\u00cdA ESTE PRODUCTO.<\/h3>\n<p>Remueve restos de agua, dejando una pel\u00edcula protectora repelente a la humedad ambiente.<\/p>","protected":false},"featured_media":1979,"comment_status":"closed","ping_status":"closed","template":"","meta":{"_et_pb_use_builder":"","_et_pb_old_content":"","_et_gb_content_width":"","_uag_custom_page_level_css":"","_joinchat":[]},"product_brand":[],"product_cat":[29],"product_tag":[],"class_list":{"0":"post-1952","1":"product","2":"type-product","3":"status-publish","4":"has-post-thumbnail","6":"product_cat-insumos","8":"first","9":"outofstock","10":"shipping-taxable","11":"purchasable","12":"product-type-simple","13":"add-to-wishlist-before_image"},"uagb_featured_image_src":{"full":["https:\/\/epic.net.ar\/wp-content\/uploads\/2021\/06\/DEHU.jpg",1200,1200,false],"thumbnail":["https:\/\/epic.net.ar\/wp-content\/uploads\/2021\/06\/DEHU-150x150.jpg",150,150,true],"medium":["https:\/\/epic.net.ar\/wp-content\/uploads\/2021\/06\/DEHU-300x300.jpg",300,300,true],"medium_large":["https:\/\/epic.net.ar\/wp-content\/uploads\/2021\/06\/DEHU-768x768.jpg",768,768,true],"large":["https:\/\/epic.net.ar\/wp-content\/uploads\/2021\/06\/DEHU-1024x1024.jpg",1024,1024,true],"1536x1536":["https:\/\/epic.net.ar\/wp-content\/uploads\/2021\/06\/DEHU.jpg",1200,1200,false],"2048x2048":["https:\/\/epic.net.ar\/wp-content\/uploads\/2021\/06\/DEHU.jpg",1200,1200,false],"trp-custom-language-flag":["https:\/\/epic.net.ar\/wp-content\/uploads\/2021\/06\/DEHU.jpg",12,12,false],"et-pb-post-main-image":["https:\/\/epic.net.ar\/wp-content\/uploads\/2021\/06\/DEHU-400x250.jpg",400,250,true],"et-pb-post-main-image-fullwidth":["https:\/\/epic.net.ar\/wp-content\/uploads\/2021\/06\/DEHU-1080x675.jpg",1080,675,true],"et-pb-portfolio-image":["https:\/\/epic.net.ar\/wp-content\/uploads\/2021\/06\/DEHU-400x284.jpg",400,284,true],"et-pb-portfolio-module-image":["https:\/\/epic.net.ar\/wp-content\/uploads\/2021\/06\/DEHU-510x382.jpg",510,382,true],"et-pb-portfolio-image-single":["https:\/\/epic.net.ar\/wp-content\/uploads\/2021\/06\/DEHU-1080x1080.jpg",1080,1080,true],"et-pb-gallery-module-image-portrait":["https:\/\/epic.net.ar\/wp-content\/uploads\/2021\/06\/DEHU-400x516.jpg",400,516,true],"et-pb-post-main-image-fullwidth-large":["https:\/\/epic.net.ar\/wp-content\/uploads\/2021\/06\/DEHU.jpg",1200,1200,false],"et-pb-image--responsive--desktop":["https:\/\/epic.net.ar\/wp-content\/uploads\/2021\/06\/DEHU.jpg",720,720,false],"et-pb-image--responsive--tablet":["https:\/\/epic.net.ar\/wp-content\/uploads\/2021\/06\/DEHU-980x980.jpg",551,551,true],"et-pb-image--responsive--phone":["https:\/\/epic.net.ar\/wp-content\/uploads\/2021\/06\/DEHU-480x480.jpg",270,270,true],"woocommerce_thumbnail":["https:\/\/epic.net.ar\/wp-content\/uploads\/2021\/06\/DEHU-300x300.jpg",300,300,true],"woocommerce_single":["https:\/\/epic.net.ar\/wp-content\/uploads\/2021\/06\/DEHU-600x600.jpg",600,600,true],"woocommerce_gallery_thumbnail":["https:\/\/epic.net.ar\/wp-content\/uploads\/2021\/06\/DEHU-100x100.jpg",100,100,true],"dgwt-wcas-product-suggestion":["https:\/\/epic.net.ar\/wp-content\/uploads\/2021\/06\/DEHU-64x64.jpg",64,64,true]},"uagb_author_info":{"display_name":"epic Equipamiento Electr\u00f3nico","author_link":"https:\/\/epic.net.ar\/en\/author\/"},"uagb_comment_info":0,"uagb_excerpt":"NO SE ENV\u00cdA ESTE PRODUCTO. Remueve restos de agua, dejando una pel\u00edcula protectora repelente a la humedad ambiente.","_links":{"self":[{"href":"https:\/\/epic.net.ar\/en\/wp-json\/wp\/v2\/product\/1952","targetHints":{"allow":["GET"]}}],"collection":[{"href":"https:\/\/epic.net.ar\/en\/wp-json\/wp\/v2\/product"}],"about":[{"href":"https:\/\/epic.net.ar\/en\/wp-json\/wp\/v2\/types\/product"}],"replies":[{"embeddable":true,"href":"https:\/\/epic.net.ar\/en\/wp-json\/wp\/v2\/comments?post=1952"}],"wp:featuredmedia":[{"embeddable":true,"href":"https:\/\/epic.net.ar\/en\/wp-json\/wp\/v2\/media\/1979"}],"wp:attachment":[{"href":"https:\/\/epic.net.ar\/en\/wp-json\/wp\/v2\/media?parent=1952"}],"wp:term":[{"taxonomy":"product_brand","embeddable":true,"href":"https:\/\/epic.net.ar\/en\/wp-json\/wp\/v2\/product_brand?post=1952"},{"taxonomy":"product_cat","embeddable":true,"href":"https:\/\/epic.net.ar\/en\/wp-json\/wp\/v2\/product_cat?post=1952"},{"taxonomy":"product_tag","embeddable":true,"href":"https:\/\/epic.net.ar\/en\/wp-json\/wp\/v2\/product_tag?post=1952"}],"curies":[{"name":"wp","href":"https:\/\/api.w.org\/{rel}","templated":true}]}}