{"id":1951,"date":"2021-06-22T14:43:35","date_gmt":"2021-06-22T17:43:35","guid":{"rendered":"https:\/\/epic.net.ar\/?post_type=product&#038;p=1951"},"modified":"2025-07-14T11:54:31","modified_gmt":"2025-07-14T14:54:31","slug":"removedor-de-etiquetas","status":"publish","type":"product","link":"https:\/\/epic.net.ar\/en\/product\/removedor-de-etiquetas\/","title":{"rendered":"Removedor de etiquetas 330cc \/ 210g"},"content":{"rendered":"<div data-canvas-width=\"561.0226095356842\">Permite la r\u00e1pida remoci\u00f3n de etiquetas auto-adhesivas sobre superficies de vidrio, pl\u00e1sticos y metales.<\/div>\n<div data-canvas-width=\"561.0226095356842\"><\/div>\n<div data-canvas-width=\"561.0226095356842\">Su eficaz f\u00f3rmula neutraliza temporalmente la acci\u00f3n de los adhesivos para luego evaporarse r\u00e1pidamente, sin da\u00f1ar ni afectar la superficie tratada.<\/div>\n<div data-canvas-width=\"561.0226095356842\"><\/div>\n<div data-canvas-width=\"561.0226095356842\">El Removedor de Etiquetas no mancha ni ensucia. Elimina tambi\u00e9n los restos de adhesivos, residuos pegajosos y suciedad.<\/div>\n<p>210gr.<\/p>","protected":false},"excerpt":{"rendered":"<h3>NO SE ENV\u00cdA ESTE PRODUCTO.<\/h3>\n<p>Para la remoci\u00f3n de etiquetas auto-adhesivas, stickers y cintas sobre superficies de vidrio, pl\u00e1sticos y metales.<\/p>","protected":false},"featured_media":4004,"comment_status":"closed","ping_status":"closed","template":"","meta":{"_et_pb_use_builder":"","_et_pb_old_content":"","_et_gb_content_width":"","_uag_custom_page_level_css":"","_joinchat":[]},"product_brand":[],"product_cat":[29],"product_tag":[],"class_list":{"0":"post-1951","1":"product","2":"type-product","3":"status-publish","4":"has-post-thumbnail","6":"product_cat-insumos","8":"first","9":"instock","10":"shipping-taxable","11":"purchasable","12":"product-type-simple","13":"add-to-wishlist-before_image"},"uagb_featured_image_src":{"full":["https:\/\/epic.net.ar\/wp-content\/uploads\/2021\/06\/removedor-de-etiquetas.jpg",1080,1080,false],"thumbnail":["https:\/\/epic.net.ar\/wp-content\/uploads\/2021\/06\/removedor-de-etiquetas-150x150.jpg",150,150,true],"medium":["https:\/\/epic.net.ar\/wp-content\/uploads\/2021\/06\/removedor-de-etiquetas-300x300.jpg",300,300,true],"medium_large":["https:\/\/epic.net.ar\/wp-content\/uploads\/2021\/06\/removedor-de-etiquetas-768x768.jpg",768,768,true],"large":["https:\/\/epic.net.ar\/wp-content\/uploads\/2021\/06\/removedor-de-etiquetas-1024x1024.jpg",1024,1024,true],"1536x1536":["https:\/\/epic.net.ar\/wp-content\/uploads\/2021\/06\/removedor-de-etiquetas.jpg",1080,1080,false],"2048x2048":["https:\/\/epic.net.ar\/wp-content\/uploads\/2021\/06\/removedor-de-etiquetas.jpg",1080,1080,false],"trp-custom-language-flag":["https:\/\/epic.net.ar\/wp-content\/uploads\/2021\/06\/removedor-de-etiquetas.jpg",12,12,false],"et-pb-post-main-image":["https:\/\/epic.net.ar\/wp-content\/uploads\/2021\/06\/removedor-de-etiquetas-400x250.jpg",400,250,true],"et-pb-post-main-image-fullwidth":["https:\/\/epic.net.ar\/wp-content\/uploads\/2021\/06\/removedor-de-etiquetas-1080x675.jpg",1080,675,true],"et-pb-portfolio-image":["https:\/\/epic.net.ar\/wp-content\/uploads\/2021\/06\/removedor-de-etiquetas-400x284.jpg",400,284,true],"et-pb-portfolio-module-image":["https:\/\/epic.net.ar\/wp-content\/uploads\/2021\/06\/removedor-de-etiquetas-510x382.jpg",510,382,true],"et-pb-portfolio-image-single":["https:\/\/epic.net.ar\/wp-content\/uploads\/2021\/06\/removedor-de-etiquetas.jpg",1080,1080,false],"et-pb-gallery-module-image-portrait":["https:\/\/epic.net.ar\/wp-content\/uploads\/2021\/06\/removedor-de-etiquetas-400x516.jpg",400,516,true],"et-pb-post-main-image-fullwidth-large":["https:\/\/epic.net.ar\/wp-content\/uploads\/2021\/06\/removedor-de-etiquetas.jpg",1080,1080,false],"et-pb-image--responsive--desktop":["https:\/\/epic.net.ar\/wp-content\/uploads\/2021\/06\/removedor-de-etiquetas.jpg",720,720,false],"et-pb-image--responsive--tablet":["https:\/\/epic.net.ar\/wp-content\/uploads\/2021\/06\/removedor-de-etiquetas-980x980.jpg",551,551,true],"et-pb-image--responsive--phone":["https:\/\/epic.net.ar\/wp-content\/uploads\/2021\/06\/removedor-de-etiquetas-480x480.jpg",270,270,true],"woocommerce_thumbnail":["https:\/\/epic.net.ar\/wp-content\/uploads\/2021\/06\/removedor-de-etiquetas-300x300.jpg",300,300,true],"woocommerce_single":["https:\/\/epic.net.ar\/wp-content\/uploads\/2021\/06\/removedor-de-etiquetas-600x600.jpg",600,600,true],"woocommerce_gallery_thumbnail":["https:\/\/epic.net.ar\/wp-content\/uploads\/2021\/06\/removedor-de-etiquetas-100x100.jpg",100,100,true],"dgwt-wcas-product-suggestion":["https:\/\/epic.net.ar\/wp-content\/uploads\/2021\/06\/removedor-de-etiquetas-64x64.jpg",64,64,true]},"uagb_author_info":{"display_name":"epic Equipamiento Electr\u00f3nico","author_link":"https:\/\/epic.net.ar\/en\/author\/"},"uagb_comment_info":0,"uagb_excerpt":"NO SE ENV\u00cdA ESTE PRODUCTO. Para la remoci\u00f3n de etiquetas auto-adhesivas, stickers y cintas sobre superficies de vidrio, pl\u00e1sticos y metales.","_links":{"self":[{"href":"https:\/\/epic.net.ar\/en\/wp-json\/wp\/v2\/product\/1951","targetHints":{"allow":["GET"]}}],"collection":[{"href":"https:\/\/epic.net.ar\/en\/wp-json\/wp\/v2\/product"}],"about":[{"href":"https:\/\/epic.net.ar\/en\/wp-json\/wp\/v2\/types\/product"}],"replies":[{"embeddable":true,"href":"https:\/\/epic.net.ar\/en\/wp-json\/wp\/v2\/comments?post=1951"}],"wp:featuredmedia":[{"embeddable":true,"href":"https:\/\/epic.net.ar\/en\/wp-json\/wp\/v2\/media\/4004"}],"wp:attachment":[{"href":"https:\/\/epic.net.ar\/en\/wp-json\/wp\/v2\/media?parent=1951"}],"wp:term":[{"taxonomy":"product_brand","embeddable":true,"href":"https:\/\/epic.net.ar\/en\/wp-json\/wp\/v2\/product_brand?post=1951"},{"taxonomy":"product_cat","embeddable":true,"href":"https:\/\/epic.net.ar\/en\/wp-json\/wp\/v2\/product_cat?post=1951"},{"taxonomy":"product_tag","embeddable":true,"href":"https:\/\/epic.net.ar\/en\/wp-json\/wp\/v2\/product_tag?post=1951"}],"curies":[{"name":"wp","href":"https:\/\/api.w.org\/{rel}","templated":true}]}}