{"id":1950,"date":"2021-06-22T14:39:39","date_gmt":"2021-06-22T17:39:39","guid":{"rendered":"https:\/\/epic.net.ar\/?post_type=product&#038;p=1950"},"modified":"2025-07-14T11:54:30","modified_gmt":"2025-07-14T14:54:30","slug":"removedor-de-particulas-compitt-or","status":"publish","type":"product","link":"https:\/\/epic.net.ar\/en\/product\/removedor-de-particulas-compitt-or\/","title":{"rendered":"Removedor de part\u00edculas Compitt OR 440cc \/ 450g"},"content":{"rendered":"<p><strong>Removedor de part\u00edculas con gas inerte. Elimina el polvo sobre superficies fr\u00e1giles e inaccesibles sin acci\u00f3n abrasiva o mec\u00e1nica.<\/strong><\/p>\n<div data-canvas-width=\"1029.1187188550914\">Es un producto seco, neutro y puro. No es corrosivo, no deja residuos ni produce humedad. El actuador a gatillo permite una m\u00e1xima potencia de salida y la correcta regulaci\u00f3n del caudal, maximizando el rendimiento y la performance del producto.<\/div>\n<div data-canvas-width=\"311.2521233747879\">Compitt OR es compatible con todos los materiales, pudi\u00e9ndose utilizar en equipos en funcionamiento<\/div>\n<div><\/div>\n<p>450gr.<\/p>","protected":false},"excerpt":{"rendered":"<h3>NO SE ENV\u00cdA ESTE PRODUCTO.<\/h3>\n<p>Removedor de part\u00edculas con gas inerte. Elimina el polvo sobre superficies fr\u00e1giles e inaccesibles sin acci\u00f3n abrasiva o mec\u00e1nica.<\/p>","protected":false},"featured_media":1978,"comment_status":"closed","ping_status":"closed","template":"","meta":{"_et_pb_use_builder":"","_et_pb_old_content":"","_et_gb_content_width":"","_uag_custom_page_level_css":"","_joinchat":[]},"product_brand":[],"product_cat":[29],"product_tag":[],"class_list":{"0":"post-1950","1":"product","2":"type-product","3":"status-publish","4":"has-post-thumbnail","6":"product_cat-insumos","8":"first","9":"outofstock","10":"shipping-taxable","11":"purchasable","12":"product-type-simple","13":"add-to-wishlist-before_image"},"uagb_featured_image_src":{"full":["https:\/\/epic.net.ar\/wp-content\/uploads\/2021\/06\/ORGA.jpg",1200,1200,false],"thumbnail":["https:\/\/epic.net.ar\/wp-content\/uploads\/2021\/06\/ORGA-150x150.jpg",150,150,true],"medium":["https:\/\/epic.net.ar\/wp-content\/uploads\/2021\/06\/ORGA-300x300.jpg",300,300,true],"medium_large":["https:\/\/epic.net.ar\/wp-content\/uploads\/2021\/06\/ORGA-768x768.jpg",768,768,true],"large":["https:\/\/epic.net.ar\/wp-content\/uploads\/2021\/06\/ORGA-1024x1024.jpg",1024,1024,true],"1536x1536":["https:\/\/epic.net.ar\/wp-content\/uploads\/2021\/06\/ORGA.jpg",1200,1200,false],"2048x2048":["https:\/\/epic.net.ar\/wp-content\/uploads\/2021\/06\/ORGA.jpg",1200,1200,false],"trp-custom-language-flag":["https:\/\/epic.net.ar\/wp-content\/uploads\/2021\/06\/ORGA.jpg",12,12,false],"et-pb-post-main-image":["https:\/\/epic.net.ar\/wp-content\/uploads\/2021\/06\/ORGA-400x250.jpg",400,250,true],"et-pb-post-main-image-fullwidth":["https:\/\/epic.net.ar\/wp-content\/uploads\/2021\/06\/ORGA-1080x675.jpg",1080,675,true],"et-pb-portfolio-image":["https:\/\/epic.net.ar\/wp-content\/uploads\/2021\/06\/ORGA-400x284.jpg",400,284,true],"et-pb-portfolio-module-image":["https:\/\/epic.net.ar\/wp-content\/uploads\/2021\/06\/ORGA-510x382.jpg",510,382,true],"et-pb-portfolio-image-single":["https:\/\/epic.net.ar\/wp-content\/uploads\/2021\/06\/ORGA-1080x1080.jpg",1080,1080,true],"et-pb-gallery-module-image-portrait":["https:\/\/epic.net.ar\/wp-content\/uploads\/2021\/06\/ORGA-400x516.jpg",400,516,true],"et-pb-post-main-image-fullwidth-large":["https:\/\/epic.net.ar\/wp-content\/uploads\/2021\/06\/ORGA.jpg",1200,1200,false],"et-pb-image--responsive--desktop":["https:\/\/epic.net.ar\/wp-content\/uploads\/2021\/06\/ORGA.jpg",720,720,false],"et-pb-image--responsive--tablet":["https:\/\/epic.net.ar\/wp-content\/uploads\/2021\/06\/ORGA-980x980.jpg",551,551,true],"et-pb-image--responsive--phone":["https:\/\/epic.net.ar\/wp-content\/uploads\/2021\/06\/ORGA-480x480.jpg",270,270,true],"woocommerce_thumbnail":["https:\/\/epic.net.ar\/wp-content\/uploads\/2021\/06\/ORGA-300x300.jpg",300,300,true],"woocommerce_single":["https:\/\/epic.net.ar\/wp-content\/uploads\/2021\/06\/ORGA-600x600.jpg",600,600,true],"woocommerce_gallery_thumbnail":["https:\/\/epic.net.ar\/wp-content\/uploads\/2021\/06\/ORGA-100x100.jpg",100,100,true],"dgwt-wcas-product-suggestion":["https:\/\/epic.net.ar\/wp-content\/uploads\/2021\/06\/ORGA-64x64.jpg",64,64,true]},"uagb_author_info":{"display_name":"epic Equipamiento Electr\u00f3nico","author_link":"https:\/\/epic.net.ar\/en\/author\/"},"uagb_comment_info":0,"uagb_excerpt":"NO SE ENV\u00cdA ESTE PRODUCTO. Removedor de part\u00edculas con gas inerte. Elimina el polvo sobre superficies fr\u00e1giles e inaccesibles sin acci\u00f3n abrasiva o mec\u00e1nica.","_links":{"self":[{"href":"https:\/\/epic.net.ar\/en\/wp-json\/wp\/v2\/product\/1950","targetHints":{"allow":["GET"]}}],"collection":[{"href":"https:\/\/epic.net.ar\/en\/wp-json\/wp\/v2\/product"}],"about":[{"href":"https:\/\/epic.net.ar\/en\/wp-json\/wp\/v2\/types\/product"}],"replies":[{"embeddable":true,"href":"https:\/\/epic.net.ar\/en\/wp-json\/wp\/v2\/comments?post=1950"}],"wp:featuredmedia":[{"embeddable":true,"href":"https:\/\/epic.net.ar\/en\/wp-json\/wp\/v2\/media\/1978"}],"wp:attachment":[{"href":"https:\/\/epic.net.ar\/en\/wp-json\/wp\/v2\/media?parent=1950"}],"wp:term":[{"taxonomy":"product_brand","embeddable":true,"href":"https:\/\/epic.net.ar\/en\/wp-json\/wp\/v2\/product_brand?post=1950"},{"taxonomy":"product_cat","embeddable":true,"href":"https:\/\/epic.net.ar\/en\/wp-json\/wp\/v2\/product_cat?post=1950"},{"taxonomy":"product_tag","embeddable":true,"href":"https:\/\/epic.net.ar\/en\/wp-json\/wp\/v2\/product_tag?post=1950"}],"curies":[{"name":"wp","href":"https:\/\/api.w.org\/{rel}","templated":true}]}}