{"id":1940,"date":"2021-06-22T09:08:12","date_gmt":"2021-06-22T12:08:12","guid":{"rendered":"https:\/\/epic.net.ar\/?post_type=product&#038;p=1940"},"modified":"2025-08-20T14:35:37","modified_gmt":"2025-08-20T17:35:37","slug":"osciloscopio-owon-vds1022","status":"publish","type":"product","link":"https:\/\/epic.net.ar\/en\/product\/osciloscopio-owon-vds1022\/","title":{"rendered":"OSCILOSCOPIO OWON VDS1022  20MHZ  2 CH"},"content":{"rendered":"<h3 class=\"western\">Osciloscopio Virtual OWON VDS1022<\/h3>\n<p>Osciloscopio digital virtual compacto de 2 canales.\u00a0 Visualiz\u00e1 las se\u00f1ales en la pantalla de tu PC.<br \/>\nGraba se\u00f1ales para su posterior an\u00e1lisis.<br \/>\nExcelente relaci\u00f3n precio\/calidad.<\/p>\n<p><iframe loading=\"lazy\" title=\"OSCILOSCOPIO OWON VDS1022\" width=\"1080\" height=\"608\" src=\"https:\/\/www.youtube.com\/embed\/wC6ZJMXCpuk?feature=oembed\"  allow=\"accelerometer; autoplay; clipboard-write; encrypted-media; gyroscope; picture-in-picture; web-share\" referrerpolicy=\"strict-origin-when-cross-origin\" allowfullscreen><\/iframe><\/p>\n<p><span style=\"font-family: Arial;\"><span style=\"font-size: small;\">&#8211; 20MHz<br \/>\n&#8211; 2 Canales<br \/>\n&#8211; Conexi\u00f3n USB aislada para proteger a tu PC.<br \/>\n<\/span><\/span><\/p>","protected":false},"excerpt":{"rendered":"<h3>Osciloscopio Virtual 2 Canales, 20MHz<\/h3>\n<p>Grab\u00e1 y visualiz\u00e1 se\u00f1ales en la pantalla de tu PC.<br \/>\nExcelente relaci\u00f3n precio\/calidad.<\/p>","protected":false},"featured_media":1941,"comment_status":"closed","ping_status":"closed","template":"","meta":{"_et_pb_use_builder":"","_et_pb_old_content":"","_et_gb_content_width":"","_uag_custom_page_level_css":"","_joinchat":[]},"product_brand":[],"product_cat":[21,22],"product_tag":[48],"class_list":{"0":"post-1940","1":"product","2":"type-product","3":"status-publish","4":"has-post-thumbnail","6":"product_cat-instrumental-electronico","7":"product_cat-osciloscopios","8":"product_tag-owon","10":"first","11":"instock","12":"shipping-taxable","13":"purchasable","14":"product-type-simple","15":"add-to-wishlist-before_image"},"uagb_featured_image_src":{"full":["https:\/\/epic.net.ar\/wp-content\/uploads\/2021\/06\/VDS-1022.jpg",1200,1200,false],"thumbnail":["https:\/\/epic.net.ar\/wp-content\/uploads\/2021\/06\/VDS-1022-150x150.jpg",150,150,true],"medium":["https:\/\/epic.net.ar\/wp-content\/uploads\/2021\/06\/VDS-1022-300x300.jpg",300,300,true],"medium_large":["https:\/\/epic.net.ar\/wp-content\/uploads\/2021\/06\/VDS-1022-768x768.jpg",768,768,true],"large":["https:\/\/epic.net.ar\/wp-content\/uploads\/2021\/06\/VDS-1022-1024x1024.jpg",1024,1024,true],"1536x1536":["https:\/\/epic.net.ar\/wp-content\/uploads\/2021\/06\/VDS-1022.jpg",1200,1200,false],"2048x2048":["https:\/\/epic.net.ar\/wp-content\/uploads\/2021\/06\/VDS-1022.jpg",1200,1200,false],"trp-custom-language-flag":["https:\/\/epic.net.ar\/wp-content\/uploads\/2021\/06\/VDS-1022.jpg",12,12,false],"et-pb-post-main-image":["https:\/\/epic.net.ar\/wp-content\/uploads\/2021\/06\/VDS-1022-400x250.jpg",400,250,true],"et-pb-post-main-image-fullwidth":["https:\/\/epic.net.ar\/wp-content\/uploads\/2021\/06\/VDS-1022-1080x675.jpg",1080,675,true],"et-pb-portfolio-image":["https:\/\/epic.net.ar\/wp-content\/uploads\/2021\/06\/VDS-1022-400x284.jpg",400,284,true],"et-pb-portfolio-module-image":["https:\/\/epic.net.ar\/wp-content\/uploads\/2021\/06\/VDS-1022-510x382.jpg",510,382,true],"et-pb-portfolio-image-single":["https:\/\/epic.net.ar\/wp-content\/uploads\/2021\/06\/VDS-1022-1080x1080.jpg",1080,1080,true],"et-pb-gallery-module-image-portrait":["https:\/\/epic.net.ar\/wp-content\/uploads\/2021\/06\/VDS-1022-400x516.jpg",400,516,true],"et-pb-post-main-image-fullwidth-large":["https:\/\/epic.net.ar\/wp-content\/uploads\/2021\/06\/VDS-1022.jpg",1200,1200,false],"et-pb-image--responsive--desktop":["https:\/\/epic.net.ar\/wp-content\/uploads\/2021\/06\/VDS-1022.jpg",720,720,false],"et-pb-image--responsive--tablet":["https:\/\/epic.net.ar\/wp-content\/uploads\/2021\/06\/VDS-1022-980x980.jpg",551,551,true],"et-pb-image--responsive--phone":["https:\/\/epic.net.ar\/wp-content\/uploads\/2021\/06\/VDS-1022-480x480.jpg",270,270,true],"woocommerce_thumbnail":["https:\/\/epic.net.ar\/wp-content\/uploads\/2021\/06\/VDS-1022-300x300.jpg",300,300,true],"woocommerce_single":["https:\/\/epic.net.ar\/wp-content\/uploads\/2021\/06\/VDS-1022-600x600.jpg",600,600,true],"woocommerce_gallery_thumbnail":["https:\/\/epic.net.ar\/wp-content\/uploads\/2021\/06\/VDS-1022-100x100.jpg",100,100,true],"dgwt-wcas-product-suggestion":["https:\/\/epic.net.ar\/wp-content\/uploads\/2021\/06\/VDS-1022-64x64.jpg",64,64,true]},"uagb_author_info":{"display_name":"epic Equipamiento Electr\u00f3nico","author_link":"https:\/\/epic.net.ar\/en\/author\/"},"uagb_comment_info":0,"uagb_excerpt":"Osciloscopio Virtual 2 Canales, 20MHz Grab\u00e1 y visualiz\u00e1 se\u00f1ales en la pantalla de tu PC. Excelente relaci\u00f3n precio\/calidad.","_links":{"self":[{"href":"https:\/\/epic.net.ar\/en\/wp-json\/wp\/v2\/product\/1940","targetHints":{"allow":["GET"]}}],"collection":[{"href":"https:\/\/epic.net.ar\/en\/wp-json\/wp\/v2\/product"}],"about":[{"href":"https:\/\/epic.net.ar\/en\/wp-json\/wp\/v2\/types\/product"}],"replies":[{"embeddable":true,"href":"https:\/\/epic.net.ar\/en\/wp-json\/wp\/v2\/comments?post=1940"}],"wp:featuredmedia":[{"embeddable":true,"href":"https:\/\/epic.net.ar\/en\/wp-json\/wp\/v2\/media\/1941"}],"wp:attachment":[{"href":"https:\/\/epic.net.ar\/en\/wp-json\/wp\/v2\/media?parent=1940"}],"wp:term":[{"taxonomy":"product_brand","embeddable":true,"href":"https:\/\/epic.net.ar\/en\/wp-json\/wp\/v2\/product_brand?post=1940"},{"taxonomy":"product_cat","embeddable":true,"href":"https:\/\/epic.net.ar\/en\/wp-json\/wp\/v2\/product_cat?post=1940"},{"taxonomy":"product_tag","embeddable":true,"href":"https:\/\/epic.net.ar\/en\/wp-json\/wp\/v2\/product_tag?post=1940"}],"curies":[{"name":"wp","href":"https:\/\/api.w.org\/{rel}","templated":true}]}}