{"id":15712,"date":"2026-05-05T20:11:41","date_gmt":"2026-05-05T23:11:41","guid":{"rendered":"https:\/\/epic.net.ar\/?post_type=product&#038;p=15712"},"modified":"2026-05-05T20:22:32","modified_gmt":"2026-05-05T23:22:32","slug":"combo-fullprob-2-nafta-total-diesel-total-directa-total-moto-plus-funciones-extra","status":"publish","type":"product","link":"https:\/\/epic.net.ar\/en\/product\/combo-fullprob-2-nafta-total-diesel-total-directa-total-moto-plus-funciones-extra\/","title":{"rendered":"COMBO FULLPROB 2 &#8211; NAFTA TOTAL + DIESEL TOTAL + DIRECTA TOTAL + MOTO PLUS + FUNCIONES EXTRA"},"content":{"rendered":"<p>&nbsp;<\/p>\n<p><strong>FULLPROB<\/strong> es el equipo probador de electr\u00f3nica automotriz multi-marca mas completo del mercado.<\/p>\n<ul>\n<li>Mas de 4.000 usuarios en m\u00e1s de 20 pa\u00edses.<\/li>\n<li>Ample Mercosur coverage with over 750 systems<\/li>\n<li>Exclusiva garant\u00eda <strong>CEA <\/strong>de 3 a\u00f1os, una empresa con m\u00e1s de 20 a\u00f1os de experiencia en el rubro.<\/li>\n<\/ul>\n<p>&nbsp;<\/p>\n<p><strong>COMBO FULLPROB 2 &#8211; NAFTA TOTAL + DIESEL TOTAL + DIRECTA TOTAL + MOTO PLUS + FUNCIONES EXTRA (<b>NDIDMF 131)<\/b><\/strong><\/p>\n<p>&nbsp;<\/p>\n<p><b>&#8211; Autotest Inteligente<\/b><\/p>\n<p><span style=\"font-weight: 400;\">Detecta autom\u00e1ticamente estados y simplifica procesos de diagn\u00f3stico.<\/span><\/p>\n<p>&nbsp;<\/p>\n<p><b>&#8211; Gu\u00edas de Resoluci\u00f3n Incorporadas<\/b><\/p>\n<p><span style=\"font-weight: 400;\">Asistencia paso a paso directamente en pantalla.<\/span><\/p>\n<p>&nbsp;<\/p>\n<p><b>&#8211; Licencia de Programaci\u00f3n Integrada al Sistema<\/b><\/p>\n<p><span style=\"font-weight: 400;\">Proces\u00e1 y modific\u00e1 archivos de ECUs para habilitar pruebas, resolver bloqueos y trabajar con la mayor autonom\u00eda de banco posible.<\/span><\/p>\n<p>&nbsp;<\/p>\n<p><b>&#8211; Pantalla Completa<\/b><\/p>\n<p><span style=\"font-weight: 400;\">M\u00e1s foco. M\u00e1s claridad. M\u00e1s precisi\u00f3n.<\/span><\/p>\n<p>&nbsp;<\/p>\n<p><b>&#8211; Nuevo Buscador Incorporado<\/b><\/p>\n<p><span style=\"font-weight: 400;\">Encontr\u00e1 lo que necesit\u00e1s en segundos.<\/span><\/p>\n<p>&nbsp;<\/p>\n<p><b>&#8211; Asistentes de Conexionado Intuitivos<\/b><\/p>\n<p><span style=\"font-weight: 400;\">Conexi\u00f3n clara y sin margen de error.<\/span><\/p>\n<p>&nbsp;<\/p>\n<p><b>&#8211; Exclusiva Previsualizaci\u00f3n de M\u00f3dulos del Sistema de Seguridad<\/b><\/p>\n<p><span style=\"font-weight: 400;\">Mayor control antes de intervenir. No existe otro equipo en el mundo que ofrezca esta funci\u00f3n.<\/span><\/p>\n<p>&nbsp;<\/p>\n<p><b>&#8211; App de notas profesionales<\/b><\/p>\n<p><span style=\"font-weight: 400;\">Guard\u00e1 textos, fotos, audio, video, PDFs y cualquier archivo asociado al trabajo.<\/span><\/p>\n<p>&nbsp;<\/p>\n<p><b>100% COMPATIBLE CON TU ECOSISTEMA CEA<\/b><\/p>\n<p><span style=\"font-weight: 400;\">FULLPROB, INMOBOX y FULLDIESEL.<\/span><\/p>\n<p>&nbsp;<\/p>\n<p>&nbsp;<\/p>\n<p><strong>Equipos CEA<\/strong><br \/>\nEl ecosistema completo de equipos <strong>CEA<\/strong> te permite diagnosticar ECUs nafta, di\u00e9sel, inyecci\u00f3n directa, motos; fusibleras electr\u00f3nicas (BCM\/BSI), m\u00f3dulos de encendido, mariposas motorizadas, inyectores, sensores, m\u00f3dulos GNC y muchos m\u00e1s.<\/p>\n<p><span style=\"font-weight: 400;\">Te permiten trasladar el diagn\u00f3stico fuera del veh\u00edculo, reducir tiempos de trabajo, evitar reemplazos innecesarios y validar cada reparaci\u00f3n antes de la entrega. A trav\u00e9s del an\u00e1lisis<\/span><\/p>\n<p><span style=\"font-weight: 400;\">de se\u00f1ales, simulaci\u00f3n de condiciones reales y verificaci\u00f3n de comunicaci\u00f3n entre m\u00f3dulos, pod\u00e9s intervenir con mayor precisi\u00f3n y ampliar el tipo de trabajos que ofrece tu taller.<\/span><\/p>\n<p><span style=\"font-weight: 400;\">Las herramientas de diagn\u00f3stico CEA te permiten crecer sin l\u00edmites y acompa\u00f1an tu desarrollo a medida que sum\u00e1s conocimientos y experiencia<\/span><\/p>\n<p>&nbsp;<\/p>\n<p><strong>Incluye:<\/strong><\/p>\n<p>&#8211; Nuevo software FULLPROB 2<br \/>\n&#8211; Software\u00a0M\u00f3dulo &#8211; Nuevo software FULLPROB 2<br \/>\n&#8211; Software M\u00f3dulo Nafta Total<br \/>\n&#8211; Software M\u00f3dulo Diesel Total<br \/>\n&#8211; Software M\u00f3dulo Directa Total<br \/>\n&#8211; Software M\u00f3dulo Moto Plus<br \/>\n&#8211; Software Funciones Extra<br \/>\n&#8211; FullApp<br \/>\n&#8211; Base de datos<br \/>\n&#8211; Im\u00e1genes de ECUs<br \/>\n&#8211; Notas \/ Estrategias<br \/>\n&#8211; Im\u00e1genes de Inmos<br \/>\n&#8211; Identificaci\u00f3n de Componentes<br \/>\n&#8211; Circuitos Internos<br \/>\n&#8211; Esquemas El\u00e9ctricos<\/p>\n<p>&nbsp;<\/p>\n<p>The<strong class=\"Yjhzub\" data-sfc-root=\"c\" data-sfc-cb=\"\" data-complete=\"true\"><strong> COMBO FULLPROB 2 &#8211; NAFTA TOTAL + DIESEL TOTAL + DIRECTA TOTAL + MOTO PLUS + FUNCIONES EXTRA<\/strong><\/strong><\/p>\n<p><span style=\"font-weight: 400;\">No necesit\u00e1s cambiar tus equipos, n<\/span><span style=\"font-weight: 400;\">ecesit\u00e1s potenciarlos!<\/span><\/p>\n<p>&nbsp;<\/p>\n<p><span style=\"font-weight: 400;\">\u00a1Compatible con Windows 10 y 11!<\/span><\/p>\n<p>&nbsp;<\/p>\n<p><strong>Confi\u00e1 en un equipo l\u00edder con gran trayectoria y e<\/strong><strong>ntreg\u00e1 tu trabajo de reparaci\u00f3n o programaci\u00f3n con total certeza:<\/strong><br \/>\nOtras l\u00edneas de PACKS y de accesorios opcionales te permiten probar toda la electr\u00f3nica del veh\u00edculo en conjunto sobre tu banco de prueba:<\/p>\n<ul>\n<li><a href=\"https:\/\/epic.net.ar\/en\/product\/pack-fullprob-fullprob-2-nafta-base\/\"><strong>Promo PACK FULLPROB + FULLPROB 2 NAFTA BASE<\/strong><\/a><\/li>\n<li><a href=\"https:\/\/epic.net.ar\/en\/product\/pack-fullprob-inmobox-fullprob-2-nafta-plus\/\"><strong>PACK FULLPROB + INMOBOX + FULLPROB 2 NAFTA PLUS<\/strong><\/a><\/li>\n<li><a href=\"https:\/\/epic.net.ar\/en\/product\/pack-fullprob-inmobox-fullprob-2-nafta-total\/\"><strong>Promo PACK FULLPROB + INMOBOX + FULLPROB 2 NAFTA TOTAL<\/strong><\/a><\/li>\n<li><a href=\"https:\/\/epic.net.ar\/en\/product\/pack-fulldiesel-fullprob-2-plus\/\"><strong>PACK FULLDIESEL + FULLPROB 2 PLUS<\/strong><\/a><\/li>\n<li><a href=\"https:\/\/epic.net.ar\/en\/product\/pack-fulldiesel-fullprob-2-total\/\"><strong>PACK FULLDIESEL + FULLPROB 2 TOTAL<\/strong><\/a><\/li>\n<li><a href=\"https:\/\/epic.net.ar\/en\/product\/pack-fulldiesel-24v-fullprob-2-plus\/\"><strong>PACK FULLDIESEL 24V + FULLPROB 2 PLUS<\/strong><\/a> para probar ECUs diesel y conectar los m\u00f3dulos del inmovilizador de veh\u00edculos pesados<\/li>\n<li><a href=\"https:\/\/epic.net.ar\/en\/product\/emulador-de-cargas-gasolina-prueba-de-ecus-con-cargas-reales-y-simuladas\/\"><strong>Gasoline Emulator<\/strong><\/a> for testing ECUs that need loads to run properly on the bench<\/li>\n<li><a href=\"https:\/\/epic.net.ar\/en\/product\/emulador-de-inyectores\/\"><strong>Injector Emulator (diesel)<\/strong><\/a> para generar carga de inyectores en pruebas con FULLDIESEL.<\/li>\n<\/ul>\n<p>&nbsp;<\/p>","protected":false},"excerpt":{"rendered":"<p><strong>COMBO FULLPROB 2 &#8211; NAFTA TOTAL+ MOTO PLUS + FUNCIONES EXTRA <\/strong><span style=\"font-weight: 400;\">es la nueva generaci\u00f3n del software de diagn\u00f3stico de electr\u00f3nica automotriz desarrollado por CEA.<\/span><\/p>\n<p><strong><span style=\"font-weight: 400;\">\u00a0<\/span><\/strong><\/p>\n<p><span style=\"font-weight: 400;\">Mantiene toda la potencia y eficiencia de las versiones anteriores y suma herramientas que hacen el trabajo m\u00e1s \u00e1gil, m\u00e1s intuitivo y m\u00e1s profesional.<\/span><\/p>\n<p><strong><span style=\"font-weight: 400;\">\u00a0<\/span><\/strong><\/p>\n<p><span style=\"font-weight: 400;\">No es solo una actualizaci\u00f3n, es una evoluci\u00f3n completa de la experiencia de diagn\u00f3stico.<\/span><\/p>\n<p><span style=\"font-weight: 400;\">M\u00e1s cobertura. M\u00e1s velocidad. M\u00e1s funciones.\u00a0<\/span><\/p>\n<p><span style=\"font-weight: 400;\">M\u00e1s tiempo para vos, m\u00e1s rentabilidad para tu taller.<\/span><\/p>\n<p><strong>\u00a0<\/strong><\/p>\n<p><strong>INCLUYE 12 MESES DE LICENCIA BONIFICADOS<\/strong><\/p>\n<p>&nbsp;<\/p>\n<h3><span style=\"color: #ff0000;\"><strong>\u00a1Oferta Lanzamiento!<\/strong><\/span><\/h3>","protected":false},"featured_media":15711,"comment_status":"open","ping_status":"closed","template":"","meta":{"_et_pb_use_builder":"","_et_pb_old_content":"","_et_gb_content_width":"","_uag_custom_page_level_css":"","_joinchat":[]},"product_brand":[],"product_cat":[18,16,140,41],"product_tag":[47],"class_list":{"0":"post-15712","1":"product","2":"type-product","3":"status-publish","4":"has-post-thumbnail","6":"product_cat-bancos-de-prueba","7":"product_cat-diagnostico","8":"product_cat-equipos-diagnostico","9":"product_cat-equipos","10":"product_tag-cea","12":"first","13":"instock","14":"sale","15":"featured","16":"shipping-taxable","17":"purchasable","18":"product-type-simple","19":"add-to-wishlist-before_image"},"uagb_featured_image_src":{"full":["https:\/\/epic.net.ar\/wp-content\/uploads\/2026\/05\/nmf_133.jpg.jpeg",1080,1080,false],"thumbnail":["https:\/\/epic.net.ar\/wp-content\/uploads\/2026\/05\/nmf_133.jpg-150x150.jpeg",150,150,true],"medium":["https:\/\/epic.net.ar\/wp-content\/uploads\/2026\/05\/nmf_133.jpg-300x300.jpeg",300,300,true],"medium_large":["https:\/\/epic.net.ar\/wp-content\/uploads\/2026\/05\/nmf_133.jpg-768x768.jpeg",768,768,true],"large":["https:\/\/epic.net.ar\/wp-content\/uploads\/2026\/05\/nmf_133.jpg-1024x1024.jpeg",1024,1024,true],"1536x1536":["https:\/\/epic.net.ar\/wp-content\/uploads\/2026\/05\/nmf_133.jpg.jpeg",1080,1080,false],"2048x2048":["https:\/\/epic.net.ar\/wp-content\/uploads\/2026\/05\/nmf_133.jpg.jpeg",1080,1080,false],"trp-custom-language-flag":["https:\/\/epic.net.ar\/wp-content\/uploads\/2026\/05\/nmf_133.jpg-12x12.jpeg",12,12,true],"et-pb-post-main-image":["https:\/\/epic.net.ar\/wp-content\/uploads\/2026\/05\/nmf_133.jpg-400x250.jpeg",400,250,true],"et-pb-post-main-image-fullwidth":["https:\/\/epic.net.ar\/wp-content\/uploads\/2026\/05\/nmf_133.jpg-1080x675.jpeg",1080,675,true],"et-pb-portfolio-image":["https:\/\/epic.net.ar\/wp-content\/uploads\/2026\/05\/nmf_133.jpg-400x284.jpeg",400,284,true],"et-pb-portfolio-module-image":["https:\/\/epic.net.ar\/wp-content\/uploads\/2026\/05\/nmf_133.jpg-510x382.jpeg",510,382,true],"et-pb-portfolio-image-single":["https:\/\/epic.net.ar\/wp-content\/uploads\/2026\/05\/nmf_133.jpg.jpeg",1080,1080,false],"et-pb-gallery-module-image-portrait":["https:\/\/epic.net.ar\/wp-content\/uploads\/2026\/05\/nmf_133.jpg-400x516.jpeg",400,516,true],"et-pb-post-main-image-fullwidth-large":["https:\/\/epic.net.ar\/wp-content\/uploads\/2026\/05\/nmf_133.jpg.jpeg",1080,1080,false],"et-pb-image--responsive--desktop":["https:\/\/epic.net.ar\/wp-content\/uploads\/2026\/05\/nmf_133.jpg.jpeg",720,720,false],"et-pb-image--responsive--tablet":["https:\/\/epic.net.ar\/wp-content\/uploads\/2026\/05\/nmf_133.jpg-980x980.jpeg",551,551,true],"et-pb-image--responsive--phone":["https:\/\/epic.net.ar\/wp-content\/uploads\/2026\/05\/nmf_133.jpg-480x480.jpeg",270,270,true],"woocommerce_thumbnail":["https:\/\/epic.net.ar\/wp-content\/uploads\/2026\/05\/nmf_133.jpg-300x300.jpeg",300,300,true],"woocommerce_single":["https:\/\/epic.net.ar\/wp-content\/uploads\/2026\/05\/nmf_133.jpg-600x600.jpeg",600,600,true],"woocommerce_gallery_thumbnail":["https:\/\/epic.net.ar\/wp-content\/uploads\/2026\/05\/nmf_133.jpg-100x100.jpeg",100,100,true],"dgwt-wcas-product-suggestion":["https:\/\/epic.net.ar\/wp-content\/uploads\/2026\/05\/nmf_133.jpg-64x64.jpeg",64,64,true]},"uagb_author_info":{"display_name":"Ezequiel Costilla","author_link":"https:\/\/epic.net.ar\/en\/author\/"},"uagb_comment_info":0,"uagb_excerpt":"COMBO FULLPROB 2 - NAFTA TOTAL+ MOTO PLUS + FUNCIONES EXTRA es la nueva generaci\u00f3n del software de diagn\u00f3stico de electr\u00f3nica automotriz desarrollado por CEA. \u00a0 Mantiene toda la potencia y eficiencia de las versiones anteriores y suma herramientas que hacen el trabajo m\u00e1s \u00e1gil, m\u00e1s intuitivo y m\u00e1s profesional. \u00a0 No es solo una&hellip;","_links":{"self":[{"href":"https:\/\/epic.net.ar\/en\/wp-json\/wp\/v2\/product\/15712","targetHints":{"allow":["GET"]}}],"collection":[{"href":"https:\/\/epic.net.ar\/en\/wp-json\/wp\/v2\/product"}],"about":[{"href":"https:\/\/epic.net.ar\/en\/wp-json\/wp\/v2\/types\/product"}],"replies":[{"embeddable":true,"href":"https:\/\/epic.net.ar\/en\/wp-json\/wp\/v2\/comments?post=15712"}],"wp:featuredmedia":[{"embeddable":true,"href":"https:\/\/epic.net.ar\/en\/wp-json\/wp\/v2\/media\/15711"}],"wp:attachment":[{"href":"https:\/\/epic.net.ar\/en\/wp-json\/wp\/v2\/media?parent=15712"}],"wp:term":[{"taxonomy":"product_brand","embeddable":true,"href":"https:\/\/epic.net.ar\/en\/wp-json\/wp\/v2\/product_brand?post=15712"},{"taxonomy":"product_cat","embeddable":true,"href":"https:\/\/epic.net.ar\/en\/wp-json\/wp\/v2\/product_cat?post=15712"},{"taxonomy":"product_tag","embeddable":true,"href":"https:\/\/epic.net.ar\/en\/wp-json\/wp\/v2\/product_tag?post=15712"}],"curies":[{"name":"wp","href":"https:\/\/api.w.org\/{rel}","templated":true}]}}