{"id":15669,"date":"2026-04-24T12:50:43","date_gmt":"2026-04-24T15:50:43","guid":{"rendered":"https:\/\/epic.net.ar\/?post_type=product&#038;p=15669"},"modified":"2026-04-24T13:43:08","modified_gmt":"2026-04-24T16:43:08","slug":"pack-fullprob-fuldiesel-fullprob-2-total","status":"publish","type":"product","link":"https:\/\/epic.net.ar\/en\/product\/pack-fullprob-fuldiesel-fullprob-2-total\/","title":{"rendered":"PACK FULLPROB + FULDIESEL+ FULLPROB 2 TOTAL"},"content":{"rendered":"<p>&nbsp;<\/p>\n<p><strong>FULLPROB<\/strong> es el equipo probador de electr\u00f3nica automotriz multi-marca mas completo del mercado.<\/p>\n<ul>\n<li>Mas de 4.000 usuarios en m\u00e1s de 20 pa\u00edses.<\/li>\n<li>Ample Mercosur coverage with over 750 systems<\/li>\n<li>Exclusiva garant\u00eda <strong>CEA <\/strong>de 3 a\u00f1os, una empresa con m\u00e1s de 20 a\u00f1os de experiencia en el rubro.<\/li>\n<\/ul>\n<p>&nbsp;<\/p>\n<p><strong>PACK <\/strong><strong>FULLPROB + FULLDIESEL + FULLPROB 2 TOTAL (<b>NDIDMF 232)<\/b><\/strong><\/p>\n<p><b>\u00a0&#8211; FULLPROB <\/b><span style=\"font-weight: 400;\">realiza el diagn\u00f3stico del sistema completo de ECU + Inmo, ampliando exponencialmente tu capacidad de reparaci\u00f3n al permitirte trabajar con inmovilizadores no solo en el diagn\u00f3stico sino tambi\u00e9n en la programaci\u00f3n. Con este pack no solo podr\u00e1s realizar programaci\u00f3n de llaves, adaptaci\u00f3n de m\u00f3dulos, cambios de identidad y comprobaci\u00f3n en conjunto del sistema, sino que adem\u00e1s te potencia la reparaci\u00f3n ya que cuenta con una amplia informaci\u00f3n interna de las ECUs sumado a la identificaci\u00f3n de sus componentes y la funci\u00f3n que cumplen. No solo vas a visualizar la informaci\u00f3n para conectar una ECU, sino tambi\u00e9n tendr\u00e1s la posibilidad de realizar trabajos en el taller ya que se incluyen los esquemas el\u00e9ctricos de las unidades.<\/span><\/p>\n<p>&nbsp;<\/p>\n<p><b>\u00a0&#8211; FULLDIESEL<\/b><span style=\"font-weight: 400;\">\u00a0realiza pruebas completas de ECUs Diesel e Inyecci\u00f3n Directa, incorporando funciones espec\u00edficas que ampl\u00edan el diagn\u00f3stico en banco.<\/span><\/p>\n<p><span style=\"font-weight: 400;\">Integra la interconexi\u00f3n de m\u00f3dulos del sistema inmovilizador (ECU, fusiblera, tablero, antena y m\u00e1s), permitiendo programaciones avanzadas como emparejamientos y \u201ccero llaves\u201d, con verificaci\u00f3n final del conjunto en condiciones reales.<\/span><\/p>\n<p><span style=\"font-weight: 400;\">Permite visualizar el comportamiento mediante testigos Check y Code y monitorear en tiempo real la comunicaci\u00f3n entre m\u00f3dulos (CAN, K, L y W), asegurando intervenciones precisas y la validaci\u00f3n de la reparaci\u00f3n antes de reinstalar la unidad.<\/span><\/p>\n<p><span style=\"font-weight: 400;\">Incorpora funciones de inmovilizador para Diesel y Nafta, ampliando el trabajo en banco sin herramientas adicionales. Adem\u00e1s, complementa el uso de scanner y, junto a FullProb 2, potencia el acceso a informaci\u00f3n t\u00e9cnica para diagn\u00f3sticos y programaciones complejas.<\/span><\/p>\n<p>&nbsp;<\/p>\n<p><b>\u00a0&#8211; FULLPROB 2<\/b><span style=\"font-weight: 400;\"> es el software de diagn\u00f3stico y gesti\u00f3n de ECUs que centraliza el trabajo en banco, integrando en una sola plataforma los m\u00f3dulos Nafta, Diesel, Motos, Inyecci\u00f3n Directa y Funciones Extra. Dise\u00f1ado para analizar, intervenir y validar unidades electr\u00f3nicas con precisi\u00f3n y control.<\/span><\/p>\n<p>&nbsp;<\/p>\n<p><strong>Equipos CEA<\/strong><br \/>\nEl ecosistema completo de equipos <strong>CEA<\/strong>\u00a0te permite diagnosticar ECUs nafta, diesel, inyecci\u00f3n directa y motos; fusibleras electr\u00f3nicas (BCM\/BSI), m\u00f3dulos de encendido, mariposas motorizadas, inyectores, sensores, m\u00f3dulos GNC y muchos m\u00e1s.<br \/>\nSi est\u00e1s interesado en ampliar tus capacidades de diagn\u00f3stico y reparaci\u00f3n en electr\u00f3nica automotriz, el<strong> PACK FULLPROB + INMOBOX + FULLPROB 2 NAFTA TOTAL<\/strong>\u00a0<span style=\"font-weight: 400;\">es la herramienta m\u00e1s completa y profesional del mercado.<\/span><\/p>\n<p>&nbsp;<\/p>\n<p><strong>Incluye:<\/strong><\/p>\n<p style=\"margin: 0cm; margin-bottom: .0001pt;\"><span style=\"color: #333333;\">&#8211; Equipo FULLPROB<\/span><br \/>\n<span style=\"color: #333333;\">&#8211; Equipo FULLDIESEL<\/span><br \/>\n<span style=\"color: #333333;\">&#8211; Nuevo software FULLPROB 2<\/span><br \/>\n<span style=\"color: #333333;\">&#8211; FullApp<\/span><br \/>\n<span style=\"color: #333333;\">&#8211; Base de datos<\/span><br \/>\n<span style=\"color: #333333;\">&#8211; Im\u00e1genes de ECUs<\/span><br \/>\n<span style=\"color: #333333;\">&#8211; Notas \/ Estrategias<\/span><br \/>\n<span style=\"color: #333333;\">&#8211; Im\u00e1genes de Inmos<\/span><br \/>\n<span style=\"color: #333333;\">&#8211; Identificaci\u00f3n de Componentes<\/span><br \/>\n<span style=\"color: #333333;\">&#8211; Circuitos Internos<\/span><br \/>\n<span style=\"color: #333333;\">&#8211; Esquemas El\u00e9ctricos<\/span><\/p>\n<p>&nbsp;<\/p>\n<p><strong class=\"Yjhzub\" data-sfc-root=\"c\" data-sfc-cb=\"\" data-complete=\"true\"><strong>FULLPROB + INMOBOX + FULLPROB 2 NAFTA TOTAL <\/strong><\/strong>es la soluci\u00f3n definitiva para el profesional exigente.<\/p>\n<p><strong>Confi\u00e1 en un equipo l\u00edder con gran trayectoria y e<\/strong><strong>ntreg\u00e1 tu trabajo de reparaci\u00f3n o programaci\u00f3n con total certeza:<\/strong><br \/>\nOtras l\u00edneas de PACKS y de accesorios opcionales te permiten probar toda la electr\u00f3nica del veh\u00edculo en conjunto sobre tu banco de prueba:<\/p>\n<ul>\n<li><b>Pack Funciones Extra<\/b><\/li>\n<li><a href=\"https:\/\/epic.net.ar\/en\/product\/pack-fullprob-inmobox-fullprob-2-nafta-plus\/\"><strong>PACK FULLPROB + INMOBOX + FULLPROB 2 NAFTA PLUS<\/strong><\/a><\/li>\n<li><a href=\"https:\/\/epic.net.ar\/en\/product\/pack-fullprob-fullprob-2-nafta-base\/\"><strong>Promo PACK FULLPROB + FULLPROB 2 NAFTA BASE<\/strong><\/a><\/li>\n<li><a href=\"https:\/\/epic.net.ar\/en\/product\/fulldiesel\/\"><strong>FullDiesel 24V<\/strong><\/a> para probar ECUs diesel y conectar los m\u00f3dulos del inmovilizador de veh\u00edculos pesados<\/li>\n<li><a href=\"https:\/\/epic.net.ar\/en\/product\/emulador-de-cargas-gasolina-prueba-de-ecus-con-cargas-reales-y-simuladas\/\"><strong>Gasoline Emulator<\/strong><\/a> for testing ECUs that need loads to run properly on the bench<\/li>\n<li><a href=\"https:\/\/epic.net.ar\/en\/product\/emulador-de-inyectores\/\"><strong>Injector Emulator (diesel)<\/strong><\/a> to apply injector loads in bench tests using the FullDiesel<\/li>\n<\/ul>\n<p>&nbsp;<\/p>","protected":false},"excerpt":{"rendered":"<p><strong>Todo lo que necesit\u00e1s, en un solo lugar<\/strong><\/p>\n<p><strong>FULLPROB + FULLDIESEL + FULLPROB 2 TOTAL <span style=\"font-weight: 400;\">\u00a0es el combo con el equipamiento m\u00e1s completo del mercado y es compatible con el resto del ecosistema CEA<\/span><\/strong><\/p>\n<p><span style=\"font-weight: 400;\">Este Pack cuenta con el equipo <strong>FULPROB<\/strong>, el equipo <strong>FULLDIESEL<\/strong> y el nuevo software <strong>FULPROB 2<\/strong><\/span><\/p>\n<p><strong>\u00a0<\/strong><\/p>\n<p><strong>INCLUYE 12 MESES DE LICENCIA BONIFICADOS<\/strong><\/p>\n<p>&nbsp;<\/p>\n<h3><span style=\"color: #ff0000;\"><strong>\u00a1Oferta Lanzamiento!<\/strong><\/span><\/h3>","protected":false},"featured_media":15670,"comment_status":"open","ping_status":"closed","template":"","meta":{"_et_pb_use_builder":"","_et_pb_old_content":"","_et_gb_content_width":"","_uag_custom_page_level_css":"","_joinchat":[]},"product_brand":[],"product_cat":[18,16,140,41],"product_tag":[47],"class_list":{"0":"post-15669","1":"product","2":"type-product","3":"status-publish","4":"has-post-thumbnail","6":"product_cat-bancos-de-prueba","7":"product_cat-diagnostico","8":"product_cat-equipos-diagnostico","9":"product_cat-equipos","10":"product_tag-cea","12":"first","13":"instock","14":"sale","15":"featured","16":"shipping-taxable","17":"purchasable","18":"product-type-simple","19":"add-to-wishlist-before_image"},"uagb_featured_image_src":{"full":["https:\/\/epic.net.ar\/wp-content\/uploads\/2026\/04\/PROMO-LANZAMIENTO-NDIDMF-232.jpeg",1280,1280,false],"thumbnail":["https:\/\/epic.net.ar\/wp-content\/uploads\/2026\/04\/PROMO-LANZAMIENTO-NDIDMF-232-150x150.jpeg",150,150,true],"medium":["https:\/\/epic.net.ar\/wp-content\/uploads\/2026\/04\/PROMO-LANZAMIENTO-NDIDMF-232-300x300.jpeg",300,300,true],"medium_large":["https:\/\/epic.net.ar\/wp-content\/uploads\/2026\/04\/PROMO-LANZAMIENTO-NDIDMF-232-768x768.jpeg",768,768,true],"large":["https:\/\/epic.net.ar\/wp-content\/uploads\/2026\/04\/PROMO-LANZAMIENTO-NDIDMF-232-1024x1024.jpeg",1024,1024,true],"1536x1536":["https:\/\/epic.net.ar\/wp-content\/uploads\/2026\/04\/PROMO-LANZAMIENTO-NDIDMF-232.jpeg",1280,1280,false],"2048x2048":["https:\/\/epic.net.ar\/wp-content\/uploads\/2026\/04\/PROMO-LANZAMIENTO-NDIDMF-232.jpeg",1280,1280,false],"trp-custom-language-flag":["https:\/\/epic.net.ar\/wp-content\/uploads\/2026\/04\/PROMO-LANZAMIENTO-NDIDMF-232-12x12.jpeg",12,12,true],"et-pb-post-main-image":["https:\/\/epic.net.ar\/wp-content\/uploads\/2026\/04\/PROMO-LANZAMIENTO-NDIDMF-232-400x250.jpeg",400,250,true],"et-pb-post-main-image-fullwidth":["https:\/\/epic.net.ar\/wp-content\/uploads\/2026\/04\/PROMO-LANZAMIENTO-NDIDMF-232-1080x675.jpeg",1080,675,true],"et-pb-portfolio-image":["https:\/\/epic.net.ar\/wp-content\/uploads\/2026\/04\/PROMO-LANZAMIENTO-NDIDMF-232-400x284.jpeg",400,284,true],"et-pb-portfolio-module-image":["https:\/\/epic.net.ar\/wp-content\/uploads\/2026\/04\/PROMO-LANZAMIENTO-NDIDMF-232-510x382.jpeg",510,382,true],"et-pb-portfolio-image-single":["https:\/\/epic.net.ar\/wp-content\/uploads\/2026\/04\/PROMO-LANZAMIENTO-NDIDMF-232-1080x1080.jpeg",1080,1080,true],"et-pb-gallery-module-image-portrait":["https:\/\/epic.net.ar\/wp-content\/uploads\/2026\/04\/PROMO-LANZAMIENTO-NDIDMF-232-400x516.jpeg",400,516,true],"et-pb-post-main-image-fullwidth-large":["https:\/\/epic.net.ar\/wp-content\/uploads\/2026\/04\/PROMO-LANZAMIENTO-NDIDMF-232.jpeg",1280,1280,false],"et-pb-image--responsive--desktop":["https:\/\/epic.net.ar\/wp-content\/uploads\/2026\/04\/PROMO-LANZAMIENTO-NDIDMF-232.jpeg",720,720,false],"et-pb-image--responsive--tablet":["https:\/\/epic.net.ar\/wp-content\/uploads\/2026\/04\/PROMO-LANZAMIENTO-NDIDMF-232-980x980.jpeg",551,551,true],"et-pb-image--responsive--phone":["https:\/\/epic.net.ar\/wp-content\/uploads\/2026\/04\/PROMO-LANZAMIENTO-NDIDMF-232-480x480.jpeg",270,270,true],"woocommerce_thumbnail":["https:\/\/epic.net.ar\/wp-content\/uploads\/2026\/04\/PROMO-LANZAMIENTO-NDIDMF-232-300x300.jpeg",300,300,true],"woocommerce_single":["https:\/\/epic.net.ar\/wp-content\/uploads\/2026\/04\/PROMO-LANZAMIENTO-NDIDMF-232-600x600.jpeg",600,600,true],"woocommerce_gallery_thumbnail":["https:\/\/epic.net.ar\/wp-content\/uploads\/2026\/04\/PROMO-LANZAMIENTO-NDIDMF-232-100x100.jpeg",100,100,true],"dgwt-wcas-product-suggestion":["https:\/\/epic.net.ar\/wp-content\/uploads\/2026\/04\/PROMO-LANZAMIENTO-NDIDMF-232-64x64.jpeg",64,64,true]},"uagb_author_info":{"display_name":"Ezequiel Costilla","author_link":"https:\/\/epic.net.ar\/en\/author\/"},"uagb_comment_info":0,"uagb_excerpt":"Todo lo que necesit\u00e1s, en un solo lugar FULLPROB + FULLDIESEL + FULLPROB 2 TOTAL \u00a0es el combo con el equipamiento m\u00e1s completo del mercado y es compatible con el resto del ecosistema CEA Este Pack cuenta con el equipo FULPROB, el equipo FULLDIESEL y el nuevo software FULPROB 2 \u00a0 INCLUYE 12 MESES DE&hellip;","_links":{"self":[{"href":"https:\/\/epic.net.ar\/en\/wp-json\/wp\/v2\/product\/15669","targetHints":{"allow":["GET"]}}],"collection":[{"href":"https:\/\/epic.net.ar\/en\/wp-json\/wp\/v2\/product"}],"about":[{"href":"https:\/\/epic.net.ar\/en\/wp-json\/wp\/v2\/types\/product"}],"replies":[{"embeddable":true,"href":"https:\/\/epic.net.ar\/en\/wp-json\/wp\/v2\/comments?post=15669"}],"wp:featuredmedia":[{"embeddable":true,"href":"https:\/\/epic.net.ar\/en\/wp-json\/wp\/v2\/media\/15670"}],"wp:attachment":[{"href":"https:\/\/epic.net.ar\/en\/wp-json\/wp\/v2\/media?parent=15669"}],"wp:term":[{"taxonomy":"product_brand","embeddable":true,"href":"https:\/\/epic.net.ar\/en\/wp-json\/wp\/v2\/product_brand?post=15669"},{"taxonomy":"product_cat","embeddable":true,"href":"https:\/\/epic.net.ar\/en\/wp-json\/wp\/v2\/product_cat?post=15669"},{"taxonomy":"product_tag","embeddable":true,"href":"https:\/\/epic.net.ar\/en\/wp-json\/wp\/v2\/product_tag?post=15669"}],"curies":[{"name":"wp","href":"https:\/\/api.w.org\/{rel}","templated":true}]}}