{"id":15616,"date":"2026-04-15T09:27:06","date_gmt":"2026-04-15T12:27:06","guid":{"rendered":"https:\/\/epic.net.ar\/?post_type=product&#038;p=15616"},"modified":"2026-04-15T12:41:49","modified_gmt":"2026-04-15T15:41:49","slug":"pack-fulldiesel-24v-fullprob-2-plus","status":"publish","type":"product","link":"https:\/\/epic.net.ar\/en\/product\/pack-fulldiesel-24v-fullprob-2-plus\/","title":{"rendered":"PACK FULLDIESEL 24V + FULLPROB 2 PLUS"},"content":{"rendered":"<p>&nbsp;<\/p>\n<p><strong>FULLPROB<\/strong> es el equipo probador de electr\u00f3nica automotriz multi-marca mas completo del mercado.<\/p>\n<ul>\n<li>Mas de 4.000 usuarios en m\u00e1s de 20 pa\u00edses.<\/li>\n<li>Ample Mercosur coverage with over 750 systems<\/li>\n<li>Exclusiva garant\u00eda <strong>CEA <\/strong>de 3 a\u00f1os, una empresa con m\u00e1s de 20 a\u00f1os de experiencia en el rubro.<\/li>\n<\/ul>\n<p>&nbsp;<\/p>\n<p><span style=\"font-weight: 400;\">The <strong>PACK<\/strong><b> FULLDIESEL 24V + FULLPROB 2 <strong class=\"Yjhzub\" data-sfc-root=\"c\" data-sfc-cb=\"\" data-complete=\"true\"><strong>DIESEL PLUS<\/strong><\/strong><\/b>\u00a0representa la evoluci\u00f3n del ecosistema CEA, unificando en un solo equipo las capacidades de FULLDIESEL y FULLPROB*, para el diagn\u00f3stico en banco de sistemas Diesel y Nafta. Permite trabajar sobre sistemas de 12V y 24V, incorporando la capacidad de an\u00e1lisis de ECUs de veh\u00edculos pesados a partir de agosto de 2026.\u00a0<\/span><\/p>\n<p><span style=\"font-weight: 400;\">Realiza pruebas completas de ECUs Diesel y habilita la interconexi\u00f3n de todos los m\u00f3dulos del sistema inmovilizador (ECU, fusiblera, tablero, antena y m\u00e1s), para ejecutar trabajos de programaci\u00f3n avanzados como emparejamientos y procedimientos \u201ccero llaves\u201d, con verificaci\u00f3n final del funcionamiento del conjunto como si estuviera instalado en el veh\u00edculo.<\/span><\/p>\n<p><span style=\"font-weight: 400;\">Esto te da la posibilidad de visualizar el comportamiento del sistema a trav\u00e9s de testigos como Check y Code, verificar la comunicaci\u00f3n entre m\u00f3dulos en tiempo real y asegurar la reparaci\u00f3n antes de reinstalar la unidad. Adem\u00e1s, integra funciones de inmovilizador para sistemas Diesel, ampliando el trabajo en banco sin necesidad de incorporar herramientas adicionales.<\/span><\/p>\n<p><span style=\"font-weight: 400;\">La comunicaci\u00f3n entre m\u00f3dulos se monitorea en tiempo real a trav\u00e9s de l\u00edneas como CAN, K, L y W, asegurando intervenciones precisas y controladas.<\/span><\/p>\n<p>&nbsp;<\/p>\n<p><span style=\"font-weight: 400;\">*Atenci\u00f3n: No ejecuta el m\u00f3dulo de <em>Funciones Extra<\/em> del hardware FULLPROB.<\/span><\/p>\n<p><span style=\"font-weight: 400;\"><b>FULLDIESEL 24V + FULLPROB 2 <strong class=\"Yjhzub\" data-sfc-root=\"c\" data-sfc-cb=\"\" data-complete=\"true\"><strong>DIESEL PLUS<\/strong><\/strong><\/b>\u00a0es el punto de partida ideal para ingresar al diagn\u00f3stico Di\u00e9sel, con la ventaja de quedar preparado para trabajar en sistemas de Pesados 24V a partir de agosto 2026. Es una inversi\u00f3n que crece con tu taller porque soporta el upgrade de m\u00f3dulos Nafta, Motos, Inyecci\u00f3n Directa y Pesados, ampliando tu capacidad de diagn\u00f3stico y acceso a funciones a medida que lo necesites.<\/span><\/p>\n<p>&nbsp;<\/p>\n<p><span style=\"font-weight: 400;\">Su integraci\u00f3n con <b>FULLPROB 2<\/b> potencia el acceso a informaci\u00f3n t\u00e9cnica, facilitando tanto el diagn\u00f3stico como la ejecuci\u00f3n de trabajos complejos en electr\u00f3nica automotriz.<\/span><\/p>\n<p>&nbsp;<\/p>\n<p><strong>Equipos CEA<\/strong><\/p>\n<p><span style=\"font-weight: 400;\">El ecosistema de equipos CEA completo te permite diagnosticar ECUs Nafta, Diesel, Inyecci\u00f3n Directa y Motos; fusibleras electr\u00f3nicas (BCM\/BSI), m\u00f3dulos de encendido, mariposas motorizadas, inyectores, sensores, m\u00f3dulos GNC y muchos m\u00e1s.<\/span><\/p>\n<p><span style=\"font-weight: 400;\">Si sos usuario de entorno Nafta \/ Gasolina \/ Diesel livianos y est\u00e1s interesado en ampliar tus capacidades de diagn\u00f3stico y reparaci\u00f3n en electr\u00f3nica automotriz en el entorno Diesel pesados y de Inyecci\u00f3n Directa, <b>FULLDIESEL 24V + FULLPROB 2 <strong class=\"Yjhzub\" data-sfc-root=\"c\" data-sfc-cb=\"\" data-complete=\"true\"><strong>DIESEL PLUS<\/strong><\/strong><\/b><\/span>\u00a0es<span style=\"font-weight: 400;\"> la herramienta necesaria para dar el salto.<\/span><\/p>\n<p>&nbsp;<\/p>\n<p><strong>Incluye:<\/strong><\/p>\n<p><span style=\"color: #333333;\">&#8211; Equipo FULLDIESEL 24V<\/span><br \/>\n<span style=\"color: #333333;\">&#8211; Nuevo software FULLPROB 2<\/span><br \/>\n<span style=\"color: #333333;\">&#8211; FullApp<\/span><br \/>\n<span style=\"color: #333333;\">&#8211; Base de datos<\/span><br \/>\n<span style=\"color: #333333;\">&#8211; Im\u00e1genes de ECUs<\/span><br \/>\n<span style=\"color: #333333;\">&#8211; Notas \/ Estrategias<\/span><br \/>\n<span style=\"color: #333333;\">&#8211; Im\u00e1genes de Inmos<\/span><\/p>\n<p>&nbsp;<\/p>\n<p><strong class=\"Yjhzub\" data-sfc-root=\"c\" data-sfc-cb=\"\" data-complete=\"true\"><strong><span style=\"font-weight: 400;\"><b>FULLDIESEL 24V + FULLPROB 2 DIESEL PLUS<\/b><\/span>\u00a0<\/strong><\/strong>es la soluci\u00f3n definitiva para el profesional del diagn\u00f3stico en l\u00ednea pesada.<\/p>\n<p>Otras l\u00edneas de PACKS y accesorios opcionales te permiten probar toda la electr\u00f3nica del veh\u00edculo en conjunto sobre tu banco de prueba:<\/p>\n<ul>\n<li><strong class=\"Yjhzub\" data-sfc-root=\"c\" data-sfc-cb=\"\" data-complete=\"true\"><strong><span style=\"font-weight: 400;\"><b>FULLDIESEL 24V + FULLPROB 2 DIESEL TOTAL<\/b><\/span><\/strong><\/strong><\/li>\n<li><a href=\"https:\/\/epic.net.ar\/en\/product\/pack-fulldiesel-fullprob-2-plus\/\"><strong>PACK FULLDIESEL + FULLPROB 2 PLUS<\/strong><\/a><\/li>\n<li><a href=\"https:\/\/epic.net.ar\/en\/product\/pack-fulldiesel-fullprob-2-total\/\"><strong>PACK FULLDIESEL + FULLPROB 2 TOTAL<\/strong><\/a><\/li>\n<li><strong><strong class=\"Yjhzub\" data-sfc-root=\"c\" data-sfc-cb=\"\" data-complete=\"true\"><span style=\"font-weight: 400;\"><b><a href=\"https:\/\/epic.net.ar\/en\/product\/pack-fullprob-inmobox-fullprob-2-nafta-total\/\">PACK FULLPROB + INMOBOX + FULLPROB 2 NAFTA TOTAL<\/a><\/b><\/span><\/strong><\/strong><\/li>\n<li><a href=\"https:\/\/epic.net.ar\/en\/product\/emulador-de-cargas-gasolina-prueba-de-ecus-con-cargas-reales-y-simuladas\/\"><strong>EMULADOR DE INYECTORES NAFTA\/GASOLINA<\/strong><\/a> for testing ECUs that need loads to run properly on the bench<\/li>\n<li><a href=\"https:\/\/epic.net.ar\/en\/product\/emulador-de-inyectores\/\"><strong>INJECTOR EMULATOR FOR FULLDIESEL<\/strong><\/a> para generar carga de inyectores en pruebas con FULLDIESEL.<\/li>\n<\/ul>\n<p>&nbsp;<\/p>","protected":false},"excerpt":{"rendered":"<p><strong>\u00a1Lleg\u00f3 la herramienta definitiva de diagn\u00f3stico Diesel l\u00ednea pesada para tu taller!<\/strong><\/p>\n<p><span style=\"font-weight: 400;\">The <strong>PACK<\/strong><b> FULLDIESEL 24V + FULLPROB 2 Diesel Plus<\/b>\u00a0 es el primer paso para diagnosticar y validar sistemas electr\u00f3nicos Diesel en banco, integrando funciones de prueba, programaci\u00f3n y verificaci\u00f3n en un mismo entorno de trabajo. Tambi\u00e9n funciona como un excelente complemento para tu scanner, ampliando las posibilidades de diagn\u00f3stico y programaci\u00f3n en banco.<\/span><\/p>\n<p><strong>Access quality technical information.<\/strong><br \/>\nTecnolog\u00eda de punta dise\u00f1ada para dominar el parque automotor actual.<\/p>\n<p><strong>INCLUYE 12 MESES DE LICENCIA BONIFICADOS<\/strong><\/p>\n<p>&nbsp;<\/p>\n<h3><span style=\"color: #ff0000;\"><strong>\u00a1Oferta Lanzamiento!<\/strong><\/span><\/h3>","protected":false},"featured_media":15617,"comment_status":"open","ping_status":"closed","template":"","meta":{"_et_pb_use_builder":"","_et_pb_old_content":"","_et_gb_content_width":"","_uag_custom_page_level_css":"","_joinchat":[]},"product_brand":[],"product_cat":[18,16,140],"product_tag":[47],"class_list":{"0":"post-15616","1":"product","2":"type-product","3":"status-publish","4":"has-post-thumbnail","6":"product_cat-bancos-de-prueba","7":"product_cat-diagnostico","8":"product_cat-equipos-diagnostico","9":"product_tag-cea","11":"first","12":"instock","13":"sale","14":"featured","15":"shipping-taxable","16":"purchasable","17":"product-type-simple","18":"add-to-wishlist-before_image"},"uagb_featured_image_src":{"full":["https:\/\/epic.net.ar\/wp-content\/uploads\/2026\/04\/PACK-DIESEL24-D24-233.jpeg",1280,1280,false],"thumbnail":["https:\/\/epic.net.ar\/wp-content\/uploads\/2026\/04\/PACK-DIESEL24-D24-233-150x150.jpeg",150,150,true],"medium":["https:\/\/epic.net.ar\/wp-content\/uploads\/2026\/04\/PACK-DIESEL24-D24-233-300x300.jpeg",300,300,true],"medium_large":["https:\/\/epic.net.ar\/wp-content\/uploads\/2026\/04\/PACK-DIESEL24-D24-233-768x768.jpeg",768,768,true],"large":["https:\/\/epic.net.ar\/wp-content\/uploads\/2026\/04\/PACK-DIESEL24-D24-233-1024x1024.jpeg",1024,1024,true],"1536x1536":["https:\/\/epic.net.ar\/wp-content\/uploads\/2026\/04\/PACK-DIESEL24-D24-233.jpeg",1280,1280,false],"2048x2048":["https:\/\/epic.net.ar\/wp-content\/uploads\/2026\/04\/PACK-DIESEL24-D24-233.jpeg",1280,1280,false],"trp-custom-language-flag":["https:\/\/epic.net.ar\/wp-content\/uploads\/2026\/04\/PACK-DIESEL24-D24-233-12x12.jpeg",12,12,true],"et-pb-post-main-image":["https:\/\/epic.net.ar\/wp-content\/uploads\/2026\/04\/PACK-DIESEL24-D24-233-400x250.jpeg",400,250,true],"et-pb-post-main-image-fullwidth":["https:\/\/epic.net.ar\/wp-content\/uploads\/2026\/04\/PACK-DIESEL24-D24-233-1080x675.jpeg",1080,675,true],"et-pb-portfolio-image":["https:\/\/epic.net.ar\/wp-content\/uploads\/2026\/04\/PACK-DIESEL24-D24-233-400x284.jpeg",400,284,true],"et-pb-portfolio-module-image":["https:\/\/epic.net.ar\/wp-content\/uploads\/2026\/04\/PACK-DIESEL24-D24-233-510x382.jpeg",510,382,true],"et-pb-portfolio-image-single":["https:\/\/epic.net.ar\/wp-content\/uploads\/2026\/04\/PACK-DIESEL24-D24-233-1080x1080.jpeg",1080,1080,true],"et-pb-gallery-module-image-portrait":["https:\/\/epic.net.ar\/wp-content\/uploads\/2026\/04\/PACK-DIESEL24-D24-233-400x516.jpeg",400,516,true],"et-pb-post-main-image-fullwidth-large":["https:\/\/epic.net.ar\/wp-content\/uploads\/2026\/04\/PACK-DIESEL24-D24-233.jpeg",1280,1280,false],"et-pb-image--responsive--desktop":["https:\/\/epic.net.ar\/wp-content\/uploads\/2026\/04\/PACK-DIESEL24-D24-233.jpeg",720,720,false],"et-pb-image--responsive--tablet":["https:\/\/epic.net.ar\/wp-content\/uploads\/2026\/04\/PACK-DIESEL24-D24-233-980x980.jpeg",551,551,true],"et-pb-image--responsive--phone":["https:\/\/epic.net.ar\/wp-content\/uploads\/2026\/04\/PACK-DIESEL24-D24-233-480x480.jpeg",270,270,true],"woocommerce_thumbnail":["https:\/\/epic.net.ar\/wp-content\/uploads\/2026\/04\/PACK-DIESEL24-D24-233-300x300.jpeg",300,300,true],"woocommerce_single":["https:\/\/epic.net.ar\/wp-content\/uploads\/2026\/04\/PACK-DIESEL24-D24-233-600x600.jpeg",600,600,true],"woocommerce_gallery_thumbnail":["https:\/\/epic.net.ar\/wp-content\/uploads\/2026\/04\/PACK-DIESEL24-D24-233-100x100.jpeg",100,100,true],"dgwt-wcas-product-suggestion":["https:\/\/epic.net.ar\/wp-content\/uploads\/2026\/04\/PACK-DIESEL24-D24-233-64x64.jpeg",64,64,true]},"uagb_author_info":{"display_name":"Ezequiel Costilla","author_link":"https:\/\/epic.net.ar\/en\/author\/"},"uagb_comment_info":0,"uagb_excerpt":"\u00a1Lleg\u00f3 la herramienta definitiva de diagn\u00f3stico Diesel l\u00ednea pesada para tu taller! El PACK FULLDIESEL 24V + FULLPROB 2 Diesel Plus\u00a0 es el primer paso para diagnosticar y validar sistemas electr\u00f3nicos Diesel en banco, integrando funciones de prueba, programaci\u00f3n y verificaci\u00f3n en un mismo entorno de trabajo. Tambi\u00e9n funciona como un excelente complemento para tu&hellip;","_links":{"self":[{"href":"https:\/\/epic.net.ar\/en\/wp-json\/wp\/v2\/product\/15616","targetHints":{"allow":["GET"]}}],"collection":[{"href":"https:\/\/epic.net.ar\/en\/wp-json\/wp\/v2\/product"}],"about":[{"href":"https:\/\/epic.net.ar\/en\/wp-json\/wp\/v2\/types\/product"}],"replies":[{"embeddable":true,"href":"https:\/\/epic.net.ar\/en\/wp-json\/wp\/v2\/comments?post=15616"}],"wp:featuredmedia":[{"embeddable":true,"href":"https:\/\/epic.net.ar\/en\/wp-json\/wp\/v2\/media\/15617"}],"wp:attachment":[{"href":"https:\/\/epic.net.ar\/en\/wp-json\/wp\/v2\/media?parent=15616"}],"wp:term":[{"taxonomy":"product_brand","embeddable":true,"href":"https:\/\/epic.net.ar\/en\/wp-json\/wp\/v2\/product_brand?post=15616"},{"taxonomy":"product_cat","embeddable":true,"href":"https:\/\/epic.net.ar\/en\/wp-json\/wp\/v2\/product_cat?post=15616"},{"taxonomy":"product_tag","embeddable":true,"href":"https:\/\/epic.net.ar\/en\/wp-json\/wp\/v2\/product_tag?post=15616"}],"curies":[{"name":"wp","href":"https:\/\/api.w.org\/{rel}","templated":true}]}}