{"id":15594,"date":"2026-04-13T14:48:42","date_gmt":"2026-04-13T17:48:42","guid":{"rendered":"https:\/\/epic.net.ar\/?post_type=product&#038;p=15594"},"modified":"2026-04-14T11:56:29","modified_gmt":"2026-04-14T14:56:29","slug":"kit-completo-fusibleras-electronicas-i-ii-iii","status":"publish","type":"product","link":"https:\/\/epic.net.ar\/en\/product\/kit-completo-fusibleras-electronicas-i-ii-iii\/","title":{"rendered":"KIT COMPLETO Fusibleras Electr\u00f3nicas I-II-III"},"content":{"rendered":"<p><strong>INCLUYE:<\/strong><\/p>\n<p>FUSIBLERAS I<\/p>\n<p>FUSIBLERAS II<\/p>\n<p>FUSIBLERAS III<\/p>\n<p>&nbsp;<\/p>\n<p>&nbsp;<\/p>","protected":false},"excerpt":{"rendered":"<p><b>Aprovecha esta oferta exclusiva y adquir\u00ed los 3 manuales t\u00e9cnicos de FUSIBLERAS con un descuento Exclusivo EPIC<\/b><\/p>\n<p><strong>Ahorr\u00e1 tiempo y gana mas dinero con diagn\u00f3sticos r\u00e1pidos y exitosos.<br \/>\n<\/strong><strong>Un manual de CEA: informaci\u00f3n practica y de calidad.<\/strong><\/p>\n<p>&nbsp;<\/p>","protected":false},"featured_media":15602,"comment_status":"closed","ping_status":"closed","template":"","meta":{"_et_pb_use_builder":"","_et_pb_old_content":"","_et_gb_content_width":"","_uag_custom_page_level_css":"","_joinchat":[]},"product_brand":[],"product_cat":[39],"product_tag":[],"class_list":{"0":"post-15594","1":"product","2":"type-product","3":"status-publish","4":"has-post-thumbnail","6":"product_cat-manuales","8":"first","9":"instock","10":"sale","11":"shipping-taxable","12":"purchasable","13":"product-type-simple","14":"add-to-wishlist-before_image"},"uagb_featured_image_src":{"full":["https:\/\/epic.net.ar\/wp-content\/uploads\/2026\/04\/KIT-COMPLETO-Fusibleras-Electronicas-I-II-III.jpeg",1280,1280,false],"thumbnail":["https:\/\/epic.net.ar\/wp-content\/uploads\/2026\/04\/KIT-COMPLETO-Fusibleras-Electronicas-I-II-III-150x150.jpeg",150,150,true],"medium":["https:\/\/epic.net.ar\/wp-content\/uploads\/2026\/04\/KIT-COMPLETO-Fusibleras-Electronicas-I-II-III-300x300.jpeg",300,300,true],"medium_large":["https:\/\/epic.net.ar\/wp-content\/uploads\/2026\/04\/KIT-COMPLETO-Fusibleras-Electronicas-I-II-III-768x768.jpeg",768,768,true],"large":["https:\/\/epic.net.ar\/wp-content\/uploads\/2026\/04\/KIT-COMPLETO-Fusibleras-Electronicas-I-II-III-1024x1024.jpeg",1024,1024,true],"1536x1536":["https:\/\/epic.net.ar\/wp-content\/uploads\/2026\/04\/KIT-COMPLETO-Fusibleras-Electronicas-I-II-III.jpeg",1280,1280,false],"2048x2048":["https:\/\/epic.net.ar\/wp-content\/uploads\/2026\/04\/KIT-COMPLETO-Fusibleras-Electronicas-I-II-III.jpeg",1280,1280,false],"trp-custom-language-flag":["https:\/\/epic.net.ar\/wp-content\/uploads\/2026\/04\/KIT-COMPLETO-Fusibleras-Electronicas-I-II-III-12x12.jpeg",12,12,true],"et-pb-post-main-image":["https:\/\/epic.net.ar\/wp-content\/uploads\/2026\/04\/KIT-COMPLETO-Fusibleras-Electronicas-I-II-III-400x250.jpeg",400,250,true],"et-pb-post-main-image-fullwidth":["https:\/\/epic.net.ar\/wp-content\/uploads\/2026\/04\/KIT-COMPLETO-Fusibleras-Electronicas-I-II-III-1080x675.jpeg",1080,675,true],"et-pb-portfolio-image":["https:\/\/epic.net.ar\/wp-content\/uploads\/2026\/04\/KIT-COMPLETO-Fusibleras-Electronicas-I-II-III-400x284.jpeg",400,284,true],"et-pb-portfolio-module-image":["https:\/\/epic.net.ar\/wp-content\/uploads\/2026\/04\/KIT-COMPLETO-Fusibleras-Electronicas-I-II-III-510x382.jpeg",510,382,true],"et-pb-portfolio-image-single":["https:\/\/epic.net.ar\/wp-content\/uploads\/2026\/04\/KIT-COMPLETO-Fusibleras-Electronicas-I-II-III-1080x1080.jpeg",1080,1080,true],"et-pb-gallery-module-image-portrait":["https:\/\/epic.net.ar\/wp-content\/uploads\/2026\/04\/KIT-COMPLETO-Fusibleras-Electronicas-I-II-III-400x516.jpeg",400,516,true],"et-pb-post-main-image-fullwidth-large":["https:\/\/epic.net.ar\/wp-content\/uploads\/2026\/04\/KIT-COMPLETO-Fusibleras-Electronicas-I-II-III.jpeg",1280,1280,false],"et-pb-image--responsive--desktop":["https:\/\/epic.net.ar\/wp-content\/uploads\/2026\/04\/KIT-COMPLETO-Fusibleras-Electronicas-I-II-III.jpeg",720,720,false],"et-pb-image--responsive--tablet":["https:\/\/epic.net.ar\/wp-content\/uploads\/2026\/04\/KIT-COMPLETO-Fusibleras-Electronicas-I-II-III-980x980.jpeg",551,551,true],"et-pb-image--responsive--phone":["https:\/\/epic.net.ar\/wp-content\/uploads\/2026\/04\/KIT-COMPLETO-Fusibleras-Electronicas-I-II-III-480x480.jpeg",270,270,true],"woocommerce_thumbnail":["https:\/\/epic.net.ar\/wp-content\/uploads\/2026\/04\/KIT-COMPLETO-Fusibleras-Electronicas-I-II-III-300x300.jpeg",300,300,true],"woocommerce_single":["https:\/\/epic.net.ar\/wp-content\/uploads\/2026\/04\/KIT-COMPLETO-Fusibleras-Electronicas-I-II-III-600x600.jpeg",600,600,true],"woocommerce_gallery_thumbnail":["https:\/\/epic.net.ar\/wp-content\/uploads\/2026\/04\/KIT-COMPLETO-Fusibleras-Electronicas-I-II-III-100x100.jpeg",100,100,true],"dgwt-wcas-product-suggestion":["https:\/\/epic.net.ar\/wp-content\/uploads\/2026\/04\/KIT-COMPLETO-Fusibleras-Electronicas-I-II-III-64x64.jpeg",64,64,true]},"uagb_author_info":{"display_name":"Ezequiel Costilla","author_link":"https:\/\/epic.net.ar\/en\/author\/"},"uagb_comment_info":0,"uagb_excerpt":"Aprovecha esta oferta exclusiva y adquir\u00ed los 3 manuales t\u00e9cnicos de FUSIBLERAS con un descuento Exclusivo EPIC Ahorr\u00e1 tiempo y gana mas dinero con diagn\u00f3sticos r\u00e1pidos y exitosos. Un manual de CEA: informaci\u00f3n practica y de calidad. &nbsp;","_links":{"self":[{"href":"https:\/\/epic.net.ar\/en\/wp-json\/wp\/v2\/product\/15594","targetHints":{"allow":["GET"]}}],"collection":[{"href":"https:\/\/epic.net.ar\/en\/wp-json\/wp\/v2\/product"}],"about":[{"href":"https:\/\/epic.net.ar\/en\/wp-json\/wp\/v2\/types\/product"}],"replies":[{"embeddable":true,"href":"https:\/\/epic.net.ar\/en\/wp-json\/wp\/v2\/comments?post=15594"}],"wp:featuredmedia":[{"embeddable":true,"href":"https:\/\/epic.net.ar\/en\/wp-json\/wp\/v2\/media\/15602"}],"wp:attachment":[{"href":"https:\/\/epic.net.ar\/en\/wp-json\/wp\/v2\/media?parent=15594"}],"wp:term":[{"taxonomy":"product_brand","embeddable":true,"href":"https:\/\/epic.net.ar\/en\/wp-json\/wp\/v2\/product_brand?post=15594"},{"taxonomy":"product_cat","embeddable":true,"href":"https:\/\/epic.net.ar\/en\/wp-json\/wp\/v2\/product_cat?post=15594"},{"taxonomy":"product_tag","embeddable":true,"href":"https:\/\/epic.net.ar\/en\/wp-json\/wp\/v2\/product_tag?post=15594"}],"curies":[{"name":"wp","href":"https:\/\/api.w.org\/{rel}","templated":true}]}}