{"id":15558,"date":"2026-04-01T18:01:35","date_gmt":"2026-04-01T21:01:35","guid":{"rendered":"https:\/\/epic.net.ar\/?post_type=product&#038;p=15558"},"modified":"2026-04-01T18:07:05","modified_gmt":"2026-04-01T21:07:05","slug":"abrites-ams-suscripcion-anual","status":"publish","type":"product","link":"https:\/\/epic.net.ar\/en\/product\/abrites-ams-suscripcion-anual\/","title":{"rendered":"ABRITES &#8211; AMS &#8211; Suscripci\u00f3n Anual"},"content":{"rendered":"<p><strong><span dir=\"auto\">La suscripci\u00f3n anual mantiene actualizadas las capacidades de diagn\u00f3stico y funcionamiento de su AVDI con las \u00faltimas funcionalidades y licencias heredadas, designadas para el software b\u00e1sico.<\/span><\/strong><span dir=\"auto\">\u00a0Un\u00a0<\/span><strong><a href=\"https:\/\/abrites.com\/products\/pkg-avdi\" target=\"_blank\" rel=\"noopener\"><span dir=\"auto\">AVDI<\/span><\/a><\/strong><span dir=\"auto\">\u00a0con suscripci\u00f3n activa le brinda una amplia gama de posibilidades para trabajar con muchas marcas de veh\u00edculos, ofreciendo soporte para m\u00e1s del 90 % de los autom\u00f3viles, camiones y otros veh\u00edculos en circulaci\u00f3n.<\/span><\/p>\n<p><span dir=\"auto\">Despu\u00e9s de cada actualizaci\u00f3n de software, nuestros servicios en l\u00ednea e incluso fuera de l\u00ednea reciben mejoras, nuevas funcionalidades y caracter\u00edsticas. \u00a1Una suscripci\u00f3n activa le garantiza estar a solo un clic de distancia de ellas!<\/span><br \/>\n<strong><span dir=\"auto\">La suscripci\u00f3n anual se aplica a todos los usuarios de AVDI en todo el mundo y es la puerta de entrada a todo el potencial de los productos ABRITES.<\/span><\/strong><span dir=\"auto\">\u00a0La suscripci\u00f3n es una parte esencial del ecosistema ABRITES y un complemento crucial para el AVDI, brindando acceso a lo siguiente:<\/span><\/p>\n<ul>\n<li><strong><span dir=\"auto\">Todos los servicios en l\u00ednea<\/span><\/strong><\/li>\n<li><strong><span dir=\"auto\">\u00daltima versi\u00f3n del software ABRITES<\/span><\/strong><\/li>\n<li><strong><span dir=\"auto\">Actualizaciones de las funciones existentes<\/span><\/strong><\/li>\n<\/ul>\n<p><span dir=\"auto\">La suscripci\u00f3n tiene una validez de 12 meses y se renueva al finalizar dicho periodo. Tenga en cuenta que todas las funciones especiales de Abrites requieren una suscripci\u00f3n activa para su compra y uso.<\/span><br \/>\n<a href=\"https:\/\/abrites.com\/contentmedia\/download\/Basic-AVDI-Functionalities1\" target=\"_blank\" rel=\"noopener\"><span dir=\"auto\">A continuaci\u00f3n<\/span><\/a><span dir=\"auto\">\u00a0, encontrar\u00e1 una lista completa de las funcionalidades incluidas en el software AVDI b\u00e1sico. M\u00e1s abajo, podr\u00e1 ver una selecci\u00f3n de las m\u00e1s destacadas:<\/span><\/p>\n<ul>\n<li><strong><span dir=\"auto\">Programaci\u00f3n de llaves: Programaci\u00f3n de llaves perdidas y de repuesto, y extracci\u00f3n de contrase\u00f1a EZS para todos los veh\u00edculos Mercedes-Benz DAS3\/FBS3 a trav\u00e9s de OBDII.<\/span><\/strong><\/li>\n<li><strong><span dir=\"auto\">Adaptaci\u00f3n de m\u00f3dulos: Lectura de contrase\u00f1a de servicio utilizada para dejar como nuevos todos los m\u00f3dulos relacionados con DAS en veh\u00edculos Mercedes-Benz, as\u00ed como Adaptaci\u00f3n\/Personalizaci\u00f3n y Activaci\u00f3n de todos los m\u00f3dulos DAS\/FBS, Lectura\/Guardado\/Actualizaci\u00f3n\/Transferencia de datos FBS, establecer cada m\u00f3dulo DAS\/FBS en estado virgen.<\/span><\/strong><\/li>\n<li><strong><span dir=\"auto\">Programaci\u00f3n de llaves para veh\u00edculos BMW CAS3\/CAS3+<\/span><\/strong><\/li>\n<li><strong><span dir=\"auto\">Programaci\u00f3n de llaves y programaci\u00f3n de llaves perdidas para todos los veh\u00edculos Toyota\/Lexus hasta 2018 (llaves mec\u00e1nicas tipo G y tipo H, y llaves inteligentes) a trav\u00e9s de OBDII.<\/span><\/strong><\/li>\n<li><strong><span dir=\"auto\">Reinicio inteligente del sistema para veh\u00edculos Toyota\/Lexus hasta 2018.<\/span><\/strong><\/li>\n<li><strong><span dir=\"auto\">Programaci\u00f3n de llaves para veh\u00edculos Honda hasta el a\u00f1o modelo 2022.<\/span><\/strong><\/li>\n<li><strong><span dir=\"auto\">\u00a1Y cientos m\u00e1s!<\/span><\/strong><\/li>\n<\/ul>\n<p><span dir=\"auto\">Cuando necesite una licencia para una tarea espec\u00edfica, por ejemplo, para trabajar con veh\u00edculos BMW, tambi\u00e9n necesitar\u00e1 un AMS activo, que garantiza una conexi\u00f3n estable a nuestros servidores para todo el trabajo en segundo plano y los c\u00e1lculos que su AVDI necesita realizar. Por eso, en la mayor\u00eda de las licencias ver\u00e1 la advertencia: AVDI con AMS activo requerido. La mayor\u00eda de las funciones especiales o licencias de ABRITES dependen de la suscripci\u00f3n en l\u00ednea. \u00a1As\u00ed que aseg\u00farese de que la suya sea v\u00e1lida!\u00a0<\/span><\/p>\n<p><strong><span dir=\"auto\">C\u00f3mo saber si su suscripci\u00f3n es activa?<\/span><\/strong><br \/>\n<span dir=\"auto\">Abra el men\u00fa de ABRITES, seleccione una marca y mire la esquina superior derecha junto al icono de conexi\u00f3n con las barras. La fecha de vencimiento se indica en un mensaje que dice AMS v\u00e1lido hasta (fecha de vencimiento).<\/span><\/p>\n<p>&nbsp;<\/p>\n<p><strong><span dir=\"auto\">Lista de marcas de veh\u00edculos compatibles con AVDI:<\/span><\/strong><\/p>\n<ul>\n<li><a href=\"https:\/\/abrites.com\/page\/abrites-diagnostics-for-bikes-snowmobiles-and-water-scooters\" target=\"_blank\" rel=\"noopener\"><span dir=\"auto\">Bicicletas, motos de nieve, motos acu\u00e1ticas, veh\u00edculos pesados<\/span><\/a><\/li>\n<li><a href=\"https:\/\/abrites.com\/page\/abrites-diagnostics-for-bmw-mini\" target=\"_blank\" rel=\"noopener\"><span dir=\"auto\">BMW, Mini<\/span><\/a><\/li>\n<li><a href=\"https:\/\/abrites.com\/page\/abrites-diagnostics-for-chrysler-dodge-jeep\" target=\"_blank\" rel=\"noopener\"><span dir=\"auto\">Chrysler, Jeep, Dodge<\/span><\/a><\/li>\n<li><a href=\"https:\/\/abrites.com\/page\/abrites-diagnostics-for-daf\" target=\"_blank\" rel=\"noopener\"><span dir=\"auto\">DAF<\/span><\/a><\/li>\n<li><a href=\"https:\/\/abrites.com\/page\/abrites-diagnostics-for-daihatsu\" target=\"_blank\" rel=\"noopener\"><span dir=\"auto\">Daihatsu<\/span><\/a><\/li>\n<li><a href=\"https:\/\/abrites.com\/page\/abrites-diagnostics-for-fiat-alfa-lancia-fca\" target=\"_blank\" rel=\"noopener\"><span dir=\"auto\">FCA &#8211; Fiat, Alfa Romeo, Lancia<\/span><\/a><\/li>\n<li><a href=\"https:\/\/abrites.com\/page\/abrites-diagnostics-for-ford-mazda\" target=\"_blank\" rel=\"noopener\"><span dir=\"auto\">Ford, Mazda<\/span><\/a><\/li>\n<li><a href=\"https:\/\/abrites.com\/page\/abrites-diagnostics-for-hyundai-kia\" target=\"_blank\" rel=\"noopener\"><span dir=\"auto\">Hyundai, KIA<\/span><\/a><\/li>\n<li><a href=\"https:\/\/abrites.com\/page\/abrites-diagnostics-for-jaguar-land-rover\" target=\"_blank\" rel=\"noopener\"><span dir=\"auto\">Jaguar, Land Rover<\/span><\/a><\/li>\n<li><a href=\"https:\/\/abrites.com\/page\/abrites-diagnostics-for-mercedes-maybach-smart\" target=\"_blank\" rel=\"noopener\"><span dir=\"auto\">Mercedes, Smart, Maybach<\/span><\/a><\/li>\n<li><a href=\"https:\/\/abrites.com\/page\/abrites-diagnostics-for-the-mercedes-benz-truck-range\" target=\"_blank\" rel=\"noopener\"><span dir=\"auto\">Camiones y autobuses Mercedes-Benz (incluido Setra)<\/span><\/a><\/li>\n<li><a href=\"https:\/\/abrites.com\/page\/abrites-diagnostics-for-mitsubishi\" target=\"_blank\" rel=\"noopener\"><span dir=\"auto\">Mitsubishi<\/span><\/a><\/li>\n<li><a href=\"https:\/\/abrites.com\/page\/abrites-diagnostics-for-nissan-infiniti\" target=\"_blank\" rel=\"noopener\"><span dir=\"auto\">Nissan, Infiniti<\/span><\/a><\/li>\n<li><a href=\"https:\/\/abrites.com\/page\/abrites-diagnostics-for-general-motors\" target=\"_blank\" rel=\"noopener\"><span dir=\"auto\">Opel, Vauxhall<\/span><\/a><\/li>\n<li><a href=\"https:\/\/abrites.com\/page\/abrites-diagnostics-for-peugeot-citroen\" target=\"_blank\" rel=\"noopener\"><span dir=\"auto\">Peugeot, Citro\u00ebn<\/span><\/a><\/li>\n<li><a href=\"https:\/\/abrites.com\/page\/abrites-diagnostics-for-renault-dacia\" target=\"_blank\" rel=\"noopener\"><span dir=\"auto\">Renault, Dacia<\/span><\/a><\/li>\n<li><a href=\"https:\/\/abrites.com\/page\/abrites-diagnostics-for-subaru\" target=\"_blank\" rel=\"noopener\"><span dir=\"auto\">subaru<\/span><\/a><\/li>\n<li><a href=\"https:\/\/abrites.com\/page\/abrites-diagnostics-for-suzuki\" target=\"_blank\" rel=\"noopener\"><span dir=\"auto\">Suzuki<\/span><\/a><\/li>\n<li><a href=\"https:\/\/abrites.com\/page\/abrites-diagnostics-for-tesla\" target=\"_blank\" rel=\"noopener\"><span dir=\"auto\">Tesla<\/span><\/a><\/li>\n<li><a href=\"https:\/\/abrites.com\/page\/abrites-diagnostics-for-toyota-lexus-scion\" target=\"_blank\" rel=\"noopener\"><span dir=\"auto\">Toyota, Lexus, Scion<\/span><\/a><\/li>\n<li><a href=\"https:\/\/abrites.com\/page\/abrites-diagnostics-for-volkswagen-audi-seat-skoda\" target=\"_blank\" rel=\"noopener\"><span dir=\"auto\">VAG &#8211; Volkswagen, Audi, Seat, Skoda, Porsche<\/span><\/a><\/li>\n<li><a href=\"https:\/\/abrites.com\/page\/abrites-diagnostics-for-volvo\" target=\"_blank\" rel=\"noopener\"><span dir=\"auto\">Volvo<\/span><\/a><\/li>\n<li><a href=\"https:\/\/abrites.com\/page\/abrites-diagnostics-for-honda\" target=\"_blank\" rel=\"noopener\"><span dir=\"auto\">Honda<\/span><\/a><\/li>\n<li><a href=\"https:\/\/abrites.com\/products\/pkg-protag-v2-cust\" target=\"_blank\" rel=\"noopener\"><span dir=\"auto\">Programador Abrites PROTAG<\/span><\/a><span dir=\"auto\">\u00a0,\u00a0<\/span><a href=\"https:\/\/abrites.com\/products\/pkg-abprog-cust\" target=\"_blank\" rel=\"noopener\"><span dir=\"auto\">programador ABPROG<\/span><\/a><span dir=\"auto\">\u00a0,\u00a0<\/span><a href=\"https:\/\/abrites.com\/page\/ecu\" target=\"_blank\" rel=\"noopener\"><span dir=\"auto\">herramienta de programaci\u00f3n ECU<\/span><\/a><\/li>\n<\/ul>","protected":false},"excerpt":{"rendered":"<p>Servicio de suscripci\u00f3n en l\u00ednea que le proporciona actualizaciones de las capacidades de diagn\u00f3stico b\u00e1sicas de <strong>ABRITES<\/strong> y de las funcionalidades existentes.<\/p>","protected":false},"featured_media":15561,"comment_status":"closed","ping_status":"closed","template":"","meta":{"_et_pb_use_builder":"","_et_pb_old_content":"","_et_gb_content_width":"","_uag_custom_page_level_css":"","_joinchat":[]},"product_brand":[],"product_cat":[146],"product_tag":[],"class_list":{"0":"post-15558","1":"product","2":"type-product","3":"status-publish","4":"has-post-thumbnail","6":"product_cat-abrites","8":"first","9":"instock","10":"shipping-taxable","11":"product-type-simple","12":"add-to-wishlist-before_image"},"uagb_featured_image_src":{"full":["https:\/\/epic.net.ar\/wp-content\/uploads\/2026\/04\/AMS.png",423,403,false],"thumbnail":["https:\/\/epic.net.ar\/wp-content\/uploads\/2026\/04\/AMS-150x150.png",150,150,true],"medium":["https:\/\/epic.net.ar\/wp-content\/uploads\/2026\/04\/AMS-300x286.png",300,286,true],"medium_large":["https:\/\/epic.net.ar\/wp-content\/uploads\/2026\/04\/AMS.png",423,403,false],"large":["https:\/\/epic.net.ar\/wp-content\/uploads\/2026\/04\/AMS.png",423,403,false],"1536x1536":["https:\/\/epic.net.ar\/wp-content\/uploads\/2026\/04\/AMS.png",423,403,false],"2048x2048":["https:\/\/epic.net.ar\/wp-content\/uploads\/2026\/04\/AMS.png",423,403,false],"trp-custom-language-flag":["https:\/\/epic.net.ar\/wp-content\/uploads\/2026\/04\/AMS-13x12.png",13,12,true],"et-pb-post-main-image":["https:\/\/epic.net.ar\/wp-content\/uploads\/2026\/04\/AMS-400x250.png",400,250,true],"et-pb-post-main-image-fullwidth":["https:\/\/epic.net.ar\/wp-content\/uploads\/2026\/04\/AMS.png",423,403,false],"et-pb-portfolio-image":["https:\/\/epic.net.ar\/wp-content\/uploads\/2026\/04\/AMS-400x284.png",400,284,true],"et-pb-portfolio-module-image":["https:\/\/epic.net.ar\/wp-content\/uploads\/2026\/04\/AMS-423x382.png",423,382,true],"et-pb-portfolio-image-single":["https:\/\/epic.net.ar\/wp-content\/uploads\/2026\/04\/AMS.png",423,403,false],"et-pb-gallery-module-image-portrait":["https:\/\/epic.net.ar\/wp-content\/uploads\/2026\/04\/AMS-400x403.png",400,403,true],"et-pb-post-main-image-fullwidth-large":["https:\/\/epic.net.ar\/wp-content\/uploads\/2026\/04\/AMS.png",423,403,false],"et-pb-image--responsive--desktop":["https:\/\/epic.net.ar\/wp-content\/uploads\/2026\/04\/AMS.png",423,403,false],"et-pb-image--responsive--tablet":["https:\/\/epic.net.ar\/wp-content\/uploads\/2026\/04\/AMS.png",423,403,false],"et-pb-image--responsive--phone":["https:\/\/epic.net.ar\/wp-content\/uploads\/2026\/04\/AMS.png",283,270,false],"woocommerce_thumbnail":["https:\/\/epic.net.ar\/wp-content\/uploads\/2026\/04\/AMS-300x300.png",300,300,true],"woocommerce_single":["https:\/\/epic.net.ar\/wp-content\/uploads\/2026\/04\/AMS.png",423,403,false],"woocommerce_gallery_thumbnail":["https:\/\/epic.net.ar\/wp-content\/uploads\/2026\/04\/AMS-100x100.png",100,100,true],"dgwt-wcas-product-suggestion":["https:\/\/epic.net.ar\/wp-content\/uploads\/2026\/04\/AMS-64x61.png",64,61,true]},"uagb_author_info":{"display_name":"Ezequiel Costilla","author_link":"https:\/\/epic.net.ar\/en\/author\/"},"uagb_comment_info":0,"uagb_excerpt":"Servicio de suscripci\u00f3n en l\u00ednea que le proporciona actualizaciones de las capacidades de diagn\u00f3stico b\u00e1sicas de ABRITES y de las funcionalidades existentes.","_links":{"self":[{"href":"https:\/\/epic.net.ar\/en\/wp-json\/wp\/v2\/product\/15558","targetHints":{"allow":["GET"]}}],"collection":[{"href":"https:\/\/epic.net.ar\/en\/wp-json\/wp\/v2\/product"}],"about":[{"href":"https:\/\/epic.net.ar\/en\/wp-json\/wp\/v2\/types\/product"}],"replies":[{"embeddable":true,"href":"https:\/\/epic.net.ar\/en\/wp-json\/wp\/v2\/comments?post=15558"}],"wp:featuredmedia":[{"embeddable":true,"href":"https:\/\/epic.net.ar\/en\/wp-json\/wp\/v2\/media\/15561"}],"wp:attachment":[{"href":"https:\/\/epic.net.ar\/en\/wp-json\/wp\/v2\/media?parent=15558"}],"wp:term":[{"taxonomy":"product_brand","embeddable":true,"href":"https:\/\/epic.net.ar\/en\/wp-json\/wp\/v2\/product_brand?post=15558"},{"taxonomy":"product_cat","embeddable":true,"href":"https:\/\/epic.net.ar\/en\/wp-json\/wp\/v2\/product_cat?post=15558"},{"taxonomy":"product_tag","embeddable":true,"href":"https:\/\/epic.net.ar\/en\/wp-json\/wp\/v2\/product_tag?post=15558"}],"curies":[{"name":"wp","href":"https:\/\/api.w.org\/{rel}","templated":true}]}}