{"id":15536,"date":"2026-03-31T11:59:36","date_gmt":"2026-03-31T14:59:36","guid":{"rendered":"https:\/\/epic.net.ar\/?post_type=product&#038;p=15536"},"modified":"2026-05-05T08:46:37","modified_gmt":"2026-05-05T11:46:37","slug":"scanner-launch-x-431-inmo-pad","status":"publish","type":"product","link":"https:\/\/epic.net.ar\/en\/product\/scanner-launch-x-431-inmo-pad\/","title":{"rendered":"Scanner LAUNCH X-431 INMO PAD"},"content":{"rendered":"<p>&nbsp;<\/p>\n<p>The\u00a0<strong>X-431 IMMO PAD<\/strong>, basado en el sistema operativo\u00a0<strong>Android 7.1<\/strong>, es un dispositivo de\u00a0<strong>programaci\u00f3n de llaves de veh\u00edculos<\/strong>\u00a0con una pantalla de\u00a0<strong>10 pulgadas<\/strong>, desarrollado por\u00a0<strong>LAUNCH<\/strong>. Adem\u00e1s, est\u00e1 equipado con un\u00a0<strong>potente hardware<\/strong>\u00a0y soluciones avanzadas de\u00a0<strong>seguridad antirrobo<\/strong>, lo que lo convierte en una herramienta ideal tanto para cerrajeros como para talleres de reparaci\u00f3n de autom\u00f3viles.<\/p>\n<p>Por otro lado, este dispositivo ofrece una serie de ventajas tecnol\u00f3gicas clave. Entre ellas, se destacan su\u00a0<strong>amplia cobertura<\/strong>\u00a0de modelos de autom\u00f3viles, su\u00a0<strong>potente capacidad de diagn\u00f3stico<\/strong>, sus\u00a0<strong>numerosas funciones especiales<\/strong>\u00a0y sus\u00a0<strong>datos de prueba altamente precisos<\/strong>. Todo esto garantiza que los profesionales puedan realizar diagn\u00f3sticos de manera r\u00e1pida y eficiente, optimizando el servicio y mejorando la satisfacci\u00f3n del cliente.<\/p>\n<p>&nbsp;<\/p>\n<p>El scanner automotriz Launch X-431 IMMO PAD es una herramienta de diagn\u00f3stico de alta calidad capaz de diagnosticar una amplia gama de sistemas del veh\u00edculo, incluyendo notor, transmisi\u00f3n, suspensi\u00f3n, frenos y el sistema el\u00e9ctrico. Cuenta con una pantalla t\u00e1ctil de 10 pulgadas y conexi\u00f3n Bluetooth, Wi-Fi o USB a una base de datos en l\u00ednea que ? proporciona informaci\u00f3n actualizada y una interfaz de usuario intuitiva en varios idiomas.<\/p>\n<p><strong>FUNCIONES PRINCIPALES<\/strong><\/p>\n<ul>\n<li>\u00a0Admite coincidencia\/copia de claves, lectura escritura de IC antirrobo<\/li>\n<li>\u00a0Lectura, escritura, codificaci\u00f3n y programaci\u00f3n de ECU<\/li>\n<li>\u00a0Incluye diagn\u00f3sticos OBD Il completos y control bidireccional<\/li>\n<li>\u00a0Admite los protocolos de comunicaci\u00f3n CAN\/ CANFD \/ DolP y los est\u00e1ndares de comunicaci\u00f3n J2534\/ D-PDU \/ RP1210<\/li>\n<li>\u00a0Cobertura de software para veh\u00edculos pesados (Heavy Duty)<\/li>\n<li>\u00a0Diagn\u00f3stico remoto exclusivo Smartlink<\/li>\n<li>\u00a0Todos los sistemas de diagn\u00f3stico de nivel OE para mas de 110 modelos de veh\u00edculos<\/li>\n<li>\u00a0Informe de diagn\u00f3stico previo y posterior an\u00e1lisis<\/li>\n<li>\u00a0Ampl\u00ede la cobertura de diagn\u00f3stico a trav\u00e9s de \u00abMall\u00bb<\/li>\n<li>\u00a0Funci\u00f3n de calibraci\u00f3n ADAS opcional con las herramientas de calibraci\u00f3n ADAS X-431<\/li>\n<li>\u00a0Funci\u00f3n TPMS opcional con X-431 TSGUN<\/li>\n<li>\u00a0Admite el reemplazo o la clonaci\u00f3n de la ECU del motor de la plataforma VW\/AUDI MGB (lea los datos de la ECU del motor directamente desde la llave)<\/li>\n<li>\u00a0Admite reemplazo o clonaci\u00f3n de ECU de caja de cambios de plataforma VW\/AUDI MQB<\/li>\n<li>\u00a0Admite el reemplazo de ECU para cajas de cambios Audi de quinta generaci\u00f3n (OAW\/ OB5).<\/li>\n<li>\u00a0Admite lectura, escritura y clonaci\u00f3n de la ECU para motores VW UDS de cuarta r generaci\u00f3n<\/li>\n<li>\u00a0Admite la limpieza del programa ECU de la caja de cambios BMW E chasis 8HP<\/li>\n<li>\u00a0Admite borrado de datos antirrobo de ECU de Mercedes (motor, caja de cambios, EIS) y BMW (caja de cambios)<\/li>\n<li>\u00a0Admite 170+ Bosch, 10+ ECU de motor Siemens y 18+ caja de cambios ECU BENCH modo cion<\/li>\n<li>ECU del motor Bosch: ME17, MED17, EDC17, MEVD17, entre otros.<\/li>\n<li>ECU del motor Siemens: BMW (MSV90, MSD87, MSD85, MSD81, MSD8O), Mercedes(SIM271DE2.0, SIM271KE2.0),VW\/ Audi (SIMOS8.6x, SIMOS8.5x, SIMOS8.4x), entre otros.<\/li>\n<li>Caja de cambios ECU: DQ200-MQB, DQ250XX, DL501 Gen1, VL381, VGS2-FCVT, VGS-FDCT, DQ400E, DL501 Gen2, DL382-7F, VGS2-FDCT, 9G_Tronic, DQ380, DQ381, DQ500, AL551, AL450, AL552, AL951, 8HPXX, entre otros.<\/li>\n<\/ul>\n<p>&nbsp;<\/p>\n<p><strong>ESPECIFICACIONES T\u00c9CNICAS &#8211; TABLET<\/strong><\/p>\n<ul>\n<li>\u00a0Pantalla de 10,1 pulgadas<\/li>\n<li>\u00a0Resoluci\u00f3n de 1920 x 1200 pixeles<\/li>\n<li>\u00a0Sistema Operativo: Android 7.1<\/li>\n<li>\u00a0CPU: 2.0GHz, Octa Core<\/li>\n<li>\u00a0RAM 4GB<\/li>\n<li>\u00a0Almacenamiento 64GB<\/li>\n<li>\u00a0Bater\u00eda 9360 mAh<\/li>\n<li>\u00a0C\u00e1mara Frontal 8MP, trasera 13MP<\/li>\n<li>\u00a0Conexi\u00f3n Bluetooth y USB<\/li>\n<li>\u00a0Interfaz USB Tipo A x 1\/ Tipo C x 1<\/li>\n<li>\u00a0Dimensiones 320 x 211x 46 mm<\/li>\n<\/ul>\n<p>&nbsp;<\/p>\n<p><strong>ESPECIFICACIONES T\u00c9CNICAS &#8211; SMARTLINK VCI<\/strong><\/p>\n<ul>\n<li>\u00a0Pantalla de 3.97 pulgadas single touch<\/li>\n<li>\u00a0Resoluci\u00f3n 320 x 480 pixeles<\/li>\n<li>\u00a0Dimensiones 204 x 110 x 45 mm<\/li>\n<li>\u00a0Memoria 256MB<\/li>\n<li>\u00a0Almacenamiento 8GB<\/li>\n<li>\u00a0Conexi\u00f3n Wifi\/ Ethernet<\/li>\n<li>\u00a0Tensi\u00f3n de trabajo DC 9V<\/li>\n<li>\u00a036V USB Tipo B usb2.0<\/li>\n<li>\u00a0Consumo de energ\u00eda &lt;6W<\/li>\n<li>\u00a0Temperatura de trabajo 0~50\u00b0C<\/li>\n<\/ul>\n<p>&nbsp;<\/p>\n<p><strong>ESPECIFICACIONES T\u00c9CNICAS -X-PROG3<\/strong><\/p>\n<ul>\n<li>\u00a0Interfaz DB26, DB15<\/li>\n<li>\u00a0Voltaje de entrada 12V CC<\/li>\n<li>\u00a0Corriente de entrada 500mA<\/li>\n<li>\u00a0Temperatura de trabajo 0-50\u00b0C<\/li>\n<li>\u00a0Temperatura de almacenamiento -20-70 \u00b0C<\/li>\n<\/ul>\n<p>&nbsp;<\/p>\n<p>&nbsp;<\/p>\n<table border=\"1\" cellspacing=\"0\" cellpadding=\"5\">\n<thead>\n<tr>\n<th colspan=\"2\">\n<h4>COBERTURA<\/h4>\n<\/th>\n<\/tr>\n<\/thead>\n<tbody>\n<tr>\n<th>AUSTRALIANOS<\/th>\n<td>AUST Holden, AUST Ford.<\/td>\n<\/tr>\n<tr>\n<th>ASI\u00c1TICOS<\/th>\n<td>Toyota\/Lexus, Honda\/Acura, Mazda, Subaru, Nissan\/Infiniti, Mitsubishi, Hyundai, Isuzu, Daihatsu, KIA, Daewoo, Suzuki, Proton, Tata, Mahindra, Ssangyong, Perodua, Maruti, entre otros modelos.<\/td>\n<\/tr>\n<tr>\n<th>EUROPEOS<\/th>\n<td>Audi, Mercedes\/Maybach, BMW\/MINI\/Rolls Royce, VW\/Bentley\/Bugatti, Opel\/Vauxhall, Peugeot, Citroen, Volvo, Sprinter, Renault\/Dacia, Fiat\/Romeo\/Abarth\/Lancia, Rover, Landrover, Saab, Seat, Skoda, Smart, Maserati, Ferrari, Aston Martin, Porsche, Jaguar, entre otros modelos.<\/td>\n<\/tr>\n<tr>\n<th>AMERICANOS<\/th>\n<td>USA Ford\/Lincoln, GM\/Buick\/Cadillac\/Chevrolet, Chrysler\/Dodge\/Jeep, entre otros modelos.<\/td>\n<\/tr>\n<tr>\n<th>CHINOS<\/th>\n<td>Changcheng (Great Wall), Geely, Qirui_TY (Cherry), Futian, Changan, Changhe, Haifei, entre otros modelos.<\/td>\n<\/tr>\n<\/tbody>\n<\/table>\n<p>&nbsp;<\/p>\n<p>&nbsp;<\/p>\n<p><em><strong>3 A\u00f1os de actualizaciones gratis incluidas, desde el d\u00eda de la compra del equipo<\/strong><\/em><\/p>\n<p><em><strong>1 A\u00f1o de garant\u00eda<\/strong><\/em><\/p>","protected":false},"excerpt":{"rendered":"<p class=\"elementor-heading-title elementor-size-default\"><strong>X-431 IMMO PAD<\/strong> es una nueva herramienta de escaneo de la familia <em>Key &amp; IMMO Programmer<\/em>, para sistemas inmovilizadores y de seguridad de autom\u00f3viles, que cuenta con funciones para programaci\u00f3n de llaves todo en uno y diagn\u00f3sticos del mismo nivel que los equipos originales de todos los sistemas.<\/p>\n<p>&nbsp;<\/p>\n<p>&nbsp;<\/p>\n<h3><span style=\"color: #ff0000;\"><strong>\u00a1Super Oferta Lanzamiento!<\/strong><\/span><\/h3>\n<p>&nbsp;<\/p>\n<p>&nbsp;<\/p>","protected":false},"featured_media":15539,"comment_status":"closed","ping_status":"closed","template":"","meta":{"_et_pb_use_builder":"off","_et_pb_old_content":"Cuenta con m\u00e1s de 100 programas de diagn\u00f3stico y reparaci\u00f3n y funciona con veh\u00edculos\r\nlivianos a gasolina, di\u00e9sel, h\u00edbridos y el\u00e9ctricos OBD I y OBD II.\r\nLectura borrado fallas en: Motor, ABS, Airbag, Transmisi\u00f3n.\r\nReset: Angulo volante, Libera pastilla freno, Inmovilizador, Llaves, Filtro DPF (diesel), Service aceite, Bateria.\r\nCodifica y adapta: Cuerpo mariposa aceleraci\u00f3n, Inyectores.","_et_gb_content_width":"","_uag_custom_page_level_css":"","_joinchat":[]},"product_brand":[],"product_cat":[40,16,41,64,17],"product_tag":[45],"class_list":{"0":"post-15536","1":"product","2":"type-product","3":"status-publish","4":"has-post-thumbnail","6":"product_cat-cerrajeria","7":"product_cat-diagnostico","8":"product_cat-equipos","9":"product_cat-novedades","10":"product_cat-scanners","11":"product_tag-launch","13":"first","14":"instock","15":"sale","16":"sold-individually","17":"shipping-taxable","18":"purchasable","19":"product-type-simple","20":"add-to-wishlist-before_image"},"uagb_featured_image_src":{"full":["https:\/\/epic.net.ar\/wp-content\/uploads\/2026\/03\/x431-inmopad-000-10.png",1600,1600,false],"thumbnail":["https:\/\/epic.net.ar\/wp-content\/uploads\/2026\/03\/x431-inmopad-000-10-150x150.png",150,150,true],"medium":["https:\/\/epic.net.ar\/wp-content\/uploads\/2026\/03\/x431-inmopad-000-10-300x300.png",300,300,true],"medium_large":["https:\/\/epic.net.ar\/wp-content\/uploads\/2026\/03\/x431-inmopad-000-10-768x768.png",768,768,true],"large":["https:\/\/epic.net.ar\/wp-content\/uploads\/2026\/03\/x431-inmopad-000-10-1024x1024.png",1024,1024,true],"1536x1536":["https:\/\/epic.net.ar\/wp-content\/uploads\/2026\/03\/x431-inmopad-000-10-1536x1536.png",1536,1536,true],"2048x2048":["https:\/\/epic.net.ar\/wp-content\/uploads\/2026\/03\/x431-inmopad-000-10.png",1600,1600,false],"trp-custom-language-flag":["https:\/\/epic.net.ar\/wp-content\/uploads\/2026\/03\/x431-inmopad-000-10-12x12.png",12,12,true],"et-pb-post-main-image":["https:\/\/epic.net.ar\/wp-content\/uploads\/2026\/03\/x431-inmopad-000-10-400x250.png",400,250,true],"et-pb-post-main-image-fullwidth":["https:\/\/epic.net.ar\/wp-content\/uploads\/2026\/03\/x431-inmopad-000-10-1080x675.png",1080,675,true],"et-pb-portfolio-image":["https:\/\/epic.net.ar\/wp-content\/uploads\/2026\/03\/x431-inmopad-000-10-400x284.png",400,284,true],"et-pb-portfolio-module-image":["https:\/\/epic.net.ar\/wp-content\/uploads\/2026\/03\/x431-inmopad-000-10-510x382.png",510,382,true],"et-pb-portfolio-image-single":["https:\/\/epic.net.ar\/wp-content\/uploads\/2026\/03\/x431-inmopad-000-10-1080x1080.png",1080,1080,true],"et-pb-gallery-module-image-portrait":["https:\/\/epic.net.ar\/wp-content\/uploads\/2026\/03\/x431-inmopad-000-10-400x516.png",400,516,true],"et-pb-post-main-image-fullwidth-large":["https:\/\/epic.net.ar\/wp-content\/uploads\/2026\/03\/x431-inmopad-000-10.png",1600,1600,false],"et-pb-image--responsive--desktop":["https:\/\/epic.net.ar\/wp-content\/uploads\/2026\/03\/x431-inmopad-000-10-1280x1280.png",720,720,true],"et-pb-image--responsive--tablet":["https:\/\/epic.net.ar\/wp-content\/uploads\/2026\/03\/x431-inmopad-000-10-980x980.png",551,551,true],"et-pb-image--responsive--phone":["https:\/\/epic.net.ar\/wp-content\/uploads\/2026\/03\/x431-inmopad-000-10-480x480.png",270,270,true],"woocommerce_thumbnail":["https:\/\/epic.net.ar\/wp-content\/uploads\/2026\/03\/x431-inmopad-000-10-300x300.png",300,300,true],"woocommerce_single":["https:\/\/epic.net.ar\/wp-content\/uploads\/2026\/03\/x431-inmopad-000-10-600x600.png",600,600,true],"woocommerce_gallery_thumbnail":["https:\/\/epic.net.ar\/wp-content\/uploads\/2026\/03\/x431-inmopad-000-10-100x100.png",100,100,true],"dgwt-wcas-product-suggestion":["https:\/\/epic.net.ar\/wp-content\/uploads\/2026\/03\/x431-inmopad-000-10-64x64.png",64,64,true]},"uagb_author_info":{"display_name":"Ezequiel Costilla","author_link":"https:\/\/epic.net.ar\/en\/author\/"},"uagb_comment_info":0,"uagb_excerpt":"X-431 IMMO PAD es una nueva herramienta de escaneo de la familia Key &amp; IMMO Programmer, para sistemas inmovilizadores y de seguridad de autom\u00f3viles, que cuenta con funciones para programaci\u00f3n de llaves todo en uno y diagn\u00f3sticos del mismo nivel que los equipos originales de todos los sistemas. &nbsp; &nbsp; \u00a1Super Oferta Lanzamiento! &nbsp; &nbsp;","_links":{"self":[{"href":"https:\/\/epic.net.ar\/en\/wp-json\/wp\/v2\/product\/15536","targetHints":{"allow":["GET"]}}],"collection":[{"href":"https:\/\/epic.net.ar\/en\/wp-json\/wp\/v2\/product"}],"about":[{"href":"https:\/\/epic.net.ar\/en\/wp-json\/wp\/v2\/types\/product"}],"replies":[{"embeddable":true,"href":"https:\/\/epic.net.ar\/en\/wp-json\/wp\/v2\/comments?post=15536"}],"wp:featuredmedia":[{"embeddable":true,"href":"https:\/\/epic.net.ar\/en\/wp-json\/wp\/v2\/media\/15539"}],"wp:attachment":[{"href":"https:\/\/epic.net.ar\/en\/wp-json\/wp\/v2\/media?parent=15536"}],"wp:term":[{"taxonomy":"product_brand","embeddable":true,"href":"https:\/\/epic.net.ar\/en\/wp-json\/wp\/v2\/product_brand?post=15536"},{"taxonomy":"product_cat","embeddable":true,"href":"https:\/\/epic.net.ar\/en\/wp-json\/wp\/v2\/product_cat?post=15536"},{"taxonomy":"product_tag","embeddable":true,"href":"https:\/\/epic.net.ar\/en\/wp-json\/wp\/v2\/product_tag?post=15536"}],"curies":[{"name":"wp","href":"https:\/\/api.w.org\/{rel}","templated":true}]}}