{"id":15482,"date":"2026-03-27T14:11:34","date_gmt":"2026-03-27T17:11:34","guid":{"rendered":"https:\/\/epic.net.ar\/?post_type=product&#038;p=15482"},"modified":"2026-04-13T11:32:34","modified_gmt":"2026-04-13T14:32:34","slug":"scanner-launch-x-431-pad-ix","status":"publish","type":"product","link":"https:\/\/epic.net.ar\/en\/product\/scanner-launch-x-431-pad-ix\/","title":{"rendered":"Scanner LAUNCH X-431 PAD IX"},"content":{"rendered":"<p>&nbsp;<\/p>\n<p><b><span class=\"themecolor\"><span dir=\"auto\">Launch X431 PAD IX Link <\/span><\/span><\/b><span dir=\"auto\">es la nueva herramienta de diagn\u00f3stico insignia de <strong>LAUNCH<\/strong>, que incorpora el nuevo VCI-SmartLink C V3.0 inteligente, que ofrece una comunicaci\u00f3n Wi-Fi mejorada y una conexi\u00f3n m\u00e1s segura. La herramienta de escaneo<\/span><b><span dir=\"auto\"> X-431 PAD IX LINK, <\/span><\/b><span dir=\"auto\">con escaneo de sistema multicanal, acelera el proceso hasta <strong>10 veces.<\/strong><\/span><b><\/b><\/p>\n<p><span dir=\"auto\">Esta excelente herramienta de diagn\u00f3stico cuenta con sistema operativo Android y ofrece la mejor cobertura posible de diagn\u00f3sticos a nivel de equipo original (OE) con un software multitarea. Gracias a su <strong>potente procesador de ocho n\u00facleos a 2 GHz, 12 GB de RAM y una pantalla t\u00e1ctil capacitiva IPS de 13,6 pulgadas<\/strong> con una resoluci\u00f3n de 2560 x 1600 p\u00edxeles, ofrece funciones de diagn\u00f3stico r\u00e1pidas y completas que los t\u00e9cnicos necesitan para diagnosticar, investigar y reparar veh\u00edculos en una sola soluci\u00f3n. Incluye las siguientes caracter\u00edsticas: Diagn\u00f3stico inteligente, Diagn\u00f3stico local, Diagn\u00f3stico y servicio de veh\u00edculos el\u00e9ctricos (VE), Diagn\u00f3stico remoto SmartLink Super, Diagn\u00f3stico remoto X431, Funci\u00f3n de servicio, Caja de herramientas, Actualizaci\u00f3n de software, Comentarios, Historial de diagn\u00f3stico, entre otras.<\/span><\/p>\n<p>&nbsp;<\/p>\n<ul>\n<li>La topolog\u00eda de redes le permite verificar visualmente los DTC y el estado de comunicaci\u00f3n de todos los sistemas.<\/li>\n<li>Le permite diagnosticar veh\u00edculos livianos y medianos.<\/li>\n<li>De forma opcional puede diagn\u00f3sticar veh\u00edculos pesados, el\u00e9ctricos e hibridos (con m\u00f3dulos de expansi\u00f3n).<\/li>\n<li>Puede tambi\u00e9n adherir software de programaci\u00f3n de llaves (opcional)<\/li>\n<li>Adem\u00e1s si se complementa con Smartlink B podr\u00e1 realizar diagn\u00f3sticos a distancia.<\/li>\n<li>Detecta autom\u00e1ticamente el protocolo de comunicaci\u00f3n del veh\u00edculo para verificar si hay alg\u00fan pin del puerto OBDII da\u00f1ado.<\/li>\n<li>Diagnostico de sistema completo para los mercados de EE.UU., Asia y Europa en m\u00e1s de 110 fabricantes, que se actualizan continuamente.<\/li>\n<li>Visualizaci\u00f3n de voltaje en tiempo real. Esto ayuda a monitorear la condici\u00f3n de voltaje del veh\u00edculo durante el diagn\u00f3stico.<\/li>\n<li>Admite los protocolos de comunicaci\u00f3n automotriz CAN\/CANFD\/DoIP y los est\u00e1ndares de comunicaci\u00f3n automotriz J2534\/D-PDU\/RP1210.<\/li>\n<li>El diagn\u00f3stico inteligente permite identificar el VIN e ingresar autom\u00e1ticamente a los sistemas del veh\u00edculo.<\/li>\n<li>Las funciones b\u00e1sicas incluyen leer y borrar DTC, diagn\u00f3stico remoto, control bidireccional, gr\u00e1fico de datos en vivo, actualizaci\u00f3n de software inal\u00e1mbrico, etc.<\/li>\n<li>Funciones guiadas para Volkswagen y Audi.<\/li>\n<li>X-431 PAD IX tiene compatibilidad con equipos de calibraci\u00f3n ADAS que le servir\u00e1 para reestablecer y calibrar sensores de proximidad y anticolisiones.<\/li>\n<li>Con este equipo podr\u00e1 realizar funciones online que le ayudaran a reestablecer la configuraci\u00f3n completa de la ECU a modo f\u00e1brica sin necesidad del software original del fabricante.<\/li>\n<li>Puede utilizar su TSGUN para realizar programaciones y recalibraciones de sensores TPMS.<\/li>\n<li>Posee un MALL que le permitir\u00e1 comprar y adicionar nuevas marcas y funciones a su equipo.<\/li>\n<\/ul>\n<p>&nbsp;<\/p>\n<p><strong>Pantalla 13,6\u201d con resoloci\u00f3n de 2 K y 2560*1600 p\u00edxeles<\/strong><br \/>\n<strong>Sistema operativo Android 13<\/strong><br \/>\n<strong>CPU 2.0 GHz, Octa-Core<\/strong><br \/>\n<strong>RAM 12 GB<\/strong><br \/>\n<strong>Almacenamiento 512 GB<\/strong><br \/>\n<strong>Bater\u00eda 71,1 Wh (7.6V, 9360 mAh)<\/strong><br \/>\n<strong>C\u00e1mara Trasera de 20MP y frontal de 8MP<\/strong><br \/>\n<strong>Conexi\u00f3n VCI Bluetooth\/USB\/ WIFI dual<\/strong><br \/>\n<strong>Interfaz USB Tipo A\u00a0 \/ Tipo C\u00a0 \/ DC IN \/ Micro SD \/ Mini HMI<\/strong><br \/>\n<strong>Dimensiones 274 * 190 * 40.5 mm<\/strong><\/p>\n<p><em><strong>3 A\u00f1os de actualizaciones gratis incluidas, desde el dia de la compra del equipo<\/strong><\/em><\/p>\n<p><em><strong>1 A\u00f1o de garantia<\/strong><\/em><\/p>","protected":false},"excerpt":{"rendered":"<p><strong><span lang=\"es-AR\">Realiza diagn\u00f3sticos en alta velocidad con los est\u00e1ndares de calidad m\u00e1s exigentes<\/span><\/strong><\/p>\n<p>Llev\u00e1 tu taller a otro nivel con el nuevo <strong>PAD IX<\/strong>, el scanner tope de gama de <strong>LAUNCH<\/strong><\/p>\n<p>&nbsp;<\/p>\n<h3><span style=\"color: #ff0000;\"><strong>\u00a1Super Oferta Lanzamiento!<\/strong><\/span><\/h3>\n<p>&nbsp;<\/p>\n<p>&nbsp;<\/p>","protected":false},"featured_media":15493,"comment_status":"closed","ping_status":"closed","template":"","meta":{"_et_pb_use_builder":"off","_et_pb_old_content":"Cuenta con m\u00e1s de 100 programas de diagn\u00f3stico y reparaci\u00f3n y funciona con veh\u00edculos\r\nlivianos a gasolina, di\u00e9sel, h\u00edbridos y el\u00e9ctricos OBD I y OBD II.\r\nLectura borrado fallas en: Motor, ABS, Airbag, Transmisi\u00f3n.\r\nReset: Angulo volante, Libera pastilla freno, Inmovilizador, Llaves, Filtro DPF (diesel), Service aceite, Bateria.\r\nCodifica y adapta: Cuerpo mariposa aceleraci\u00f3n, Inyectores.","_et_gb_content_width":"","_uag_custom_page_level_css":"","_joinchat":[]},"product_brand":[],"product_cat":[16,64,17],"product_tag":[45],"class_list":{"0":"post-15482","1":"product","2":"type-product","3":"status-publish","4":"has-post-thumbnail","6":"product_cat-diagnostico","7":"product_cat-novedades","8":"product_cat-scanners","9":"product_tag-launch","11":"first","12":"instock","13":"sale","14":"shipping-taxable","15":"purchasable","16":"product-type-simple","17":"add-to-wishlist-before_image"},"uagb_featured_image_src":{"full":["https:\/\/epic.net.ar\/wp-content\/uploads\/2026\/03\/431P9.jpg",1000,1000,false],"thumbnail":["https:\/\/epic.net.ar\/wp-content\/uploads\/2026\/03\/431P9-150x150.jpg",150,150,true],"medium":["https:\/\/epic.net.ar\/wp-content\/uploads\/2026\/03\/431P9-300x300.jpg",300,300,true],"medium_large":["https:\/\/epic.net.ar\/wp-content\/uploads\/2026\/03\/431P9-768x768.jpg",768,768,true],"large":["https:\/\/epic.net.ar\/wp-content\/uploads\/2026\/03\/431P9.jpg",1000,1000,false],"1536x1536":["https:\/\/epic.net.ar\/wp-content\/uploads\/2026\/03\/431P9.jpg",1000,1000,false],"2048x2048":["https:\/\/epic.net.ar\/wp-content\/uploads\/2026\/03\/431P9.jpg",1000,1000,false],"trp-custom-language-flag":["https:\/\/epic.net.ar\/wp-content\/uploads\/2026\/03\/431P9-12x12.jpg",12,12,true],"et-pb-post-main-image":["https:\/\/epic.net.ar\/wp-content\/uploads\/2026\/03\/431P9-400x250.jpg",400,250,true],"et-pb-post-main-image-fullwidth":["https:\/\/epic.net.ar\/wp-content\/uploads\/2026\/03\/431P9-1000x675.jpg",1000,675,true],"et-pb-portfolio-image":["https:\/\/epic.net.ar\/wp-content\/uploads\/2026\/03\/431P9-400x284.jpg",400,284,true],"et-pb-portfolio-module-image":["https:\/\/epic.net.ar\/wp-content\/uploads\/2026\/03\/431P9-510x382.jpg",510,382,true],"et-pb-portfolio-image-single":["https:\/\/epic.net.ar\/wp-content\/uploads\/2026\/03\/431P9.jpg",1000,1000,false],"et-pb-gallery-module-image-portrait":["https:\/\/epic.net.ar\/wp-content\/uploads\/2026\/03\/431P9-400x516.jpg",400,516,true],"et-pb-post-main-image-fullwidth-large":["https:\/\/epic.net.ar\/wp-content\/uploads\/2026\/03\/431P9.jpg",1000,1000,false],"et-pb-image--responsive--desktop":["https:\/\/epic.net.ar\/wp-content\/uploads\/2026\/03\/431P9.jpg",720,720,false],"et-pb-image--responsive--tablet":["https:\/\/epic.net.ar\/wp-content\/uploads\/2026\/03\/431P9-980x980.jpg",551,551,true],"et-pb-image--responsive--phone":["https:\/\/epic.net.ar\/wp-content\/uploads\/2026\/03\/431P9-480x480.jpg",270,270,true],"woocommerce_thumbnail":["https:\/\/epic.net.ar\/wp-content\/uploads\/2026\/03\/431P9-300x300.jpg",300,300,true],"woocommerce_single":["https:\/\/epic.net.ar\/wp-content\/uploads\/2026\/03\/431P9-600x600.jpg",600,600,true],"woocommerce_gallery_thumbnail":["https:\/\/epic.net.ar\/wp-content\/uploads\/2026\/03\/431P9-100x100.jpg",100,100,true],"dgwt-wcas-product-suggestion":["https:\/\/epic.net.ar\/wp-content\/uploads\/2026\/03\/431P9-64x64.jpg",64,64,true]},"uagb_author_info":{"display_name":"Ezequiel Costilla","author_link":"https:\/\/epic.net.ar\/en\/author\/"},"uagb_comment_info":0,"uagb_excerpt":"Realiza diagn\u00f3sticos en alta velocidad con los est\u00e1ndares de calidad m\u00e1s exigentes Llev\u00e1 tu taller a otro nivel con el nuevo PAD IX, el scanner tope de gama de LAUNCH &nbsp; \u00a1Super Oferta Lanzamiento! &nbsp; &nbsp;","_links":{"self":[{"href":"https:\/\/epic.net.ar\/en\/wp-json\/wp\/v2\/product\/15482","targetHints":{"allow":["GET"]}}],"collection":[{"href":"https:\/\/epic.net.ar\/en\/wp-json\/wp\/v2\/product"}],"about":[{"href":"https:\/\/epic.net.ar\/en\/wp-json\/wp\/v2\/types\/product"}],"replies":[{"embeddable":true,"href":"https:\/\/epic.net.ar\/en\/wp-json\/wp\/v2\/comments?post=15482"}],"wp:featuredmedia":[{"embeddable":true,"href":"https:\/\/epic.net.ar\/en\/wp-json\/wp\/v2\/media\/15493"}],"wp:attachment":[{"href":"https:\/\/epic.net.ar\/en\/wp-json\/wp\/v2\/media?parent=15482"}],"wp:term":[{"taxonomy":"product_brand","embeddable":true,"href":"https:\/\/epic.net.ar\/en\/wp-json\/wp\/v2\/product_brand?post=15482"},{"taxonomy":"product_cat","embeddable":true,"href":"https:\/\/epic.net.ar\/en\/wp-json\/wp\/v2\/product_cat?post=15482"},{"taxonomy":"product_tag","embeddable":true,"href":"https:\/\/epic.net.ar\/en\/wp-json\/wp\/v2\/product_tag?post=15482"}],"curies":[{"name":"wp","href":"https:\/\/api.w.org\/{rel}","templated":true}]}}