{"id":15477,"date":"2026-04-05T00:01:49","date_gmt":"2026-04-05T03:01:49","guid":{"rendered":"https:\/\/epic.net.ar\/?post_type=product&#038;p=15477"},"modified":"2026-04-05T18:37:21","modified_gmt":"2026-04-05T21:37:21","slug":"pack-fulldiesel-fullprob-2-plus","status":"publish","type":"product","link":"https:\/\/epic.net.ar\/en\/product\/pack-fulldiesel-fullprob-2-plus\/","title":{"rendered":"PACK FULLDIESEL + FULLPROB 2 PLUS"},"content":{"rendered":"<p>&nbsp;<\/p>\n<p><strong>FULLPROB<\/strong> es el equipo probador de electr\u00f3nica automotriz multi-marca mas completo del mercado.<\/p>\n<ul>\n<li>Mas de 4.000 usuarios en m\u00e1s de 20 pa\u00edses.<\/li>\n<li>Ample Mercosur coverage with over 750 systems<\/li>\n<li>Exclusiva garant\u00eda <strong>CEA <\/strong>de 3 a\u00f1os, una empresa con m\u00e1s de 20 a\u00f1os de experiencia en el rubro.<\/li>\n<\/ul>\n<p>&nbsp;<\/p>\n<p><span style=\"font-weight: 400;\">The <strong>PACK<\/strong> <b>FULLDIESEL + FULLPROB 2 PLUS<\/b><\/span><span style=\"font-weight: 400;\">\u00a0te permite realizar pruebas completas de ECUs Diesel e Inyecci\u00f3n Directa, sumando funciones espec\u00edficas para estos sistemas y ampliando tu capacidad de diagn\u00f3stico en banco, <\/span><span style=\"font-weight: 400;\">posibilitando la interconexi\u00f3n de todos los m\u00f3dulos del sistema inmovilizador \u2014ECU, fusiblera, tablero, antena, etc.\u2014 para realizar trabajos de programaci\u00f3n avanzados, como emparejamientos y procedimientos \u201c<em>cero llaves<\/em>\u201d, con comprobaci\u00f3n final del funcionamiento del conjunto como si estuviera instalado en el veh\u00edculo.<\/span><\/p>\n<p><span style=\"font-weight: 400;\">Esto, permite visualizar el comportamiento del sistema a trav\u00e9s de testigos como Check y Code, verificar la comunicaci\u00f3n entre m\u00f3dulos en tiempo real y asegurar la reparaci\u00f3n antes de volver a instalar la unidad. A su vez, integra funciones de inmovilizador para sistemas Diesel y Nafta, ampliando las capacidades de trabajo en banco sin necesidad de incorporar herramientas adicionales<\/span>.<\/p>\n<p>&nbsp;<\/p>\n<p><span style=\"font-weight: 400;\"><b>FULLDIESEL + FULLPROB 2 PLUS<\/b> es el primer paso para diagnosticar y validar sistemas electr\u00f3nicos Diesel en banco, integrando funciones de prueba, programaci\u00f3n y verificaci\u00f3n en un mismo entorno de trabajo. Tambi\u00e9n funciona como un excelente complemento para tu scanner, ampliando las posibilidades de diagn\u00f3stico y programaci\u00f3n en banco p<\/span><span style=\"font-weight: 400;\">ermitiendo visualizar en tiempo real la comunicaci\u00f3n entre m\u00f3dulos a trav\u00e9s de l\u00edneas como CAN, K, L y W, asegurando intervenciones precisas y controladas.<\/span><\/p>\n<p><span style=\"font-weight: 400;\">Su integraci\u00f3n con <b>FULLPROB 2<\/b> potencia el acceso a informaci\u00f3n t\u00e9cnica, facilitando tanto el diagn\u00f3stico como la ejecuci\u00f3n de trabajos complejos en electr\u00f3nica automotriz.<\/span><\/p>\n<p>&nbsp;<\/p>\n<p><strong>Equipos CEA<\/strong><\/p>\n<p><span style=\"font-weight: 400;\">El ecosistema de equipos CEA completo te permite diagnosticar ECUs Nafta, Diesel, Inyecci\u00f3n Directa y Motos; fusibleras electr\u00f3nicas (BCM\/BSI), m\u00f3dulos de encendido, mariposas motorizadas, inyectores, sensores, m\u00f3dulos GNC y muchos m\u00e1s.<\/span><\/p>\n<p><span style=\"font-weight: 400;\">Si sos usuario del entorno Nafta \/ Gasolina y est\u00e1s interesado en ampliar tus capacidades de diagn\u00f3stico y reparaci\u00f3n en electr\u00f3nica automotriz en el entorno Diesel y de Inyecci\u00f3n Directa, <b>FULLDIESEL + FULLPROB 2 PLUS<\/b><\/span><b>\u00a0<\/b><span style=\"font-weight: 400;\">incluye las herramientas necesarias para dar el primer paso.<\/span><\/p>\n<p>&nbsp;<\/p>\n<p><strong>Incluye:<\/strong><\/p>\n<p>&#8211; Equipo FULLDIESEL<br \/>\n&#8211; Nuevo software FULLPROB 2<br \/>\n&#8211; FullApp<br \/>\n&#8211; Base de datos<br \/>\n&#8211; Im\u00e1genes de ECUs<br \/>\n&#8211; Notas \/ Estrategias<br \/>\n&#8211; Equipo FULLDIESEL<br \/>\n&#8211; Nuevo software FULLPROB 2<br \/>\n&#8211; FullApp<br \/>\n&#8211; Base de datos<br \/>\n&#8211; Im\u00e1genes de ECUs<br \/>\n&#8211; Notas \/ Estrategias<br \/>\n&#8211; Im\u00e1genes de Inmos<br \/>\n&#8211; Identificaci\u00f3n Componentes (para m\u00f3dulos Nafta y Motos)<br \/>\n&#8211; Circuitos Internos (para m\u00f3dulos Nafta y Motos)<br \/>\n&#8211; Esquemas El\u00e9ctricos (para m\u00f3dulos Nafta y Motos)<\/p>\n<p>&nbsp;<\/p>\n<p>&nbsp;<\/p>\n<p><strong class=\"Yjhzub\" data-sfc-root=\"c\" data-sfc-cb=\"\" data-complete=\"true\"><strong><span style=\"font-weight: 400;\"><b>FULLDIESEL + FULLPROB 2 PLUS<\/b><\/span>\u00a0<\/strong><\/strong>es la opci\u00f3n ideal para ampliar tu capacidad de diagn\u00f3stico en banco.<\/p>\n<p><strong>Confi\u00e1 en un equipo l\u00edder con gran trayectoria y e<\/strong><strong>ntreg\u00e1 tu trabajo de reparaci\u00f3n o programaci\u00f3n con total certeza:<\/strong><br \/>\nOtras l\u00edneas de PACKS y accesorios opcionales te permiten probar toda la electr\u00f3nica del veh\u00edculo en conjunto sobre tu banco de prueba:<\/p>\n<ul>\n<li><strong><a href=\"https:\/\/epic.net.ar\/en\/product\/pack-fulldiesel-fullprob-2-total\/\">PACK FULLDIESEL + FULLPROB 2 TOTAL<\/a><\/strong><\/li>\n<li><strong><a href=\"https:\/\/epic.net.ar\/en\/product\/pack-fullprob-fullprob-2-nafta-base\/\">PACK FULLPROB + FULLPROB 2 NAFTA BASE<\/a><\/strong><\/li>\n<li><a href=\"https:\/\/epic.net.ar\/en\/product\/pack-fullprob-inmobox-fullprob-2-nafta-plus\/\"><strong>PACK FULLPROB + INMOBOX + FULLPROB 2 NAFTA PLUS<\/strong><\/a><\/li>\n<li><a href=\"https:\/\/epic.net.ar\/en\/product\/pack-fullprob-inmobox-fullprob-2-nafta-plus\/\"><strong>PACK FULLPROB + INMOBOX + FULLPROB 2 NAFTA TOTAL<\/strong><\/a><\/li>\n<li><a href=\"https:\/\/epic.net.ar\/en\/product\/fulldiesel\/\"><strong>FullDiesel 24V<\/strong><\/a> para probar ECUs diesel y conectar los m\u00f3dulos del inmovilizador de veh\u00edculos pesados<\/li>\n<li><a href=\"https:\/\/epic.net.ar\/en\/product\/emulador-de-cargas-gasolina-prueba-de-ecus-con-cargas-reales-y-simuladas\/\"><strong>Gasoline Emulator<\/strong><\/a> for testing ECUs that need loads to run properly on the bench<\/li>\n<li><a href=\"https:\/\/epic.net.ar\/en\/product\/emulador-de-inyectores\/\"><strong>Injector Emulator (diesel)<\/strong><\/a> para generar carga de inyectores en pruebas con FULLDIESEL.<\/li>\n<\/ul>\n<p>&nbsp;<\/p>","protected":false},"excerpt":{"rendered":"<p><strong>\u00a1Sum\u00e1 diagn\u00f3stico Diesel a tu taller!<\/strong><\/p>\n<p><b>FULLDIESEL + FULLPROB 2 PLUS <\/b><span style=\"font-weight: 400;\">en un PACK promocional de lanzamiento pensado para quienes ya trabajan con herramientas Nafta \/ Gasolina y quieren dar el primer paso hacia el diagn\u00f3stico Diesel e Inyecci\u00f3n Directa con herramientas profesionales.<\/span><\/p>\n<p><span style=\"font-weight: 400;\">Este PACK incluye la actualizaci\u00f3n de tu software 3.5, al nuevo software <b>FULLPROB 2 TOTAL<\/b>\u00a0de los <b>m\u00f3dulos Nafta, Motos, Funciones Extra y FULLPROB 2 PLUS de los m\u00f3dulos Diesel e Inyecci\u00f3n Directa.<\/b><\/span><\/p>\n<p>Llev\u00e1 tu taller al siguiente nivel con el ecosistema <b>FULLDIESEL + FULLPROB 2 PLUS<\/b>. La combinaci\u00f3n m\u00e1s potente del mercado para un diagn\u00f3stico preciso y completo.<\/p>\n<p>&nbsp;<\/p>\n<p><strong>Access quality technical information.<\/strong><br \/>\nTecnolog\u00eda de punta dise\u00f1ada para dominar el parque automotor actual.<\/p>\n<p><strong>INCLUYE 12 MESES DE LICENCIA BONIFICADOS<\/strong><\/p>\n<p>&nbsp;<\/p>\n<h3><span style=\"color: #ff0000;\"><strong>\u00a1Oferta Lanzamiento!<\/strong><\/span><\/h3>","protected":false},"featured_media":15474,"comment_status":"open","ping_status":"closed","template":"","meta":{"_et_pb_use_builder":"","_et_pb_old_content":"","_et_gb_content_width":"","_uag_custom_page_level_css":"","_joinchat":[]},"product_brand":[],"product_cat":[18,16,140],"product_tag":[47],"class_list":{"0":"post-15477","1":"product","2":"type-product","3":"status-publish","4":"has-post-thumbnail","6":"product_cat-bancos-de-prueba","7":"product_cat-diagnostico","8":"product_cat-equipos-diagnostico","9":"product_tag-cea","11":"first","12":"instock","13":"sale","14":"featured","15":"shipping-taxable","16":"purchasable","17":"product-type-simple","18":"add-to-wishlist-before_image"},"uagb_featured_image_src":{"full":["https:\/\/epic.net.ar\/wp-content\/uploads\/2026\/03\/FP2_d232.jpg.jpeg",1080,1080,false],"thumbnail":["https:\/\/epic.net.ar\/wp-content\/uploads\/2026\/03\/FP2_d232.jpg-150x150.jpeg",150,150,true],"medium":["https:\/\/epic.net.ar\/wp-content\/uploads\/2026\/03\/FP2_d232.jpg-300x300.jpeg",300,300,true],"medium_large":["https:\/\/epic.net.ar\/wp-content\/uploads\/2026\/03\/FP2_d232.jpg-768x768.jpeg",768,768,true],"large":["https:\/\/epic.net.ar\/wp-content\/uploads\/2026\/03\/FP2_d232.jpg-1024x1024.jpeg",1024,1024,true],"1536x1536":["https:\/\/epic.net.ar\/wp-content\/uploads\/2026\/03\/FP2_d232.jpg.jpeg",1080,1080,false],"2048x2048":["https:\/\/epic.net.ar\/wp-content\/uploads\/2026\/03\/FP2_d232.jpg.jpeg",1080,1080,false],"trp-custom-language-flag":["https:\/\/epic.net.ar\/wp-content\/uploads\/2026\/03\/FP2_d232.jpg-12x12.jpeg",12,12,true],"et-pb-post-main-image":["https:\/\/epic.net.ar\/wp-content\/uploads\/2026\/03\/FP2_d232.jpg-400x250.jpeg",400,250,true],"et-pb-post-main-image-fullwidth":["https:\/\/epic.net.ar\/wp-content\/uploads\/2026\/03\/FP2_d232.jpg-1080x675.jpeg",1080,675,true],"et-pb-portfolio-image":["https:\/\/epic.net.ar\/wp-content\/uploads\/2026\/03\/FP2_d232.jpg-400x284.jpeg",400,284,true],"et-pb-portfolio-module-image":["https:\/\/epic.net.ar\/wp-content\/uploads\/2026\/03\/FP2_d232.jpg-510x382.jpeg",510,382,true],"et-pb-portfolio-image-single":["https:\/\/epic.net.ar\/wp-content\/uploads\/2026\/03\/FP2_d232.jpg.jpeg",1080,1080,false],"et-pb-gallery-module-image-portrait":["https:\/\/epic.net.ar\/wp-content\/uploads\/2026\/03\/FP2_d232.jpg-400x516.jpeg",400,516,true],"et-pb-post-main-image-fullwidth-large":["https:\/\/epic.net.ar\/wp-content\/uploads\/2026\/03\/FP2_d232.jpg.jpeg",1080,1080,false],"et-pb-image--responsive--desktop":["https:\/\/epic.net.ar\/wp-content\/uploads\/2026\/03\/FP2_d232.jpg.jpeg",720,720,false],"et-pb-image--responsive--tablet":["https:\/\/epic.net.ar\/wp-content\/uploads\/2026\/03\/FP2_d232.jpg-980x980.jpeg",551,551,true],"et-pb-image--responsive--phone":["https:\/\/epic.net.ar\/wp-content\/uploads\/2026\/03\/FP2_d232.jpg-480x480.jpeg",270,270,true],"woocommerce_thumbnail":["https:\/\/epic.net.ar\/wp-content\/uploads\/2026\/03\/FP2_d232.jpg-300x300.jpeg",300,300,true],"woocommerce_single":["https:\/\/epic.net.ar\/wp-content\/uploads\/2026\/03\/FP2_d232.jpg-600x600.jpeg",600,600,true],"woocommerce_gallery_thumbnail":["https:\/\/epic.net.ar\/wp-content\/uploads\/2026\/03\/FP2_d232.jpg-100x100.jpeg",100,100,true],"dgwt-wcas-product-suggestion":["https:\/\/epic.net.ar\/wp-content\/uploads\/2026\/03\/FP2_d232.jpg-64x64.jpeg",64,64,true]},"uagb_author_info":{"display_name":"Ezequiel Costilla","author_link":"https:\/\/epic.net.ar\/en\/author\/"},"uagb_comment_info":0,"uagb_excerpt":"\u00a1Sum\u00e1 diagn\u00f3stico Diesel a tu taller! FULLDIESEL + FULLPROB 2 PLUS en un PACK promocional de lanzamiento pensado para quienes ya trabajan con herramientas Nafta \/ Gasolina y quieren dar el primer paso hacia el diagn\u00f3stico Diesel e Inyecci\u00f3n Directa con herramientas profesionales. Este PACK incluye la actualizaci\u00f3n de tu software 3.5, al nuevo software&hellip;","_links":{"self":[{"href":"https:\/\/epic.net.ar\/en\/wp-json\/wp\/v2\/product\/15477","targetHints":{"allow":["GET"]}}],"collection":[{"href":"https:\/\/epic.net.ar\/en\/wp-json\/wp\/v2\/product"}],"about":[{"href":"https:\/\/epic.net.ar\/en\/wp-json\/wp\/v2\/types\/product"}],"replies":[{"embeddable":true,"href":"https:\/\/epic.net.ar\/en\/wp-json\/wp\/v2\/comments?post=15477"}],"wp:featuredmedia":[{"embeddable":true,"href":"https:\/\/epic.net.ar\/en\/wp-json\/wp\/v2\/media\/15474"}],"wp:attachment":[{"href":"https:\/\/epic.net.ar\/en\/wp-json\/wp\/v2\/media?parent=15477"}],"wp:term":[{"taxonomy":"product_brand","embeddable":true,"href":"https:\/\/epic.net.ar\/en\/wp-json\/wp\/v2\/product_brand?post=15477"},{"taxonomy":"product_cat","embeddable":true,"href":"https:\/\/epic.net.ar\/en\/wp-json\/wp\/v2\/product_cat?post=15477"},{"taxonomy":"product_tag","embeddable":true,"href":"https:\/\/epic.net.ar\/en\/wp-json\/wp\/v2\/product_tag?post=15477"}],"curies":[{"name":"wp","href":"https:\/\/api.w.org\/{rel}","templated":true}]}}