{"id":15138,"date":"2026-03-03T11:38:12","date_gmt":"2026-03-03T14:38:12","guid":{"rendered":"https:\/\/epic.net.ar\/?post_type=product&#038;p=15138"},"modified":"2026-03-03T11:54:23","modified_gmt":"2026-03-03T14:54:23","slug":"puntas-para-tester-multimetro-cat-iii-proskit-mt-9906","status":"publish","type":"product","link":"https:\/\/epic.net.ar\/en\/product\/puntas-para-tester-multimetro-cat-iii-proskit-mt-9906\/","title":{"rendered":"Puntas Para Tester Mult\u00edmetro CAT III &#8211; PRO\u00b4SKIT MT-9906"},"content":{"rendered":"<p>Puntas de prueba reforzadas para mult\u00edmetro con tapas protectoras para comodidad y seguridad del usuario, permitiendo un f\u00e1cil acceso a puntos de prueba. Cables de prueba aislados de PVC de calidad con terminales banana en \u00e1ngulo recto. Compatible con la mayor\u00eda de los mult\u00edmetros.<\/p>\n<p>Su construcci\u00f3n robusta asegura durabilidad y rendimiento en condiciones normales de uso.<\/p>\n<p>Perfectas para profesionales y aficionados que requieren exactitud y fiabilidad en sus mediciones el\u00e9ctricas.<\/p>","protected":false},"excerpt":{"rendered":"<p>Puntas de prueba reforzadas para tester \/ mult\u00edmetro modelo: MT-9906 &#8211; CAT III &#8211; 1.000V.<\/p>","protected":false},"featured_media":15139,"comment_status":"closed","ping_status":"closed","template":"","meta":{"_et_pb_use_builder":"","_et_pb_old_content":"","_et_gb_content_width":"","_uag_custom_page_level_css":"","_joinchat":[]},"product_brand":[],"product_cat":[21,27,109,23,22,25,15],"product_tag":[80],"class_list":{"0":"post-15138","1":"product","2":"type-product","3":"status-publish","4":"has-post-thumbnail","6":"product_cat-instrumental-electronico","7":"product_cat-laboratorio","8":"product_cat-multimetros-herramientas","9":"product_cat-multimetros","10":"product_cat-osciloscopios","11":"product_cat-otros","12":"product_cat-sin-categorizar","13":"product_tag-pros-kit","15":"first","16":"instock","17":"shipping-taxable","18":"purchasable","19":"product-type-simple","20":"add-to-wishlist-before_image"},"uagb_featured_image_src":{"full":["https:\/\/epic.net.ar\/wp-content\/uploads\/2026\/03\/Puntas-Tester-PROSKIT.webp",1144,1164,false],"thumbnail":["https:\/\/epic.net.ar\/wp-content\/uploads\/2026\/03\/Puntas-Tester-PROSKIT-150x150.webp",150,150,true],"medium":["https:\/\/epic.net.ar\/wp-content\/uploads\/2026\/03\/Puntas-Tester-PROSKIT-295x300.webp",295,300,true],"medium_large":["https:\/\/epic.net.ar\/wp-content\/uploads\/2026\/03\/Puntas-Tester-PROSKIT-768x781.webp",768,781,true],"large":["https:\/\/epic.net.ar\/wp-content\/uploads\/2026\/03\/Puntas-Tester-PROSKIT-1006x1024.webp",1006,1024,true],"1536x1536":["https:\/\/epic.net.ar\/wp-content\/uploads\/2026\/03\/Puntas-Tester-PROSKIT.webp",1144,1164,false],"2048x2048":["https:\/\/epic.net.ar\/wp-content\/uploads\/2026\/03\/Puntas-Tester-PROSKIT.webp",1144,1164,false],"trp-custom-language-flag":["https:\/\/epic.net.ar\/wp-content\/uploads\/2026\/03\/Puntas-Tester-PROSKIT-12x12.webp",12,12,true],"et-pb-post-main-image":["https:\/\/epic.net.ar\/wp-content\/uploads\/2026\/03\/Puntas-Tester-PROSKIT-400x250.webp",400,250,true],"et-pb-post-main-image-fullwidth":["https:\/\/epic.net.ar\/wp-content\/uploads\/2026\/03\/Puntas-Tester-PROSKIT-1080x675.webp",1080,675,true],"et-pb-portfolio-image":["https:\/\/epic.net.ar\/wp-content\/uploads\/2026\/03\/Puntas-Tester-PROSKIT-400x284.webp",400,284,true],"et-pb-portfolio-module-image":["https:\/\/epic.net.ar\/wp-content\/uploads\/2026\/03\/Puntas-Tester-PROSKIT-510x382.webp",510,382,true],"et-pb-portfolio-image-single":["https:\/\/epic.net.ar\/wp-content\/uploads\/2026\/03\/Puntas-Tester-PROSKIT-1080x1099.webp",1080,1099,true],"et-pb-gallery-module-image-portrait":["https:\/\/epic.net.ar\/wp-content\/uploads\/2026\/03\/Puntas-Tester-PROSKIT-400x516.webp",400,516,true],"et-pb-post-main-image-fullwidth-large":["https:\/\/epic.net.ar\/wp-content\/uploads\/2026\/03\/Puntas-Tester-PROSKIT.webp",1144,1164,false],"et-pb-image--responsive--desktop":["https:\/\/epic.net.ar\/wp-content\/uploads\/2026\/03\/Puntas-Tester-PROSKIT.webp",708,720,false],"et-pb-image--responsive--tablet":["https:\/\/epic.net.ar\/wp-content\/uploads\/2026\/03\/Puntas-Tester-PROSKIT-980x997.webp",542,551,true],"et-pb-image--responsive--phone":["https:\/\/epic.net.ar\/wp-content\/uploads\/2026\/03\/Puntas-Tester-PROSKIT-480x488.webp",266,270,true],"woocommerce_thumbnail":["https:\/\/epic.net.ar\/wp-content\/uploads\/2026\/03\/Puntas-Tester-PROSKIT-300x300.webp",300,300,true],"woocommerce_single":["https:\/\/epic.net.ar\/wp-content\/uploads\/2026\/03\/Puntas-Tester-PROSKIT-600x610.webp",600,610,true],"woocommerce_gallery_thumbnail":["https:\/\/epic.net.ar\/wp-content\/uploads\/2026\/03\/Puntas-Tester-PROSKIT-100x100.webp",100,100,true],"dgwt-wcas-product-suggestion":["https:\/\/epic.net.ar\/wp-content\/uploads\/2026\/03\/Puntas-Tester-PROSKIT-64x65.webp",64,65,true]},"uagb_author_info":{"display_name":"Ezequiel Costilla","author_link":"https:\/\/epic.net.ar\/en\/author\/"},"uagb_comment_info":0,"uagb_excerpt":"Puntas de prueba reforzadas para tester \/ mult\u00edmetro modelo: MT-9906 - CAT III - 1.000V.","_links":{"self":[{"href":"https:\/\/epic.net.ar\/en\/wp-json\/wp\/v2\/product\/15138","targetHints":{"allow":["GET"]}}],"collection":[{"href":"https:\/\/epic.net.ar\/en\/wp-json\/wp\/v2\/product"}],"about":[{"href":"https:\/\/epic.net.ar\/en\/wp-json\/wp\/v2\/types\/product"}],"replies":[{"embeddable":true,"href":"https:\/\/epic.net.ar\/en\/wp-json\/wp\/v2\/comments?post=15138"}],"wp:featuredmedia":[{"embeddable":true,"href":"https:\/\/epic.net.ar\/en\/wp-json\/wp\/v2\/media\/15139"}],"wp:attachment":[{"href":"https:\/\/epic.net.ar\/en\/wp-json\/wp\/v2\/media?parent=15138"}],"wp:term":[{"taxonomy":"product_brand","embeddable":true,"href":"https:\/\/epic.net.ar\/en\/wp-json\/wp\/v2\/product_brand?post=15138"},{"taxonomy":"product_cat","embeddable":true,"href":"https:\/\/epic.net.ar\/en\/wp-json\/wp\/v2\/product_cat?post=15138"},{"taxonomy":"product_tag","embeddable":true,"href":"https:\/\/epic.net.ar\/en\/wp-json\/wp\/v2\/product_tag?post=15138"}],"curies":[{"name":"wp","href":"https:\/\/api.w.org\/{rel}","templated":true}]}}