{"id":14606,"date":"2025-12-16T10:06:06","date_gmt":"2025-12-16T13:06:06","guid":{"rendered":"https:\/\/epic.net.ar\/?post_type=product&#038;p=14606"},"modified":"2026-04-05T17:09:00","modified_gmt":"2026-04-05T20:09:00","slug":"osciloscopio-picoscope-4425a","status":"publish","type":"product","link":"https:\/\/epic.net.ar\/en\/product\/osciloscopio-picoscope-4425a\/","title":{"rendered":"OSCILOSCOPIO PICOSCOPE 4425A 4CH"},"content":{"rendered":"<ul class=\"infoDetallada\">\n<li><strong>El estado del canal se ilumina<\/strong>\u00a0para mostrarle qu\u00e9 sondas y canales conectar y su estado cuando carga un archivo de datos o una prueba guiada<\/li>\n<li><strong>Interfaz de sonda inteligente<\/strong>\u00a0para que toda la configuraci\u00f3n de su sonda tenga lugar en el software, \u00a1no m\u00e1s posiciones incorrectas del interruptor de la sonda!<\/li>\n<li><strong>Sondas con alimentaci\u00f3n<\/strong>\u00a0que siempre est\u00e1n encendidas y listas para funcionar: \u00a1no m\u00e1s bater\u00edas agotadas, puesta a cero de la pinza de corriente o apagado autom\u00e1tico!<\/li>\n<li><strong>A prueba\u00a0<\/strong>de futuro de sus capacidades de diagn\u00f3stico a medida que desarrollamos nuevas tecnolog\u00edas de sonda.<\/li>\n<li><strong>Compatibilidad total con BNC<\/strong>\u00a0para todas sus sondas PicoScope o de terceros existentes<\/li>\n<\/ul>\n<p>Todos los osciloscopios PicoScope automotrices tienen la caracter\u00edstica que ya han ayudado a diagnosticar aver\u00edas a t\u00e9cnicos de todo el mundo especializados en el diagn\u00f3stico de veh\u00edculos:<\/p>\n<ul class=\"infoDetallada\">\n<li>Muestras de 400 M \/ segundo y ancho de banda de 20 MHz para asegurarse de que puede probar los veh\u00edculos m\u00e1s actuales, como aquellos con redes FlexRay o CAN-FD de alta velocidad<\/li>\n<li>Resoluci\u00f3n de 12 bits (16 bits mejorada): sus formas de onda en alta definici\u00f3n<\/li>\n<li>Memoria de muestra de 250 M para capturas de larga duraci\u00f3n; ideal cuando intentas diagnosticar aver\u00edas intermitentes<\/li>\n<li>Velocidades y potencia de transferencia de datos USB 3.0, que le proporcionan un alto rendimiento y portabilidad<\/li>\n<\/ul>\n<p>&nbsp;<\/p>\n<h3><strong>\u00bfPor qu\u00e9 necesitas un PICOSCOPE?<\/strong><\/h3>\n<p>\u00bfPodr\u00edas usar un equipo de diagnosis en lugar de un osciloscopio? No, actualmente es necesario las dos.<\/p>\n<p>Un equipo de diagnosis te orienta en la direcci\u00f3n que tienes que buscar la aver\u00eda, tal vez te indica una aver\u00eda de encendido en un cilindro espec\u00edfico, pero rara vez detecta una aver\u00eda. Por ejemplo, \u00bfel fallo de encendido es causado por una buj\u00eda, un inyector o un problema relacionado con la compresi\u00f3n?<\/p>\n<p>Verificando solo con el equipo de diagnosis puede llevarle a \u00abprueba error\u00bb donde podr\u00e1 encontrarse reemplazando piezas hasta que la aver\u00eda desaparezca.<\/p>\n<p>En cambio, el osciloscopio PICOSCOPE le ayuda a:<\/p>\n<ul class=\"infoDetallada\">\n<li>Eliminar las conjeturas y poder probar los componentes individuales antes de reemplazarlos.<\/li>\n<li>Encontrar aver\u00edas espor\u00e1dicas he intermitentes.<\/li>\n<li>Investigar los problemas del veh\u00edculo cuando no hay c\u00f3digos de aver\u00edas m\u00faltiples o enga\u00f1osos.<\/li>\n<li>Diagnosticar aver\u00edas de carga y arranque.<\/li>\n<li>Rastrear problemas con actuadores que no son monitoreados por la ECU, como motores e inyectores.<\/li>\n<li>Identificar problemas mec\u00e1nicos como la compresi\u00f3n, distribuciones fuera de punto, estiramiento de cadenas.<\/li>\n<li>Probar la fuente de un problema analizando con el NVH.<\/li>\n<li>Con el <strong>PICOSCOPE 4425A, e<\/strong>s f\u00e1cil justificar un diagn\u00f3stico realizado frente a su cliente!<\/li>\n<\/ul>\n<p>Como t\u00e9cnico electromec\u00e1nico, un PICOSCOPE le ofrece un diagn\u00f3stico m\u00e1s r\u00e1pido y certero, una comprensi\u00f3n m\u00e1s clara del funcionamiento del veh\u00edculo.<\/p>\n<p>Como propietario del taller, un osciloscopio PICOSCOPE le genera m\u00e1s seguridad a la hora de solucionar la aver\u00eda definitivamente, cubrir\u00e1 menos garant\u00edas en la reparaci\u00f3n a los clientes, menos tiempo el veh\u00edculo en el taller, menos piezas de recambios y mayor satisfacci\u00f3n del cliente, negocios repetidos y ganancias.<\/p>\n<p><iframe loading=\"lazy\" title=\"Welcome to PicoScope Automotive\" width=\"1080\" height=\"608\" src=\"https:\/\/www.youtube.com\/embed\/5L1g5f6iJ7s?feature=oembed\"  allow=\"accelerometer; autoplay; clipboard-write; encrypted-media; gyroscope; picture-in-picture; web-share\" referrerpolicy=\"strict-origin-when-cross-origin\" allowfullscreen><\/iframe><\/p>","protected":false},"excerpt":{"rendered":"<h5><strong>Kit Osciloscopio <\/strong><strong>PICOSCOPE <\/strong><strong>4425A 4CH, Diagn\u00f3stico avanzado simplificado<\/strong><\/h5>\n<p>Con un PICOSCOPE, puede aumentar sus tasas de reparaci\u00f3n a la primera, acortar los tiempos de resoluci\u00f3n de aver\u00edas y mejorar considerablemente la satisfacci\u00f3n de sus clientes. Equipe su taller con el <strong>PICOSCOPE 4425A<\/strong> para mejorar la precisi\u00f3n y la eficiencia del diagn\u00f3stico, asegur\u00e1ndose de estar preparado para las tecnolog\u00edas de veh\u00edculos actuales y futuras.<\/p>","protected":false},"featured_media":14607,"comment_status":"closed","ping_status":"closed","template":"","meta":{"_et_pb_use_builder":"","_et_pb_old_content":"","_et_gb_content_width":"","_uag_custom_page_level_css":"","_joinchat":[]},"product_brand":[130],"product_cat":[21,27,22,28],"product_tag":[81,131],"class_list":{"0":"post-14606","1":"product","2":"type-product","3":"status-publish","4":"has-post-thumbnail","6":"product_brand-pico","7":"product_cat-instrumental-electronico","8":"product_cat-laboratorio","9":"product_cat-osciloscopios","10":"product_cat-taller","11":"product_tag-osciloscopio","12":"product_tag-pico","14":"first","15":"outofstock","16":"sold-individually","17":"shipping-taxable","18":"purchasable","19":"product-type-simple","20":"add-to-wishlist-before_image"},"uagb_featured_image_src":{"full":["https:\/\/epic.net.ar\/wp-content\/uploads\/2025\/12\/PQ176-4_chan_starter_kit.webp",979,938,false],"thumbnail":["https:\/\/epic.net.ar\/wp-content\/uploads\/2025\/12\/PQ176-4_chan_starter_kit-150x150.webp",150,150,true],"medium":["https:\/\/epic.net.ar\/wp-content\/uploads\/2025\/12\/PQ176-4_chan_starter_kit-300x287.webp",300,287,true],"medium_large":["https:\/\/epic.net.ar\/wp-content\/uploads\/2025\/12\/PQ176-4_chan_starter_kit-768x736.webp",768,736,true],"large":["https:\/\/epic.net.ar\/wp-content\/uploads\/2025\/12\/PQ176-4_chan_starter_kit.webp",979,938,false],"1536x1536":["https:\/\/epic.net.ar\/wp-content\/uploads\/2025\/12\/PQ176-4_chan_starter_kit.webp",979,938,false],"2048x2048":["https:\/\/epic.net.ar\/wp-content\/uploads\/2025\/12\/PQ176-4_chan_starter_kit.webp",979,938,false],"trp-custom-language-flag":["https:\/\/epic.net.ar\/wp-content\/uploads\/2025\/12\/PQ176-4_chan_starter_kit-13x12.webp",13,12,true],"et-pb-post-main-image":["https:\/\/epic.net.ar\/wp-content\/uploads\/2025\/12\/PQ176-4_chan_starter_kit-400x250.webp",400,250,true],"et-pb-post-main-image-fullwidth":["https:\/\/epic.net.ar\/wp-content\/uploads\/2025\/12\/PQ176-4_chan_starter_kit-979x675.webp",979,675,true],"et-pb-portfolio-image":["https:\/\/epic.net.ar\/wp-content\/uploads\/2025\/12\/PQ176-4_chan_starter_kit-400x284.webp",400,284,true],"et-pb-portfolio-module-image":["https:\/\/epic.net.ar\/wp-content\/uploads\/2025\/12\/PQ176-4_chan_starter_kit-510x382.webp",510,382,true],"et-pb-portfolio-image-single":["https:\/\/epic.net.ar\/wp-content\/uploads\/2025\/12\/PQ176-4_chan_starter_kit.webp",979,938,false],"et-pb-gallery-module-image-portrait":["https:\/\/epic.net.ar\/wp-content\/uploads\/2025\/12\/PQ176-4_chan_starter_kit-400x516.webp",400,516,true],"et-pb-post-main-image-fullwidth-large":["https:\/\/epic.net.ar\/wp-content\/uploads\/2025\/12\/PQ176-4_chan_starter_kit.webp",979,938,false],"et-pb-image--responsive--desktop":["https:\/\/epic.net.ar\/wp-content\/uploads\/2025\/12\/PQ176-4_chan_starter_kit.webp",751,720,false],"et-pb-image--responsive--tablet":["https:\/\/epic.net.ar\/wp-content\/uploads\/2025\/12\/PQ176-4_chan_starter_kit.webp",575,551,false],"et-pb-image--responsive--phone":["https:\/\/epic.net.ar\/wp-content\/uploads\/2025\/12\/PQ176-4_chan_starter_kit-480x460.webp",282,270,true],"woocommerce_thumbnail":["https:\/\/epic.net.ar\/wp-content\/uploads\/2025\/12\/PQ176-4_chan_starter_kit-300x300.webp",300,300,true],"woocommerce_single":["https:\/\/epic.net.ar\/wp-content\/uploads\/2025\/12\/PQ176-4_chan_starter_kit-600x575.webp",600,575,true],"woocommerce_gallery_thumbnail":["https:\/\/epic.net.ar\/wp-content\/uploads\/2025\/12\/PQ176-4_chan_starter_kit-100x100.webp",100,100,true],"dgwt-wcas-product-suggestion":["https:\/\/epic.net.ar\/wp-content\/uploads\/2025\/12\/PQ176-4_chan_starter_kit-64x61.webp",64,61,true]},"uagb_author_info":{"display_name":"Ezequiel Costilla","author_link":"https:\/\/epic.net.ar\/en\/author\/"},"uagb_comment_info":0,"uagb_excerpt":"Kit Osciloscopio PICOSCOPE 4425A 4CH, Diagn\u00f3stico avanzado simplificado Con un PICOSCOPE, puede aumentar sus tasas de reparaci\u00f3n a la primera, acortar los tiempos de resoluci\u00f3n de aver\u00edas y mejorar considerablemente la satisfacci\u00f3n de sus clientes. Equipe su taller con el PICOSCOPE 4425A para mejorar la precisi\u00f3n y la eficiencia del diagn\u00f3stico, asegur\u00e1ndose de estar preparado&hellip;","_links":{"self":[{"href":"https:\/\/epic.net.ar\/en\/wp-json\/wp\/v2\/product\/14606","targetHints":{"allow":["GET"]}}],"collection":[{"href":"https:\/\/epic.net.ar\/en\/wp-json\/wp\/v2\/product"}],"about":[{"href":"https:\/\/epic.net.ar\/en\/wp-json\/wp\/v2\/types\/product"}],"replies":[{"embeddable":true,"href":"https:\/\/epic.net.ar\/en\/wp-json\/wp\/v2\/comments?post=14606"}],"wp:featuredmedia":[{"embeddable":true,"href":"https:\/\/epic.net.ar\/en\/wp-json\/wp\/v2\/media\/14607"}],"wp:attachment":[{"href":"https:\/\/epic.net.ar\/en\/wp-json\/wp\/v2\/media?parent=14606"}],"wp:term":[{"taxonomy":"product_brand","embeddable":true,"href":"https:\/\/epic.net.ar\/en\/wp-json\/wp\/v2\/product_brand?post=14606"},{"taxonomy":"product_cat","embeddable":true,"href":"https:\/\/epic.net.ar\/en\/wp-json\/wp\/v2\/product_cat?post=14606"},{"taxonomy":"product_tag","embeddable":true,"href":"https:\/\/epic.net.ar\/en\/wp-json\/wp\/v2\/product_tag?post=14606"}],"curies":[{"name":"wp","href":"https:\/\/api.w.org\/{rel}","templated":true}]}}