{"id":14576,"date":"2025-12-05T13:03:10","date_gmt":"2025-12-05T16:03:10","guid":{"rendered":"https:\/\/epic.net.ar\/?post_type=product&#038;p=14576"},"modified":"2025-12-05T13:08:42","modified_gmt":"2025-12-05T16:08:42","slug":"abrites-cb026","status":"publish","type":"product","link":"https:\/\/epic.net.ar\/en\/product\/abrites-cb026\/","title":{"rendered":"ABRITES \u2013 CB026 \u2013 Cable de conexi\u00f3n ELV FBS4\/FBS3"},"content":{"rendered":"<p><span dir=\"auto\">El cable de conexi\u00f3n CB026 ELV est\u00e1 dise\u00f1ado para conectar\u00a0<\/span><strong><span dir=\"auto\">veh\u00edculos Mercedes-Benz AVDI y FBS3\/FBS4 equipados con un ELV<\/span><\/strong><span dir=\"auto\">\u00a0.<\/span><br \/>\n<span dir=\"auto\">El CB026 puede utilizarse tanto en el banco de trabajo como en el veh\u00edculo. Es esencial para el procedimiento de reparaci\u00f3n de ESL\/ELV, que se realiza con la licencia\u00a0<\/span><a href=\"https:\/\/abrites.com\/products\/mn033\" target=\"_blank\" rel=\"noopener\"><span dir=\"auto\">MN033<\/span><\/a><span dir=\"auto\">\u00a0. Tambi\u00e9n se utiliza para procedimientos con la licencia\u00a0<\/span><a href=\"http:\/\/abrites.com\/products\/mn032\" target=\"_blank\" rel=\"noopener\"><span dir=\"auto\">MN032<\/span><\/a><span dir=\"auto\">\u00a0. <\/span><\/p>\n<p><span dir=\"auto\">Se requiere <\/span><a href=\"https:\/\/abrites.com\/products\/pkg-avdi\" target=\"_blank\" rel=\"noopener\"><span dir=\"auto\">AVDI con\u00a0<\/span><\/a><a href=\"https:\/\/abrites.com\/products\/ams\" target=\"_blank\" rel=\"noopener\"><span dir=\"auto\">suscripci\u00f3n anual<\/span><\/a><span dir=\"auto\">\u00a0activa\u00a0.<\/span><\/p>\n<p><span dir=\"auto\">El per\u00edodo de garant\u00eda de este producto de hardware es de 6 meses a partir de la fecha de compra.<\/span><br \/>\n<span dir=\"auto\">Esta garant\u00eda cubre defectos de materiales y mano de obra en condiciones normales de uso durante el per\u00edodo de garant\u00eda.<\/span><\/p>\n<p>.<\/p>","protected":false},"excerpt":{"rendered":"<p>El cable de conexi\u00f3n CB026 ELV est\u00e1 dise\u00f1ado para establecer una conexi\u00f3n entre AVDI y veh\u00edculos Mercedes-Benz FBS3\/FBS4 equipados con un ELV. Este producto es una actualizaci\u00f3n del CB005 y ofrece a\u00fan m\u00e1s funcionalidades<\/p>","protected":false},"featured_media":14577,"comment_status":"closed","ping_status":"closed","template":"","meta":{"_et_pb_use_builder":"","_et_pb_old_content":"","_et_gb_content_width":"","_uag_custom_page_level_css":"","_joinchat":[]},"product_brand":[],"product_cat":[106,141,26],"product_tag":[],"class_list":{"0":"post-14576","1":"product","2":"type-product","3":"status-publish","4":"has-post-thumbnail","6":"product_cat-accesorios","7":"product_cat-cables-y-adaptadores","8":"product_cat-programacion","10":"first","11":"instock","12":"sold-individually","13":"shipping-taxable","14":"purchasable","15":"product-type-simple","16":"add-to-wishlist-before_image"},"uagb_featured_image_src":{"full":["https:\/\/epic.net.ar\/wp-content\/uploads\/2025\/12\/CB026.png",1050,1000,false],"thumbnail":["https:\/\/epic.net.ar\/wp-content\/uploads\/2025\/12\/CB026-150x150.png",150,150,true],"medium":["https:\/\/epic.net.ar\/wp-content\/uploads\/2025\/12\/CB026-300x286.png",300,286,true],"medium_large":["https:\/\/epic.net.ar\/wp-content\/uploads\/2025\/12\/CB026-768x731.png",768,731,true],"large":["https:\/\/epic.net.ar\/wp-content\/uploads\/2025\/12\/CB026-1024x975.png",1024,975,true],"1536x1536":["https:\/\/epic.net.ar\/wp-content\/uploads\/2025\/12\/CB026.png",1050,1000,false],"2048x2048":["https:\/\/epic.net.ar\/wp-content\/uploads\/2025\/12\/CB026.png",1050,1000,false],"trp-custom-language-flag":["https:\/\/epic.net.ar\/wp-content\/uploads\/2025\/12\/CB026-13x12.png",13,12,true],"et-pb-post-main-image":["https:\/\/epic.net.ar\/wp-content\/uploads\/2025\/12\/CB026-400x250.png",400,250,true],"et-pb-post-main-image-fullwidth":["https:\/\/epic.net.ar\/wp-content\/uploads\/2025\/12\/CB026-1050x675.png",1050,675,true],"et-pb-portfolio-image":["https:\/\/epic.net.ar\/wp-content\/uploads\/2025\/12\/CB026-400x284.png",400,284,true],"et-pb-portfolio-module-image":["https:\/\/epic.net.ar\/wp-content\/uploads\/2025\/12\/CB026-510x382.png",510,382,true],"et-pb-portfolio-image-single":["https:\/\/epic.net.ar\/wp-content\/uploads\/2025\/12\/CB026.png",1050,1000,false],"et-pb-gallery-module-image-portrait":["https:\/\/epic.net.ar\/wp-content\/uploads\/2025\/12\/CB026-400x516.png",400,516,true],"et-pb-post-main-image-fullwidth-large":["https:\/\/epic.net.ar\/wp-content\/uploads\/2025\/12\/CB026.png",1050,1000,false],"et-pb-image--responsive--desktop":["https:\/\/epic.net.ar\/wp-content\/uploads\/2025\/12\/CB026.png",756,720,false],"et-pb-image--responsive--tablet":["https:\/\/epic.net.ar\/wp-content\/uploads\/2025\/12\/CB026-980x933.png",579,551,true],"et-pb-image--responsive--phone":["https:\/\/epic.net.ar\/wp-content\/uploads\/2025\/12\/CB026-480x457.png",284,270,true],"woocommerce_thumbnail":["https:\/\/epic.net.ar\/wp-content\/uploads\/2025\/12\/CB026-300x300.png",300,300,true],"woocommerce_single":["https:\/\/epic.net.ar\/wp-content\/uploads\/2025\/12\/CB026-600x571.png",600,571,true],"woocommerce_gallery_thumbnail":["https:\/\/epic.net.ar\/wp-content\/uploads\/2025\/12\/CB026-100x100.png",100,100,true],"dgwt-wcas-product-suggestion":["https:\/\/epic.net.ar\/wp-content\/uploads\/2025\/12\/CB026-64x61.png",64,61,true]},"uagb_author_info":{"display_name":"Ezequiel Costilla","author_link":"https:\/\/epic.net.ar\/en\/author\/"},"uagb_comment_info":0,"uagb_excerpt":"El cable de conexi\u00f3n CB026 ELV est\u00e1 dise\u00f1ado para establecer una conexi\u00f3n entre AVDI y veh\u00edculos Mercedes-Benz FBS3\/FBS4 equipados con un ELV. Este producto es una actualizaci\u00f3n del CB005 y ofrece a\u00fan m\u00e1s funcionalidades","_links":{"self":[{"href":"https:\/\/epic.net.ar\/en\/wp-json\/wp\/v2\/product\/14576","targetHints":{"allow":["GET"]}}],"collection":[{"href":"https:\/\/epic.net.ar\/en\/wp-json\/wp\/v2\/product"}],"about":[{"href":"https:\/\/epic.net.ar\/en\/wp-json\/wp\/v2\/types\/product"}],"replies":[{"embeddable":true,"href":"https:\/\/epic.net.ar\/en\/wp-json\/wp\/v2\/comments?post=14576"}],"wp:featuredmedia":[{"embeddable":true,"href":"https:\/\/epic.net.ar\/en\/wp-json\/wp\/v2\/media\/14577"}],"wp:attachment":[{"href":"https:\/\/epic.net.ar\/en\/wp-json\/wp\/v2\/media?parent=14576"}],"wp:term":[{"taxonomy":"product_brand","embeddable":true,"href":"https:\/\/epic.net.ar\/en\/wp-json\/wp\/v2\/product_brand?post=14576"},{"taxonomy":"product_cat","embeddable":true,"href":"https:\/\/epic.net.ar\/en\/wp-json\/wp\/v2\/product_cat?post=14576"},{"taxonomy":"product_tag","embeddable":true,"href":"https:\/\/epic.net.ar\/en\/wp-json\/wp\/v2\/product_tag?post=14576"}],"curies":[{"name":"wp","href":"https:\/\/api.w.org\/{rel}","templated":true}]}}