{"id":14485,"date":"2025-11-10T11:27:06","date_gmt":"2025-11-10T14:27:06","guid":{"rendered":"https:\/\/epic.net.ar\/?post_type=product&#038;p=14485"},"modified":"2026-04-13T14:31:12","modified_gmt":"2026-04-13T17:31:12","slug":"programador-abrites-rh850-v850","status":"publish","type":"product","link":"https:\/\/epic.net.ar\/en\/product\/programador-abrites-rh850-v850\/","title":{"rendered":"ABRITES &#8211; ZN085 &#8211; Programador RH850\/V850"},"content":{"rendered":"<h3>\u00a1La revolucionaria herramienta ABRITES para leer datos de procesadores RH850\/V850 bloqueados!<\/h3>\n<p><strong><span dir=\"auto\">\u00a1NO REQUIERE CORTAR CIRCUITO!<\/span><br \/>\n<span dir=\"auto\">\u00a1NO REQUIERE LEVANTAR PINES!<\/span><\/strong><\/p>\n<p><span dir=\"auto\">Funcionalidades:<\/span><\/p>\n<ul>\n<li><strong><span dir=\"auto\">Procesadores V850 bloqueados para lectura y escritura<\/span><\/strong><\/li>\n<li><strong><span dir=\"auto\">Procesadores RH850 bloqueados para lectura y escritura<\/span><\/strong><\/li>\n<\/ul>\n<p><strong><span dir=\"auto\">Los datos de inmovilizaci\u00f3n adquiridos permiten:<\/span><\/strong><\/p>\n<ul>\n<li><strong><span dir=\"auto\">calibraci\u00f3n de kilometraje<\/span><\/strong><\/li>\n<li><strong><span dir=\"auto\">Intercambio de cl\u00fasteres<\/span><\/strong><\/li>\n<li><strong><span dir=\"auto\">Programaci\u00f3n clave<\/span><\/strong><\/li>\n<\/ul>\n<p><span dir=\"auto\">Una vez le\u00eddos los datos del m\u00f3dulo, podr\u00e1 realizar numerosos procedimientos.<\/span><br \/>\n<span dir=\"auto\">El programador es capaz de leer bytes de seguridad de componentes, bytes de protecci\u00f3n de componentes, n\u00fameros de identificaci\u00f3n de veh\u00edculos, direcci\u00f3n MAC, identificadores de llaves aprendidas para veh\u00edculos VAG, as\u00ed como el c\u00f3digo PIN para veh\u00edculos Renault.<\/span><\/p>\n<p><strong><span dir=\"auto\">Procesadores V850\/RH850 compatibles:<\/span><\/strong><\/p>\n<ul>\n<li><span dir=\"auto\">VDO MQB Anal\u00f3gico V850 70F3526<\/span><\/li>\n<li><span dir=\"auto\">Cabina virtual VDO MQB V850 70F3526<\/span><\/li>\n<li><span dir=\"auto\">VDO MQB Anal\u00f3gico V850 70F3532<\/span><\/li>\n<li><span dir=\"auto\">VDO MQB Anal\u00f3gico V850 70F3525<\/span><\/li>\n<li><span dir=\"auto\">VDO MQB Anal\u00f3gico V850 70F3537<\/span><\/li>\n<li><span dir=\"auto\">JCI MQB Anal\u00f3gico V850 70F3529<\/span><\/li>\n<li><span dir=\"auto\">JCI MQB Anal\u00f3gico V850 70F3532<\/span><\/li>\n<li><span dir=\"auto\">JCI MQB Anal\u00f3gico V850 70F3525(A)<\/span><\/li>\n<li><span dir=\"auto\">VDO MQB Virtual RH850 R7F701401 (con claves Megamos-AES)<\/span><\/li>\n<li><span dir=\"auto\">VDO MQB Anal\u00f3gico RH850 R7F701407<\/span><\/li>\n<li><span dir=\"auto\">VDO MQB Anal\u00f3gico RH850 R7F701414<\/span><\/li>\n<li><span dir=\"auto\">VDO MQB Anal\u00f3gico RH850 R7F701402 (con teclas Megamos-AES)<\/span><\/li>\n<li><span dir=\"auto\">Visteon\/JCI Anal\u00f3gico RH850 R7F701404<\/span><\/li>\n<li><span dir=\"auto\">Visteon\/JCI Anal\u00f3gico RH850 R7F701405<\/span><\/li>\n<li><span dir=\"auto\">Visteon\/JCI RH850 R7F701406<\/span><\/li>\n<li><span dir=\"auto\">VDO MQB Anal\u00f3gico RH850 R7F701401 (sin datos Immo)<\/span><\/li>\n<li><span dir=\"auto\">ELV V850ES 3624<\/span><\/li>\n<li><span dir=\"auto\">Tablero Hyundai\/KIA RH850 1401<\/span><\/li>\n<li><span dir=\"auto\">Tablero Hyundai\/KIA RH850 1421<\/span><\/li>\n<li><span dir=\"auto\">M\u00f3dulo manos libres Renault (HFM) RH850 1019<\/span><\/li>\n<li><span dir=\"auto\">M\u00f3dulo manos libres Renault (HFM) RH850 1025<\/span><\/li>\n<li><span dir=\"auto\">M\u00f3dulo manos libres Renault (HFM) RH850 1042<\/span><\/li>\n<li><span dir=\"auto\">Renault BCM RH850 1056<\/span><\/li>\n<li><span dir=\"auto\">Renault BCM RH850 1057<\/span><\/li>\n<li><span dir=\"auto\">Fiat BCM R7F701057<\/span><\/li>\n<li><span dir=\"auto\">Ford BCM RH850 1573<\/span><\/li>\n<li><span dir=\"auto\">Ford BCM RH850 1053<\/span><\/li>\n<li><span dir=\"auto\">Cuadro de instrumentos Mercedes-Benz IC177 RH850 1403<\/span><\/li>\n<li><span dir=\"auto\">Cuadro de instrumentos Mercedes-Benz IC177M\/IC223 RH850 1529<\/span><\/li>\n<li><span dir=\"auto\">\u00a1Y muchos m\u00e1s por venir!<\/span><\/li>\n<\/ul>\n<p>&nbsp;<\/p>\n<p><em><span dir=\"auto\">Si encuentras otras versiones de los procesadores listados, distintas a las anteriores, \u00a1av\u00edsanos!<\/span><br \/>\n<span dir=\"auto\">Aseg\u00farate de especificar la versi\u00f3n exacta del procesador que encuentres o env\u00edanos el m\u00f3dulo para que nuestro equipo pueda trabajar en \u00e9l y, si es necesario, a\u00f1adirlo como compatible. \u00a1<\/span><\/em><\/p>\n<p><strong><span dir=\"auto\">Prep\u00e1rate para muchas novedades y funcionalidades en las pr\u00f3ximas semanas!<\/span><\/strong><\/p>\n<p><span dir=\"auto\">Los procedimientos de recalibraci\u00f3n de kilometraje, programaci\u00f3n de llaves y cambio de cuadro de instrumentos para veh\u00edculos VAG con procesadores RH850 y V850 requieren la licencia\u00a0<\/span><a href=\"https:\/\/abrites.com\/products\/vn021\" target=\"_blank\" rel=\"noopener\"><span dir=\"auto\">VN021<\/span><\/a><span dir=\"auto\">\u00a0.<\/span><br \/>\n<span dir=\"auto\">Los procedimientos de programaci\u00f3n de llaves en caso de p\u00e9rdida total para veh\u00edculos Renault equipados con un m\u00f3dulo HFM\/BCM requieren la licencia\u00a0<\/span><a href=\"https:\/\/abrites.com\/products\/rr026\" target=\"_blank\" rel=\"noopener\"><span dir=\"auto\">RR026<\/span><\/a><span dir=\"auto\">\u00a0.<\/span><br \/>\n<span dir=\"auto\">Los procedimientos de programaci\u00f3n de llaves en caso de p\u00e9rdida total para veh\u00edculos Nissan equipados con un m\u00f3dulo HFM\/BCM requieren la licencia\u00a0<\/span><a href=\"https:\/\/abrites.com\/products\/nn010\" target=\"_blank\" rel=\"noopener\"><span dir=\"auto\">NN010<\/span><\/a><span dir=\"auto\">\u00a0.<\/span><br \/>\n<span dir=\"auto\">Los procedimientos de programaci\u00f3n de llaves para veh\u00edculos Ford (2021+) con procesadores V850 requieren la licencia\u00a0<\/span><a href=\"https:\/\/abrites.com\/products\/fr011\" target=\"_blank\" rel=\"noopener\"><span dir=\"auto\">FR011<\/span><\/a><span dir=\"auto\">\u00a0.<\/span><br \/>\n<span dir=\"auto\">La programaci\u00f3n de llaves mediante volcado de RH850 para veh\u00edculos FCA requiere la licencia\u00a0<\/span><a href=\"https:\/\/abrites.com\/products\/fn024\" target=\"_blank\" rel=\"noopener\"><span dir=\"auto\">FN024<\/span><\/a><span dir=\"auto\">\u00a0.<\/span><br \/>\n<span dir=\"auto\">Los procedimientos de recalibraci\u00f3n de kilometraje para cuadros de instrumentos VAG MQB sin inmovilizador (generaci\u00f3n Golf 8) con procesadores RH850 requieren la licencia\u00a0<\/span><a href=\"https:\/\/abrites.com\/products\/vn022\" target=\"_blank\" rel=\"noopener\"><span dir=\"auto\">VN022<\/span><\/a><span dir=\"auto\">\u00a0.<\/span><br \/>\n<span dir=\"auto\">Los procedimientos de recalibraci\u00f3n de kilometraje para cuadros de instrumentos VAG MQB Visteon\/JCI con procesadores RH850 requieren la licencia\u00a0<\/span><a href=\"https:\/\/abrites.com\/products\/vn023\" target=\"_blank\" rel=\"noopener\"><span dir=\"auto\">VN023<\/span><\/a><span dir=\"auto\">\u00a0.<\/span><br \/>\n<span dir=\"auto\">La calibraci\u00f3n del cuadro de instrumentos para veh\u00edculos Hyundai y KIA requiere la licencia\u00a0<\/span><a href=\"https:\/\/abrites.com\/products\/hk013\" target=\"_blank\" rel=\"noopener\"><span dir=\"auto\">HK013<\/span><\/a><span dir=\"auto\">\u00a0.<\/span><br \/>\n<span dir=\"auto\">La calibraci\u00f3n del cuadro de instrumentos para veh\u00edculos Mercedes-Benz con paneles de instrumentos IC177 (con Visteon R7F701403) requiere la licencia\u00a0<\/span><a href=\"https:\/\/abrites.com\/products\/mn037\" target=\"_blank\" rel=\"noopener\"><span dir=\"auto\">MN037<\/span><\/a><span dir=\"auto\">\u00a0y el adaptador\u00a0<\/span><a href=\"https:\/\/abrites.com\/products\/zn092\" target=\"_blank\" rel=\"noopener\"><span dir=\"auto\">ZN092<\/span><\/a><span dir=\"auto\">\u00a0.<\/span><br \/>\n<span dir=\"auto\">La calibraci\u00f3n del cuadro de instrumentos para veh\u00edculos Mercedes-Benz con paneles de instrumentos IC177M\/IC223 (con Visteon R7F701529 BGA) requiere la licencia\u00a0<\/span><a href=\"https:\/\/abrites.com\/products\/mn038\" target=\"_blank\" rel=\"noopener\"><span dir=\"auto\">MN038<\/span><\/a><span dir=\"auto\">\u00a0,\u00a0 el adaptador\u00a0<\/span><a href=\"https:\/\/abrites.com\/products\/zn092\" target=\"_blank\" rel=\"noopener\"><span dir=\"auto\">ZN092<\/span><\/a><span dir=\"auto\">\u00a0y el emulador\u00a0<\/span><a href=\"https:\/\/abrites.com\/products\/em019\" target=\"_blank\" rel=\"noopener\"><span dir=\"auto\">EM019<\/span><\/a><span dir=\"auto\">\u00a0.<\/span><\/p>\n<p><strong><span dir=\"auto\">El kit incluye el siguiente hardware:<\/span><\/strong><\/p>\n<ul>\n<li><span dir=\"auto\">Programador RH850\/V850<\/span><\/li>\n<li><span dir=\"auto\">CB501 &#8211; Cable de conexi\u00f3n RH850\/V850 (tambi\u00e9n se puede adquirir por separado, si es necesario,\u00a0<\/span><a href=\"https:\/\/abrites.com\/products\/cb501\" target=\"_blank\" rel=\"noopener\"><span dir=\"auto\">aqu\u00ed<\/span><\/a><span dir=\"auto\">\u00a0).<\/span><\/li>\n<li><span dir=\"auto\">ZN083 &#8211; Adaptador de corriente CC 5V\/2A (tambi\u00e9n se puede comprar por separado, si es necesario,\u00a0<\/span><a href=\"https:\/\/abrites.com\/products\/zn083\" target=\"_blank\" rel=\"noopener\"><span dir=\"auto\">aqu\u00ed<\/span><\/a><span dir=\"auto\">\u00a0)<\/span><\/li>\n<li><span dir=\"auto\">CB107 &#8211; Cable de alimentaci\u00f3n USB (tambi\u00e9n se puede comprar por separado, si es necesario,\u00a0<\/span><a href=\"https:\/\/abrites.com\/products\/cb107\" target=\"_blank\" rel=\"noopener\"><span dir=\"auto\">aqu\u00ed<\/span><\/a><span dir=\"auto\">\u00a0)<\/span><\/li>\n<\/ul>\n<p><span dir=\"auto\">Para completar todos estos procedimientos se requiere\u00a0una\u00a0interfaz\u00a0\u00a0<\/span><a href=\"https:\/\/abrites.com\/products\/pkg-avdi\" target=\"_blank\" rel=\"noopener\"><span dir=\"auto\">AVDI con una\u00a0<\/span><\/a><span dir=\"auto\"><a href=\"https:\/\/abrites.com\/products\/ams\" target=\"_blank\" rel=\"noopener\">\u00a0suscripci\u00f3n\u00a0\u00a0<\/a><\/span><a href=\"https:\/\/abrites.com\/products\/ams\" target=\"_blank\" rel=\"noopener\"><span dir=\"auto\">anual activa.<\/span><\/a><\/p>\n<p><span dir=\"auto\">Este producto de hardware tiene una garant\u00eda de 2 a\u00f1os a partir de la fecha de compra.<\/span><br \/>\n<span dir=\"auto\">Esta garant\u00eda cubre defectos de materiales y mano de obra bajo uso normal durante el per\u00edodo de garant\u00eda.<\/span><\/p>","protected":false},"excerpt":{"rendered":"<p><span dir=\"auto\">The <\/span><strong><span dir=\"auto\">programador ABRITES se utiliza para leer datos de diversos m\u00f3dulos de veh\u00edculos con procesadores bloqueados RH850 o V850, presentes en multitud de marcas de autom\u00f3viles.<\/span><\/strong><span dir=\"auto\"> El programador se utiliza en banco de pruebas y requiere soldadura al m\u00f3dulo, por ejemplo, BCM, cuadro de instrumentos\/control de cabina virtual, m\u00f3dulo manos libres, para su conexi\u00f3n.<\/span><\/p>","protected":false},"featured_media":14486,"comment_status":"closed","ping_status":"closed","template":"","meta":{"_et_pb_use_builder":"","_et_pb_old_content":"","_et_gb_content_width":"","_uag_custom_page_level_css":"","_joinchat":[]},"product_brand":[],"product_cat":[64,15],"product_tag":[],"class_list":{"0":"post-14485","1":"product","2":"type-product","3":"status-publish","4":"has-post-thumbnail","6":"product_cat-novedades","7":"product_cat-sin-categorizar","9":"first","10":"outofstock","11":"sold-individually","12":"shipping-taxable","13":"purchasable","14":"product-type-simple","15":"add-to-wishlist-before_image"},"uagb_featured_image_src":{"full":["https:\/\/epic.net.ar\/wp-content\/uploads\/2025\/11\/Programador-Abrites-RH850V850.webp",1050,1000,false],"thumbnail":["https:\/\/epic.net.ar\/wp-content\/uploads\/2025\/11\/Programador-Abrites-RH850V850-150x150.webp",150,150,true],"medium":["https:\/\/epic.net.ar\/wp-content\/uploads\/2025\/11\/Programador-Abrites-RH850V850-300x286.webp",300,286,true],"medium_large":["https:\/\/epic.net.ar\/wp-content\/uploads\/2025\/11\/Programador-Abrites-RH850V850-768x731.webp",768,731,true],"large":["https:\/\/epic.net.ar\/wp-content\/uploads\/2025\/11\/Programador-Abrites-RH850V850-1024x975.webp",1024,975,true],"1536x1536":["https:\/\/epic.net.ar\/wp-content\/uploads\/2025\/11\/Programador-Abrites-RH850V850.webp",1050,1000,false],"2048x2048":["https:\/\/epic.net.ar\/wp-content\/uploads\/2025\/11\/Programador-Abrites-RH850V850.webp",1050,1000,false],"trp-custom-language-flag":["https:\/\/epic.net.ar\/wp-content\/uploads\/2025\/11\/Programador-Abrites-RH850V850-13x12.webp",13,12,true],"et-pb-post-main-image":["https:\/\/epic.net.ar\/wp-content\/uploads\/2025\/11\/Programador-Abrites-RH850V850-400x250.webp",400,250,true],"et-pb-post-main-image-fullwidth":["https:\/\/epic.net.ar\/wp-content\/uploads\/2025\/11\/Programador-Abrites-RH850V850-1050x675.webp",1050,675,true],"et-pb-portfolio-image":["https:\/\/epic.net.ar\/wp-content\/uploads\/2025\/11\/Programador-Abrites-RH850V850-400x284.webp",400,284,true],"et-pb-portfolio-module-image":["https:\/\/epic.net.ar\/wp-content\/uploads\/2025\/11\/Programador-Abrites-RH850V850-510x382.webp",510,382,true],"et-pb-portfolio-image-single":["https:\/\/epic.net.ar\/wp-content\/uploads\/2025\/11\/Programador-Abrites-RH850V850.webp",1050,1000,false],"et-pb-gallery-module-image-portrait":["https:\/\/epic.net.ar\/wp-content\/uploads\/2025\/11\/Programador-Abrites-RH850V850-400x516.webp",400,516,true],"et-pb-post-main-image-fullwidth-large":["https:\/\/epic.net.ar\/wp-content\/uploads\/2025\/11\/Programador-Abrites-RH850V850.webp",1050,1000,false],"et-pb-image--responsive--desktop":["https:\/\/epic.net.ar\/wp-content\/uploads\/2025\/11\/Programador-Abrites-RH850V850.webp",756,720,false],"et-pb-image--responsive--tablet":["https:\/\/epic.net.ar\/wp-content\/uploads\/2025\/11\/Programador-Abrites-RH850V850-980x933.webp",579,551,true],"et-pb-image--responsive--phone":["https:\/\/epic.net.ar\/wp-content\/uploads\/2025\/11\/Programador-Abrites-RH850V850-480x457.webp",284,270,true],"woocommerce_thumbnail":["https:\/\/epic.net.ar\/wp-content\/uploads\/2025\/11\/Programador-Abrites-RH850V850-300x300.webp",300,300,true],"woocommerce_single":["https:\/\/epic.net.ar\/wp-content\/uploads\/2025\/11\/Programador-Abrites-RH850V850-600x571.webp",600,571,true],"woocommerce_gallery_thumbnail":["https:\/\/epic.net.ar\/wp-content\/uploads\/2025\/11\/Programador-Abrites-RH850V850-100x100.webp",100,100,true],"dgwt-wcas-product-suggestion":["https:\/\/epic.net.ar\/wp-content\/uploads\/2025\/11\/Programador-Abrites-RH850V850-64x61.webp",64,61,true]},"uagb_author_info":{"display_name":"Ezequiel Costilla","author_link":"https:\/\/epic.net.ar\/en\/author\/"},"uagb_comment_info":0,"uagb_excerpt":"El programador ABRITES se utiliza para leer datos de diversos m\u00f3dulos de veh\u00edculos con procesadores bloqueados RH850 o V850, presentes en multitud de marcas de autom\u00f3viles. El programador se utiliza en banco de pruebas y requiere soldadura al m\u00f3dulo, por ejemplo, BCM, cuadro de instrumentos\/control de cabina virtual, m\u00f3dulo manos libres, para su conexi\u00f3n.","_links":{"self":[{"href":"https:\/\/epic.net.ar\/en\/wp-json\/wp\/v2\/product\/14485","targetHints":{"allow":["GET"]}}],"collection":[{"href":"https:\/\/epic.net.ar\/en\/wp-json\/wp\/v2\/product"}],"about":[{"href":"https:\/\/epic.net.ar\/en\/wp-json\/wp\/v2\/types\/product"}],"replies":[{"embeddable":true,"href":"https:\/\/epic.net.ar\/en\/wp-json\/wp\/v2\/comments?post=14485"}],"wp:featuredmedia":[{"embeddable":true,"href":"https:\/\/epic.net.ar\/en\/wp-json\/wp\/v2\/media\/14486"}],"wp:attachment":[{"href":"https:\/\/epic.net.ar\/en\/wp-json\/wp\/v2\/media?parent=14485"}],"wp:term":[{"taxonomy":"product_brand","embeddable":true,"href":"https:\/\/epic.net.ar\/en\/wp-json\/wp\/v2\/product_brand?post=14485"},{"taxonomy":"product_cat","embeddable":true,"href":"https:\/\/epic.net.ar\/en\/wp-json\/wp\/v2\/product_cat?post=14485"},{"taxonomy":"product_tag","embeddable":true,"href":"https:\/\/epic.net.ar\/en\/wp-json\/wp\/v2\/product_tag?post=14485"}],"curies":[{"name":"wp","href":"https:\/\/api.w.org\/{rel}","templated":true}]}}