{"id":14240,"date":"2025-09-15T13:50:25","date_gmt":"2025-09-15T16:50:25","guid":{"rendered":"https:\/\/epic.net.ar\/?post_type=product&#038;p=14240"},"modified":"2026-03-20T14:31:28","modified_gmt":"2026-03-20T17:31:28","slug":"abrites-cb019-cable-de-acceso-seguro-para-vehiculos-fca","status":"publish","type":"product","link":"https:\/\/epic.net.ar\/en\/product\/abrites-cb019-cable-de-acceso-seguro-para-vehiculos-fca\/","title":{"rendered":"ABRITES \u2013 CB019 \u2013 Adaptador &#8211; Cable de acceso seguro para veh\u00edculos FCA"},"content":{"rendered":"<p><span dir=\"auto\">El cable <em><strong>CB019<\/strong> <\/em>FCA tipo 2 ha sido desarrollado, dise\u00f1ado y fabricado por Abrites para procedimientos con veh\u00edculos Fiat Chrysler.<\/span><\/p>\n<p><strong><span dir=\"auto\">Funciones principales:<\/span><\/strong><\/p>\n<ul>\n<li><span dir=\"auto\">Programaci\u00f3n de llaves de repuesto<\/span><\/li>\n<li><span dir=\"auto\">Programaci\u00f3n de llaves perdidas All Keys<\/span><\/li>\n<li><span dir=\"auto\">Alineaci\u00f3n Proxi<\/span><\/li>\n<\/ul>\n<p><strong><span dir=\"auto\">Veh\u00edculos compatibles:<\/span><\/strong><\/p>\n<ul>\n<li><span dir=\"auto\">Todos los veh\u00edculos FCA equipados con un SGW (m\u00f3dulo de puerta de enlace segura)<\/span><\/li>\n<\/ul>\n<p><span dir=\"auto\">Este cable se utiliza en tareas de programaci\u00f3n de llaves y alineaci\u00f3n de proximidad, junto con las licencias correspondientes:\u00a0 <\/span><a href=\"https:\/\/abrites.com\/products\/fn022\" target=\"_blank\" rel=\"noopener noreferrer\"><span dir=\"auto\">FN022<\/span><\/a><span dir=\"auto\">\u00a0\u00a0(programaci\u00f3n de llaves) y\u00a0\u00a0<\/span><a href=\"https:\/\/abrites.com\/products\/fn021\" target=\"_blank\" rel=\"noopener noreferrer\"><span dir=\"auto\">FN021<\/span><\/a><span dir=\"auto\">\u00a0\u00a0(alineaci\u00f3n de proximidad). La\u00a0\u00a0<\/span><a href=\"https:\/\/abrites.com\/products\/zn051\" target=\"_blank\" rel=\"noopener noreferrer\"><span dir=\"auto\">caja de distribuci\u00f3n ABRITES ZN051<\/span><\/a><span dir=\"auto\">\u00a0\u00a0y el\u00a0\u00a0<\/span><a href=\"https:\/\/abrites.com\/products\/cb017\" target=\"_blank\" rel=\"noopener noreferrer\"><span dir=\"auto\">cable CB017<\/span><\/a><span dir=\"auto\">\u00a0\u00a0son necesarios para casos de p\u00e9rdida de todas las llaves.<\/span><\/p>\n<p><span dir=\"auto\">Para utilizar todo lo anterior, necesitar\u00e1 una\u00a0 suscripci\u00f3n\u00a0<\/span><a href=\"https:\/\/abrites.com\/products\/pkg-avdi\" target=\"_blank\" rel=\"noopener noreferrer\"><span dir=\"auto\">AVDI y\u00a0<\/span><\/a><a href=\"https:\/\/abrites.com\/products\/ams\" target=\"_blank\" rel=\"noopener\"><span dir=\"auto\">una suscripci\u00f3n anual<\/span><\/a><span dir=\"auto\">\u00a0\u00a0activa\u00a0\u00a0.<\/span><br \/>\n<span dir=\"auto\">Consulte el\u00a0\u00a0<\/span><a href=\"https:\/\/abrites.com\/media\/user_manuals\/html\/abrites-diagnostics-for-fiat-alfa-lancia-fca-user-manual\/index.html?v=1649834591\" target=\"_blank\" rel=\"noopener noreferrer\"><span dir=\"auto\">manual de usuario de ABRITES Diagnostics para FCA\u00a0<\/span><\/a><span dir=\"auto\">\u00a0al trabajar.\u00a0<\/span><\/p>\n<p><span dir=\"auto\">La garant\u00eda de este hardware es de 6 meses a partir de la fecha de compra.<\/span><br \/>\n<span dir=\"auto\">Esta garant\u00eda cubre defectos de materiales y mano de obra en condiciones normales de uso durante el per\u00edodo de garant\u00eda.<\/span><\/p>","protected":false},"excerpt":{"rendered":"<p>El cable<em><strong> CB019<\/strong><\/em> FCA tipo 2 est\u00e1 desarrollado, dise\u00f1ado y producido por <strong>ABRITES<\/strong> para procedimientos con veh\u00edculos Fiat Chrysler.<\/p>","protected":false},"featured_media":14241,"comment_status":"closed","ping_status":"closed","template":"","meta":{"_et_pb_use_builder":"","_et_pb_old_content":"","_et_gb_content_width":"","_uag_custom_page_level_css":"","_joinchat":[]},"product_brand":[],"product_cat":[146,106,141,145,26],"product_tag":[],"class_list":{"0":"post-14240","1":"product","2":"type-product","3":"status-publish","4":"has-post-thumbnail","6":"product_cat-abrites","7":"product_cat-accesorios","8":"product_cat-cables-y-adaptadores","9":"product_cat-marcas","10":"product_cat-programacion","12":"first","13":"instock","14":"shipping-taxable","15":"purchasable","16":"product-type-simple","17":"add-to-wishlist-before_image"},"uagb_featured_image_src":{"full":["https:\/\/epic.net.ar\/wp-content\/uploads\/2025\/09\/CB019.png",1050,1000,false],"thumbnail":["https:\/\/epic.net.ar\/wp-content\/uploads\/2025\/09\/CB019-150x150.png",150,150,true],"medium":["https:\/\/epic.net.ar\/wp-content\/uploads\/2025\/09\/CB019-300x286.png",300,286,true],"medium_large":["https:\/\/epic.net.ar\/wp-content\/uploads\/2025\/09\/CB019-768x731.png",768,731,true],"large":["https:\/\/epic.net.ar\/wp-content\/uploads\/2025\/09\/CB019-1024x975.png",1024,975,true],"1536x1536":["https:\/\/epic.net.ar\/wp-content\/uploads\/2025\/09\/CB019.png",1050,1000,false],"2048x2048":["https:\/\/epic.net.ar\/wp-content\/uploads\/2025\/09\/CB019.png",1050,1000,false],"trp-custom-language-flag":["https:\/\/epic.net.ar\/wp-content\/uploads\/2025\/09\/CB019-13x12.png",13,12,true],"et-pb-post-main-image":["https:\/\/epic.net.ar\/wp-content\/uploads\/2025\/09\/CB019-400x250.png",400,250,true],"et-pb-post-main-image-fullwidth":["https:\/\/epic.net.ar\/wp-content\/uploads\/2025\/09\/CB019-1050x675.png",1050,675,true],"et-pb-portfolio-image":["https:\/\/epic.net.ar\/wp-content\/uploads\/2025\/09\/CB019-400x284.png",400,284,true],"et-pb-portfolio-module-image":["https:\/\/epic.net.ar\/wp-content\/uploads\/2025\/09\/CB019-510x382.png",510,382,true],"et-pb-portfolio-image-single":["https:\/\/epic.net.ar\/wp-content\/uploads\/2025\/09\/CB019.png",1050,1000,false],"et-pb-gallery-module-image-portrait":["https:\/\/epic.net.ar\/wp-content\/uploads\/2025\/09\/CB019-400x516.png",400,516,true],"et-pb-post-main-image-fullwidth-large":["https:\/\/epic.net.ar\/wp-content\/uploads\/2025\/09\/CB019.png",1050,1000,false],"et-pb-image--responsive--desktop":["https:\/\/epic.net.ar\/wp-content\/uploads\/2025\/09\/CB019.png",756,720,false],"et-pb-image--responsive--tablet":["https:\/\/epic.net.ar\/wp-content\/uploads\/2025\/09\/CB019-980x933.png",579,551,true],"et-pb-image--responsive--phone":["https:\/\/epic.net.ar\/wp-content\/uploads\/2025\/09\/CB019-480x457.png",284,270,true],"woocommerce_thumbnail":["https:\/\/epic.net.ar\/wp-content\/uploads\/2025\/09\/CB019-300x300.png",300,300,true],"woocommerce_single":["https:\/\/epic.net.ar\/wp-content\/uploads\/2025\/09\/CB019-600x571.png",600,571,true],"woocommerce_gallery_thumbnail":["https:\/\/epic.net.ar\/wp-content\/uploads\/2025\/09\/CB019-100x100.png",100,100,true],"dgwt-wcas-product-suggestion":["https:\/\/epic.net.ar\/wp-content\/uploads\/2025\/09\/CB019-64x61.png",64,61,true]},"uagb_author_info":{"display_name":"Ezequiel Costilla","author_link":"https:\/\/epic.net.ar\/en\/author\/"},"uagb_comment_info":0,"uagb_excerpt":"El cable CB019 FCA tipo 2 est\u00e1 desarrollado, dise\u00f1ado y producido por ABRITES para procedimientos con veh\u00edculos Fiat Chrysler.","_links":{"self":[{"href":"https:\/\/epic.net.ar\/en\/wp-json\/wp\/v2\/product\/14240","targetHints":{"allow":["GET"]}}],"collection":[{"href":"https:\/\/epic.net.ar\/en\/wp-json\/wp\/v2\/product"}],"about":[{"href":"https:\/\/epic.net.ar\/en\/wp-json\/wp\/v2\/types\/product"}],"replies":[{"embeddable":true,"href":"https:\/\/epic.net.ar\/en\/wp-json\/wp\/v2\/comments?post=14240"}],"wp:featuredmedia":[{"embeddable":true,"href":"https:\/\/epic.net.ar\/en\/wp-json\/wp\/v2\/media\/14241"}],"wp:attachment":[{"href":"https:\/\/epic.net.ar\/en\/wp-json\/wp\/v2\/media?parent=14240"}],"wp:term":[{"taxonomy":"product_brand","embeddable":true,"href":"https:\/\/epic.net.ar\/en\/wp-json\/wp\/v2\/product_brand?post=14240"},{"taxonomy":"product_cat","embeddable":true,"href":"https:\/\/epic.net.ar\/en\/wp-json\/wp\/v2\/product_cat?post=14240"},{"taxonomy":"product_tag","embeddable":true,"href":"https:\/\/epic.net.ar\/en\/wp-json\/wp\/v2\/product_tag?post=14240"}],"curies":[{"name":"wp","href":"https:\/\/api.w.org\/{rel}","templated":true}]}}