{"id":14164,"date":"2025-09-02T09:37:05","date_gmt":"2025-09-02T12:37:05","guid":{"rendered":"https:\/\/epic.net.ar\/?post_type=product&#038;p=14164"},"modified":"2025-10-06T14:22:16","modified_gmt":"2025-10-06T17:22:16","slug":"autel-g-box2","status":"publish","type":"product","link":"https:\/\/epic.net.ar\/en\/product\/autel-g-box2\/","title":{"rendered":"AUTEL G-BOX2"},"content":{"rendered":"<p>El Autel G-BOX2 es un adaptador compatible con las tabletas de programaci\u00f3n de llaves IM508 (con la compra del programador XP400) y IM608 de Autel que se utilizan para ayudar en las llaves de programaci\u00f3n para Mercedes DAS3 CAN EIS\/EXS en una situaci\u00f3n de p\u00e9rdida de TODAS las llaves. El G-Box2 tambi\u00e9n es compatible con la lectura y escritura DME\/DDE ISN en el modo de arranque en los veh\u00edculos BMW correspondientes. El m\u00e9todo de banco tambi\u00e9n es compatible. Todos los c\u00e1lculos de contrase\u00f1a de Keys Lost son de 4 a 8 veces m\u00e1s r\u00e1pidos. Adem\u00e1s, el n\u00famero de inserciones y extracciones de EIS W216 y W164 despu\u00e9s del a\u00f1o 2009 se reduce a cero, lo que simplifica enormemente los pasos de la operaci\u00f3n. Se puede usar en el modo de arranque o en el m\u00e9todo de banco. G-BOX2 debe usarse con Autel IM508 o IM608 para un rendimiento confiable.<\/p>\n<p>&nbsp;<\/p>\n<h3>Caracter\u00edsticas<\/h3>\n<p>Adaptador de programaci\u00f3n de llaves Autel G-BOX2<br \/>\nAccesorio de tableta de programaci\u00f3n de llaves MaxiIM utilizado con el XP400<br \/>\nMercedes-Benz All Keys Lost, c\u00e1lculo de contrase\u00f1a m\u00e1s r\u00e1pido.<br \/>\nP\u00e9rdida de todas las llaves de Mercedes-Benz, no m\u00e1s inserciones y extracciones repetidas del simulador IR<br \/>\nMercedes-Benz Todas las llaves perdidas, se pueden programar en el veh\u00edculo sin quitar el EIS<br \/>\nLectura y escritura BMW DME\/DDE ISN en modo de arranque o m\u00e9todo de banco<br \/>\nContiene todas las conexiones, incluidos los cables, el conector del fusible y los conectores de la l\u00ednea CAN.<\/p>","protected":false},"excerpt":{"rendered":"<h2>AUTEL G-Box2 Programacion Llaves<\/h2>\n<p>Adaptador de programaci\u00f3n de llaves compatible con las tabletas de programaci\u00f3n <strong>IM508<\/strong> (con la compra del programador XP400) y<strong> IM608<\/strong> de Autel.<\/p>","protected":false},"featured_media":14166,"comment_status":"closed","ping_status":"closed","template":"","meta":{"_et_pb_use_builder":"","_et_pb_old_content":"","_et_gb_content_width":"","_uag_custom_page_level_css":"","_joinchat":[]},"product_brand":[],"product_cat":[15],"product_tag":[],"class_list":{"0":"post-14164","1":"product","2":"type-product","3":"status-publish","4":"has-post-thumbnail","6":"product_cat-sin-categorizar","8":"first","9":"instock","10":"sold-individually","11":"shipping-taxable","12":"purchasable","13":"product-type-simple","14":"add-to-wishlist-before_image"},"uagb_featured_image_src":{"full":["https:\/\/epic.net.ar\/wp-content\/uploads\/2025\/09\/G-Box2-0.webp",600,600,false],"thumbnail":["https:\/\/epic.net.ar\/wp-content\/uploads\/2025\/09\/G-Box2-0-150x150.webp",150,150,true],"medium":["https:\/\/epic.net.ar\/wp-content\/uploads\/2025\/09\/G-Box2-0-300x300.webp",300,300,true],"medium_large":["https:\/\/epic.net.ar\/wp-content\/uploads\/2025\/09\/G-Box2-0.webp",600,600,false],"large":["https:\/\/epic.net.ar\/wp-content\/uploads\/2025\/09\/G-Box2-0.webp",600,600,false],"1536x1536":["https:\/\/epic.net.ar\/wp-content\/uploads\/2025\/09\/G-Box2-0.webp",600,600,false],"2048x2048":["https:\/\/epic.net.ar\/wp-content\/uploads\/2025\/09\/G-Box2-0.webp",600,600,false],"trp-custom-language-flag":["https:\/\/epic.net.ar\/wp-content\/uploads\/2025\/09\/G-Box2-0-12x12.webp",12,12,true],"et-pb-post-main-image":["https:\/\/epic.net.ar\/wp-content\/uploads\/2025\/09\/G-Box2-0-400x250.webp",400,250,true],"et-pb-post-main-image-fullwidth":["https:\/\/epic.net.ar\/wp-content\/uploads\/2025\/09\/G-Box2-0.webp",600,600,false],"et-pb-portfolio-image":["https:\/\/epic.net.ar\/wp-content\/uploads\/2025\/09\/G-Box2-0-400x284.webp",400,284,true],"et-pb-portfolio-module-image":["https:\/\/epic.net.ar\/wp-content\/uploads\/2025\/09\/G-Box2-0-510x382.webp",510,382,true],"et-pb-portfolio-image-single":["https:\/\/epic.net.ar\/wp-content\/uploads\/2025\/09\/G-Box2-0.webp",600,600,false],"et-pb-gallery-module-image-portrait":["https:\/\/epic.net.ar\/wp-content\/uploads\/2025\/09\/G-Box2-0-400x516.webp",400,516,true],"et-pb-post-main-image-fullwidth-large":["https:\/\/epic.net.ar\/wp-content\/uploads\/2025\/09\/G-Box2-0.webp",600,600,false],"et-pb-image--responsive--desktop":["https:\/\/epic.net.ar\/wp-content\/uploads\/2025\/09\/G-Box2-0.webp",600,600,false],"et-pb-image--responsive--tablet":["https:\/\/epic.net.ar\/wp-content\/uploads\/2025\/09\/G-Box2-0.webp",551,551,false],"et-pb-image--responsive--phone":["https:\/\/epic.net.ar\/wp-content\/uploads\/2025\/09\/G-Box2-0-480x480.webp",270,270,true],"woocommerce_thumbnail":["https:\/\/epic.net.ar\/wp-content\/uploads\/2025\/09\/G-Box2-0-300x300.webp",300,300,true],"woocommerce_single":["https:\/\/epic.net.ar\/wp-content\/uploads\/2025\/09\/G-Box2-0.webp",600,600,false],"woocommerce_gallery_thumbnail":["https:\/\/epic.net.ar\/wp-content\/uploads\/2025\/09\/G-Box2-0-100x100.webp",100,100,true],"dgwt-wcas-product-suggestion":["https:\/\/epic.net.ar\/wp-content\/uploads\/2025\/09\/G-Box2-0-64x64.webp",64,64,true]},"uagb_author_info":{"display_name":"Ezequiel Costilla","author_link":"https:\/\/epic.net.ar\/en\/author\/"},"uagb_comment_info":0,"uagb_excerpt":"AUTEL G-Box2 Programacion Llaves Adaptador de programaci\u00f3n de llaves compatible con las tabletas de programaci\u00f3n IM508 (con la compra del programador XP400) y IM608 de Autel.","_links":{"self":[{"href":"https:\/\/epic.net.ar\/en\/wp-json\/wp\/v2\/product\/14164","targetHints":{"allow":["GET"]}}],"collection":[{"href":"https:\/\/epic.net.ar\/en\/wp-json\/wp\/v2\/product"}],"about":[{"href":"https:\/\/epic.net.ar\/en\/wp-json\/wp\/v2\/types\/product"}],"replies":[{"embeddable":true,"href":"https:\/\/epic.net.ar\/en\/wp-json\/wp\/v2\/comments?post=14164"}],"wp:featuredmedia":[{"embeddable":true,"href":"https:\/\/epic.net.ar\/en\/wp-json\/wp\/v2\/media\/14166"}],"wp:attachment":[{"href":"https:\/\/epic.net.ar\/en\/wp-json\/wp\/v2\/media?parent=14164"}],"wp:term":[{"taxonomy":"product_brand","embeddable":true,"href":"https:\/\/epic.net.ar\/en\/wp-json\/wp\/v2\/product_brand?post=14164"},{"taxonomy":"product_cat","embeddable":true,"href":"https:\/\/epic.net.ar\/en\/wp-json\/wp\/v2\/product_cat?post=14164"},{"taxonomy":"product_tag","embeddable":true,"href":"https:\/\/epic.net.ar\/en\/wp-json\/wp\/v2\/product_tag?post=14164"}],"curies":[{"name":"wp","href":"https:\/\/api.w.org\/{rel}","templated":true}]}}