{"id":14146,"date":"2025-09-01T11:15:15","date_gmt":"2025-09-01T14:15:15","guid":{"rendered":"https:\/\/epic.net.ar\/?post_type=product&#038;p=14146"},"modified":"2026-02-10T09:25:06","modified_gmt":"2026-02-10T12:25:06","slug":"scanner-autel-ms-906-max","status":"publish","type":"product","link":"https:\/\/epic.net.ar\/en\/product\/scanner-autel-ms-906-max\/","title":{"rendered":"Scanner AUTEL MAXISYS 906 MAX"},"content":{"rendered":"<p>The\u00a0<strong>MaxiSYS 906 MAX<\/strong> es una tablet de diagn\u00f3stico y servicio profesional de 10.1 pulgadas basada en Android con capacidades avanzadas. Ofrece una cobertura l\u00edder en la industria para veh\u00edculos.<\/p>\n<p>Permite realizar diagn\u00f3sticos pre y post reparaci\u00f3n, incluyendo diagn\u00f3sticos de todos los sistemas, lectura y borrado de c\u00f3digos, visualizaci\u00f3n y graficado de datos en tiempo real (<em>Live Data<\/em>), as\u00ed como pruebas bidireccionales y servicios que incluyen pruebas activas (<em>Active Tests<\/em>) y funciones especiales. Su funcionalidad avanzada incluye codificaci\u00f3n y adaptaciones. Ofrece un extenso men\u00fa de tareas de servicio y mantenimiento espec\u00edficas para cada veh\u00edculo.<\/p>\n<p>Ejecuta r\u00e1pidamente 40 tareas de servicio, como el reinicio de luz de aceite, regeneraci\u00f3n del DPF, reinicio del sensor de \u00e1ngulo de direcci\u00f3n, reinicio de airbag, reinicio del sensor de ocupaci\u00f3n del asiento y purga de frenos. Incluye el adaptador Bluetooth MaxiVCI V200, que admite protocolos est\u00e1ndar y avanzados de comunicaci\u00f3n vehicular.<\/p>\n<p>Permite compartir informes personalizables f\u00e1cilmente por correo electr\u00f3nico o mensaje de texto. Tambi\u00e9n soporta pruebas directas de bater\u00eda, sistema de arranque y sistema de carga, adem\u00e1s de la capacidad de uso de videoscopios con compras adicionales. Incluye tres a\u00f1os de actualizaciones de software gratuitas y est\u00e1 cubierto por una garant\u00eda limitada de un a\u00f1o.<\/p>\n<p><strong>\u2022 COMPATIBILIDAD:<\/strong><\/p>\n<p>Apto para veh\u00edculos de Estados Unidos, Asia y Europa fabricados desde 1996 en adelante.<br \/>\nCobertura OBD-II gen\u00e9rico.<\/p>\n<p><strong>\u2022 FUNCIONES PRINCIPALES:<\/strong><\/p>\n<ul>\n<li>Realiza diagn\u00f3sticos de todos los sistemas, incluyendo lectura y borrado de c\u00f3digos, visualizaci\u00f3n y graficado de datos en tiempo real.<\/li>\n<li>Ejecuci\u00f3n de pruebas activas (<em>Active Tests<\/em>) y funciones especiales bidireccionales.<\/li>\n<li>Men\u00fa extenso de tareas de servicio y mantenimiento.<\/li>\n<li>Funciones avanzadas como codificaci\u00f3n y adaptaciones.<\/li>\n<li>Incluye el MaxiVCI V200 habilitado para Bluetooth, con soporte para protocolos de comunicaci\u00f3n est\u00e1ndar y avanzados.<\/li>\n<li>Funci\u00f3n para compartir f\u00e1cilmente informes personalizables por correo electr\u00f3nico y SMS.<\/li>\n<li>Almacenamiento de 128 GB y bater\u00eda de larga duraci\u00f3n.<\/li>\n<li>Compatible con pruebas directas de bater\u00eda, sistema de arranque y sistema de carga, adem\u00e1s de videoscopios con accesorios adicionales.<\/li>\n<\/ul>\n<p><strong>\u2022 FUNCIONES DE SERVICIO ADICIONALES:<\/strong><\/p>\n<p>\u2013 Purga Frenos ABS<br \/>\n\u2013 Reset Bolsas Aire SRS<br \/>\n\u2013 Nivelaci\u00f3n Faros HeadLamp<br \/>\n\u2013 Corte Cilindros Cilinder<br \/>\n\u2013 Verificaci\u00f3n Od\u00f3metro Odometer<br \/>\n\u2013 Funciones INMO<br \/>\n\u2013 Codificaci\u00f3n Inyectores<br \/>\n\u2013 Ajuste Suspensi\u00f3n<br \/>\n\u2013 Configuraci\u00f3n Rodado<br \/>\n\u2013 Aprendizaje Ventanas Windows\/Roof<br \/>\n\u2013 Reset Memoria Asientos Seats<br \/>\n\u2013 Adaptaci\u00f3n Transmisi\u00f3n CVT<br \/>\n\u2013 Configuraci\u00f3n Idioma Veh\u00edculo<\/p>\n<p>&nbsp;<\/p>\n<div class=\"a-row\">\n<div class=\"a-column a-span6\">\n<h1 class=\"a-size-medium a-spacing-small\">Especificaciones t\u00e9cnicas<\/h1>\n<\/div>\n<\/div>\n<div class=\"a-expander-content a-expander-extend-content\" data-expanded=\"true\">\n<div class=\"a-row a-expander-container a-expander-inline-container\">\n<div class=\"a-expander-content a-expander-section-content a-section-expander-inner\" data-expanded=\"true\">\n<table id=\"productDetails_techSpec_section_1\" class=\"a-keyvalue prodDetTable\" role=\"presentation\">\n<tbody>\n<tr>\n<th class=\"a-color-secondary a-size-base prodDetSectionEntry\">Marca<\/th>\n<td class=\"a-size-base prodDetAttrValue\">\u200eAutel<\/td>\n<\/tr>\n<tr>\n<th class=\"a-color-secondary a-size-base prodDetSectionEntry\">Sistema operativo<\/th>\n<td class=\"a-size-base prodDetAttrValue\">\u200eAndroid 10.0<\/td>\n<\/tr>\n<tr>\n<th class=\"a-color-secondary a-size-base prodDetSectionEntry\">Resoluci\u00f3n de pantalla<\/th>\n<td class=\"a-size-base prodDetAttrValue\">\u200e1920 x 1200<\/td>\n<\/tr>\n<tr>\n<th class=\"a-color-secondary a-size-base prodDetSectionEntry\">Tipo de ajuste para el veh\u00edculo<\/th>\n<td class=\"a-size-base prodDetAttrValue\">\u200eAjuste espec\u00edfico para el veh\u00edculo<\/td>\n<\/tr>\n<tr>\n<th class=\"a-color-secondary a-size-base prodDetSectionEntry\">UPC<\/th>\n<td class=\"a-size-base prodDetAttrValue\">\u200e792499188245<\/td>\n<\/tr>\n<tr>\n<th class=\"a-color-secondary a-size-base prodDetSectionEntry\">Fabricante<\/th>\n<td class=\"a-size-base prodDetAttrValue\">\u200eAutel<\/td>\n<\/tr>\n<tr>\n<th class=\"a-color-secondary a-size-base prodDetSectionEntry\">Modelo<\/th>\n<td class=\"a-size-base prodDetAttrValue\">\u200eMS906MAX<\/td>\n<\/tr>\n<tr>\n<th class=\"a-color-secondary a-size-base prodDetSectionEntry\">Dimensiones del paquete<\/th>\n<td class=\"a-size-base prodDetAttrValue\">\u200e16,5 x 13,5 x 6 pulgadas<\/td>\n<\/tr>\n<tr>\n<th class=\"a-color-secondary a-size-base prodDetSectionEntry\">N\u00famero de modelo del producto<\/th>\n<td class=\"a-size-base prodDetAttrValue\">\u200eMaxiSys MS906MAX<\/td>\n<\/tr>\n<tr>\n<th class=\"a-color-secondary a-size-base prodDetSectionEntry\">N\u00famero de pieza del fabricante<\/th>\n<td class=\"a-size-base prodDetAttrValue\">\u200eMS906MAX<\/td>\n<\/tr>\n<\/tbody>\n<\/table>\n<\/div>\n<\/div>\n<\/div>\n<p>&nbsp;<\/p>","protected":false},"excerpt":{"rendered":"<p>El Scanner<strong> MaxiSYS 906 MAX<\/strong> es una tablet inal\u00e1mbrica de 10.1 pulgadas con sistema Android para diagn\u00f3stico y servicio, con funciones profesionales, siendo un scanner de diagn\u00f3stico automotriz de alto rendimiento y amplia cobertura, dise\u00f1ado para profesionales de la reparaci\u00f3n automotriz.<\/p>\n<p><strong>INCLUYE 3 A\u00d1OS DE ACTUALIZACIONES GRATUITAS<\/strong><\/p>\n<p>COBERTURA\u00a0<a href=\"https:\/\/www.autel.com\/es\/vehicle-coverage\/coverage2\" target=\"_blank\" rel=\"noopener\"><strong>CLICK HERE<\/strong><\/a><\/p>\n<p><strong>CONSULTA PROMOCIONES DISPONIBLES<\/strong><\/p>","protected":false},"featured_media":14147,"comment_status":"closed","ping_status":"closed","template":"","meta":{"_et_pb_use_builder":"off","_et_pb_old_content":"Cuenta con m\u00e1s de 100 programas de diagn\u00f3stico y reparaci\u00f3n y funciona con veh\u00edculos\r\nlivianos a gasolina, di\u00e9sel, h\u00edbridos y el\u00e9ctricos OBD I y OBD II.\r\nLectura borrado fallas en: Motor, ABS, Airbag, Transmisi\u00f3n.\r\nReset: Angulo volante, Libera pastilla freno, Inmovilizador, Llaves, Filtro DPF (diesel), Service aceite, Bateria.\r\nCodifica y adapta: Cuerpo mariposa aceleraci\u00f3n, Inyectores.","_et_gb_content_width":"","_uag_custom_page_level_css":"","_joinchat":[]},"product_brand":[],"product_cat":[17],"product_tag":[44],"class_list":{"0":"post-14146","1":"product","2":"type-product","3":"status-publish","4":"has-post-thumbnail","6":"product_cat-scanners","7":"product_tag-autel","9":"first","10":"instock","11":"shipping-taxable","12":"purchasable","13":"product-type-simple","14":"add-to-wishlist-before_image"},"uagb_featured_image_src":{"full":["https:\/\/epic.net.ar\/wp-content\/uploads\/2025\/09\/MS960M_G.jpg",1500,1500,false],"thumbnail":["https:\/\/epic.net.ar\/wp-content\/uploads\/2025\/09\/MS960M_G-150x150.jpg",150,150,true],"medium":["https:\/\/epic.net.ar\/wp-content\/uploads\/2025\/09\/MS960M_G-300x300.jpg",300,300,true],"medium_large":["https:\/\/epic.net.ar\/wp-content\/uploads\/2025\/09\/MS960M_G-768x768.jpg",768,768,true],"large":["https:\/\/epic.net.ar\/wp-content\/uploads\/2025\/09\/MS960M_G-1024x1024.jpg",1024,1024,true],"1536x1536":["https:\/\/epic.net.ar\/wp-content\/uploads\/2025\/09\/MS960M_G.jpg",1500,1500,false],"2048x2048":["https:\/\/epic.net.ar\/wp-content\/uploads\/2025\/09\/MS960M_G.jpg",1500,1500,false],"trp-custom-language-flag":["https:\/\/epic.net.ar\/wp-content\/uploads\/2025\/09\/MS960M_G-12x12.jpg",12,12,true],"et-pb-post-main-image":["https:\/\/epic.net.ar\/wp-content\/uploads\/2025\/09\/MS960M_G-400x250.jpg",400,250,true],"et-pb-post-main-image-fullwidth":["https:\/\/epic.net.ar\/wp-content\/uploads\/2025\/09\/MS960M_G-1080x675.jpg",1080,675,true],"et-pb-portfolio-image":["https:\/\/epic.net.ar\/wp-content\/uploads\/2025\/09\/MS960M_G-400x284.jpg",400,284,true],"et-pb-portfolio-module-image":["https:\/\/epic.net.ar\/wp-content\/uploads\/2025\/09\/MS960M_G-510x382.jpg",510,382,true],"et-pb-portfolio-image-single":["https:\/\/epic.net.ar\/wp-content\/uploads\/2025\/09\/MS960M_G-1080x1080.jpg",1080,1080,true],"et-pb-gallery-module-image-portrait":["https:\/\/epic.net.ar\/wp-content\/uploads\/2025\/09\/MS960M_G-400x516.jpg",400,516,true],"et-pb-post-main-image-fullwidth-large":["https:\/\/epic.net.ar\/wp-content\/uploads\/2025\/09\/MS960M_G.jpg",1500,1500,false],"et-pb-image--responsive--desktop":["https:\/\/epic.net.ar\/wp-content\/uploads\/2025\/09\/MS960M_G-1280x1280.jpg",720,720,true],"et-pb-image--responsive--tablet":["https:\/\/epic.net.ar\/wp-content\/uploads\/2025\/09\/MS960M_G-980x980.jpg",551,551,true],"et-pb-image--responsive--phone":["https:\/\/epic.net.ar\/wp-content\/uploads\/2025\/09\/MS960M_G-480x480.jpg",270,270,true],"woocommerce_thumbnail":["https:\/\/epic.net.ar\/wp-content\/uploads\/2025\/09\/MS960M_G-300x300.jpg",300,300,true],"woocommerce_single":["https:\/\/epic.net.ar\/wp-content\/uploads\/2025\/09\/MS960M_G-600x600.jpg",600,600,true],"woocommerce_gallery_thumbnail":["https:\/\/epic.net.ar\/wp-content\/uploads\/2025\/09\/MS960M_G-100x100.jpg",100,100,true],"dgwt-wcas-product-suggestion":["https:\/\/epic.net.ar\/wp-content\/uploads\/2025\/09\/MS960M_G-64x64.jpg",64,64,true]},"uagb_author_info":{"display_name":"Ezequiel Costilla","author_link":"https:\/\/epic.net.ar\/en\/author\/"},"uagb_comment_info":0,"uagb_excerpt":"El Scanner MaxiSYS 906 MAX es una tablet inal\u00e1mbrica de 10.1 pulgadas con sistema Android para diagn\u00f3stico y servicio, con funciones profesionales, siendo un scanner de diagn\u00f3stico automotriz de alto rendimiento y amplia cobertura, dise\u00f1ado para profesionales de la reparaci\u00f3n automotriz. INCLUYE 3 A\u00d1OS DE ACTUALIZACIONES GRATUITAS COBERTURA\u00a0CLICK AQUI CONSULTA PROMOCIONES DISPONIBLES","_links":{"self":[{"href":"https:\/\/epic.net.ar\/en\/wp-json\/wp\/v2\/product\/14146","targetHints":{"allow":["GET"]}}],"collection":[{"href":"https:\/\/epic.net.ar\/en\/wp-json\/wp\/v2\/product"}],"about":[{"href":"https:\/\/epic.net.ar\/en\/wp-json\/wp\/v2\/types\/product"}],"replies":[{"embeddable":true,"href":"https:\/\/epic.net.ar\/en\/wp-json\/wp\/v2\/comments?post=14146"}],"wp:featuredmedia":[{"embeddable":true,"href":"https:\/\/epic.net.ar\/en\/wp-json\/wp\/v2\/media\/14147"}],"wp:attachment":[{"href":"https:\/\/epic.net.ar\/en\/wp-json\/wp\/v2\/media?parent=14146"}],"wp:term":[{"taxonomy":"product_brand","embeddable":true,"href":"https:\/\/epic.net.ar\/en\/wp-json\/wp\/v2\/product_brand?post=14146"},{"taxonomy":"product_cat","embeddable":true,"href":"https:\/\/epic.net.ar\/en\/wp-json\/wp\/v2\/product_cat?post=14146"},{"taxonomy":"product_tag","embeddable":true,"href":"https:\/\/epic.net.ar\/en\/wp-json\/wp\/v2\/product_tag?post=14146"}],"curies":[{"name":"wp","href":"https:\/\/api.w.org\/{rel}","templated":true}]}}