{"id":14134,"date":"2025-08-26T16:43:31","date_gmt":"2025-08-26T19:43:31","guid":{"rendered":"https:\/\/epic.net.ar\/?post_type=product&#038;p=14134"},"modified":"2026-01-23T13:53:31","modified_gmt":"2026-01-23T16:53:31","slug":"ppdraw-power-probe","status":"publish","type":"product","link":"https:\/\/epic.net.ar\/en\/product\/ppdraw-power-probe\/","title":{"rendered":"PPDRAW POWER PROBE &#8211; Monitor de voltaje de bater\u00eda y consumo par\u00e1sito de Energ\u00eda X Obd2"},"content":{"rendered":"<p>&nbsp;<\/p>\n<p><strong>PPDRAW: Control total del sistema el\u00e9ctrico de tu veh\u00edculo<\/strong><\/p>\n<p data-start=\"245\" data-end=\"462\">Tanto si sos mec\u00e1nico como si simplemente quer\u00e9s cuidar mejor tu auto, <strong data-start=\"316\" data-end=\"326\">PPDRAW<\/strong> es la herramienta ideal para mantener el sistema el\u00e9ctrico en \u00f3ptimas condiciones.<br data-start=\"409\" data-end=\"412\" \/>Conectado f\u00e1cilmente al puerto <strong data-start=\"443\" data-end=\"452\">OBDII<\/strong>, permite:<\/p>\n<ul>\n<li data-start=\"466\" data-end=\"522\"><strong data-start=\"466\" data-end=\"520\">Monitorear el voltaje de la bater\u00eda en tiempo real<\/strong><\/li>\n<li data-start=\"525\" data-end=\"596\"><strong data-start=\"525\" data-end=\"556\">Detectar corrientes de fuga<\/strong> que podr\u00edan generar fallas el\u00e9ctricas<\/li>\n<li data-start=\"599\" data-end=\"722\"><strong data-start=\"599\" data-end=\"634\">Actuar como respaldo de energ\u00eda<\/strong> durante el cambio de bater\u00eda, evitando la p\u00e9rdida de datos en la computadora del auto<\/li>\n<\/ul>\n<p data-start=\"724\" data-end=\"968\">PPDRAW proporciona una <strong data-start=\"747\" data-end=\"778\">alimentaci\u00f3n estable de 12V<\/strong>, protegiendo componentes sensibles y facilitando diagn\u00f3sticos precisos.<br data-start=\"850\" data-end=\"853\" \/>Ideal para <strong data-start=\"864\" data-end=\"898\">talleres que buscan eficiencia<\/strong> y para <strong data-start=\"906\" data-end=\"967\">usuarios que valoran el buen mantenimiento de su veh\u00edculo<\/strong>.<\/p>\n<p>&nbsp;<\/p>\n<p>&nbsp;<\/p>\n<p><em><strong>CARACTER\u00cdSTICAS<\/strong><\/em><\/p>\n<ul>\n<li>Capaz de entregar hasta 10 amperios de corriente continua a trav\u00e9s de una salida de bater\u00eda inteligente.<\/li>\n<li>Suministra energ\u00eda y monitorea el sistema el\u00e9ctrico del veh\u00edculo para detectar consumos par\u00e1sitos.<\/li>\n<li>Se conecta a trav\u00e9s del conector ODBII de 16 pines.<\/li>\n<li>Ver y registrar datos a trav\u00e9s de Bluetooth en la aplicaci\u00f3n <em>Power Probe Link<\/em>.<\/li>\n<li>Bater\u00eda de iones de litio recargable USB-C de alta capacidad y pantalla TFT multicolor.<\/li>\n<li>Alarma de salida de corriente ajustable y configuraci\u00f3n de apagado autom\u00e1tico ajustable.<\/li>\n<li>Una conexi\u00f3n simple a trav\u00e9s del puerto OBDII permite a los t\u00e9cnicos monitorear el consumo par\u00e1sito.<\/li>\n<li>Modo gr\u00e1fico para mostrar voltaje y amperaje como forma de onda.<\/li>\n<li>Sirve como ahorro de memoria durante el reemplazo de la bater\u00eda.<\/li>\n<\/ul>\n<section class=\"elementor-section elementor-top-section elementor-element elementor-element-7c79802e elementor-section-full_width elementor-section-height-default elementor-section-height-default\" data-particle_enable=\"false\" data-particle-mobile-disabled=\"false\" data-id=\"7c79802e\" data-element_type=\"section\">\n<div class=\"elementor-container elementor-column-gap-default\">\n<div class=\"elementor-column elementor-col-100 elementor-top-column elementor-element elementor-element-6bdc0e02\" data-id=\"6bdc0e02\" data-element_type=\"column\">\n<div class=\"elementor-widget-wrap elementor-element-populated\">\n<div class=\"elementor-element elementor-element-3de70a52 elementor-widget elementor-widget-text-editor\" data-id=\"3de70a52\" data-element_type=\"widget\" data-widget_type=\"text-editor.default\">\n<div class=\"elementor-widget-container\"><\/div>\n<\/div>\n<\/div>\n<\/div>\n<\/div>\n<\/section>\n<p>&nbsp;<\/p>","protected":false},"excerpt":{"rendered":"<p><strong>PPDRAW<\/strong> es la soluci\u00f3n ideal para mantener tu veh\u00edculo siempre protegido y funcionando sin interrupciones. Dise\u00f1ado para conectarse f\u00e1cilmente a trav\u00e9s del puerto OBDII, este dispositivo permite <strong data-start=\"344\" data-end=\"398\">monitorear en tiempo real el voltaje de la bater\u00eda<\/strong>, detectar posibles <strong data-start=\"418\" data-end=\"440\">corrientes de fuga<\/strong> y actuar como una <strong data-start=\"459\" data-end=\"492\">fuente de energ\u00eda de respaldo<\/strong> durante el reemplazo de la bater\u00eda.<\/p>","protected":false},"featured_media":14135,"comment_status":"closed","ping_status":"closed","template":"","meta":{"_et_pb_use_builder":"off","_et_pb_old_content":"Cuenta con m\u00e1s de 100 programas de diagn\u00f3stico y reparaci\u00f3n y funciona con veh\u00edculos\r\nlivianos a gasolina, di\u00e9sel, h\u00edbridos y el\u00e9ctricos OBD I y OBD II.\r\nLectura borrado fallas en: Motor, ABS, Airbag, Transmisi\u00f3n.\r\nReset: Angulo volante, Libera pastilla freno, Inmovilizador, Llaves, Filtro DPF (diesel), Service aceite, Bateria.\r\nCodifica y adapta: Cuerpo mariposa aceleraci\u00f3n, Inyectores.","_et_gb_content_width":"","_uag_custom_page_level_css":"","_joinchat":[]},"product_brand":[],"product_cat":[16,107,21,109,23],"product_tag":[],"class_list":{"0":"post-14134","1":"product","2":"type-product","3":"status-publish","4":"has-post-thumbnail","6":"product_cat-diagnostico","7":"product_cat-herramientas","8":"product_cat-instrumental-electronico","9":"product_cat-multimetros-herramientas","10":"product_cat-multimetros","12":"first","13":"instock","14":"sale","15":"featured","16":"shipping-taxable","17":"purchasable","18":"product-type-simple","19":"add-to-wishlist-before_image"},"uagb_featured_image_src":{"full":["https:\/\/epic.net.ar\/wp-content\/uploads\/2025\/08\/PPDRAW-2.jpg",273,273,false],"thumbnail":["https:\/\/epic.net.ar\/wp-content\/uploads\/2025\/08\/PPDRAW-2-150x150.jpg",150,150,true],"medium":["https:\/\/epic.net.ar\/wp-content\/uploads\/2025\/08\/PPDRAW-2.jpg",273,273,false],"medium_large":["https:\/\/epic.net.ar\/wp-content\/uploads\/2025\/08\/PPDRAW-2.jpg",273,273,false],"large":["https:\/\/epic.net.ar\/wp-content\/uploads\/2025\/08\/PPDRAW-2.jpg",273,273,false],"1536x1536":["https:\/\/epic.net.ar\/wp-content\/uploads\/2025\/08\/PPDRAW-2.jpg",273,273,false],"2048x2048":["https:\/\/epic.net.ar\/wp-content\/uploads\/2025\/08\/PPDRAW-2.jpg",273,273,false],"trp-custom-language-flag":["https:\/\/epic.net.ar\/wp-content\/uploads\/2025\/08\/PPDRAW-2-12x12.jpg",12,12,true],"et-pb-post-main-image":["https:\/\/epic.net.ar\/wp-content\/uploads\/2025\/08\/PPDRAW-2-273x250.jpg",273,250,true],"et-pb-post-main-image-fullwidth":["https:\/\/epic.net.ar\/wp-content\/uploads\/2025\/08\/PPDRAW-2.jpg",273,273,false],"et-pb-portfolio-image":["https:\/\/epic.net.ar\/wp-content\/uploads\/2025\/08\/PPDRAW-2.jpg",273,273,false],"et-pb-portfolio-module-image":["https:\/\/epic.net.ar\/wp-content\/uploads\/2025\/08\/PPDRAW-2.jpg",273,273,false],"et-pb-portfolio-image-single":["https:\/\/epic.net.ar\/wp-content\/uploads\/2025\/08\/PPDRAW-2.jpg",273,273,false],"et-pb-gallery-module-image-portrait":["https:\/\/epic.net.ar\/wp-content\/uploads\/2025\/08\/PPDRAW-2.jpg",273,273,false],"et-pb-post-main-image-fullwidth-large":["https:\/\/epic.net.ar\/wp-content\/uploads\/2025\/08\/PPDRAW-2.jpg",273,273,false],"et-pb-image--responsive--desktop":["https:\/\/epic.net.ar\/wp-content\/uploads\/2025\/08\/PPDRAW-2.jpg",273,273,false],"et-pb-image--responsive--tablet":["https:\/\/epic.net.ar\/wp-content\/uploads\/2025\/08\/PPDRAW-2.jpg",273,273,false],"et-pb-image--responsive--phone":["https:\/\/epic.net.ar\/wp-content\/uploads\/2025\/08\/PPDRAW-2.jpg",270,270,false],"woocommerce_thumbnail":["https:\/\/epic.net.ar\/wp-content\/uploads\/2025\/08\/PPDRAW-2.jpg",273,273,false],"woocommerce_single":["https:\/\/epic.net.ar\/wp-content\/uploads\/2025\/08\/PPDRAW-2.jpg",273,273,false],"woocommerce_gallery_thumbnail":["https:\/\/epic.net.ar\/wp-content\/uploads\/2025\/08\/PPDRAW-2-100x100.jpg",100,100,true],"dgwt-wcas-product-suggestion":["https:\/\/epic.net.ar\/wp-content\/uploads\/2025\/08\/PPDRAW-2-64x64.jpg",64,64,true]},"uagb_author_info":{"display_name":"Ezequiel Costilla","author_link":"https:\/\/epic.net.ar\/en\/author\/"},"uagb_comment_info":0,"uagb_excerpt":"PPDRAW es la soluci\u00f3n ideal para mantener tu veh\u00edculo siempre protegido y funcionando sin interrupciones. Dise\u00f1ado para conectarse f\u00e1cilmente a trav\u00e9s del puerto OBDII, este dispositivo permite monitorear en tiempo real el voltaje de la bater\u00eda, detectar posibles corrientes de fuga y actuar como una fuente de energ\u00eda de respaldo durante el reemplazo de la&hellip;","_links":{"self":[{"href":"https:\/\/epic.net.ar\/en\/wp-json\/wp\/v2\/product\/14134","targetHints":{"allow":["GET"]}}],"collection":[{"href":"https:\/\/epic.net.ar\/en\/wp-json\/wp\/v2\/product"}],"about":[{"href":"https:\/\/epic.net.ar\/en\/wp-json\/wp\/v2\/types\/product"}],"replies":[{"embeddable":true,"href":"https:\/\/epic.net.ar\/en\/wp-json\/wp\/v2\/comments?post=14134"}],"wp:featuredmedia":[{"embeddable":true,"href":"https:\/\/epic.net.ar\/en\/wp-json\/wp\/v2\/media\/14135"}],"wp:attachment":[{"href":"https:\/\/epic.net.ar\/en\/wp-json\/wp\/v2\/media?parent=14134"}],"wp:term":[{"taxonomy":"product_brand","embeddable":true,"href":"https:\/\/epic.net.ar\/en\/wp-json\/wp\/v2\/product_brand?post=14134"},{"taxonomy":"product_cat","embeddable":true,"href":"https:\/\/epic.net.ar\/en\/wp-json\/wp\/v2\/product_cat?post=14134"},{"taxonomy":"product_tag","embeddable":true,"href":"https:\/\/epic.net.ar\/en\/wp-json\/wp\/v2\/product_tag?post=14134"}],"curies":[{"name":"wp","href":"https:\/\/api.w.org\/{rel}","templated":true}]}}