{"id":14127,"date":"2026-03-31T09:00:56","date_gmt":"2026-03-31T12:00:56","guid":{"rendered":"https:\/\/epic.net.ar\/?post_type=product&#038;p=14127"},"modified":"2026-03-31T09:17:42","modified_gmt":"2026-03-31T12:17:42","slug":"scanner-launch-crp-359","status":"publish","type":"product","link":"https:\/\/epic.net.ar\/en\/product\/scanner-launch-crp-359\/","title":{"rendered":"SCANNER LAUNCH CRP 359"},"content":{"rendered":"<p>El Scanner <strong>CRP 359 <\/strong>es una nueva herramienta de escaneo basada en Android de la familia<strong> LAUNCH DIY<\/strong>, que presenta 31 funciones de servicio para que los t\u00e9cnicos y los aficionados realicen mejor los diagn\u00f3sticos en l\u00ednea. El dise\u00f1o de la pata ajustable es muy \u00fatil para que los mec\u00e1nicos de autom\u00f3viles liberen sus manos durante los trabajos de diagn\u00f3stico que lo necesitan.<\/p>\n<p>&nbsp;<\/p>\n<table border=\"1\" cellspacing=\"0\" cellpadding=\"5\">\n<thead>\n<tr>\n<th colspan=\"2\">PRINCIPALES FUNCIONALIDADES DE LAUNCH CRP 359<\/th>\n<\/tr>\n<\/thead>\n<tbody>\n<tr>\n<td>Reinicio de frenos, \u00e1ngulos de direcci\u00f3n, inmovilizador, l\u00e1mpara de servicio, flujo de aire\/combustible, luces delanteras adaptivas, techo corredizo y llantas<\/td>\n<\/tr>\n<tr>\n<td>Programaci\u00f3n del inmovilizador<\/td>\n<\/tr>\n<tr>\n<td>Reinicio de base de datos TPMS, de sensor NOX, de Stop\/Start y del AdBlue<\/td>\n<\/tr>\n<tr>\n<td>Codificaci\u00f3n de inyectores<\/td>\n<\/tr>\n<tr>\n<td>Reaprendizaje del acelerador electr\u00f3nico y de la caja de cambios<\/td>\n<\/tr>\n<tr>\n<td>Reaprendizaje e inicializaci\u00f3n del sistema del A\/C<\/td>\n<\/tr>\n<tr>\n<td>Emparejamiento de bater\u00edas<\/td>\n<\/tr>\n<tr>\n<td>Calibraci\u00f3n del nivel de la suspensi\u00f3n de aire, del sistema de control de crucero inteligente ACC, del \u00e1ngulo del motor, de ventanas y de ocupaci\u00f3n de asientos<\/td>\n<\/tr>\n<tr>\n<td>Regeneraci\u00f3n del DPF\/FAP y del GPF<\/td>\n<\/tr>\n<tr>\n<td>Purgado del ABS y del refrigerante<\/td>\n<\/tr>\n<tr>\n<td>Adaptaci\u00f3n del EGR<\/td>\n<\/tr>\n<tr>\n<td>Monitoreo del balance de la potencial del motor<\/td>\n<\/tr>\n<tr>\n<td>Diagn\u00f3stico del alto voltaje de la bater\u00eda<\/td>\n<\/tr>\n<tr>\n<td>Cambio de idioma<\/td>\n<\/tr>\n<tr>\n<td>Aprendizaje adaptativo del sensor de posici\u00f3n del cig\u00fce\u00f1al<\/td>\n<\/tr>\n<tr>\n<td>Modo transporte<\/td>\n<\/tr>\n<\/tbody>\n<\/table>\n<p>&nbsp;<\/p>\n<p><em><strong>PROTOCOLOS DE DIAGN\u00d3STICO<\/strong><\/em><br \/>\nCAN FD, CAN, SCAN, FCAN, DoIP, KWP\/L-Line, J1850 PWM, VPW, Chrysler CCD, entre otros.<\/p>\n<p><em><strong>CARACTER\u00cdSTICAS<\/strong><\/em><\/p>\n<section class=\"elementor-section elementor-top-section elementor-element elementor-element-5fc06b0b elementor-section-full_width elementor-section-height-default elementor-section-height-default\" data-particle_enable=\"false\" data-particle-mobile-disabled=\"false\" data-id=\"5fc06b0b\" data-element_type=\"section\">\n<div class=\"elementor-container elementor-column-gap-default\">\n<div class=\"elementor-column elementor-col-100 elementor-top-column elementor-element elementor-element-1e10d541\" data-id=\"1e10d541\" data-element_type=\"column\">\n<div class=\"elementor-widget-wrap elementor-element-populated\">\n<div class=\"elementor-element elementor-element-9e63e83 elementor-widget elementor-widget-heading\" data-id=\"9e63e83\" data-element_type=\"widget\" data-widget_type=\"heading.default\">\n<div class=\"elementor-widget-container\">\n<p class=\"elementor-heading-title elementor-size-default\">El nuevo <strong>LAUNCH CRP359 <\/strong>Permite el diagn\u00f3stico de TODOS los m\u00f3dulos que presente el veh\u00edculo, 31 funciones de servicio y soporta los nuevos protocolos CAN FD y DO-IP, sin la necesidad de ning\u00fan adaptador extra.<\/p>\n<p>Cuenta con una amplia cobertura de marcas y modelos, incluyendo AMERICANOS, EUROPEOS, ASI\u00c1TICOS Y LATAM.<\/p>\n<p>Idioma Espa\u00f1ol.<br \/>\n<strong><br \/>\nActualizaciones gratis por 2 a\u00f1os<\/strong><\/p>\n<p>&nbsp;<\/p>\n<\/div>\n<\/div>\n<\/div>\n<\/div>\n<\/div>\n<\/section>\n<section class=\"elementor-section elementor-top-section elementor-element elementor-element-7c79802e elementor-section-full_width elementor-section-height-default elementor-section-height-default\" data-particle_enable=\"false\" data-particle-mobile-disabled=\"false\" data-id=\"7c79802e\" data-element_type=\"section\">\n<div class=\"elementor-container elementor-column-gap-default\">\n<div class=\"elementor-column elementor-col-100 elementor-top-column elementor-element elementor-element-6bdc0e02\" data-id=\"6bdc0e02\" data-element_type=\"column\">\n<div class=\"elementor-widget-wrap elementor-element-populated\">\n<div class=\"elementor-element elementor-element-3de70a52 elementor-widget elementor-widget-text-editor\" data-id=\"3de70a52\" data-element_type=\"widget\" data-widget_type=\"text-editor.default\">\n<div class=\"elementor-widget-container\">\n<ul>\n<li aria-level=\"1\">Lectura global de\u00a0 todos los m\u00f3dulos de control del equipo disponibles. Conexi\u00f3n r\u00e1pida y visualizaci\u00f3n en tiempo real del estado de los sistemas.<\/li>\n<li aria-level=\"1\">Lecturas de par\u00e1metros en tiempo real (Sensores\/Actuadores). Gr\u00e1ficos de comparaci\u00f3n de valores en funci\u00f3n del tiempo para evaluar el desempe\u00f1o de los distintos componentes.<\/li>\n<li aria-level=\"1\">Lectura y borrado de fallas de todos los sistemas.<\/li>\n<li aria-level=\"1\">Funciones bidireccionales para\u00a0<b>ALGUNOS\u00a0<\/b>actuadores.<\/li>\n<li aria-level=\"1\">31 funciones de servicio r\u00e1pido.<\/li>\n<li aria-level=\"1\"><b><i>No soporta funciones como<\/i><\/b>: Modificaci\u00f3n del l\u00edmite de velocidad, modificaci\u00f3n de potencia o regulaci\u00f3n en ralent\u00ed. No es un equipo de programaci\u00f3n para anular sistemas de postratamiento.<\/li>\n<\/ul>\n<p>&nbsp;<\/p>\n<p><em><strong>ESPECIFICACIONES T\u00c9CNICAS<\/strong><\/em><\/p>\n<ul>\n<li>Pantalla de 7 pulgadas 1024*600, para operar y leer datos de forma fluida.<\/li>\n<li>Sistema operativo con Android 10.<\/li>\n<li>Memoria RAM de 3GB.<\/li>\n<li>Almacenamiento de 32GB.<\/li>\n<li>C\u00e1mara trasera de 8MP.<\/li>\n<li>Soporta 10 modos de diagn\u00f3stico OBDII\/EOBD.<\/li>\n<li>Soporta 31 funciones especiales.<\/li>\n<li>Auto detecci\u00f3n de VIN para un acceso r\u00e1pido.<\/li>\n<li>Software actualizable por dos a\u00f1os v\u00eda Wi-Fi e impresi\u00f3n desde el PC.<\/li>\n<li>Basta con un clic para generar un reporte de diagn\u00f3stico. Multilenguaje.<\/li>\n<li>M\u00e1s de 70 marcas para un diagnostico nivel OEM en los que se incluyen veh\u00edculos americanos, asi\u00e1ticos y europeos; con una cobertura desde 1996 en adelante.<\/li>\n<li>Conexi\u00f3n USB Tipo A\u00a0*1 \/&amp; Tipo C *1.<\/li>\n<li>Dimensiones 251 * 148 * 36 mm.<\/li>\n<\/ul>\n<\/div>\n<\/div>\n<\/div>\n<\/div>\n<\/div>\n<\/section>\n<p>&nbsp;<\/p>\n<p>&nbsp;<\/p>\n<table border=\"1\" cellspacing=\"0\" cellpadding=\"5\">\n<thead>\n<tr>\n<th colspan=\"2\">COBERTURA<\/th>\n<\/tr>\n<\/thead>\n<tbody>\n<tr>\n<td colspan=\"2\">Veh\u00edculos Asi\u00e1ticos, Americanos, Europeos y Chinos. Tanto de veh\u00edculos a gasolina como di\u00e9sel ligero.(12 Vts) el\u00e9ctricos e h\u00edbridos (110 marcas).<\/td>\n<\/tr>\n<tr>\n<th>AMERICANOS<\/th>\n<td>Ford Am\u00e9rica, Chrysler, GM, GM Brasil, Buick, Cadillac, Chevrolet, Dodge, Fiat Brasil, Jeep, Lincoln, Holden.<\/td>\n<\/tr>\n<tr>\n<th>EUROPEOS<\/th>\n<td>Audi, BMW, Fiat, Ford Euro, MB, Mini, Opel, Peugeot, Renault, Seat, VW, Volvo, Smart, Skoda, Saab, Abarth, Alfa Romeo, Aston Martin, Bentley, Bugatti, Citroen, Dacia, Ferrari, Jaguar, Lamborghini, Lancia, Maserati, Maybach, Porsche, Paz, Rolls-Royce, Rover, Skoda, Sprinter, Vauxhall, entre otros.<\/td>\n<\/tr>\n<tr>\n<th>ASI\u00c1TICOS<\/th>\n<td>Acura, Daewoo, Daihatsu, Holden Australia, Honda, Hyundai, Hyundai Korea, Ikco, Infinity, Isuzu, Kia, Kia Korea, Lexus, Luxgen, MVM, Mahindra, Maruti, Mazda, Mitsubishi, Nissan, Perouda, Proton, Saipa, Samsung, Subaru, Suzuki, Tata, Toyota, entre otros.<\/td>\n<\/tr>\n<tr>\n<th>CHINOS<\/th>\n<td>Baic, Faw, Jac, MG, Gac, Great Wall, Chery, Brilliance, Byd, Fukang, Geely, Hafei, Gonow, JMC, Lifan, Maxus, entre otros.<\/td>\n<\/tr>\n<\/tbody>\n<\/table>","protected":false},"excerpt":{"rendered":"<p>The <strong>CRP 359<\/strong> es un equipo de gama de entrada de la marca <strong>LAUNCH<\/strong>. El mismo presenta mucha versatilidad a la hora de realizar un diagn\u00f3stico ya que el software es desarrollado a partir de los programas originales de diagn\u00f3stico de las marcas, convirti\u00e9ndose as\u00ed en un scanner que se aproxima mucho en la profundidad de diagn\u00f3stico a uno espec\u00edfico.<\/p>\n<p><strong>2 A\u00f1os de actualizaciones gratis incluidas, desde el d\u00eda de la compra del equipo.<\/strong><\/p>\n<p>&nbsp;<\/p>","protected":false},"featured_media":14128,"comment_status":"closed","ping_status":"closed","template":"","meta":{"_et_pb_use_builder":"off","_et_pb_old_content":"Cuenta con m\u00e1s de 100 programas de diagn\u00f3stico y reparaci\u00f3n y funciona con veh\u00edculos\r\nlivianos a gasolina, di\u00e9sel, h\u00edbridos y el\u00e9ctricos OBD I y OBD II.\r\nLectura borrado fallas en: Motor, ABS, Airbag, Transmisi\u00f3n.\r\nReset: Angulo volante, Libera pastilla freno, Inmovilizador, Llaves, Filtro DPF (diesel), Service aceite, Bateria.\r\nCodifica y adapta: Cuerpo mariposa aceleraci\u00f3n, Inyectores.","_et_gb_content_width":"","_uag_custom_page_level_css":"","_joinchat":[]},"product_brand":[],"product_cat":[16,17],"product_tag":[45],"class_list":{"0":"post-14127","1":"product","2":"type-product","3":"status-publish","4":"has-post-thumbnail","6":"product_cat-diagnostico","7":"product_cat-scanners","8":"product_tag-launch","10":"first","11":"instock","12":"sale","13":"sold-individually","14":"shipping-taxable","15":"purchasable","16":"product-type-simple","17":"add-to-wishlist-before_image"},"uagb_featured_image_src":{"full":["https:\/\/epic.net.ar\/wp-content\/uploads\/2025\/08\/Launch-Crp359_4-1.png",500,500,false],"thumbnail":["https:\/\/epic.net.ar\/wp-content\/uploads\/2025\/08\/Launch-Crp359_4-1-150x150.png",150,150,true],"medium":["https:\/\/epic.net.ar\/wp-content\/uploads\/2025\/08\/Launch-Crp359_4-1-300x300.png",300,300,true],"medium_large":["https:\/\/epic.net.ar\/wp-content\/uploads\/2025\/08\/Launch-Crp359_4-1.png",500,500,false],"large":["https:\/\/epic.net.ar\/wp-content\/uploads\/2025\/08\/Launch-Crp359_4-1.png",500,500,false],"1536x1536":["https:\/\/epic.net.ar\/wp-content\/uploads\/2025\/08\/Launch-Crp359_4-1.png",500,500,false],"2048x2048":["https:\/\/epic.net.ar\/wp-content\/uploads\/2025\/08\/Launch-Crp359_4-1.png",500,500,false],"trp-custom-language-flag":["https:\/\/epic.net.ar\/wp-content\/uploads\/2025\/08\/Launch-Crp359_4-1-12x12.png",12,12,true],"et-pb-post-main-image":["https:\/\/epic.net.ar\/wp-content\/uploads\/2025\/08\/Launch-Crp359_4-1-400x250.png",400,250,true],"et-pb-post-main-image-fullwidth":["https:\/\/epic.net.ar\/wp-content\/uploads\/2025\/08\/Launch-Crp359_4-1.png",500,500,false],"et-pb-portfolio-image":["https:\/\/epic.net.ar\/wp-content\/uploads\/2025\/08\/Launch-Crp359_4-1-400x284.png",400,284,true],"et-pb-portfolio-module-image":["https:\/\/epic.net.ar\/wp-content\/uploads\/2025\/08\/Launch-Crp359_4-1-500x382.png",500,382,true],"et-pb-portfolio-image-single":["https:\/\/epic.net.ar\/wp-content\/uploads\/2025\/08\/Launch-Crp359_4-1.png",500,500,false],"et-pb-gallery-module-image-portrait":["https:\/\/epic.net.ar\/wp-content\/uploads\/2025\/08\/Launch-Crp359_4-1-400x500.png",400,500,true],"et-pb-post-main-image-fullwidth-large":["https:\/\/epic.net.ar\/wp-content\/uploads\/2025\/08\/Launch-Crp359_4-1.png",500,500,false],"et-pb-image--responsive--desktop":["https:\/\/epic.net.ar\/wp-content\/uploads\/2025\/08\/Launch-Crp359_4-1.png",500,500,false],"et-pb-image--responsive--tablet":["https:\/\/epic.net.ar\/wp-content\/uploads\/2025\/08\/Launch-Crp359_4-1.png",500,500,false],"et-pb-image--responsive--phone":["https:\/\/epic.net.ar\/wp-content\/uploads\/2025\/08\/Launch-Crp359_4-1-480x480.png",270,270,true],"woocommerce_thumbnail":["https:\/\/epic.net.ar\/wp-content\/uploads\/2025\/08\/Launch-Crp359_4-1-300x300.png",300,300,true],"woocommerce_single":["https:\/\/epic.net.ar\/wp-content\/uploads\/2025\/08\/Launch-Crp359_4-1.png",500,500,false],"woocommerce_gallery_thumbnail":["https:\/\/epic.net.ar\/wp-content\/uploads\/2025\/08\/Launch-Crp359_4-1-100x100.png",100,100,true],"dgwt-wcas-product-suggestion":["https:\/\/epic.net.ar\/wp-content\/uploads\/2025\/08\/Launch-Crp359_4-1-64x64.png",64,64,true]},"uagb_author_info":{"display_name":"Ezequiel Costilla","author_link":"https:\/\/epic.net.ar\/en\/author\/"},"uagb_comment_info":0,"uagb_excerpt":"El CRP 359 es un equipo de gama de entrada de la marca LAUNCH. El mismo presenta mucha versatilidad a la hora de realizar un diagn\u00f3stico ya que el software es desarrollado a partir de los programas originales de diagn\u00f3stico de las marcas, convirti\u00e9ndose as\u00ed en un scanner que se aproxima mucho en la profundidad&hellip;","_links":{"self":[{"href":"https:\/\/epic.net.ar\/en\/wp-json\/wp\/v2\/product\/14127","targetHints":{"allow":["GET"]}}],"collection":[{"href":"https:\/\/epic.net.ar\/en\/wp-json\/wp\/v2\/product"}],"about":[{"href":"https:\/\/epic.net.ar\/en\/wp-json\/wp\/v2\/types\/product"}],"replies":[{"embeddable":true,"href":"https:\/\/epic.net.ar\/en\/wp-json\/wp\/v2\/comments?post=14127"}],"wp:featuredmedia":[{"embeddable":true,"href":"https:\/\/epic.net.ar\/en\/wp-json\/wp\/v2\/media\/14128"}],"wp:attachment":[{"href":"https:\/\/epic.net.ar\/en\/wp-json\/wp\/v2\/media?parent=14127"}],"wp:term":[{"taxonomy":"product_brand","embeddable":true,"href":"https:\/\/epic.net.ar\/en\/wp-json\/wp\/v2\/product_brand?post=14127"},{"taxonomy":"product_cat","embeddable":true,"href":"https:\/\/epic.net.ar\/en\/wp-json\/wp\/v2\/product_cat?post=14127"},{"taxonomy":"product_tag","embeddable":true,"href":"https:\/\/epic.net.ar\/en\/wp-json\/wp\/v2\/product_tag?post=14127"}],"curies":[{"name":"wp","href":"https:\/\/api.w.org\/{rel}","templated":true}]}}