{"id":13897,"date":"2025-05-14T12:40:50","date_gmt":"2025-05-14T15:40:50","guid":{"rendered":"https:\/\/epic.net.ar\/?post_type=product&#038;p=13897"},"modified":"2026-04-16T11:11:46","modified_gmt":"2026-04-16T14:11:46","slug":"punta-para-tester-punta-aguja-fina-hasta-1000v-20a","status":"publish","type":"product","link":"https:\/\/epic.net.ar\/en\/product\/punta-para-tester-punta-aguja-fina-hasta-1000v-20a\/","title":{"rendered":"Punta Para Tester Punta Aguja Fina Hasta 1000v 20a &#8211; CAT III &#8211; ZURICH"},"content":{"rendered":"<p>Las Puntas Tester Mult\u00edmetro Punta Aguja Fina Hasta 1000V 20A de la marca Zurich, modelo RCAB09907, son ideales para trabajos de precisi\u00f3n en mediciones el\u00e9ctricas.<\/p>\n<p>Dise\u00f1adas para soportar hasta 20A de corriente tanto en CA como en CC, y una tensi\u00f3n m\u00e1xima de 1000V en ambos tipos de corriente, estas puntas garantizan seguridad y eficiencia en tus tareas.<\/p>\n<p>Su construcci\u00f3n robusta asegura durabilidad y rendimiento en condiciones normales de uso.<\/p>\n<p>Perfectas para profesionales y aficionados que requieren exactitud y fiabilidad en sus mediciones el\u00e9ctricas.<\/p>","protected":false},"excerpt":{"rendered":"<p>Puntas para Tester Mult\u00edmetro Punta Aguja Fina CAT III ZURICH, modelo RCAB09907<\/p>","protected":false},"featured_media":13898,"comment_status":"closed","ping_status":"closed","template":"","meta":{"_et_pb_use_builder":"","_et_pb_old_content":"","_et_gb_content_width":"","_uag_custom_page_level_css":"","_joinchat":[]},"product_brand":[],"product_cat":[21,27,109,23,22,25,15],"product_tag":[80],"class_list":{"0":"post-13897","1":"product","2":"type-product","3":"status-publish","4":"has-post-thumbnail","6":"product_cat-instrumental-electronico","7":"product_cat-laboratorio","8":"product_cat-multimetros-herramientas","9":"product_cat-multimetros","10":"product_cat-osciloscopios","11":"product_cat-otros","12":"product_cat-sin-categorizar","13":"product_tag-pros-kit","15":"first","16":"instock","17":"shipping-taxable","18":"purchasable","19":"product-type-simple","20":"add-to-wishlist-before_image"},"uagb_featured_image_src":{"full":["https:\/\/epic.net.ar\/wp-content\/uploads\/2025\/05\/punta-fina-zurich.png",1153,814,false],"thumbnail":["https:\/\/epic.net.ar\/wp-content\/uploads\/2025\/05\/punta-fina-zurich-150x150.png",150,150,true],"medium":["https:\/\/epic.net.ar\/wp-content\/uploads\/2025\/05\/punta-fina-zurich-300x212.png",300,212,true],"medium_large":["https:\/\/epic.net.ar\/wp-content\/uploads\/2025\/05\/punta-fina-zurich-768x542.png",768,542,true],"large":["https:\/\/epic.net.ar\/wp-content\/uploads\/2025\/05\/punta-fina-zurich-1024x723.png",1024,723,true],"1536x1536":["https:\/\/epic.net.ar\/wp-content\/uploads\/2025\/05\/punta-fina-zurich.png",1153,814,false],"2048x2048":["https:\/\/epic.net.ar\/wp-content\/uploads\/2025\/05\/punta-fina-zurich.png",1153,814,false],"trp-custom-language-flag":["https:\/\/epic.net.ar\/wp-content\/uploads\/2025\/05\/punta-fina-zurich-18x12.png",18,12,true],"et-pb-post-main-image":["https:\/\/epic.net.ar\/wp-content\/uploads\/2025\/05\/punta-fina-zurich-400x250.png",400,250,true],"et-pb-post-main-image-fullwidth":["https:\/\/epic.net.ar\/wp-content\/uploads\/2025\/05\/punta-fina-zurich-1080x675.png",1080,675,true],"et-pb-portfolio-image":["https:\/\/epic.net.ar\/wp-content\/uploads\/2025\/05\/punta-fina-zurich-400x284.png",400,284,true],"et-pb-portfolio-module-image":["https:\/\/epic.net.ar\/wp-content\/uploads\/2025\/05\/punta-fina-zurich-510x382.png",510,382,true],"et-pb-portfolio-image-single":["https:\/\/epic.net.ar\/wp-content\/uploads\/2025\/05\/punta-fina-zurich-1080x762.png",1080,762,true],"et-pb-gallery-module-image-portrait":["https:\/\/epic.net.ar\/wp-content\/uploads\/2025\/05\/punta-fina-zurich-400x516.png",400,516,true],"et-pb-post-main-image-fullwidth-large":["https:\/\/epic.net.ar\/wp-content\/uploads\/2025\/05\/punta-fina-zurich.png",1153,814,false],"et-pb-image--responsive--desktop":["https:\/\/epic.net.ar\/wp-content\/uploads\/2025\/05\/punta-fina-zurich.png",1020,720,false],"et-pb-image--responsive--tablet":["https:\/\/epic.net.ar\/wp-content\/uploads\/2025\/05\/punta-fina-zurich-980x692.png",780,551,true],"et-pb-image--responsive--phone":["https:\/\/epic.net.ar\/wp-content\/uploads\/2025\/05\/punta-fina-zurich-480x339.png",382,270,true],"woocommerce_thumbnail":["https:\/\/epic.net.ar\/wp-content\/uploads\/2025\/05\/punta-fina-zurich-300x300.png",300,300,true],"woocommerce_single":["https:\/\/epic.net.ar\/wp-content\/uploads\/2025\/05\/punta-fina-zurich-600x424.png",600,424,true],"woocommerce_gallery_thumbnail":["https:\/\/epic.net.ar\/wp-content\/uploads\/2025\/05\/punta-fina-zurich-100x100.png",100,100,true],"dgwt-wcas-product-suggestion":["https:\/\/epic.net.ar\/wp-content\/uploads\/2025\/05\/punta-fina-zurich-64x45.png",64,45,true]},"uagb_author_info":{"display_name":"epic Equipamiento Electr\u00f3nico","author_link":"https:\/\/epic.net.ar\/en\/author\/"},"uagb_comment_info":0,"uagb_excerpt":"Puntas para Tester Mult\u00edmetro Punta Aguja Fina CAT III ZURICH, modelo RCAB09907","_links":{"self":[{"href":"https:\/\/epic.net.ar\/en\/wp-json\/wp\/v2\/product\/13897","targetHints":{"allow":["GET"]}}],"collection":[{"href":"https:\/\/epic.net.ar\/en\/wp-json\/wp\/v2\/product"}],"about":[{"href":"https:\/\/epic.net.ar\/en\/wp-json\/wp\/v2\/types\/product"}],"replies":[{"embeddable":true,"href":"https:\/\/epic.net.ar\/en\/wp-json\/wp\/v2\/comments?post=13897"}],"wp:featuredmedia":[{"embeddable":true,"href":"https:\/\/epic.net.ar\/en\/wp-json\/wp\/v2\/media\/13898"}],"wp:attachment":[{"href":"https:\/\/epic.net.ar\/en\/wp-json\/wp\/v2\/media?parent=13897"}],"wp:term":[{"taxonomy":"product_brand","embeddable":true,"href":"https:\/\/epic.net.ar\/en\/wp-json\/wp\/v2\/product_brand?post=13897"},{"taxonomy":"product_cat","embeddable":true,"href":"https:\/\/epic.net.ar\/en\/wp-json\/wp\/v2\/product_cat?post=13897"},{"taxonomy":"product_tag","embeddable":true,"href":"https:\/\/epic.net.ar\/en\/wp-json\/wp\/v2\/product_tag?post=13897"}],"curies":[{"name":"wp","href":"https:\/\/api.w.org\/{rel}","templated":true}]}}