{"id":13865,"date":"2025-05-05T10:04:19","date_gmt":"2025-05-05T13:04:19","guid":{"rendered":"https:\/\/epic.net.ar\/?post_type=product&#038;p=13865"},"modified":"2026-03-30T12:03:52","modified_gmt":"2026-03-30T15:03:52","slug":"scanner-autel-mx-900","status":"publish","type":"product","link":"https:\/\/epic.net.ar\/en\/product\/scanner-autel-mx-900\/","title":{"rendered":"Scanner AUTEL MX 900"},"content":{"rendered":"<p><strong>\u00a1NUEVO MODELO! INCLUYE!<\/strong><\/p>\n<p>\u2022 COMPATIBILIDAD CON PROTOCOLO CAN FD PARA VEH\u00cdCULOS FORD Y GM MAS ACTUALES<br \/>\n\u2022 SISTEMA OPERATIVO ACTUALIZADO (Android 11)<br \/>\n\u2022 CONEXI\u00d3N USB\/C<br \/>\n\u2022 C\u00c1MARA INTEGRADA PARA ESCANEO DE VIN Y MAS<br \/>\n\u2022 PARLANTES<br \/>\n\u2022 MAYOR DURACION DE BATERIA<br \/>\n\u2022 PANTALLA MAS GRANDE Y CON MAYOR RESOLUCI\u00d3N<\/p>\n<p>ESTE MODELO ES LA \u00daLTIMA VERSI\u00d3N DISPONIBLE! SUPERIOR A MX808 Y MX808S<\/p>\n<p>&nbsp;<\/p>\n<p><strong>FUNCIONES:<\/strong><\/p>\n<p>\u2022 Lectura y Borrado de C\u00f3digos de Falla<br \/>\n\u2022 Tecnolog\u00eda inteligente AutoVIN y AutoScan para identificar f\u00e1cil y autom\u00e1ticamente los veh\u00edculos y sus sistemas a bordo<br \/>\n\u2022 Visualizaci\u00f3n de datos en tiempo real<br \/>\n\u2022 Prueba de Actuadores<br \/>\n\u2022 Funciones de Servicio especiales para BMS\/OIL\/SAS\/EPB\/DPF\/TPMS<br \/>\n\u2022 Reset de Luz de Aceite Oil\/Service; restablece los intervalos y periodos de servicio y mantenimiento<br \/>\n\u2022 Ejecuta registro y restablecimiento de bater\u00eda BMS<br \/>\n\u2022 Servicio al filtro de part\u00edculas di\u00e9sel, incluida la regeneraci\u00f3n forzada DPF<br \/>\n\u2022 Restablece el sensor de \u00e1ngulo de direcci\u00f3n SAS<br \/>\n\u2022 Reaprendizaje grosor de pastilla de freno de estacionamiento EPB<br \/>\n\u2022 Calibraci\u00f3n de cuerpos de Aceleraci\u00f3n Electr\u00f3nicos ETB-TBA<br \/>\n\u2022 Aprendizaje sensores TPMS<br \/>\n\u2022 Apaga la Luz de advertencia de Fallas de la ECU<br \/>\n\u2022 Despliega estatus de los Monitores a bordo, resultados de pruebas a Sensor O2, Preparaci\u00f3n de Inspecci\u00f3n y Mantenimiento I\/M y pruebas de componentes OBD<br \/>\n\u2022 Imprime informes de diagn\u00f3stico mediante conexi\u00f3n a PC<\/p>\n<p><strong>FUNCIONES DE SERVICIO ADICIONALES:<\/strong><\/p>\n<p>\u2022 Purga Frenos ABS<br \/>\n\u2022 Reset Bolsas Aire SRS<br \/>\n\u2022 Nivelaci\u00f3n Faros HeadLamp<br \/>\n\u2022 Corte Cilindros Cilinder<br \/>\n\u2022 Verificaci\u00f3n Od\u00f3metro Odometer<br \/>\n\u2022 Funciones INMO<br \/>\n\u2022 Codificaci\u00f3n Inyectores<br \/>\n\u2022 Ajuste Suspensi\u00f3n<br \/>\n\u2022 Configuraci\u00f3n Rodado<br \/>\n\u2022 Aprendizaje Ventanas Windows\/Roof<br \/>\n\u2022 Reset Memoria Asientos Seats<br \/>\n\u2022 Adaptaci\u00f3n Transmisi\u00f3n CVT<br \/>\n\u2022 Configuraci\u00f3n Idioma Veh\u00edculo<\/p>\n<p><strong>ESPECIFICACIONES:<\/strong><\/p>\n<p>Sistema operativo: Android 11.<br \/>\nProcesador cuatro n\u00facleos (1,8 GHz).<br \/>\nMemoria : 4 GB de RAM.<br \/>\nMemoria interna: 64 GB.<br \/>\nPantalla t\u00e1ctil capacitiva LCD de 8 pulgadas con resoluci\u00f3n de 1280&#215;800.<br \/>\nC\u00e1mara trasera: 8 megap\u00edxeles.<br \/>\nConectividad: USB tipo C, USB 2.0, Wifi.<br \/>\nTarjeta mini SD (admite hasta 64 GB)<br \/>\nEntrada\/salida de audio.<br \/>\nEnerg\u00eda y bater\u00eda Bater\u00eda de pol\u00edmero de litio de 3,7 V\/7700 mAh.<br \/>\nDuraci\u00f3n: 8hs de uso continuo.<\/p>\n<p><strong>PROTOCOLOS:<\/strong><\/p>\n<p>ISO9141-2, ISO14230-2, ISO15765, K\/L-Line, Flashing Code, SAE-J1850 VPW, SAE-J1850PWM, ISO11898 (High-speed, Middle-speed, Low-speed and Single-wire CAN, fault-tolerant CAN) , SAE J2610, GM UART, UART Echo Byte Protocol, Honda Diag-H Protocol, TP2.0, TP1.6, DoIP, CAN FD<\/p>\n<p><strong>ACCESORIOS INCLU\u00cdDOS:<\/strong><\/p>\n<p>\u2022 Valija de transporte<br \/>\n\u2022 Cable USB Tipo C<br \/>\n\u2022 Cable OBD II<\/p>","protected":false},"excerpt":{"rendered":"<p>The <strong>AUTEL MaxiCheck MX900<\/strong> es un scanner automotriz compatible con todos los sistemas vehiculares, con funciones de lectura y borrado de fallas, visualizaci\u00f3n de cuadros congelados y datos en vivo, pruebas activas bidireccionales y funciones especiales. Cuenta con m\u00e1s de 41 funciones de servicio y mantenimiento que incluyen purga de frenos, restablecimiento de luces de aceite y servicio, registro de bater\u00eda, regeneraci\u00f3n de DPF y restablecimiento del freno de estacionamiento electr\u00f3nico y del \u00e1ngulo de direcci\u00f3n.<\/p>\n<p>3 A\u00d1OS DE ACTUALIZACIONES GRATUITAS<\/p>\n<p>COBERTURA <a href=\"https:\/\/www.autel.com\/es\/vehicle-coverage\/coverage2\" target=\"_blank\" rel=\"noopener\"><strong>CLICK HERE<\/strong><\/a><\/p>\n<p>&nbsp;<\/p>","protected":false},"featured_media":14154,"comment_status":"closed","ping_status":"closed","template":"","meta":{"_et_pb_use_builder":"off","_et_pb_old_content":"Cuenta con m\u00e1s de 100 programas de diagn\u00f3stico y reparaci\u00f3n y funciona con veh\u00edculos\r\nlivianos a gasolina, di\u00e9sel, h\u00edbridos y el\u00e9ctricos OBD I y OBD II.\r\nLectura borrado fallas en: Motor, ABS, Airbag, Transmisi\u00f3n.\r\nReset: Angulo volante, Libera pastilla freno, Inmovilizador, Llaves, Filtro DPF (diesel), Service aceite, Bateria.\r\nCodifica y adapta: Cuerpo mariposa aceleraci\u00f3n, Inyectores.","_et_gb_content_width":"","_uag_custom_page_level_css":"","_joinchat":[]},"product_brand":[],"product_cat":[64,17],"product_tag":[44],"class_list":{"0":"post-13865","1":"product","2":"type-product","3":"status-publish","4":"has-post-thumbnail","6":"product_cat-novedades","7":"product_cat-scanners","8":"product_tag-autel","10":"first","11":"instock","12":"sold-individually","13":"shipping-taxable","14":"purchasable","15":"product-type-simple","16":"add-to-wishlist-before_image"},"uagb_featured_image_src":{"full":["https:\/\/epic.net.ar\/wp-content\/uploads\/2025\/05\/MX900.png",544,338,false],"thumbnail":["https:\/\/epic.net.ar\/wp-content\/uploads\/2025\/05\/MX900-150x150.png",150,150,true],"medium":["https:\/\/epic.net.ar\/wp-content\/uploads\/2025\/05\/MX900-300x186.png",300,186,true],"medium_large":["https:\/\/epic.net.ar\/wp-content\/uploads\/2025\/05\/MX900.png",544,338,false],"large":["https:\/\/epic.net.ar\/wp-content\/uploads\/2025\/05\/MX900.png",544,338,false],"1536x1536":["https:\/\/epic.net.ar\/wp-content\/uploads\/2025\/05\/MX900.png",544,338,false],"2048x2048":["https:\/\/epic.net.ar\/wp-content\/uploads\/2025\/05\/MX900.png",544,338,false],"trp-custom-language-flag":["https:\/\/epic.net.ar\/wp-content\/uploads\/2025\/05\/MX900-18x12.png",18,12,true],"et-pb-post-main-image":["https:\/\/epic.net.ar\/wp-content\/uploads\/2025\/05\/MX900-400x250.png",400,250,true],"et-pb-post-main-image-fullwidth":["https:\/\/epic.net.ar\/wp-content\/uploads\/2025\/05\/MX900.png",544,338,false],"et-pb-portfolio-image":["https:\/\/epic.net.ar\/wp-content\/uploads\/2025\/05\/MX900-400x284.png",400,284,true],"et-pb-portfolio-module-image":["https:\/\/epic.net.ar\/wp-content\/uploads\/2025\/05\/MX900-510x338.png",510,338,true],"et-pb-portfolio-image-single":["https:\/\/epic.net.ar\/wp-content\/uploads\/2025\/05\/MX900.png",544,338,false],"et-pb-gallery-module-image-portrait":["https:\/\/epic.net.ar\/wp-content\/uploads\/2025\/05\/MX900-400x338.png",400,338,true],"et-pb-post-main-image-fullwidth-large":["https:\/\/epic.net.ar\/wp-content\/uploads\/2025\/05\/MX900.png",544,338,false],"et-pb-image--responsive--desktop":["https:\/\/epic.net.ar\/wp-content\/uploads\/2025\/05\/MX900.png",544,338,false],"et-pb-image--responsive--tablet":["https:\/\/epic.net.ar\/wp-content\/uploads\/2025\/05\/MX900.png",544,338,false],"et-pb-image--responsive--phone":["https:\/\/epic.net.ar\/wp-content\/uploads\/2025\/05\/MX900-480x298.png",435,270,true],"woocommerce_thumbnail":["https:\/\/epic.net.ar\/wp-content\/uploads\/2025\/05\/MX900-300x300.png",300,300,true],"woocommerce_single":["https:\/\/epic.net.ar\/wp-content\/uploads\/2025\/05\/MX900.png",544,338,false],"woocommerce_gallery_thumbnail":["https:\/\/epic.net.ar\/wp-content\/uploads\/2025\/05\/MX900-100x100.png",100,100,true],"dgwt-wcas-product-suggestion":["https:\/\/epic.net.ar\/wp-content\/uploads\/2025\/05\/MX900-64x40.png",64,40,true]},"uagb_author_info":{"display_name":"epic Equipamiento Electr\u00f3nico","author_link":"https:\/\/epic.net.ar\/en\/author\/"},"uagb_comment_info":0,"uagb_excerpt":"El AUTEL MaxiCheck MX900 es un scanner automotriz compatible con todos los sistemas vehiculares, con funciones de lectura y borrado de fallas, visualizaci\u00f3n de cuadros congelados y datos en vivo, pruebas activas bidireccionales y funciones especiales. Cuenta con m\u00e1s de 41 funciones de servicio y mantenimiento que incluyen purga de frenos, restablecimiento de luces de&hellip;","_links":{"self":[{"href":"https:\/\/epic.net.ar\/en\/wp-json\/wp\/v2\/product\/13865","targetHints":{"allow":["GET"]}}],"collection":[{"href":"https:\/\/epic.net.ar\/en\/wp-json\/wp\/v2\/product"}],"about":[{"href":"https:\/\/epic.net.ar\/en\/wp-json\/wp\/v2\/types\/product"}],"replies":[{"embeddable":true,"href":"https:\/\/epic.net.ar\/en\/wp-json\/wp\/v2\/comments?post=13865"}],"wp:featuredmedia":[{"embeddable":true,"href":"https:\/\/epic.net.ar\/en\/wp-json\/wp\/v2\/media\/14154"}],"wp:attachment":[{"href":"https:\/\/epic.net.ar\/en\/wp-json\/wp\/v2\/media?parent=13865"}],"wp:term":[{"taxonomy":"product_brand","embeddable":true,"href":"https:\/\/epic.net.ar\/en\/wp-json\/wp\/v2\/product_brand?post=13865"},{"taxonomy":"product_cat","embeddable":true,"href":"https:\/\/epic.net.ar\/en\/wp-json\/wp\/v2\/product_cat?post=13865"},{"taxonomy":"product_tag","embeddable":true,"href":"https:\/\/epic.net.ar\/en\/wp-json\/wp\/v2\/product_tag?post=13865"}],"curies":[{"name":"wp","href":"https:\/\/api.w.org\/{rel}","templated":true}]}}