{"id":13816,"date":"2025-03-19T15:21:53","date_gmt":"2025-03-19T18:21:53","guid":{"rendered":"https:\/\/epic.net.ar\/?post_type=product&#038;p=13816"},"modified":"2025-10-06T13:55:48","modified_gmt":"2025-10-06T16:55:48","slug":"pinza-amperometrica-osciloscopio-owon-1000a-truerms-cms101","status":"publish","type":"product","link":"https:\/\/epic.net.ar\/en\/product\/pinza-amperometrica-osciloscopio-owon-1000a-truerms-cms101\/","title":{"rendered":"Pinza Amperom\u00e9trica + Osciloscopio Owon 1000A True rms CMS101"},"content":{"rendered":"<p>1 A\u00d1O de GARANT\u00cdA brindada por nuestro servicio t\u00e9cnico oficial Owon.<br \/>\nSomos REPRESENTANTES EXCLUSIVOS Owon en Argentina.<\/p>\n<p>CARACTER\u00cdSTICAS PRINCIPALES<\/p>\n<p>\u2013 Pinza amperim\u00e9trica AC\/DC 3 en 1: Funci\u00f3n de grabaci\u00f3n con conexi\u00f3n a Celular + Osciloscopio.<br \/>\n\u2013 Pinza amperim\u00e9trica con rango autom\u00e1tico y capacidad True RMS de + 20 000 unidades.<br \/>\n\u2013 Osciloscopio: capaz de medir formas de onda de corriente y voltaje simult\u00e1neamente.<br \/>\n\u2013 Funci\u00f3n de grabadora: vea, compare, analice y almacene datos de medici\u00f3n a trav\u00e9s de i-meter (aplicaci\u00f3n).<br \/>\n\u2013 Funci\u00f3n de medici\u00f3n de corriente de entrada.<br \/>\n\u2013 Soporte para sistemas duales Android\/IOS.<br \/>\n\u2013 Operaci\u00f3n con teclas t\u00e1ctiles que permite cambios r\u00e1pidos con una mano<br \/>\n\u2013 Pantalla LCD IPS de 2,8 pulgadas con amplio rango de visualizaci\u00f3n: valores y formas de onda con una excelente visualizaci\u00f3n<br \/>\n\u2013 Pantalla con funci\u00f3n dual que se adapta a diferentes entornos de iluminaci\u00f3n<br \/>\n\u2013 Funci\u00f3n NCV: Medici\u00f3n de tensi\u00f3n sin contacto<br \/>\n\u2013 Bater\u00eda de litio 18650 que satisface las necesidades de operaciones prolongadas.<\/p>\n<div id=\"gt-src-c\" class=\"g-unit\">\n<div id=\"gt-src-p\">\n<div id=\"gt-src-wrap\" class=\"\"><\/div>\n<\/div>\n<\/div>\n<div id=\"gt-res-c\" class=\"g-unit\">\n<div id=\"gt-res-p\">\n<div id=\"gt-res-data\">\n<div id=\"gt-res-wrap\">\n<div id=\"gt-res-content\">\n<div id=\"gt-res-dir-ctr\" class=\"trans-verified-button-small\" dir=\"ltr\"><a href=\"https:\/\/files.owon.com.cn\/probook\/CMS_User_Manual.pdf\"><strong>MANUAL CLICK AQU\u00cd<\/strong><\/a><\/div>\n<div dir=\"ltr\"><strong><a href=\"https:\/\/files.owon.com.cn\/probook\/CMS_quick_guide.pdf\">GU\u00cdA R\u00c1PIDA <\/a><\/strong><\/div>\n<div dir=\"ltr\">\n<p><strong>ESPECIFICACIONES T\u00c9CNICAS DEL MULT\u00cdMETRO:<\/strong><\/p>\n<p>\u2013 Voltaje CC (V):<br \/>\nen 20.000 mV +- 0,1 % + 20 d\u00edgitos<br \/>\nen 200.00 mV +- 0,1 % + 6 d\u00edgitos<br \/>\nen 2,0000 V\/20,000 V\/200,00 V\/ +- 0,1 % + 5 d\u00edgitos<br \/>\nen 1000 V +- 0,15 % + 5 d\u00edgitos<\/p>\n<p>\u2013 Voltaje CA (V)<br \/>\nen 200,00 mV\/2,0000 V\/20,000 V\/200,00 V +- 0,6 % + 10 d\u00edgitos<br \/>\nen 1000,0 V +- 0,8%+10dig<\/p>\n<p>\u2013 Corriente continua (A)<br \/>\nen 20.00A +- 2,0 %+10 d\u00edgitos<br \/>\nen 200,0 \/ 1000 A 2,0 %+ 5 d\u00edgitos<\/p>\n<p>\u2013 Corriente alterna (A)<br \/>\nen 20.00A +- 3,0 %+10 d\u00edgitos<br \/>\nen 200,0 A +- 1000 A +- 2,5 % + 5 d\u00edgitos<\/p>\n<p>\u2013 Corriente de entrada (A)<br \/>\nen 20.00A +- 10,0 % + 10 d\u00edgitos<br \/>\nen 200,0 A 1000 A +- 10,0 % + 10 d\u00edgitos<\/p>\n<p>\u2013 Resistencia (R)<br \/>\nen 200,0 ohm +- 0,8%+10dig<br \/>\nen 2,0000 k \/ 20,000 k \/ 200,00 k \/ 2,0000 M +- 0,3 % + 5 d\u00edgitos<br \/>\nen 20.000 M +- 0,5 % + 5 d\u00edgitos<br \/>\nen 100,00 M +- 5%+10dig<\/p>\n<p>\u2013 Capacitancia (F)<br \/>\nen 2.000 nF +-5,0 % + 10 d\u00edgitos<br \/>\nen 20,00 nF\/200,0 nF\/2,000 uF +- 3,0 %+10 d\u00edgitos<br \/>\nen 20,00 microF\/200,0 microF\/2,000 mF\/20,00 mF +- 3,0 %+10 d\u00edgitos<\/p>\n<p>\u2013 Frecuencia (Hz)<br \/>\nen 200,00 Hz\/2,0000 kHz\/20,000 kHz\/200,00 kHz\/2,0000 MHz\/20,000 MHz +- 0,1 % + 5 d\u00edgitos<\/p>\n<p>\u2013 Ciclo de trabajo<br \/>\n0,1 %-99,9 % (t\u00edpico: Vrms = 1 V, f = 100 Hz) +- 1,2%+3dig<br \/>\n0,1 %-99,9 % (=1 kHz) +- 2,5 % + 10 d\u00edgitos<\/p>\n<p><strong>ESPECIFICACIONES T\u00c9CNICAS DEL OSCILOSCOPIO:<\/strong><br \/>\n\u2013 Ancho de banda anal\u00f3gico: 1 MHz (voltaje); 1 kHz (corriente)<br \/>\n\u2013 Modo de muestra: Muestra de tiempo real<br \/>\n\u2013 Frecuencia de muestreo en tiempo real: 5,0 Msa\/s<br \/>\n\u2013 Canal: 1<br \/>\n\u2013 Impedancia de entrada: mayor o igual a 10 Mohm<br \/>\n\u2013 Voltaje m\u00e1ximo de entrada: 1000 V<br \/>\n\u2013 Corriente m\u00e1xima de muestra: 1000A<br \/>\n\u2013 Velocidad de escaneo: 2,5 micro seg \/ div a 10 micro seg \/ div<br \/>\n\u2013 Precisi\u00f3n de la base de tiempo: m\u00e1s menos 0,01 % + 0,1 divisi\u00f3n<br \/>\n\u2013 Sensibilidad: 30 mV\/div \u2013 500 V\/div<br \/>\n\u2013 Rango de desplazamiento: 3 cuadr\u00edculas<br \/>\n\u2013 Precisi\u00f3n de sensibilidad: 5%+0,2div<br \/>\n\u2013 Valor de medici\u00f3n: RMS, per\u00edodo, frecuencia, m\u00e1x., m\u00edn., PK-PK, promedio<br \/>\n\u2013 Modo de disparo: Auto<br \/>\n\u2013 Tipo de disparador: Ascenso, ca\u00edda<br \/>\n\u2013 Otra funci\u00f3n: Comunicaci\u00f3n Bluetooth<\/p>\n<p>\u2013 Se puede usar un tel\u00e9fono inteligente para ver los datos de medici\u00f3n del mult\u00edmetro en el lado del tel\u00e9fono m\u00f3vil, realizar el control remoto, mostrar gr\u00e1ficos de datos y almacenar los datos de medici\u00f3n en formato CSV.<\/p>\n<p>\u2013 Apagado autom\u00e1tico<\/p>\n<p>\u2013 Cuando no se utilizan todas las funciones, el medidor se apagar\u00e1 autom\u00e1ticamente en aproximadamente 10 minutos. (El valor predeterminado es 10 minutos de apagado autom\u00e1tico al iniciarse, que se puede cancelar)<\/p>\n<p>\u2013 Modo de visualizaci\u00f3n: DMM o OSC<\/p>\n<p>\u2013 RMS real<\/p>\n<p>\u2013 Con Protecci\u00f3n de entrada<\/p>\n<p>\u2013 Funci\u00f3n de luz de fondo<\/p>\n<p>\u2013 Indicaci\u00f3n de bater\u00eda baja<\/p>\n<p>\u2013 Bater\u00eda: 18650 3,7 V<\/p>\n<p>\u2013 Tama\u00f1o de la pantalla LCD: Pantalla LCD de 2,8 pulgadas<\/p>\n<p>\u2013 Dimensi\u00f3n: 248 mm (largo) x 94,5 mm (ancho) x 37,8 mm (profundidad)<\/p>\n<p><strong>ACCESORIOS INCLUIDOS<\/strong><br \/>\nPinza amperom\u00e9trica CMS101, cables de mult\u00edmetro, caja y estuche.<\/p>\n<\/div>\n<div dir=\"ltr\"><\/div>\n<\/div>\n<\/div>\n<\/div>\n<\/div>\n<\/div>","protected":false},"excerpt":{"rendered":"<p>\u2013 Pinza amperim\u00e9trica AC\/DC 3 en 1: Funci\u00f3n de grabaci\u00f3n con conexi\u00f3n a Celular + Osciloscopio.<br \/>\n\u2013 Pinza amperim\u00e9trica con rango autom\u00e1tico y capacidad True RMS de + 20 000 unidades.<br \/>\n\u2013 Osciloscopio: capaz de medir formas de onda de corriente y voltaje simult\u00e1neamente.<br \/>\n\u2013 Funci\u00f3n de grabadora.<br \/>\n\u2013 Funci\u00f3n de medici\u00f3n de corriente de entrada.<br \/>\n\u2013 Soporte para sistemas duales Android\/IOS.<br \/>\n\u2013 Operaci\u00f3n con teclas t\u00e1ctiles que permite cambios r\u00e1pidos con una mano<br \/>\n\u2013 Pantalla LCD IPS de 2,8 pulgadas con amplio rango de visualizaci\u00f3n<\/p>\n<p>&nbsp;<\/p>","protected":false},"featured_media":13825,"comment_status":"closed","ping_status":"closed","template":"","meta":{"_et_pb_use_builder":"","_et_pb_old_content":"","_et_gb_content_width":"","_uag_custom_page_level_css":"","_joinchat":[]},"product_brand":[129],"product_cat":[21,23,109,110,22,28],"product_tag":[48],"class_list":{"0":"post-13816","1":"product","2":"type-product","3":"status-publish","4":"has-post-thumbnail","6":"product_brand-owon","7":"product_cat-instrumental-electronico","8":"product_cat-multimetros","9":"product_cat-multimetros-herramientas","10":"product_cat-osciloscopios-herramientas","11":"product_cat-osciloscopios","12":"product_cat-taller","13":"product_tag-owon","15":"first","16":"instock","17":"sold-individually","18":"shipping-taxable","19":"purchasable","20":"product-type-simple","21":"add-to-wishlist-before_image"},"uagb_featured_image_src":{"full":["https:\/\/epic.net.ar\/wp-content\/uploads\/2025\/03\/cms_101_1080.jpg",1080,1080,false],"thumbnail":["https:\/\/epic.net.ar\/wp-content\/uploads\/2025\/03\/cms_101_1080-150x150.jpg",150,150,true],"medium":["https:\/\/epic.net.ar\/wp-content\/uploads\/2025\/03\/cms_101_1080-300x300.jpg",300,300,true],"medium_large":["https:\/\/epic.net.ar\/wp-content\/uploads\/2025\/03\/cms_101_1080-768x768.jpg",768,768,true],"large":["https:\/\/epic.net.ar\/wp-content\/uploads\/2025\/03\/cms_101_1080-1024x1024.jpg",1024,1024,true],"1536x1536":["https:\/\/epic.net.ar\/wp-content\/uploads\/2025\/03\/cms_101_1080.jpg",1080,1080,false],"2048x2048":["https:\/\/epic.net.ar\/wp-content\/uploads\/2025\/03\/cms_101_1080.jpg",1080,1080,false],"trp-custom-language-flag":["https:\/\/epic.net.ar\/wp-content\/uploads\/2025\/03\/cms_101_1080-12x12.jpg",12,12,true],"et-pb-post-main-image":["https:\/\/epic.net.ar\/wp-content\/uploads\/2025\/03\/cms_101_1080-400x250.jpg",400,250,true],"et-pb-post-main-image-fullwidth":["https:\/\/epic.net.ar\/wp-content\/uploads\/2025\/03\/cms_101_1080-1080x675.jpg",1080,675,true],"et-pb-portfolio-image":["https:\/\/epic.net.ar\/wp-content\/uploads\/2025\/03\/cms_101_1080-400x284.jpg",400,284,true],"et-pb-portfolio-module-image":["https:\/\/epic.net.ar\/wp-content\/uploads\/2025\/03\/cms_101_1080-510x382.jpg",510,382,true],"et-pb-portfolio-image-single":["https:\/\/epic.net.ar\/wp-content\/uploads\/2025\/03\/cms_101_1080.jpg",1080,1080,false],"et-pb-gallery-module-image-portrait":["https:\/\/epic.net.ar\/wp-content\/uploads\/2025\/03\/cms_101_1080-400x516.jpg",400,516,true],"et-pb-post-main-image-fullwidth-large":["https:\/\/epic.net.ar\/wp-content\/uploads\/2025\/03\/cms_101_1080.jpg",1080,1080,false],"et-pb-image--responsive--desktop":["https:\/\/epic.net.ar\/wp-content\/uploads\/2025\/03\/cms_101_1080.jpg",720,720,false],"et-pb-image--responsive--tablet":["https:\/\/epic.net.ar\/wp-content\/uploads\/2025\/03\/cms_101_1080-980x980.jpg",551,551,true],"et-pb-image--responsive--phone":["https:\/\/epic.net.ar\/wp-content\/uploads\/2025\/03\/cms_101_1080-480x480.jpg",270,270,true],"woocommerce_thumbnail":["https:\/\/epic.net.ar\/wp-content\/uploads\/2025\/03\/cms_101_1080-300x300.jpg",300,300,true],"woocommerce_single":["https:\/\/epic.net.ar\/wp-content\/uploads\/2025\/03\/cms_101_1080-600x600.jpg",600,600,true],"woocommerce_gallery_thumbnail":["https:\/\/epic.net.ar\/wp-content\/uploads\/2025\/03\/cms_101_1080-100x100.jpg",100,100,true],"dgwt-wcas-product-suggestion":["https:\/\/epic.net.ar\/wp-content\/uploads\/2025\/03\/cms_101_1080-64x64.jpg",64,64,true]},"uagb_author_info":{"display_name":"epic Equipamiento Electr\u00f3nico","author_link":"https:\/\/epic.net.ar\/en\/author\/"},"uagb_comment_info":0,"uagb_excerpt":"\u2013 Pinza amperim\u00e9trica AC\/DC 3 en 1: Funci\u00f3n de grabaci\u00f3n con conexi\u00f3n a Celular + Osciloscopio. \u2013 Pinza amperim\u00e9trica con rango autom\u00e1tico y capacidad True RMS de + 20 000 unidades. \u2013 Osciloscopio: capaz de medir formas de onda de corriente y voltaje simult\u00e1neamente. \u2013 Funci\u00f3n de grabadora. \u2013 Funci\u00f3n de medici\u00f3n de corriente de&hellip;","_links":{"self":[{"href":"https:\/\/epic.net.ar\/en\/wp-json\/wp\/v2\/product\/13816","targetHints":{"allow":["GET"]}}],"collection":[{"href":"https:\/\/epic.net.ar\/en\/wp-json\/wp\/v2\/product"}],"about":[{"href":"https:\/\/epic.net.ar\/en\/wp-json\/wp\/v2\/types\/product"}],"replies":[{"embeddable":true,"href":"https:\/\/epic.net.ar\/en\/wp-json\/wp\/v2\/comments?post=13816"}],"wp:featuredmedia":[{"embeddable":true,"href":"https:\/\/epic.net.ar\/en\/wp-json\/wp\/v2\/media\/13825"}],"wp:attachment":[{"href":"https:\/\/epic.net.ar\/en\/wp-json\/wp\/v2\/media?parent=13816"}],"wp:term":[{"taxonomy":"product_brand","embeddable":true,"href":"https:\/\/epic.net.ar\/en\/wp-json\/wp\/v2\/product_brand?post=13816"},{"taxonomy":"product_cat","embeddable":true,"href":"https:\/\/epic.net.ar\/en\/wp-json\/wp\/v2\/product_cat?post=13816"},{"taxonomy":"product_tag","embeddable":true,"href":"https:\/\/epic.net.ar\/en\/wp-json\/wp\/v2\/product_tag?post=13816"}],"curies":[{"name":"wp","href":"https:\/\/api.w.org\/{rel}","templated":true}]}}