{"id":13801,"date":"2025-03-08T13:08:16","date_gmt":"2025-03-08T16:08:16","guid":{"rendered":"https:\/\/epic.net.ar\/?post_type=product&#038;p=13801"},"modified":"2025-10-30T14:03:20","modified_gmt":"2025-10-30T17:03:20","slug":"pinza-amperometrica-owon-cm2100b-bluethoot-cc-ca-100a-trms","status":"publish","type":"product","link":"https:\/\/epic.net.ar\/en\/product\/pinza-amperometrica-owon-cm2100b-bluethoot-cc-ca-100a-trms\/","title":{"rendered":"Pinza Amperom\u00e9trica Owon Cm2100b Bluethoot CC\/CA 100A Trms"},"content":{"rendered":"<p><strong>CARACTER\u00cdSTICAS PRINCIPALES<\/strong><br \/>\n&#8211; Corriente CA\/CC, voltaje CA\/CC<br \/>\n&#8211; Pinza amperim\u00e9trica de rango autom\u00e1tico TRUE RMS de +20000 cuentas<br \/>\n&#8211; Funci\u00f3n est\u00e1ndar de detecci\u00f3n de voltaje CA (NCV) sin contacto<br \/>\n&#8211; El modo VFC puede filtrar se\u00f1ales de interferencia de alta frecuencia para garantizar datos de medici\u00f3n precisos.<br \/>\n&#8211; Respuesta de frecuencia CA hasta 1000 Hz<br \/>\n&#8211; Funci\u00f3n de comunicaci\u00f3n Bluetooth, compatible con tel\u00e9fonos Android y Apple, que permite la visualizaci\u00f3n remota de datos y el control de instrumentos (2100B)<br \/>\n&#8211; la funci\u00f3n de grabaci\u00f3n, registra y analiza los valores medidos, comparte los datos registrados y trabaja en conjunto (2100B)<\/p>\n<p><strong>ESPECIFICACIONES T\u00c9CNICAS<\/strong><br \/>\n&#8211; AC Current<br \/>\n2.000A +\/- (3% + 10dig) in VFC +\/- (4%+10)<br \/>\n20.00A \/ 100.0A +\/- (2.5%+5dig) in VFC +\/- (4%+10)<br \/>\n&#8211; AC Voltage<br \/>\n2.0000V \/ 20.000V \/ 200.00V \/ 600.0V +\/- (0.8%+10dig) in VFC +\/- (4%+3)<br \/>\n&#8211; DC Current<br \/>\n2.000A +\/- (2%+8dig)<br \/>\n20.00A \/ 100.0A +\/- (2%+3dig)<br \/>\n&#8211; DC Voltage<br \/>\n200.00mV +\/- (0.7%+10dig)<br \/>\n2.0000V \/ 20.000V \/ 200.00V \/ 600.0V +\/- (0.5%+5dig)<br \/>\n&#8211; Resistencia<br \/>\n200.0 ohm +\/- (0.8%+10dig)<br \/>\n2.0000kohm +\/- (0.5%+10dig)<br \/>\n20.000kohm \/ 200.00kohm \/ 2.0000Mohm +\/- (0.5%+10dig)<br \/>\n20.000Mohm +\/- (1%+10dig)<br \/>\n200.00Mohm +\/- (5.0%+10dig)<br \/>\n&#8211; Capacitance<br \/>\n2.000nF +\/- (4.0%+10dig)<br \/>\n20.00nF\/ 200.0nF\/2.000uF<br \/>\n20.00uF \/ 200.0uF \/ 2.000mF\/ 20.00mF +\/- (3.0%+10dig)<br \/>\n&#8211; Frequency<br \/>\n200.00Hz \/ 20.000kHz \/ 200.00kHz \/ 2.0000MHz \/ 20.000MHz +\/- (0.1%+5dig)<br \/>\n&#8211; Duty cycle<br \/>\n0.1% &#8211; 99.9% ( typical: Vrms=1 V, f=1kHz) +\/- (1.2%+3dig)<br \/>\n0.1% &#8211; 99.9% (mayor 1 kHz) +\/- (2.5%+3dig)<br \/>\n&#8211; Display: 20000 conuts<br \/>\n&#8211; Frequency: 40Hz &#8211; 1000Hz<br \/>\n&#8211; Bluetooth Module<br \/>\n&#8211; Zero<br \/>\n&#8211; Auto Ranging<br \/>\n&#8211; Low-battery Indicator<br \/>\n&#8211; Date Hold<br \/>\n&#8211; Relative Measurement<br \/>\n&#8211; Diode<br \/>\n&#8211; Input Protection<br \/>\n&#8211; Continuity Buzzer<br \/>\n&#8211; Input Impedance: m\u00e1s de 10Mohm<br \/>\n&#8211; NCV<br \/>\n&#8211; Overrange Alarm<br \/>\n&#8211; VFC<br \/>\n&#8211; On-off Warning<br \/>\n&#8211; Jaw Capacity: 17mm<br \/>\n&#8211; Battery: 2 x 1.5V AAA<br \/>\n&#8211; Dimensiones (L x A x P): 182mm x 57mm x 32mm<br \/>\n&#8211; Peso sin caja: 0.2kg<\/p>\n<p>&nbsp;<\/p>","protected":false},"excerpt":{"rendered":"<p><strong>ACCESORIOS INCLUIDOS<\/strong><br \/>\n&#8211; Bolso de transporte<br \/>\n&#8211; Puntas de mult\u00edmetro<br \/>\n&#8211; Manual de usuario<\/p>","protected":false},"featured_media":13826,"comment_status":"closed","ping_status":"closed","template":"","meta":{"_et_pb_use_builder":"","_et_pb_old_content":"","_et_gb_content_width":"","_uag_custom_page_level_css":"","_joinchat":[]},"product_brand":[129],"product_cat":[21,23,109,22,110,28],"product_tag":[48],"class_list":{"0":"post-13801","1":"product","2":"type-product","3":"status-publish","4":"has-post-thumbnail","6":"product_brand-owon","7":"product_cat-instrumental-electronico","8":"product_cat-multimetros","9":"product_cat-multimetros-herramientas","10":"product_cat-osciloscopios","11":"product_cat-osciloscopios-herramientas","12":"product_cat-taller","13":"product_tag-owon","15":"first","16":"outofstock","17":"shipping-taxable","18":"purchasable","19":"product-type-simple","20":"add-to-wishlist-before_image"},"uagb_featured_image_src":{"full":["https:\/\/epic.net.ar\/wp-content\/uploads\/2025\/03\/cms_2100b_1080.jpg",1080,1080,false],"thumbnail":["https:\/\/epic.net.ar\/wp-content\/uploads\/2025\/03\/cms_2100b_1080-150x150.jpg",150,150,true],"medium":["https:\/\/epic.net.ar\/wp-content\/uploads\/2025\/03\/cms_2100b_1080-300x300.jpg",300,300,true],"medium_large":["https:\/\/epic.net.ar\/wp-content\/uploads\/2025\/03\/cms_2100b_1080-768x768.jpg",768,768,true],"large":["https:\/\/epic.net.ar\/wp-content\/uploads\/2025\/03\/cms_2100b_1080-1024x1024.jpg",1024,1024,true],"1536x1536":["https:\/\/epic.net.ar\/wp-content\/uploads\/2025\/03\/cms_2100b_1080.jpg",1080,1080,false],"2048x2048":["https:\/\/epic.net.ar\/wp-content\/uploads\/2025\/03\/cms_2100b_1080.jpg",1080,1080,false],"trp-custom-language-flag":["https:\/\/epic.net.ar\/wp-content\/uploads\/2025\/03\/cms_2100b_1080-12x12.jpg",12,12,true],"et-pb-post-main-image":["https:\/\/epic.net.ar\/wp-content\/uploads\/2025\/03\/cms_2100b_1080-400x250.jpg",400,250,true],"et-pb-post-main-image-fullwidth":["https:\/\/epic.net.ar\/wp-content\/uploads\/2025\/03\/cms_2100b_1080-1080x675.jpg",1080,675,true],"et-pb-portfolio-image":["https:\/\/epic.net.ar\/wp-content\/uploads\/2025\/03\/cms_2100b_1080-400x284.jpg",400,284,true],"et-pb-portfolio-module-image":["https:\/\/epic.net.ar\/wp-content\/uploads\/2025\/03\/cms_2100b_1080-510x382.jpg",510,382,true],"et-pb-portfolio-image-single":["https:\/\/epic.net.ar\/wp-content\/uploads\/2025\/03\/cms_2100b_1080.jpg",1080,1080,false],"et-pb-gallery-module-image-portrait":["https:\/\/epic.net.ar\/wp-content\/uploads\/2025\/03\/cms_2100b_1080-400x516.jpg",400,516,true],"et-pb-post-main-image-fullwidth-large":["https:\/\/epic.net.ar\/wp-content\/uploads\/2025\/03\/cms_2100b_1080.jpg",1080,1080,false],"et-pb-image--responsive--desktop":["https:\/\/epic.net.ar\/wp-content\/uploads\/2025\/03\/cms_2100b_1080.jpg",720,720,false],"et-pb-image--responsive--tablet":["https:\/\/epic.net.ar\/wp-content\/uploads\/2025\/03\/cms_2100b_1080-980x980.jpg",551,551,true],"et-pb-image--responsive--phone":["https:\/\/epic.net.ar\/wp-content\/uploads\/2025\/03\/cms_2100b_1080-480x480.jpg",270,270,true],"woocommerce_thumbnail":["https:\/\/epic.net.ar\/wp-content\/uploads\/2025\/03\/cms_2100b_1080-300x300.jpg",300,300,true],"woocommerce_single":["https:\/\/epic.net.ar\/wp-content\/uploads\/2025\/03\/cms_2100b_1080-600x600.jpg",600,600,true],"woocommerce_gallery_thumbnail":["https:\/\/epic.net.ar\/wp-content\/uploads\/2025\/03\/cms_2100b_1080-100x100.jpg",100,100,true],"dgwt-wcas-product-suggestion":["https:\/\/epic.net.ar\/wp-content\/uploads\/2025\/03\/cms_2100b_1080-64x64.jpg",64,64,true]},"uagb_author_info":{"display_name":"epic Equipamiento Electr\u00f3nico","author_link":"https:\/\/epic.net.ar\/en\/author\/"},"uagb_comment_info":0,"uagb_excerpt":"ACCESORIOS INCLUIDOS - Bolso de transporte - Puntas de mult\u00edmetro - Manual de usuario","_links":{"self":[{"href":"https:\/\/epic.net.ar\/en\/wp-json\/wp\/v2\/product\/13801","targetHints":{"allow":["GET"]}}],"collection":[{"href":"https:\/\/epic.net.ar\/en\/wp-json\/wp\/v2\/product"}],"about":[{"href":"https:\/\/epic.net.ar\/en\/wp-json\/wp\/v2\/types\/product"}],"replies":[{"embeddable":true,"href":"https:\/\/epic.net.ar\/en\/wp-json\/wp\/v2\/comments?post=13801"}],"wp:featuredmedia":[{"embeddable":true,"href":"https:\/\/epic.net.ar\/en\/wp-json\/wp\/v2\/media\/13826"}],"wp:attachment":[{"href":"https:\/\/epic.net.ar\/en\/wp-json\/wp\/v2\/media?parent=13801"}],"wp:term":[{"taxonomy":"product_brand","embeddable":true,"href":"https:\/\/epic.net.ar\/en\/wp-json\/wp\/v2\/product_brand?post=13801"},{"taxonomy":"product_cat","embeddable":true,"href":"https:\/\/epic.net.ar\/en\/wp-json\/wp\/v2\/product_cat?post=13801"},{"taxonomy":"product_tag","embeddable":true,"href":"https:\/\/epic.net.ar\/en\/wp-json\/wp\/v2\/product_tag?post=13801"}],"curies":[{"name":"wp","href":"https:\/\/api.w.org\/{rel}","templated":true}]}}