{"id":13565,"date":"2024-11-22T16:02:37","date_gmt":"2024-11-22T19:02:37","guid":{"rendered":"https:\/\/epic.net.ar\/?post_type=product&#038;p=13565"},"modified":"2026-04-14T18:03:48","modified_gmt":"2026-04-14T21:03:48","slug":"protag","status":"publish","type":"product","link":"https:\/\/epic.net.ar\/en\/product\/protag\/","title":{"rendered":"ABRITES &#8211; ZN003 &#8211; PROTAG"},"content":{"rendered":"<p>El programador <strong>PROTAG<\/strong> de Abrites de nueva generaci\u00f3n es la \u00faltima actualizaci\u00f3n de nuestra potente herramienta de programaci\u00f3n de llaves.<br \/>\nEl ZN003 contiene todas las funciones del ZN002 y ampl\u00eda sus capacidades. Con el PROTAG puede realizar operaciones con llaves y transpondedores, utilizados en los \u00faltimos sistemas de autenticaci\u00f3n e inmovilizadores.<\/p>\n<p><strong>El ZN003 es duradero y tiene una forma ergon\u00f3mica para proporcionar una mayor facilidad de uso, equipado con 3 ranuras para diferentes tipos de transpondedores.<\/strong>\u00a0Una de las ranuras est\u00e1 especialmente desarrollada para las\u00a0<strong>llaves de camiones Mercedes-Benz<\/strong>\u00a0. El dise\u00f1o est\u00e1 optimizado para eliminar el error de posicionamiento del transpondedor y maximizar la eficiencia. PROTAG est\u00e1 listo para programar todas las llaves y transpondedores producidos por Abrites, as\u00ed como una amplia variedad de OEM. Es la herramienta de programaci\u00f3n de llaves definitiva para el cerrajero profesional.<\/p>\n<p>\u00a1PROTAG es f\u00e1cil de usar, eficiente y confiable! El ZN003 est\u00e1 equipado con un cable USB tipo C y una bater\u00eda para que siempre pueda contar con \u00e9l. Adem\u00e1s, est\u00e1 disponible una futura ampliaci\u00f3n para la conexi\u00f3n y uso por Bluetooth con dispositivos iOS y Android.<\/p>\n<p><strong>Caracter\u00edsticas principales de PROTAG 2.0:<\/strong><\/p>\n<ul>\n<li><strong>Programaci\u00f3n de llaves para Mercedes, BMW, VAG<\/strong><\/li>\n<li><strong>Soporte para llaves infrarrojas de Mercedes-Benz<\/strong><\/li>\n<li><strong>Soporte para llaves de camiones Mercedes-Benz<\/strong><\/li>\n<li><strong>Utilidad de clonaci\u00f3n de transpondedores\/llaves para m\u00faltiples marcas<\/strong><\/li>\n<li>Transpondedor y funciones clave de operaci\u00f3n de bajo nivel<\/li>\n<li>Restablecer las claves OEM usadas a su estado original, listas para una nueva programaci\u00f3n<\/li>\n<li>Programaci\u00f3n de llave\/transpondedor mediante dump del sistema inmovilizador (incluye soporte de llaves infrarrojas Mercedes FBS3)<\/li>\n<li>Producci\u00f3n de transpondedores y llaves listas para programar en diferentes sistemas inmovilizadores (preparaci\u00f3n de transpondedores vac\u00edos nuevos para su uso en diferentes veh\u00edculos)<\/li>\n<li>Exploraci\u00f3n de frecuencia de control remoto<\/li>\n<li><strong>Programaci\u00f3n de llave de repuesto y todas las llaves perdidas para modelos Porsche 2010+ mediante volcado desde el BCM frontal (9S12 Motorola MCU)::<\/strong><\/li>\n<\/ul>\n<p>&#8211; Panamera (970) 2010+<br \/>\n&#8211; Cayenne (92A) 2011+<br \/>\n&#8211; Boxster (981) 2012+<br \/>\n&#8211; Cayman (981) 2012+<br \/>\n&#8211; 911 (991) 2012+<br \/>\n&#8211; Macan 2014+<\/p>\n<p><strong>Soporte para clonaci\u00f3n de llaves\/transpondedores:<\/strong><\/p>\n<ul>\n<li>Llaves para todos los tipos de Toyota\/Lexus\/Scion DST-AES\/Hitag AES (llaves tipo H)<\/li>\n<li>Todos los tipos Toyota\/Lexus\/Scion Tiris DST+ (llaves tipo G)<\/li>\n<li>Todos los tipos Hyundai\/Kia Tiris DST+<\/li>\n<li>Todos los tipos HITAG-2 (por ejemplo Mercedes\/Dodge Sprinter, Iveco, Porsche, &#8230;)<\/li>\n<li>Todos los tipos Megamos 13 (ejemplo Volkswagen, Hyundai, Kia, &#8230;)<\/li>\n<li>Megamos 48 (ejemplo Chevrolet)<\/li>\n<li>Todos los tipos Temic 11\/12 (ejemplo Mercedes Sprinter, Mercedes Actros, &#8230;)<\/li>\n<li>Ford\/Mazda Temic 8C<\/li>\n<li>Tipos ID33 (ejemplo OPEL, Peugeot, Renault, &#8230;)<\/li>\n<li>Todos los tipos Tiris 4C (ejemplo Ford, Honda, Acura, Toyota, &#8230;)<\/li>\n<li>Todos los tipos Toyota\/Lexus\/Scion ID67, ID68, ID70<\/li>\n<li>Todos los tipos Tiris 4D\/4E (ejemplo Subaru, Ford, Mazda)<\/li>\n<\/ul>\n<p><strong>Operaciones de bajo nivel de transpondedores:<\/strong><\/p>\n<ul>\n<li>Leer\/escribir datos del usuario<\/li>\n<li>Leer\/escribir datos de control remoto<\/li>\n<li>Configuraci\u00f3n del modo de operaci\u00f3n<\/li>\n<li>Autenticaci\u00f3n<\/li>\n<li>Programaci\u00f3n de clave secreta<\/li>\n<li>Acceso a la memoria NVR (eeprom)<\/li>\n<li>Detecci\u00f3n autom\u00e1tica de transpondedores<\/li>\n<\/ul>\n<p><strong>Lista de transpondedores\/llaves compatibles:<\/strong><\/p>\n<ul>\n<li><strong>Llaves infrarrojas de Mercedes-Benz (FBS3)<\/strong><\/li>\n<li><strong>Llaves de camiones Mercedes-Benz<\/strong><\/li>\n<li>Todos los tipos Philips tipo PIT &#8211; 7930, 7931, 7935,&#8230;<\/li>\n<li>Todos los tipos HITAG-2, incluida la memoria interna del NVR (EEPROM) y la memoria del control remoto. Modos de funcionamiento: modo de contrase\u00f1a, modo cifrado, codificaci\u00f3n Manchester, codificaci\u00f3n bif\u00e1sica<\/li>\n<li>Todos los tipos HITAG-Pro<\/li>\n<li>Todos los tipos HITAG-AES<\/li>\n<li>Todos los tipos HITAG-Extended<\/li>\n<li>Todos los tipos HITAG-3<\/li>\n<li>Llaves basadas en Audi BCM2<\/li>\n<li>Sokymat 8E incluye memoria NVR interna (eeprom) de llaves Audi<\/li>\n<li>Megamos 13 y su emulaci\u00f3n sobre T5\/Nova, TK5551, PIT<\/li>\n<li>Compatible con Megamos 48<\/li>\n<li>Megamos AES<\/li>\n<li>Tiris 4C y clonaci\u00f3n sobre TPX1 compatible<\/li>\n<li>Tiris 4D\/4E y clonaci\u00f3n compatible con TPX2\/EH2\/CN1\/CN2\/TA7\/TA36<\/li>\n<li>Tiris DST+ y clonaci\u00f3n sobre TA68<\/li>\n<li>Tiris AES y clonaci\u00f3n sobre TA64<\/li>\n<li>Temic 11\/12 y clonaci\u00f3n sobre T5\/Nova o TK5551<\/li>\n<li>Temic 8C y clonaci\u00f3n sobre TK5551<\/li>\n<\/ul>\n<p><strong>Restablecer las claves OEM usadas al estado original:<\/strong><\/p>\n<ul>\n<li>Llaves Chrysler, Dodge Jeep Hitag-2<\/li>\n<li>Llaves Hyundai\/Kia Hitag-2<\/li>\n<li>Llaves Audi A6\/Q7<\/li>\n<li>Todo tipo de llaves inteligentes Toyota\/Lexus\/Scion<\/li>\n<\/ul>\n<p><strong>Programaci\u00f3n de llaves por volcado de inmovilizador -&gt; Ver lista completa\u00a0<a href=\"https:\/\/abrites.com\/media\/pdf\/79\/e3\/847e92aa31a61bb9e0873f4c5635.pdf\" target=\"_blank\" rel=\"noopener\">AQU\u00cd<\/a><\/strong><\/p>\n<p><strong>Producci\u00f3n -&gt; Ver lista completa\u00a0<a href=\"https:\/\/abrites.com\/media\/pdf\/0e\/f8\/9356e674505f10fbeac4b269462f.pdf\" target=\"_blank\" rel=\"noopener\">AQU\u00cd<\/a><\/strong><\/p>\n<p>Operaci\u00f3n de escaneo de control remoto:<\/p>\n<ul>\n<li>315 MHz<\/li>\n<li>433 MHz<\/li>\n<li>868 MHz<\/li>\n<li>915 MHz<\/li>\n<\/ul>\n<p>Transceptor\/receptor\/analizador de radio, as\u00ed como transmisor\/receptor\/analizador de infrarrojos. Dise\u00f1ado para llaves infrarrojas fabricadas a partir de Mercedes-Benz&#x2122;<br \/>\n<strong><a href=\"https:\/\/abrites.com\/products\/ta31\" target=\"_blank\" rel=\"noopener\">El extractor TA31 Abrites<\/a>\u00a0est\u00e1 incluido en la caja. Se requiere una interfaz\u00a0<a href=\"https:\/\/abrites.com\/products\/pkg-avdi\" target=\"_blank\" rel=\"noopener\">AVDI<\/a>\u00a0con\u00a0<a href=\"https:\/\/abrites.com\/products\/ams\" target=\"_blank\" rel=\"noopener\">AMS<\/a>\u00a0activo para comprar este producto.<\/strong><\/p>","protected":false},"excerpt":{"rendered":"<p>La nueva generaci\u00f3n del programador <strong>Abrites PROTAG<\/strong> es la \u00faltima actualizaci\u00f3n de esta potente herramienta de programaci\u00f3n de llaves.<\/p>\n<p>&nbsp;<\/p>\n<p>&nbsp;<\/p>","protected":false},"featured_media":12701,"comment_status":"closed","ping_status":"closed","template":"","meta":{"_et_pb_use_builder":"","_et_pb_old_content":"","_et_gb_content_width":"","_uag_custom_page_level_css":"","_joinchat":[]},"product_brand":[],"product_cat":[40,64,26,105],"product_tag":[115],"class_list":{"0":"post-13565","1":"product","2":"type-product","3":"status-publish","4":"has-post-thumbnail","6":"product_cat-cerrajeria","7":"product_cat-novedades","8":"product_cat-programacion","9":"product_cat-programadores","10":"product_tag-abrites","12":"first","13":"outofstock","14":"shipping-taxable","15":"purchasable","16":"product-type-simple","17":"add-to-wishlist-before_image"},"uagb_featured_image_src":{"full":["https:\/\/epic.net.ar\/wp-content\/uploads\/2024\/04\/774ed24925386dc904055fdda100.jpg",423,403,false],"thumbnail":["https:\/\/epic.net.ar\/wp-content\/uploads\/2024\/04\/774ed24925386dc904055fdda100-150x150.jpg",150,150,true],"medium":["https:\/\/epic.net.ar\/wp-content\/uploads\/2024\/04\/774ed24925386dc904055fdda100-300x286.jpg",300,286,true],"medium_large":["https:\/\/epic.net.ar\/wp-content\/uploads\/2024\/04\/774ed24925386dc904055fdda100.jpg",423,403,false],"large":["https:\/\/epic.net.ar\/wp-content\/uploads\/2024\/04\/774ed24925386dc904055fdda100.jpg",423,403,false],"1536x1536":["https:\/\/epic.net.ar\/wp-content\/uploads\/2024\/04\/774ed24925386dc904055fdda100.jpg",423,403,false],"2048x2048":["https:\/\/epic.net.ar\/wp-content\/uploads\/2024\/04\/774ed24925386dc904055fdda100.jpg",423,403,false],"trp-custom-language-flag":["https:\/\/epic.net.ar\/wp-content\/uploads\/2024\/04\/774ed24925386dc904055fdda100.jpg",13,12,false],"et-pb-post-main-image":["https:\/\/epic.net.ar\/wp-content\/uploads\/2024\/04\/774ed24925386dc904055fdda100-400x250.jpg",400,250,true],"et-pb-post-main-image-fullwidth":["https:\/\/epic.net.ar\/wp-content\/uploads\/2024\/04\/774ed24925386dc904055fdda100.jpg",423,403,false],"et-pb-portfolio-image":["https:\/\/epic.net.ar\/wp-content\/uploads\/2024\/04\/774ed24925386dc904055fdda100-400x284.jpg",400,284,true],"et-pb-portfolio-module-image":["https:\/\/epic.net.ar\/wp-content\/uploads\/2024\/04\/774ed24925386dc904055fdda100-423x382.jpg",423,382,true],"et-pb-portfolio-image-single":["https:\/\/epic.net.ar\/wp-content\/uploads\/2024\/04\/774ed24925386dc904055fdda100.jpg",423,403,false],"et-pb-gallery-module-image-portrait":["https:\/\/epic.net.ar\/wp-content\/uploads\/2024\/04\/774ed24925386dc904055fdda100-400x403.jpg",400,403,true],"et-pb-post-main-image-fullwidth-large":["https:\/\/epic.net.ar\/wp-content\/uploads\/2024\/04\/774ed24925386dc904055fdda100.jpg",423,403,false],"et-pb-image--responsive--desktop":["https:\/\/epic.net.ar\/wp-content\/uploads\/2024\/04\/774ed24925386dc904055fdda100.jpg",423,403,false],"et-pb-image--responsive--tablet":["https:\/\/epic.net.ar\/wp-content\/uploads\/2024\/04\/774ed24925386dc904055fdda100.jpg",423,403,false],"et-pb-image--responsive--phone":["https:\/\/epic.net.ar\/wp-content\/uploads\/2024\/04\/774ed24925386dc904055fdda100.jpg",283,270,false],"woocommerce_thumbnail":["https:\/\/epic.net.ar\/wp-content\/uploads\/2024\/04\/774ed24925386dc904055fdda100-300x300.jpg",300,300,true],"woocommerce_single":["https:\/\/epic.net.ar\/wp-content\/uploads\/2024\/04\/774ed24925386dc904055fdda100.jpg",423,403,false],"woocommerce_gallery_thumbnail":["https:\/\/epic.net.ar\/wp-content\/uploads\/2024\/04\/774ed24925386dc904055fdda100-100x100.jpg",100,100,true],"dgwt-wcas-product-suggestion":["https:\/\/epic.net.ar\/wp-content\/uploads\/2024\/04\/774ed24925386dc904055fdda100-64x61.jpg",64,61,true]},"uagb_author_info":{"display_name":"epic Equipamiento Electr\u00f3nico","author_link":"https:\/\/epic.net.ar\/en\/author\/"},"uagb_comment_info":0,"uagb_excerpt":"La nueva generaci\u00f3n del programador Abrites PROTAG es la \u00faltima actualizaci\u00f3n de esta potente herramienta de programaci\u00f3n de llaves. &nbsp; &nbsp;","_links":{"self":[{"href":"https:\/\/epic.net.ar\/en\/wp-json\/wp\/v2\/product\/13565","targetHints":{"allow":["GET"]}}],"collection":[{"href":"https:\/\/epic.net.ar\/en\/wp-json\/wp\/v2\/product"}],"about":[{"href":"https:\/\/epic.net.ar\/en\/wp-json\/wp\/v2\/types\/product"}],"replies":[{"embeddable":true,"href":"https:\/\/epic.net.ar\/en\/wp-json\/wp\/v2\/comments?post=13565"}],"wp:featuredmedia":[{"embeddable":true,"href":"https:\/\/epic.net.ar\/en\/wp-json\/wp\/v2\/media\/12701"}],"wp:attachment":[{"href":"https:\/\/epic.net.ar\/en\/wp-json\/wp\/v2\/media?parent=13565"}],"wp:term":[{"taxonomy":"product_brand","embeddable":true,"href":"https:\/\/epic.net.ar\/en\/wp-json\/wp\/v2\/product_brand?post=13565"},{"taxonomy":"product_cat","embeddable":true,"href":"https:\/\/epic.net.ar\/en\/wp-json\/wp\/v2\/product_cat?post=13565"},{"taxonomy":"product_tag","embeddable":true,"href":"https:\/\/epic.net.ar\/en\/wp-json\/wp\/v2\/product_tag?post=13565"}],"curies":[{"name":"wp","href":"https:\/\/api.w.org\/{rel}","templated":true}]}}