{"id":13273,"date":"2024-10-24T10:48:13","date_gmt":"2024-10-24T13:48:13","guid":{"rendered":"https:\/\/epic.net.ar\/?post_type=product&#038;p=13273"},"modified":"2025-12-18T15:43:55","modified_gmt":"2025-12-18T18:43:55","slug":"sds1104-osciloscopio-digital-owon-100-mhz-4-ch","status":"publish","type":"product","link":"https:\/\/epic.net.ar\/en\/product\/sds1104-osciloscopio-digital-owon-100-mhz-4-ch\/","title":{"rendered":"SDS1104  Osciloscopio Digital Owon 100 MHz 4 CH"},"content":{"rendered":"<h3 class=\"western\">Osciloscopio OWON SDS1104 100 MHz 4 CH<\/h3>\n<p>\u2013 Osciloscopio de Almacenamiento Digital<br \/>\n\u2013 Ancho de banda: 100MHz<br \/>\n\u2013 4 canales<br \/>\n\u2013 Frecuencia de muestreo: 1GS\/s<br \/>\n\u2013 Dise\u00f1o ultrafino<br \/>\n\u2013 LCD de alta resoluci\u00f3n de 7 pulgadas<br \/>\n\u2013 SCPI y LabVIEW soportados<\/p>\n<p>&nbsp;<\/p>\n<h3>ESPECIFICACIONES T\u00c9CNICAS<\/h3>\n<p>\u2013 Bandwidth: 100MHz<br \/>\n\u2013 Sample Rate: 1GS\/s<br \/>\n\u2013 Horizontal Scale (s\/div): 2ns\/div \u2013 1000s\/div, step by 1 \u2013 2 \u2013 5<br \/>\n\u2013 Channel: 4<br \/>\n\u2013 Display: 7\u2033 color LCD, 800 x 480 pixels<br \/>\n\u2013 Record Length: 20K<br \/>\n\u2013 Probe Attenuation Factor: 1X, 10X, 100X, 1000X<br \/>\n\u2013 Input Coupling: DC, AC , and GND<br \/>\n\u2013 Vertical Sensitivity: 5mV\/div \u2013 5V\/div (at input)<br \/>\n\u2013 Trigger Type: Edge, Video<br \/>\n\u2013 Trigger Mode: Auto, Normal, and Single<br \/>\n\u2013 Cursor Measurement: \u25b3V, \u25b3T between cursors\uff0c\u25b3V and \u25b3T between cursors\uff0cAuto-cursors<br \/>\n\u2013 Automatic Measurement: Vmax, Vmin, Vpp, Vtop, Vbase, Vamp, Vavg, Vrms, Cycle RMS, Cursor RMS, Overshoot, Preshoot, Freq, Period, Rise Time, Fall Time, +Width, -Width, +Duty Cycle, -Duty Cycle, Screen Duty, FRR, FRF, FFR, FFF, LRR, LRF, LFR, LFF, Delay A\u2192B \u2191, Delay A\u2192B\u2193, Phase A\u2192B \u2191, Phase A\u2192B\u2193, +Pulse Count, -Pulse Count, Rise Edge Count, Fall Edge Count, Area, Cycle Area<br \/>\n\u2013 Waveform Math:\uff0b, \uff0d, x, \u00f7, invert, FFT<br \/>\n\u2013 Waveform Storage: 16 waveforms<br \/>\n\u2013 Communication Interface: USB host, USB device<br \/>\n\u2013 Frequency Counter: available<br \/>\n\u2013 Power Supply: 100V \u2013 240V AC, 50\/60Hz, CAT II<br \/>\n\u2013 Power Consumption:\uff1c15W<br \/>\n\u2013 Dimension (W x H x D): 301 x 152 x 70 mm<br \/>\n\u2013 Device Weight: 1.10 kg<\/p>\n<h3>INCLUYE<\/h3>\n<p>\u2013 Cable de alimentaci\u00f3n<br \/>\n\u2013 Cable USB<br \/>\n\u2013 CD Rom con el software<br \/>\n\u2013 Manual de usuario<br \/>\n\u2013 4 Puntas de prueba x1: x10<\/p>","protected":false},"excerpt":{"rendered":"<h3>Osciloscopio Digital 4 Canales, 100MHz<\/h3>\n<p>Visualiz\u00e1 y grab\u00e1 se\u00f1ales en tu banco de trabajo.<br \/>\nExcelente relaci\u00f3n precio\/calidad.<\/p>","protected":false},"featured_media":13274,"comment_status":"closed","ping_status":"closed","template":"","meta":{"_et_pb_use_builder":"","_et_pb_old_content":"","_et_gb_content_width":"","_uag_custom_page_level_css":"","_joinchat":[]},"product_brand":[],"product_cat":[21,22],"product_tag":[48],"class_list":{"0":"post-13273","1":"product","2":"type-product","3":"status-publish","4":"has-post-thumbnail","6":"product_cat-instrumental-electronico","7":"product_cat-osciloscopios","8":"product_tag-owon","10":"first","11":"outofstock","12":"shipping-taxable","13":"purchasable","14":"product-type-simple","15":"add-to-wishlist-before_image"},"uagb_featured_image_src":{"full":["https:\/\/epic.net.ar\/wp-content\/uploads\/2024\/10\/sds1104.jpg",800,600,false],"thumbnail":["https:\/\/epic.net.ar\/wp-content\/uploads\/2024\/10\/sds1104-150x150.jpg",150,150,true],"medium":["https:\/\/epic.net.ar\/wp-content\/uploads\/2024\/10\/sds1104-300x225.jpg",300,225,true],"medium_large":["https:\/\/epic.net.ar\/wp-content\/uploads\/2024\/10\/sds1104-768x576.jpg",768,576,true],"large":["https:\/\/epic.net.ar\/wp-content\/uploads\/2024\/10\/sds1104.jpg",800,600,false],"1536x1536":["https:\/\/epic.net.ar\/wp-content\/uploads\/2024\/10\/sds1104.jpg",800,600,false],"2048x2048":["https:\/\/epic.net.ar\/wp-content\/uploads\/2024\/10\/sds1104.jpg",800,600,false],"trp-custom-language-flag":["https:\/\/epic.net.ar\/wp-content\/uploads\/2024\/10\/sds1104-16x12.jpg",16,12,true],"et-pb-post-main-image":["https:\/\/epic.net.ar\/wp-content\/uploads\/2024\/10\/sds1104-400x250.jpg",400,250,true],"et-pb-post-main-image-fullwidth":["https:\/\/epic.net.ar\/wp-content\/uploads\/2024\/10\/sds1104.jpg",800,600,false],"et-pb-portfolio-image":["https:\/\/epic.net.ar\/wp-content\/uploads\/2024\/10\/sds1104-400x284.jpg",400,284,true],"et-pb-portfolio-module-image":["https:\/\/epic.net.ar\/wp-content\/uploads\/2024\/10\/sds1104-510x382.jpg",510,382,true],"et-pb-portfolio-image-single":["https:\/\/epic.net.ar\/wp-content\/uploads\/2024\/10\/sds1104.jpg",800,600,false],"et-pb-gallery-module-image-portrait":["https:\/\/epic.net.ar\/wp-content\/uploads\/2024\/10\/sds1104-400x516.jpg",400,516,true],"et-pb-post-main-image-fullwidth-large":["https:\/\/epic.net.ar\/wp-content\/uploads\/2024\/10\/sds1104.jpg",800,600,false],"et-pb-image--responsive--desktop":["https:\/\/epic.net.ar\/wp-content\/uploads\/2024\/10\/sds1104.jpg",800,600,false],"et-pb-image--responsive--tablet":["https:\/\/epic.net.ar\/wp-content\/uploads\/2024\/10\/sds1104.jpg",735,551,false],"et-pb-image--responsive--phone":["https:\/\/epic.net.ar\/wp-content\/uploads\/2024\/10\/sds1104-480x360.jpg",360,270,true],"woocommerce_thumbnail":["https:\/\/epic.net.ar\/wp-content\/uploads\/2024\/10\/sds1104-300x300.jpg",300,300,true],"woocommerce_single":["https:\/\/epic.net.ar\/wp-content\/uploads\/2024\/10\/sds1104-600x450.jpg",600,450,true],"woocommerce_gallery_thumbnail":["https:\/\/epic.net.ar\/wp-content\/uploads\/2024\/10\/sds1104-100x100.jpg",100,100,true],"dgwt-wcas-product-suggestion":["https:\/\/epic.net.ar\/wp-content\/uploads\/2024\/10\/sds1104-64x48.jpg",64,48,true]},"uagb_author_info":{"display_name":"epic Equipamiento Electr\u00f3nico","author_link":"https:\/\/epic.net.ar\/en\/author\/"},"uagb_comment_info":0,"uagb_excerpt":"Osciloscopio Digital 4 Canales, 100MHz Visualiz\u00e1 y grab\u00e1 se\u00f1ales en tu banco de trabajo. Excelente relaci\u00f3n precio\/calidad.","_links":{"self":[{"href":"https:\/\/epic.net.ar\/en\/wp-json\/wp\/v2\/product\/13273","targetHints":{"allow":["GET"]}}],"collection":[{"href":"https:\/\/epic.net.ar\/en\/wp-json\/wp\/v2\/product"}],"about":[{"href":"https:\/\/epic.net.ar\/en\/wp-json\/wp\/v2\/types\/product"}],"replies":[{"embeddable":true,"href":"https:\/\/epic.net.ar\/en\/wp-json\/wp\/v2\/comments?post=13273"}],"wp:featuredmedia":[{"embeddable":true,"href":"https:\/\/epic.net.ar\/en\/wp-json\/wp\/v2\/media\/13274"}],"wp:attachment":[{"href":"https:\/\/epic.net.ar\/en\/wp-json\/wp\/v2\/media?parent=13273"}],"wp:term":[{"taxonomy":"product_brand","embeddable":true,"href":"https:\/\/epic.net.ar\/en\/wp-json\/wp\/v2\/product_brand?post=13273"},{"taxonomy":"product_cat","embeddable":true,"href":"https:\/\/epic.net.ar\/en\/wp-json\/wp\/v2\/product_cat?post=13273"},{"taxonomy":"product_tag","embeddable":true,"href":"https:\/\/epic.net.ar\/en\/wp-json\/wp\/v2\/product_tag?post=13273"}],"curies":[{"name":"wp","href":"https:\/\/api.w.org\/{rel}","templated":true}]}}