{"id":13085,"date":"2024-07-04T10:46:41","date_gmt":"2024-07-04T13:46:41","guid":{"rendered":"https:\/\/epic.net.ar\/?post_type=product&#038;p=13085"},"modified":"2025-11-25T09:52:43","modified_gmt":"2025-11-25T12:52:43","slug":"bomba-de-nafta-universal-tipo-bosch-3-0-bar-con-kit","status":"publish","type":"product","link":"https:\/\/epic.net.ar\/en\/product\/bomba-de-nafta-universal-tipo-bosch-3-0-bar-con-kit\/","title":{"rendered":"BOMBA DE NAFTA UNIVERSAL TIPO BOSCH 3.0 Bar con KIT"},"content":{"rendered":"<p><strong>Caracter\u00edsticas:<\/strong><\/p>\n<p>Cantidad de terminales: 2<br \/>\nCaudal: 90 l\/h<br \/>\nCondici\u00f3n del \u00edtem: Nuevo<br \/>\nDi\u00e1metro: 38 Mm<br \/>\nRepuesto el\u00e9ctrico<br \/>\nIncluye filtro: No<br \/>\nIncluye junta o sello: No<br \/>\nIncluye kit de montaje: Si<br \/>\nLargo: 112 Mm<br \/>\nMarca: Kemparts<br \/>\nMPN: 144010004PHY1<br \/>\nN\u00famero de pieza: KEM001<br \/>\nOrganismo de certificaci\u00f3n (OCP): Otro (sin especificar)<br \/>\nPresi\u00f3n de trabajo: 3 Bar<br \/>\nTipo de combustible: Nafta<br \/>\nTipo de veh\u00edculo: Auto\/Camioneta<br \/>\nVoltaje: 12 VOLT<\/p>","protected":false},"excerpt":{"rendered":"<p>Caracter\u00edsticas: Cantidad de terminales: 2 Caudal: 90 l\/h Condici\u00f3n del \u00edtem: Nuevo Di\u00e1metro: 38 Mm Repuesto el\u00e9ctrico Incluye filtro: No Incluye junta o sello: No Incluye kit de montaje: Si Largo: 112 Mm Marca: Kemparts MPN: 144010004PHY1 N\u00famero de pieza: KEM001 Organismo de certificaci\u00f3n (OCP): Otro (sin especificar) Presi\u00f3n de trabajo: 3 Bar Tipo de [&hellip;]<\/p>\n","protected":false},"featured_media":13086,"comment_status":"closed","ping_status":"closed","template":"","meta":{"_et_pb_use_builder":"","_et_pb_old_content":"","_et_gb_content_width":"","_uag_custom_page_level_css":"","_joinchat":[]},"product_brand":[],"product_cat":[25,15,28],"product_tag":[119],"class_list":{"0":"post-13085","1":"product","2":"type-product","3":"status-publish","4":"has-post-thumbnail","6":"product_cat-otros","7":"product_cat-sin-categorizar","8":"product_cat-taller","9":"product_tag-kem","11":"first","12":"instock","13":"shipping-taxable","14":"purchasable","15":"product-type-simple","16":"add-to-wishlist-before_image"},"uagb_featured_image_src":{"full":["https:\/\/epic.net.ar\/wp-content\/uploads\/2024\/07\/bomba_comb_kem_g.jpg",1080,1080,false],"thumbnail":["https:\/\/epic.net.ar\/wp-content\/uploads\/2024\/07\/bomba_comb_kem_g-150x150.jpg",150,150,true],"medium":["https:\/\/epic.net.ar\/wp-content\/uploads\/2024\/07\/bomba_comb_kem_g-300x300.jpg",300,300,true],"medium_large":["https:\/\/epic.net.ar\/wp-content\/uploads\/2024\/07\/bomba_comb_kem_g-768x768.jpg",768,768,true],"large":["https:\/\/epic.net.ar\/wp-content\/uploads\/2024\/07\/bomba_comb_kem_g-1024x1024.jpg",1024,1024,true],"1536x1536":["https:\/\/epic.net.ar\/wp-content\/uploads\/2024\/07\/bomba_comb_kem_g.jpg",1080,1080,false],"2048x2048":["https:\/\/epic.net.ar\/wp-content\/uploads\/2024\/07\/bomba_comb_kem_g.jpg",1080,1080,false],"trp-custom-language-flag":["https:\/\/epic.net.ar\/wp-content\/uploads\/2024\/07\/bomba_comb_kem_g.jpg",12,12,false],"et-pb-post-main-image":["https:\/\/epic.net.ar\/wp-content\/uploads\/2024\/07\/bomba_comb_kem_g-400x250.jpg",400,250,true],"et-pb-post-main-image-fullwidth":["https:\/\/epic.net.ar\/wp-content\/uploads\/2024\/07\/bomba_comb_kem_g-1080x675.jpg",1080,675,true],"et-pb-portfolio-image":["https:\/\/epic.net.ar\/wp-content\/uploads\/2024\/07\/bomba_comb_kem_g-400x284.jpg",400,284,true],"et-pb-portfolio-module-image":["https:\/\/epic.net.ar\/wp-content\/uploads\/2024\/07\/bomba_comb_kem_g-510x382.jpg",510,382,true],"et-pb-portfolio-image-single":["https:\/\/epic.net.ar\/wp-content\/uploads\/2024\/07\/bomba_comb_kem_g.jpg",1080,1080,false],"et-pb-gallery-module-image-portrait":["https:\/\/epic.net.ar\/wp-content\/uploads\/2024\/07\/bomba_comb_kem_g-400x516.jpg",400,516,true],"et-pb-post-main-image-fullwidth-large":["https:\/\/epic.net.ar\/wp-content\/uploads\/2024\/07\/bomba_comb_kem_g.jpg",1080,1080,false],"et-pb-image--responsive--desktop":["https:\/\/epic.net.ar\/wp-content\/uploads\/2024\/07\/bomba_comb_kem_g.jpg",720,720,false],"et-pb-image--responsive--tablet":["https:\/\/epic.net.ar\/wp-content\/uploads\/2024\/07\/bomba_comb_kem_g-980x980.jpg",551,551,true],"et-pb-image--responsive--phone":["https:\/\/epic.net.ar\/wp-content\/uploads\/2024\/07\/bomba_comb_kem_g-480x480.jpg",270,270,true],"woocommerce_thumbnail":["https:\/\/epic.net.ar\/wp-content\/uploads\/2024\/07\/bomba_comb_kem_g-300x300.jpg",300,300,true],"woocommerce_single":["https:\/\/epic.net.ar\/wp-content\/uploads\/2024\/07\/bomba_comb_kem_g-600x600.jpg",600,600,true],"woocommerce_gallery_thumbnail":["https:\/\/epic.net.ar\/wp-content\/uploads\/2024\/07\/bomba_comb_kem_g-100x100.jpg",100,100,true],"dgwt-wcas-product-suggestion":["https:\/\/epic.net.ar\/wp-content\/uploads\/2024\/07\/bomba_comb_kem_g-64x64.jpg",64,64,true]},"uagb_author_info":{"display_name":"epic Equipamiento Electr\u00f3nico","author_link":"https:\/\/epic.net.ar\/en\/author\/"},"uagb_comment_info":0,"uagb_excerpt":"Caracter\u00edsticas: Cantidad de terminales: 2 Caudal: 90 l\/h Condici\u00f3n del \u00edtem: Nuevo Di\u00e1metro: 38 Mm Repuesto el\u00e9ctrico Incluye filtro: No Incluye junta o sello: No Incluye kit de montaje: Si Largo: 112 Mm Marca: Kemparts MPN: 144010004PHY1 N\u00famero de pieza: KEM001 Organismo de certificaci\u00f3n (OCP): Otro (sin especificar) Presi\u00f3n de trabajo: 3 Bar Tipo de&hellip;","_links":{"self":[{"href":"https:\/\/epic.net.ar\/en\/wp-json\/wp\/v2\/product\/13085","targetHints":{"allow":["GET"]}}],"collection":[{"href":"https:\/\/epic.net.ar\/en\/wp-json\/wp\/v2\/product"}],"about":[{"href":"https:\/\/epic.net.ar\/en\/wp-json\/wp\/v2\/types\/product"}],"replies":[{"embeddable":true,"href":"https:\/\/epic.net.ar\/en\/wp-json\/wp\/v2\/comments?post=13085"}],"wp:featuredmedia":[{"embeddable":true,"href":"https:\/\/epic.net.ar\/en\/wp-json\/wp\/v2\/media\/13086"}],"wp:attachment":[{"href":"https:\/\/epic.net.ar\/en\/wp-json\/wp\/v2\/media?parent=13085"}],"wp:term":[{"taxonomy":"product_brand","embeddable":true,"href":"https:\/\/epic.net.ar\/en\/wp-json\/wp\/v2\/product_brand?post=13085"},{"taxonomy":"product_cat","embeddable":true,"href":"https:\/\/epic.net.ar\/en\/wp-json\/wp\/v2\/product_cat?post=13085"},{"taxonomy":"product_tag","embeddable":true,"href":"https:\/\/epic.net.ar\/en\/wp-json\/wp\/v2\/product_tag?post=13085"}],"curies":[{"name":"wp","href":"https:\/\/api.w.org\/{rel}","templated":true}]}}